{"id":10661,"date":"2025-07-25T08:00:08","date_gmt":"2025-07-25T08:00:08","guid":{"rendered":"https:\/\/sinoextrud.com\/product\/cnc-machined-aluminum-heat-sink-for-electronics-6000-series\/"},"modified":"2025-07-25T08:00:08","modified_gmt":"2025-07-25T08:00:08","slug":"disipador-de-calor-de-aluminio-mecanizado-cnc-para-electronica-serie-6000","status":"publish","type":"product","link":"https:\/\/sinoextrud.com\/es\/product\/cnc-machined-aluminum-heat-sink-for-electronics-6000-series\/","title":{"rendered":"Disipador de calor de aluminio mecanizado CNC para electr\u00f3nica Serie 6000"},"content":{"rendered":"<h2>Productos<\/h2>\n<table class=\"custom-table\">\n<tr>\n<td class=\"label\">Grado<\/td>\n<td>Serie 6000<\/td>\n<\/tr>\n<tr>\n<td class=\"label\">Tolerancia<\/td>\n<td>\u00b11%<\/td>\n<\/tr>\n<tr>\n<td class=\"label\">Plazo de entrega<\/td>\n<td>22-30 d\u00edas<\/td>\n<\/tr>\n<tr>\n<td class=\"label\">Temple<\/td>\n<td>T3-T8<\/td>\n<\/tr>\n<tr>\n<td class=\"label\">Aplicaci\u00f3n<\/td>\n<td>led\/electr\u00f3nica\/cpu\/industria<\/td>\n<\/tr>\n<tr>\n<td class=\"label\">Forma<\/td>\n<td>personalizado<\/td>\n<\/tr>\n<tr>\n<td class=\"label\">Aleaci\u00f3n o no<\/td>\n<td>Es aleaci\u00f3n<\/td>\n<\/tr>\n<tr>\n<td class=\"label\">Servicio de tramitaci\u00f3n<\/td>\n<td>Plegado, desenrollado, soldadura, punzonado, corte<\/td>\n<\/tr>\n<tr>\n<td class=\"label\">Nombre del producto<\/td>\n<td>Disipador de aluminio a medida<\/td>\n<\/tr>\n<tr>\n<td class=\"label\">Unidades de venta<\/td>\n<td>Art\u00edculo individual<\/td>\n<\/tr>\n<tr>\n<td class=\"label\">Tama\u00f1o de envase individual<\/td>\n<td>30X30X50 cm<\/td>\n<\/tr>\n<tr>\n<td class=\"label\">Peso bruto \u00fanico<\/td>\n<td>5.000 KG<\/td>\n<\/tr>\n<\/table>\n<h2>Nuestra base de fabricaci\u00f3n<\/h2>\n<h3>Panorama de la f\u00e1brica<\/h3>\n<p><img decoding=\"async\" src=\"\/wp-content\/uploads\/factory-01.webp\"\/><\/p>\n<h3>Taller de fabricaci\u00f3n de barras de aluminio<\/h3>\n<p><img decoding=\"async\" src=\"\/wp-content\/uploads\/factory-02.webp\"\/><\/p>\n<p><img decoding=\"async\" src=\"\/wp-content\/uploads\/factory-03.webp\"\/><\/p>\n<h3>Almac\u00e9n de moldes<\/h3>\n<p><img decoding=\"async\" src=\"\/wp-content\/uploads\/factory-04.webp\"\/><\/p>\n<h3>43 l\u00edneas de extrusi\u00f3n de aluminio (500-5500 toneladas)<\/h3>\n<p><img decoding=\"async\" src=\"\/wp-content\/uploads\/factory-05.webp\"\/><\/p>\n<p><img decoding=\"async\" src=\"\/wp-content\/uploads\/factory-06.webp\"\/><\/p>\n<p><img decoding=\"async\" src=\"\/wp-content\/uploads\/factory-07.webp\"\/><\/p>\n<h3>Taller de pintura en polvo<\/h3>\n<p><img decoding=\"async\" src=\"\/wp-content\/uploads\/factory-09.webp\"\/><\/p>\n<h3>Taller de anodizado<\/h3>\n<p><img decoding=\"async\" src=\"\/wp-content\/uploads\/factory-10.webp\"\/><\/p>\n<h3>Taller de procesamiento profundo<\/h3>\n<p><img decoding=\"async\" src=\"\/wp-content\/uploads\/factory-11.webp\"\/><\/p>\n<h3>Taller de mecanizado de precisi\u00f3n CNC<\/h3>\n<p><img decoding=\"async\" src=\"\/wp-content\/uploads\/factory-11.5.webp\"\/><\/p>\n<h3>Almac\u00e9n de productos acabados y de exportaci\u00f3n<\/h3>\n<p><img decoding=\"async\" src=\"\/wp-content\/uploads\/factory-12.webp\"\/><\/p>\n<p><img decoding=\"async\" src=\"\/wp-content\/uploads\/factory-13.webp\"\/><\/p>\n<p><img decoding=\"async\" src=\"\/wp-content\/uploads\/factory-14.webp\"\/><\/p>\n<h2>PREGUNTAS FRECUENTES<\/h2>\n<p><p><b>1. \u00bfQu\u00e9 material se utiliza en el disipador de calor de aluminio mecanizado CNC para electr\u00f3nica?<\/b><\/p>\n<p>Est\u00e1 fabricado con aluminio de la serie 6000, conocido por su alta conductividad t\u00e9rmica y resistencia mec\u00e1nica.<br \/>\n<\/p><br \/>\n<br \/>\n<p><b>2. \u00bfPor qu\u00e9 es importante el mecanizado CNC para los disipadores de calor?<\/b><\/p>\n<p>El mecanizado CNC garantiza una gran precisi\u00f3n dimensional, superficies lisas y una calidad constante para aplicaciones electr\u00f3nicas.<br \/>\n<\/p><br \/>\n<br \/>\n<p><b>3.\u00bfCu\u00e1les son las ventajas de utilizar disipadores de calor de aluminio en electr\u00f3nica?<\/b><\/p>\n<p>El aluminio ofrece una excelente disipaci\u00f3n del calor, una estructura ligera y resistencia a la corrosi\u00f3n para una gesti\u00f3n t\u00e9rmica fiable.<br \/>\n<\/p><br \/>\n<br \/>\n<p><b>4.\u00bfSe puede personalizar el disipador de calor para diferentes dispositivos electr\u00f3nicos?<\/b><\/p>\n<p>S\u00ed, ofrecemos personalizaci\u00f3n OEM\/ODM para tama\u00f1o, montaje y acabado en funci\u00f3n de los requisitos de su dispositivo.<br \/>\n<\/p><br \/>\n<br \/>\n<p><b>5.\u00bfEste disipador de calor de aluminio es adecuado para la refrigeraci\u00f3n pasiva?<\/b><\/p>\n<p>S\u00ed, est\u00e1 dise\u00f1ado para configuraciones de refrigeraci\u00f3n pasivas y activas en diversos componentes electr\u00f3nicos.<br \/>\n<\/p><br \/>\n<br \/>\n<p><b>6.\u00bfC\u00f3mo mejora el rendimiento el aluminio de la serie 6000?<\/b><\/p>\n<p>El aluminio de la serie 6000 ofrece un equilibrio entre rendimiento t\u00e9rmico, mecanizabilidad y resistencia a la corrosi\u00f3n, ideal para la electr\u00f3nica.<br \/>\n<\/p><br \/>\n<br \/>\n<p><b>7.\u00bfQu\u00e9 tipos de componentes electr\u00f3nicos pueden utilizar este disipador de calor?<\/b><\/p>\n<p>Este disipador de calor es ideal para m\u00f3dulos de potencia, placas de circuito impreso, controladores LED, amplificadores y otros componentes electr\u00f3nicos sensibles al calor.<br \/>\n<\/p><br \/>\n<br \/>\n<p><b>8.\u00bfEs el disipador de calor resistente a los factores ambientales?<\/b><\/p>\n<p>S\u00ed, la superficie resistente a la corrosi\u00f3n garantiza un rendimiento fiable en diversos entornos operativos.<br \/>\n<\/p><br \/><\/p>","protected":false},"featured_media":10660,"template":"","categories":[72],"class_list":["post-10661","product","type-product","status-publish","has-post-thumbnail","hentry","category-extruded-aluminum-heatsink"],"meta_box":{"hilight_text_group":{"product_hilight_text":"<li>Made from high-performance 6000 series aluminum for excellent heat conductivity<\/li>\r\n<li>CNC machined for high precision, consistency, and perfect fit in electronic assemblies<\/li>\r\n<li>Designed to effectively dissipate heat from power electronics and circuit boards<\/li>\r\n<li>Lightweight and strong, ideal for compact and portable electronic devices<\/li>\r\n<li>Customizable shapes, mounting holes, and surface treatments available<\/li>\r\n<li>Corrosion-resistant surface ensures long-term reliability in varied environments<\/li>\r\n<li>Supports passive and active cooling applications in industrial electronics<\/li>","product_chanpin_chanpin":"<ul>\r\n<li><a href=\"https:\/\/sinoextrud.com\/product\/aluminium-extrusion-6061-6082-7075-aluminum-alloy-profiles\/\" target=\"_blank\">6061 aluminum extrusion<\/a><\/li>\r\n<li><a href=\"https:\/\/sinoextrud.com\/product\/oval-aluminum-extrud-profile\/\" target=\"_blank\">oval aluminum extrusion<\/a><\/li>\r\n<li><a href=\"https:\/\/sinoextrud.com\/product\/aluminium-extrusion-anodised-aluminium-tube\/\" target=\"_blank\">anodised aluminium tube<\/a><\/li>\r\n<li><a href=\"https:\/\/sinoextrud.com\/product\/c-shaped-closed-linear-ceiling-system\/\" target=\"_blank\">linear closed ceilings<\/a><\/li>\r\n<li><a href=\"https:\/\/sinoextrud.com\/product\/the-new-perforated-ceiling-system\/\" target=\"_blank\">perforated french ceilings<\/a><\/li>\r\n<li><a href=\"https:\/\/sinoextrud.com\/product\/aluminum-extrusion-7003-7005-7020\/\" target=\"_blank\">7020 aluminum<\/a><\/li>\r\n<\/ul>","product_chanpin_blog":"<ul>\r\n<li><a href=\"https:\/\/sinoextrud.com\/t-slot-v-slot-differences\/\" target=\"_blank\">t slot vs v slot<\/a><\/li>\r\n<li><a href=\"https:\/\/sinoextrud.com\/what-is-4040-aluminium-extrud\/\" target=\"_blank\">4040 aluminium extrusion<\/a><\/li>\r\n<li><a href=\"https:\/\/sinoextrud.com\/what-is-4040-aluminium-extrud\/\" target=\"_blank\">aluminum extrusions for industrial racks<\/a><\/li>\r\n<li><a href=\"https:\/\/sinoextrud.com\/powder-coating-aluminium-process\/\" target=\"_blank\">powder coating aluminium<\/a><\/li>\r\n<li><a href=\"https:\/\/sinoextrud.com\/what-is-an-aluminium-strip-ceiling\/\" target=\"_blank\">aluminium strip ceiling<\/a><\/li>\r\n<li><a href=\"https:\/\/sinoextrud.com\/what-is-a-heat-sink\/\" target=\"_blank\">what is a heat sink<\/a><\/li>\r\n<\/ul>"},"feature_list":[]},"_links":{"self":[{"href":"https:\/\/sinoextrud.com\/es\/wp-json\/wp\/v2\/product\/10661","targetHints":{"allow":["GET"]}}],"collection":[{"href":"https:\/\/sinoextrud.com\/es\/wp-json\/wp\/v2\/product"}],"about":[{"href":"https:\/\/sinoextrud.com\/es\/wp-json\/wp\/v2\/types\/product"}],"wp:featuredmedia":[{"embeddable":true,"href":"https:\/\/sinoextrud.com\/es\/wp-json\/wp\/v2\/media\/10660"}],"wp:attachment":[{"href":"https:\/\/sinoextrud.com\/es\/wp-json\/wp\/v2\/media?parent=10661"}],"wp:term":[{"taxonomy":"category","embeddable":true,"href":"https:\/\/sinoextrud.com\/es\/wp-json\/wp\/v2\/categories?post=10661"}],"curies":[{"name":"wp","href":"https:\/\/api.w.org\/{rel}","templated":true}]}}