{"id":10657,"date":"2025-07-25T07:58:17","date_gmt":"2025-07-25T07:58:17","guid":{"rendered":"https:\/\/sinoextrud.com\/product\/double-copper-tube-water-cooling-plate-cnc-skived-heatsink\/"},"modified":"2025-07-25T07:58:17","modified_gmt":"2025-07-25T07:58:17","slug":"doble-tubo-de-cobre-placa-de-refrigeracion-por-agua-cnc-skived-disipador-de-calor","status":"publish","type":"product","link":"https:\/\/sinoextrud.com\/es\/product\/double-copper-tube-water-cooling-plate-cnc-skived-heatsink\/","title":{"rendered":"Disipador t\u00e9rmico CNC de doble tubo de cobre para refrigeraci\u00f3n por agua"},"content":{"rendered":"<h2>Productos<\/h2>\n<table class=\"custom-table\">\n<tr>\n<td class=\"label\">Grado<\/td>\n<td>Serie 6000<\/td>\n<\/tr>\n<tr>\n<td class=\"label\">Tolerancia<\/td>\n<td>\u00b11%<\/td>\n<\/tr>\n<tr>\n<td class=\"label\">Plazo de entrega<\/td>\n<td>22-30 d\u00edas<\/td>\n<\/tr>\n<tr>\n<td class=\"label\">Temple<\/td>\n<td>T3-T8<\/td>\n<\/tr>\n<tr>\n<td class=\"label\">Aplicaci\u00f3n<\/td>\n<td>led\/electr\u00f3nica\/cpu\/industria<\/td>\n<\/tr>\n<tr>\n<td class=\"label\">Forma<\/td>\n<td>personalizado<\/td>\n<\/tr>\n<tr>\n<td class=\"label\">Aleaci\u00f3n o no<\/td>\n<td>Es aleaci\u00f3n<\/td>\n<\/tr>\n<tr>\n<td class=\"label\">Servicio de tramitaci\u00f3n<\/td>\n<td>Plegado, desenrollado, soldadura, punzonado, corte<\/td>\n<\/tr>\n<tr>\n<td class=\"label\">Nombre del producto<\/td>\n<td>Disipador de aluminio a medida<\/td>\n<\/tr>\n<tr>\n<td class=\"label\">Unidades de venta<\/td>\n<td>Art\u00edculo individual<\/td>\n<\/tr>\n<tr>\n<td class=\"label\">Tama\u00f1o de envase individual<\/td>\n<td>30X20X20 cm<\/td>\n<\/tr>\n<tr>\n<td class=\"label\">Peso bruto \u00fanico<\/td>\n<td>3.000 KG<\/td>\n<\/tr>\n<\/table>\n<h2>Nuestra base de fabricaci\u00f3n<\/h2>\n<h3>Panorama de la f\u00e1brica<\/h3>\n<p><img decoding=\"async\" src=\"\/wp-content\/uploads\/factory-01.webp\"\/><\/p>\n<h3>Taller de fabricaci\u00f3n de barras de aluminio<\/h3>\n<p><img decoding=\"async\" src=\"\/wp-content\/uploads\/factory-02.webp\"\/><\/p>\n<p><img decoding=\"async\" src=\"\/wp-content\/uploads\/factory-03.webp\"\/><\/p>\n<h3>Almac\u00e9n de moldes<\/h3>\n<p><img decoding=\"async\" src=\"\/wp-content\/uploads\/factory-04.webp\"\/><\/p>\n<h3>43 l\u00edneas de extrusi\u00f3n de aluminio (500-5500 toneladas)<\/h3>\n<p><img decoding=\"async\" src=\"\/wp-content\/uploads\/factory-05.webp\"\/><\/p>\n<p><img decoding=\"async\" src=\"\/wp-content\/uploads\/factory-06.webp\"\/><\/p>\n<p><img decoding=\"async\" src=\"\/wp-content\/uploads\/factory-07.webp\"\/><\/p>\n<h3>Taller de pintura en polvo<\/h3>\n<p><img decoding=\"async\" src=\"\/wp-content\/uploads\/factory-09.webp\"\/><\/p>\n<h3>Taller de anodizado<\/h3>\n<p><img decoding=\"async\" src=\"\/wp-content\/uploads\/factory-10.webp\"\/><\/p>\n<h3>Taller de procesamiento profundo<\/h3>\n<p><img decoding=\"async\" src=\"\/wp-content\/uploads\/factory-11.webp\"\/><\/p>\n<h3>Taller de mecanizado de precisi\u00f3n CNC<\/h3>\n<p><img decoding=\"async\" src=\"\/wp-content\/uploads\/factory-11.5.webp\"\/><\/p>\n<h3>Almac\u00e9n de productos acabados y de exportaci\u00f3n<\/h3>\n<p><img decoding=\"async\" src=\"\/wp-content\/uploads\/factory-12.webp\"\/><\/p>\n<p><img decoding=\"async\" src=\"\/wp-content\/uploads\/factory-13.webp\"\/><\/p>\n<p><img decoding=\"async\" src=\"\/wp-content\/uploads\/factory-14.webp\"\/><\/p>\n<h2>PREGUNTAS FRECUENTES<\/h2>\n<p><p><b>1.\u00bfQu\u00e9 es un disipador t\u00e9rmico CNC de doble tubo de cobre para refrigeraci\u00f3n por agua?<\/b><\/p>\n<p>Se trata de una soluci\u00f3n de refrigeraci\u00f3n de alta eficiencia que combina tubos de cobre y aletas rebajadas para gestionar el calor intensivo en dispositivos compactos.<br \/>\n<\/p><br \/>\n<br \/>\n<p><b>2. \u00bfC\u00f3mo mejora la refrigeraci\u00f3n la estructura de las aletas?<\/b><\/p>\n<p>Las aletas redondeadas crean canales densos y de gran superficie que aumentan el flujo de aire y el contacto con el agua para una mejor disipaci\u00f3n del calor.<br \/>\n<\/p><br \/>\n<br \/>\n<p><b>3.\u00bfPor qu\u00e9 se utilizan tubos de cobre dobles en este disipador?<\/b><\/p>\n<p>Los tubos dobles de cobre permiten una transferencia de calor m\u00e1s r\u00e1pida y una distribuci\u00f3n m\u00e1s uniforme del agua por la placa de refrigeraci\u00f3n.<br \/>\n<\/p><br \/>\n<br \/>\n<p><b>4. \u00bfQu\u00e9 aplicaciones utilizan este disipador t\u00e9rmico CNC?<\/b><\/p>\n<p>Se utiliza habitualmente en m\u00f3dulos de potencia, l\u00e1seres, sistemas de veh\u00edculos el\u00e9ctricos y otros componentes electr\u00f3nicos de alto rendimiento.<br \/>\n<\/p><br \/>\n<br \/>\n<p><b>5.\u00bfSe puede personalizar la placa de refrigeraci\u00f3n por agua?<\/b><\/p>\n<p>S\u00ed, admitimos la personalizaci\u00f3n OEM\/ODM en cuanto a tama\u00f1o, densidad de aletas, disposici\u00f3n del cobre y posiciones de entrada\/salida.<br \/>\n<\/p><br \/>\n<br \/>\n<p><b>6.\u00bfEs resistente a la corrosi\u00f3n el disipador t\u00e9rmico con recubrimiento CNC?<\/b><\/p>\n<p>S\u00ed, tanto los componentes de aluminio como los de cobre est\u00e1n tratados para resistir la corrosi\u00f3n en entornos refrigerados por agua.<br \/>\n<\/p><br \/>\n<br \/>\n<p><b>7.\u00bfCu\u00e1les son las ventajas del mecanizado CNC para este disipador t\u00e9rmico?<\/b><\/p>\n<p>El mecanizado CNC garantiza un ajuste preciso, un mejor contacto t\u00e9rmico y una calidad constante para aplicaciones t\u00e9rmicas exigentes.<br \/>\n<\/p><br \/>\n<br \/>\n<p><b>8.\u00bfEs adecuado este disipador para un funcionamiento continuo de alta potencia?<\/b><\/p>\n<p>S\u00ed, est\u00e1 dise\u00f1ado para soportar cargas t\u00e9rmicas sostenidas manteniendo la estabilidad y eficiencia del sistema.<br \/>\n<\/p><br \/><\/p>","protected":false},"featured_media":10656,"template":"","categories":[72],"class_list":["post-10657","product","type-product","status-publish","has-post-thumbnail","hentry","category-extruded-aluminum-heatsink"],"meta_box":{"hilight_text_group":{"product_hilight_text":"<li>Combines double copper tubes with CNC skived fins for maximum heat transfer<\/li>\r\n<li>Efficient water cooling structure supports high thermal loads in compact spaces<\/li>\r\n<li>Skived fin design increases surface area for enhanced heat dissipation<\/li>\r\n<li>Ideal for power electronics, laser modules, and EV cooling systems<\/li>\r\n<li>Precision CNC machining ensures tight tolerances and excellent thermal contact<\/li>\r\n<li>Customizable inlet\/outlet ports and mounting configurations<\/li>\r\n<li>Corrosion-resistant materials extend service life in harsh environments<\/li>","product_chanpin_chanpin":"<ul>\r\n<li><a href=\"https:\/\/sinoextrud.com\/product\/aluminium-extrusion-6061-6082-7075-aluminum-alloy-profiles\/\" target=\"_blank\">6061 aluminum extrusion<\/a><\/li>\r\n<li><a href=\"https:\/\/sinoextrud.com\/product\/oval-aluminum-extrud-profile\/\" target=\"_blank\">oval aluminum extrusion<\/a><\/li>\r\n<li><a href=\"https:\/\/sinoextrud.com\/product\/aluminium-extrusion-anodised-aluminium-tube\/\" target=\"_blank\">anodised aluminium tube<\/a><\/li>\r\n<li><a href=\"https:\/\/sinoextrud.com\/product\/c-shaped-closed-linear-ceiling-system\/\" target=\"_blank\">linear closed ceilings<\/a><\/li>\r\n<li><a href=\"https:\/\/sinoextrud.com\/product\/the-new-perforated-ceiling-system\/\" target=\"_blank\">perforated french ceilings<\/a><\/li>\r\n<li><a href=\"https:\/\/sinoextrud.com\/product\/aluminum-extrusion-7003-7005-7020\/\" target=\"_blank\">7020 aluminum<\/a><\/li>\r\n<\/ul>","product_chanpin_blog":"<ul>\r\n<li><a href=\"https:\/\/sinoextrud.com\/t-slot-v-slot-differences\/\" target=\"_blank\">t slot vs v slot<\/a><\/li>\r\n<li><a href=\"https:\/\/sinoextrud.com\/what-is-4040-aluminium-extrud\/\" target=\"_blank\">4040 aluminium extrusion<\/a><\/li>\r\n<li><a href=\"https:\/\/sinoextrud.com\/what-is-4040-aluminium-extrud\/\" target=\"_blank\">aluminum extrusions for industrial racks<\/a><\/li>\r\n<li><a href=\"https:\/\/sinoextrud.com\/powder-coating-aluminium-process\/\" target=\"_blank\">powder coating aluminium<\/a><\/li>\r\n<li><a href=\"https:\/\/sinoextrud.com\/what-is-an-aluminium-strip-ceiling\/\" target=\"_blank\">aluminium strip ceiling<\/a><\/li>\r\n<li><a href=\"https:\/\/sinoextrud.com\/what-is-a-heat-sink\/\" target=\"_blank\">what is a heat sink<\/a><\/li>\r\n<\/ul>"},"feature_list":[]},"_links":{"self":[{"href":"https:\/\/sinoextrud.com\/es\/wp-json\/wp\/v2\/product\/10657","targetHints":{"allow":["GET"]}}],"collection":[{"href":"https:\/\/sinoextrud.com\/es\/wp-json\/wp\/v2\/product"}],"about":[{"href":"https:\/\/sinoextrud.com\/es\/wp-json\/wp\/v2\/types\/product"}],"wp:featuredmedia":[{"embeddable":true,"href":"https:\/\/sinoextrud.com\/es\/wp-json\/wp\/v2\/media\/10656"}],"wp:attachment":[{"href":"https:\/\/sinoextrud.com\/es\/wp-json\/wp\/v2\/media?parent=10657"}],"wp:term":[{"taxonomy":"category","embeddable":true,"href":"https:\/\/sinoextrud.com\/es\/wp-json\/wp\/v2\/categories?post=10657"}],"curies":[{"name":"wp","href":"https:\/\/api.w.org\/{rel}","templated":true}]}}