{"id":10650,"date":"2025-07-25T07:50:00","date_gmt":"2025-07-25T07:50:00","guid":{"rendered":"https:\/\/sinoextrud.com\/product\/copper-tube-water-cooling-aluminum-cold-plate\/"},"modified":"2025-07-25T07:51:50","modified_gmt":"2025-07-25T07:51:50","slug":"tubo-de-cobre-refrigeracion-por-agua-placa-fria-de-aluminio","status":"publish","type":"product","link":"https:\/\/sinoextrud.com\/es\/product\/copper-tube-water-cooling-aluminum-cold-plate\/","title":{"rendered":"Tubo de cobre Refrigeraci\u00f3n por agua Placa fr\u00eda de aluminio"},"content":{"rendered":"<h2>Productos<\/h2>\n<table class=\"custom-table\">\n<tr>\n<td class=\"label\">informe de ensayo de maquinaria<\/td>\n<td>Proporcionado<\/td>\n<\/tr>\n<tr>\n<td class=\"label\">v\u00eddeo salida-inspecci\u00f3n<\/td>\n<td>Proporcionado<\/td>\n<\/tr>\n<tr>\n<td class=\"label\">garant\u00eda<\/td>\n<td>5 a\u00f1os<\/td>\n<\/tr>\n<tr>\n<td class=\"label\">aplicaci\u00f3n<\/td>\n<td>Piezas de refrigeraci\u00f3n<\/td>\n<\/tr>\n<tr>\n<td class=\"label\">tipo<\/td>\n<td>Disipador de calor refrigerado por agua<\/td>\n<\/tr>\n<tr>\n<td class=\"label\">peso (kg)<\/td>\n<td>1.3<\/td>\n<\/tr>\n<tr>\n<td class=\"label\">Pitch<\/td>\n<td>3,8 mm<\/td>\n<\/tr>\n<tr>\n<td class=\"label\">Aletas Cant.<\/td>\n<td>32<\/td>\n<\/tr>\n<tr>\n<td class=\"label\">Peso<\/td>\n<td>6,05 kgs\/m<\/td>\n<\/tr>\n<tr>\n<td class=\"label\">Tratamiento de superficies<\/td>\n<td>Anodizado (negro)<\/td>\n<\/tr>\n<tr>\n<td class=\"label\">Moldes est\u00e1ndar Cant.<\/td>\n<td>30.000+juegos<\/td>\n<\/tr>\n<tr>\n<td class=\"label\">Unidades de venta<\/td>\n<td>Art\u00edculo individual<\/td>\n<\/tr>\n<tr>\n<td class=\"label\">Tama\u00f1o de envase individual<\/td>\n<td>30X15X5 cm<\/td>\n<\/tr>\n<tr>\n<td class=\"label\">Peso bruto \u00fanico<\/td>\n<td>2.000 KG<\/td>\n<\/tr>\n<\/table>\n<h2>Nuestra base de fabricaci\u00f3n<\/h2>\n<h3>Panorama de la f\u00e1brica<\/h3>\n<p><img decoding=\"async\" src=\"\/wp-content\/uploads\/factory-01.webp\"\/><\/p>\n<h3>Taller de fabricaci\u00f3n de barras de aluminio<\/h3>\n<p><img decoding=\"async\" src=\"\/wp-content\/uploads\/factory-02.webp\"\/><\/p>\n<\/p>\n<p><img decoding=\"async\" src=\"\/wp-content\/uploads\/factory-03.webp\"\/><\/p>\n<h3>Almac\u00e9n de moldes<\/h3>\n<p><img decoding=\"async\" src=\"\/wp-content\/uploads\/factory-04.webp\"\/><\/p>\n<h3>43 l\u00edneas de extrusi\u00f3n de aluminio (500-5500 toneladas)<\/h3>\n<p><img decoding=\"async\" src=\"\/wp-content\/uploads\/factory-05.webp\"\/><\/p>\n<p><img decoding=\"async\" src=\"\/wp-content\/uploads\/factory-06.webp\"\/><\/p>\n<p><img decoding=\"async\" src=\"\/wp-content\/uploads\/factory-07.webp\"\/><\/p>\n<h3>Taller de pintura en polvo<\/h3>\n<p><img decoding=\"async\" src=\"\/wp-content\/uploads\/factory-09.webp\"\/><\/p>\n<h3>Taller de anodizado<\/h3>\n<p><img decoding=\"async\" src=\"\/wp-content\/uploads\/factory-10.webp\"\/><\/p>\n<h3>Taller de procesamiento profundo<\/h3>\n<p><img decoding=\"async\" src=\"\/wp-content\/uploads\/factory-11.webp\"\/><\/p>\n<h3>Taller de mecanizado de precisi\u00f3n CNC<\/h3>\n<p><img decoding=\"async\" src=\"\/wp-content\/uploads\/factory-11.5.webp\"\/><\/p>\n<h3>Almac\u00e9n de productos acabados y de exportaci\u00f3n<\/h3>\n<p><img decoding=\"async\" src=\"\/wp-content\/uploads\/factory-12.webp\"\/><\/p>\n<p><img decoding=\"async\" src=\"\/wp-content\/uploads\/factory-13.webp\"\/><\/p>\n<p><img decoding=\"async\" src=\"\/wp-content\/uploads\/factory-14.webp\"\/><\/p>\n<h2>PREGUNTAS FRECUENTES<\/h2>\n<p><b>1. \u00bfQu\u00e9 es un tubo de cobre de refrigeraci\u00f3n por agua de aluminio placa fr\u00eda?<\/b><\/p>\n<p>Se trata de una soluci\u00f3n de gesti\u00f3n t\u00e9rmica que combina tubos de cobre y una base de aluminio para disipar eficazmente el calor en sistemas electr\u00f3nicos o industriales.\n<\/p>\n<p><\/p>\n<p><b>2.\u00bfC\u00f3mo mejora el tubo de cobre el rendimiento de refrigeraci\u00f3n?<\/b><\/p>\n<p>El tubo de cobre proporciona una excelente conductividad t\u00e9rmica, lo que permite una r\u00e1pida transferencia de calor de las fuentes de calor al fluido refrigerante.\n<\/p>\n<p><\/p>\n<p><b>3.\u00bfPor qu\u00e9 se utiliza aluminio en la base de la placa fr\u00eda?<\/b><\/p>\n<p>El aluminio ofrece una estructura ligera con alta conductividad t\u00e9rmica, lo que lo hace ideal para una disipaci\u00f3n r\u00e1pida y eficaz del calor.\n<\/p>\n<p><\/p>\n<p><b>4.\u00bfEs compatible la placa fr\u00eda con circuitos de refrigeraci\u00f3n personalizados?<\/b><\/p>\n<p>S\u00ed, el tubo de cobre de refrigeraci\u00f3n por agua de aluminio placa fr\u00eda es compatible con la costumbre y las configuraciones est\u00e1ndar de refrigeraci\u00f3n l\u00edquida.\n<\/p>\n<p><\/p>\n<p><b>5.\u00bfPara qu\u00e9 aplicaciones es adecuada esta placa fr\u00eda?<\/b><\/p>\n<p>Se utiliza ampliamente en electr\u00f3nica de potencia, sistemas l\u00e1ser, refrigeraci\u00f3n de bater\u00edas de veh\u00edculos el\u00e9ctricos y entornos inform\u00e1ticos de alto rendimiento.\n<\/p>\n<p><\/p>\n<p><b>6.\u00bfSe puede personalizar la disposici\u00f3n de los tubos de cobre?<\/b><\/p>\n<p>S\u00ed, la disposici\u00f3n del tubo de cobre y las dimensiones de la placa de aluminio pueden personalizarse para satisfacer requisitos t\u00e9rmicos y mec\u00e1nicos espec\u00edficos.\n<\/p>\n<p><\/p>\n<p><b>7.\u00bfEste producto soporta cargas t\u00e9rmicas elevadas?<\/b><\/p>\n<p>Por supuesto, el dise\u00f1o integrado del tubo de cobre y la base de aluminio proporcionan un rendimiento estable bajo altas cargas t\u00e9rmicas.\n<\/p>\n<p><\/p>\n<p><b>8.\u00bfQu\u00e9 durabilidad tiene la placa fr\u00eda de aluminio para refrigeraci\u00f3n por agua con tubo de cobre?<\/b><\/p>\n<p>El producto cuenta con materiales resistentes a la corrosi\u00f3n y una construcci\u00f3n robusta, lo que garantiza una eficacia de refrigeraci\u00f3n duradera y fiable.\n<\/p>\n<p><\/p>","protected":false},"featured_media":10649,"template":"","categories":[73],"class_list":["post-10650","product","type-product","status-publish","has-post-thumbnail","hentry","category-water-cooling-plate"],"meta_box":{"hilight_text_group":{"product_hilight_text":"<li>Efficient heat dissipation with integrated copper tube design<\/li>\r\n<li>Lightweight aluminum base ensures optimal thermal conductivity<\/li>\r\n<li>Customizable size and tube layout for various industrial applications<\/li>\r\n<li>Reliable long-term cooling performance in high-heat environments<\/li>\r\n<li>Compatible with standard and high-performance liquid cooling systems<\/li>","product_chanpin_chanpin":"<ul>\r\n<li><a href=\"https:\/\/sinoextrud.com\/product\/aluminium-extrusion-6061-6082-7075-aluminum-alloy-profiles\/\" target=\"_blank\">6061 aluminum extrusion<\/a><\/li>\r\n<li><a href=\"https:\/\/sinoextrud.com\/product\/oval-aluminum-extrud-profile\/\" target=\"_blank\">oval aluminum extrusion<\/a><\/li>\r\n<li><a href=\"https:\/\/sinoextrud.com\/product\/aluminium-extrusion-anodised-aluminium-tube\/\" target=\"_blank\">anodised aluminium tube<\/a><\/li>\r\n<li><a href=\"https:\/\/sinoextrud.com\/product\/c-shaped-closed-linear-ceiling-system\/\" target=\"_blank\">linear closed ceilings<\/a><\/li>\r\n<li><a href=\"https:\/\/sinoextrud.com\/product\/the-new-perforated-ceiling-system\/\" target=\"_blank\">perforated french ceilings<\/a><\/li>\r\n<li><a href=\"https:\/\/sinoextrud.com\/product\/aluminum-extrusion-7003-7005-7020\/\" target=\"_blank\">7020 aluminum<\/a><\/li>\r\n<\/ul>","product_chanpin_blog":"<ul>\r\n<li><a href=\"https:\/\/sinoextrud.com\/t-slot-v-slot-differences\/\" target=\"_blank\">t slot vs v slot<\/a><\/li>\r\n<li><a href=\"https:\/\/sinoextrud.com\/what-is-4040-aluminium-extrud\/\" target=\"_blank\">4040 aluminium extrusion<\/a><\/li>\r\n<li><a href=\"https:\/\/sinoextrud.com\/what-is-4040-aluminium-extrud\/\" target=\"_blank\">aluminum extrusions for industrial racks<\/a><\/li>\r\n<li><a href=\"https:\/\/sinoextrud.com\/powder-coating-aluminium-process\/\" target=\"_blank\">powder coating aluminium<\/a><\/li>\r\n<li><a href=\"https:\/\/sinoextrud.com\/what-is-an-aluminium-strip-ceiling\/\" target=\"_blank\">aluminium strip ceiling<\/a><\/li>\r\n<li><a href=\"https:\/\/sinoextrud.com\/what-is-a-heat-sink\/\" target=\"_blank\">what is a heat sink<\/a><\/li>\r\n<\/ul>"},"feature_list":[]},"_links":{"self":[{"href":"https:\/\/sinoextrud.com\/es\/wp-json\/wp\/v2\/product\/10650","targetHints":{"allow":["GET"]}}],"collection":[{"href":"https:\/\/sinoextrud.com\/es\/wp-json\/wp\/v2\/product"}],"about":[{"href":"https:\/\/sinoextrud.com\/es\/wp-json\/wp\/v2\/types\/product"}],"wp:featuredmedia":[{"embeddable":true,"href":"https:\/\/sinoextrud.com\/es\/wp-json\/wp\/v2\/media\/10649"}],"wp:attachment":[{"href":"https:\/\/sinoextrud.com\/es\/wp-json\/wp\/v2\/media?parent=10650"}],"wp:term":[{"taxonomy":"category","embeddable":true,"href":"https:\/\/sinoextrud.com\/es\/wp-json\/wp\/v2\/categories?post=10650"}],"curies":[{"name":"wp","href":"https:\/\/api.w.org\/{rel}","templated":true}]}}