{"id":10646,"date":"2025-07-25T04:02:40","date_gmt":"2025-07-25T04:02:40","guid":{"rendered":"https:\/\/sinoextrud.com\/product\/custom-water-cooling-aluminum-cold-plate-with-copper-tubes\/"},"modified":"2025-07-25T04:02:40","modified_gmt":"2025-07-25T04:02:40","slug":"refrigeracion-por-agua-a-medida-placa-fria-de-aluminio-con-tubos-de-cobre","status":"publish","type":"product","link":"https:\/\/sinoextrud.com\/es\/product\/custom-water-cooling-aluminum-cold-plate-with-copper-tubes\/","title":{"rendered":"Refrigeraci\u00f3n por agua a medida Placa fr\u00eda de aluminio con tubos de cobre"},"content":{"rendered":"<h2>Productos<\/h2>\n<table class=\"custom-table\">\n<tr>\n<td class=\"label\">informe de ensayo de maquinaria<\/td>\n<td>Proporcionado<\/td>\n<\/tr>\n<tr>\n<td class=\"label\">v\u00eddeo salida-inspecci\u00f3n<\/td>\n<td>Proporcionado<\/td>\n<\/tr>\n<tr>\n<td class=\"label\">Material<\/td>\n<td>Aleaci\u00f3n de aluminio, cobre<\/td>\n<\/tr>\n<tr>\n<td class=\"label\">garant\u00eda<\/td>\n<td>5 a\u00f1os<\/td>\n<\/tr>\n<tr>\n<td class=\"label\">aplicaci\u00f3n<\/td>\n<td>M\u00f3dulos IGBG, Dispositivos electr\u00f3nicos,L\u00e1seres<\/td>\n<\/tr>\n<tr>\n<td class=\"label\">tipo<\/td>\n<td>Tubo intercambiador de calor<\/td>\n<\/tr>\n<tr>\n<td class=\"label\">peso (kg)<\/td>\n<td>1<\/td>\n<\/tr>\n<tr>\n<td class=\"label\">Servicio post garant\u00eda<\/td>\n<td>Asistencia en l\u00ednea<\/td>\n<\/tr>\n<tr>\n<td class=\"label\">Servicio posventa<\/td>\n<td>Asistencia en l\u00ednea<\/td>\n<\/tr>\n<tr>\n<td class=\"label\">Industrias aplicables<\/td>\n<td>Planta de fabricaci\u00f3n<\/td>\n<\/tr>\n<tr>\n<td class=\"label\">Unidades de venta<\/td>\n<td>Art\u00edculo individual<\/td>\n<\/tr>\n<tr>\n<td class=\"label\">Tama\u00f1o de envase individual<\/td>\n<td>21X15X1,5 cm<\/td>\n<\/tr>\n<tr>\n<td class=\"label\">Peso bruto \u00fanico<\/td>\n<td>1.000 KG<\/td>\n<\/tr>\n<\/table>\n<h2>Nuestra base de fabricaci\u00f3n<\/h2>\n<h3>Panorama de la f\u00e1brica<\/h3>\n<p><img decoding=\"async\" src=\"\/wp-content\/uploads\/factory-01.webp\"\/><\/p>\n<h3>Taller de fabricaci\u00f3n de barras de aluminio<\/h3>\n<p><img decoding=\"async\" src=\"\/wp-content\/uploads\/factory-02.webp\"\/><\/p>\n<p><img decoding=\"async\" src=\"\/wp-content\/uploads\/factory-03.webp\"\/><\/p>\n<h3>Almac\u00e9n de moldes<\/h3>\n<p><img decoding=\"async\" src=\"\/wp-content\/uploads\/factory-04.webp\"\/><\/p>\n<h3>43 L\u00c3neas de extrusi\u00c3\u00b3n de aluminio (500\u00e2\u20ac\"5500 toneladas)<\/h3>\n<p><img decoding=\"async\" src=\"\/wp-content\/uploads\/factory-05.webp\"\/><\/p>\n<p><img decoding=\"async\" src=\"\/wp-content\/uploads\/factory-06.webp\"\/><\/p>\n<p><img decoding=\"async\" src=\"\/wp-content\/uploads\/factory-07.webp\"\/><\/p>\n<h3>Taller de pintura en polvo<\/h3>\n<p><img decoding=\"async\" src=\"\/wp-content\/uploads\/factory-09.webp\"\/><\/p>\n<h3>Taller de anodizado<\/h3>\n<p><img decoding=\"async\" src=\"\/wp-content\/uploads\/factory-10.webp\"\/><\/p>\n<h3>Taller de procesamiento profundo<\/h3>\n<p><img decoding=\"async\" src=\"\/wp-content\/uploads\/factory-11.webp\"\/><\/p>\n<h3>Taller de mecanizado de precisi\u00f3n CNC<\/h3>\n<p><img decoding=\"async\" src=\"\/wp-content\/uploads\/factory-11.5.webp\"\/><\/p>\n<h3>Almac\u00e9n de productos acabados y de exportaci\u00f3n<\/h3>\n<p><img decoding=\"async\" src=\"\/wp-content\/uploads\/factory-12.webp\"\/><\/p>\n<p><img decoding=\"async\" src=\"\/wp-content\/uploads\/factory-13.webp\"\/><\/p>\n<p><img decoding=\"async\" src=\"\/wp-content\/uploads\/factory-14.webp\"\/><\/p>\n<h2>PREGUNTAS FRECUENTES<\/h2>\n<p><p><b>1. \u00bfQu\u00e9 es una placa fr\u00eda de aluminio para refrigeraci\u00f3n por agua con tubos de cobre?<\/b><\/p>\n<p>Se trata de una soluci\u00f3n t\u00e9rmica de alto rendimiento que combina placas de aluminio y tubos de cobre incrustados para disipar eficazmente el calor en sistemas de refrigeraci\u00f3n personalizados.<br \/>\n<\/p><br \/>\n<br \/>\n<p><b>2.\u00bfPor qu\u00e9 utilizar tubos de cobre en una placa fr\u00eda de aluminio?<\/b><\/p>\n<p>Los tubos de cobre proporcionan una conductividad t\u00e9rmica superior, mejorando la eficacia general de refrigeraci\u00f3n de la placa fr\u00eda de aluminio.<br \/>\n<\/p><br \/>\n<br \/>\n<p><b>3.\u00bfSe puede personalizar la placa de aluminio en fr\u00edo para diferentes aplicaciones?<\/b><\/p>\n<p>S\u00ed, la placa de aluminio en fr\u00edo puede personalizarse en forma, tama\u00f1o y disposici\u00f3n de los tubos para satisfacer requisitos t\u00e9rmicos y mec\u00e1nicos espec\u00edficos.<br \/>\n<\/p><br \/>\n<br \/>\n<p><b>4.\u00bfC\u00f3mo mejora esta placa fr\u00eda la gesti\u00f3n t\u00e9rmica?<\/b><\/p>\n<p>Al combinar la alta conductividad del cobre y las propiedades de ligereza del aluminio, la placa fr\u00eda garantiza una transferencia r\u00e1pida del calor y un rendimiento fiable de la refrigeraci\u00f3n.<br \/>\n<\/p><br \/>\n<br \/>\n<p><b>5.\u00bfQu\u00e9 industrias utilizan habitualmente este tipo de chapa fr\u00eda?<\/b><\/p>\n<p>Industrias como la electr\u00f3nica de potencia, los sistemas EV, los l\u00e1seres y los dispositivos m\u00e9dicos utilizan a menudo placas fr\u00edas de aluminio de refrigeraci\u00f3n por agua personalizadas con tubos de cobre para controlar el calor.<br \/>\n<\/p><br \/>\n<br \/>\n<p><b>6.\u00bfResiste este producto a la corrosi\u00f3n?<\/b><\/p>\n<p>S\u00ed, la base de aluminio y los tubos de cobre est\u00e1n tratados para ofrecer una excelente resistencia a la corrosi\u00f3n, lo que los hace adecuados para un uso prolongado en entornos dif\u00edciles.<br \/>\n<\/p><br \/>\n<br \/>\n<p><b>7.\u00bfEn qu\u00e9 beneficia esta placa fr\u00eda a los fabricantes de equipos originales?<\/b><\/p>\n<p>Los fabricantes de equipos originales se benefician de la flexibilidad de dise\u00f1o, la eficacia de la disipaci\u00f3n t\u00e9rmica y la facilidad de integraci\u00f3n en sistemas t\u00e9rmicos complejos que utilizan placas fr\u00edas de aluminio de refrigeraci\u00f3n por agua personalizadas con tubos de cobre.<br \/>\n<\/p><br \/>\n<br \/>\n<p><b>8.\u00bfEs adecuado para aplicaciones de alta potencia?<\/b><\/p>\n<p>S\u00ed, el uso combinado de tubos de aluminio y cobre lo hace ideal para componentes electr\u00f3nicos de alta potencia que requieren una refrigeraci\u00f3n eficaz y fiable.<br \/>\n<\/p><br \/><\/p>","protected":false},"featured_media":10645,"template":"","categories":[73],"class_list":["post-10646","product","type-product","status-publish","has-post-thumbnail","hentry","category-water-cooling-plate"],"meta_box":{"hilight_text_group":{"product_hilight_text":"<li>High-efficiency heat dissipation with copper tube integration for optimal cooling performance<\/li>\r\n<li>Customizable aluminum cold plate design tailored to specific thermal management needs<\/li>\r\n<li>Excellent corrosion resistance and durability for long-term industrial use<\/li>\r\n<li>Lightweight aluminum base ensures easy installation and reduced system weight<\/li>\r\n<li>Supports high-precision machining for tight thermal interface control<\/li>","product_chanpin_chanpin":"<ul>\r\n<li><a href=\"https:\/\/sinoextrud.com\/product\/aluminium-extrusion-6061-6082-7075-aluminum-alloy-profiles\/\" target=\"_blank\">6061 aluminum extrusion<\/a><\/li>\r\n<li><a href=\"https:\/\/sinoextrud.com\/product\/oval-aluminum-extrud-profile\/\" target=\"_blank\">oval aluminum extrusion<\/a><\/li>\r\n<li><a href=\"https:\/\/sinoextrud.com\/product\/aluminium-extrusion-anodised-aluminium-tube\/\" target=\"_blank\">anodised aluminium tube<\/a><\/li>\r\n<li><a href=\"https:\/\/sinoextrud.com\/product\/c-shaped-closed-linear-ceiling-system\/\" target=\"_blank\">linear closed ceilings<\/a><\/li>\r\n<li><a href=\"https:\/\/sinoextrud.com\/product\/the-new-perforated-ceiling-system\/\" target=\"_blank\">perforated french ceilings<\/a><\/li>\r\n<li><a href=\"https:\/\/sinoextrud.com\/product\/aluminum-extrusion-7003-7005-7020\/\" target=\"_blank\">7020 aluminum<\/a><\/li>\r\n<\/ul>","product_chanpin_blog":"<ul>\r\n<li><a href=\"https:\/\/sinoextrud.com\/t-slot-v-slot-differences\/\" target=\"_blank\">t slot vs v slot<\/a><\/li>\r\n<li><a href=\"https:\/\/sinoextrud.com\/what-is-4040-aluminium-extrud\/\" target=\"_blank\">4040 aluminium extrusion<\/a><\/li>\r\n<li><a href=\"https:\/\/sinoextrud.com\/what-is-4040-aluminium-extrud\/\" target=\"_blank\">aluminum extrusions for industrial racks<\/a><\/li>\r\n<li><a href=\"https:\/\/sinoextrud.com\/powder-coating-aluminium-process\/\" target=\"_blank\">powder coating aluminium<\/a><\/li>\r\n<li><a href=\"https:\/\/sinoextrud.com\/what-is-an-aluminium-strip-ceiling\/\" target=\"_blank\">aluminium strip ceiling<\/a><\/li>\r\n<li><a href=\"https:\/\/sinoextrud.com\/what-is-a-heat-sink\/\" target=\"_blank\">what is a heat sink<\/a><\/li>\r\n<\/ul>"},"feature_list":[]},"_links":{"self":[{"href":"https:\/\/sinoextrud.com\/es\/wp-json\/wp\/v2\/product\/10646","targetHints":{"allow":["GET"]}}],"collection":[{"href":"https:\/\/sinoextrud.com\/es\/wp-json\/wp\/v2\/product"}],"about":[{"href":"https:\/\/sinoextrud.com\/es\/wp-json\/wp\/v2\/types\/product"}],"wp:featuredmedia":[{"embeddable":true,"href":"https:\/\/sinoextrud.com\/es\/wp-json\/wp\/v2\/media\/10645"}],"wp:attachment":[{"href":"https:\/\/sinoextrud.com\/es\/wp-json\/wp\/v2\/media?parent=10646"}],"wp:term":[{"taxonomy":"category","embeddable":true,"href":"https:\/\/sinoextrud.com\/es\/wp-json\/wp\/v2\/categories?post=10646"}],"curies":[{"name":"wp","href":"https:\/\/api.w.org\/{rel}","templated":true}]}}