{"id":10614,"date":"2025-07-24T03:14:00","date_gmt":"2025-07-24T03:14:00","guid":{"rendered":"https:\/\/sinoextrud.com\/product\/large-cnc-custom-aluminum-heatsink\/"},"modified":"2025-07-24T03:14:00","modified_gmt":"2025-07-24T03:14:00","slug":"gran-disipador-de-aluminio-personalizado-cnc","status":"publish","type":"product","link":"https:\/\/sinoextrud.com\/es\/product\/large-cnc-custom-aluminum-heatsink\/","title":{"rendered":"Gran disipador t\u00e9rmico de aluminio CNC personalizado"},"content":{"rendered":"<h2>Productos<\/h2>\n<table class=\"custom-table\">\n<tr>\n<td class=\"label\">Grado<\/td>\n<td>Serie 6000<\/td>\n<\/tr>\n<tr>\n<td class=\"label\">Tolerancia<\/td>\n<td>GB\/T 3190-2008,GB\/T 14846-2008,ISO 2768<\/td>\n<\/tr>\n<tr>\n<td class=\"label\">Plazo de entrega<\/td>\n<td>22-30 d\u00edas<\/td>\n<\/tr>\n<tr>\n<td class=\"label\">Temple<\/td>\n<td>T3-T8<\/td>\n<\/tr>\n<tr>\n<td class=\"label\">Aplicaci\u00f3n<\/td>\n<td>Disipador de calor<\/td>\n<\/tr>\n<tr>\n<td class=\"label\">Forma<\/td>\n<td>Cuadrado<\/td>\n<\/tr>\n<tr>\n<td class=\"label\">Aleaci\u00f3n o no<\/td>\n<td>Es aleaci\u00f3n<\/td>\n<\/tr>\n<tr>\n<td class=\"label\">Servicio de tramitaci\u00f3n<\/td>\n<td>Plegado, desenrollado, soldadura, punzonado, corte, mecanizado CNC<\/td>\n<\/tr>\n<tr>\n<td class=\"label\">Pitch<\/td>\n<td>10 mm<\/td>\n<\/tr>\n<tr>\n<td class=\"label\">Unidades de venta<\/td>\n<td>Art\u00edculo individual<\/td>\n<\/tr>\n<tr>\n<td class=\"label\">Tama\u00f1o de envase individual<\/td>\n<td>20X20X10 cm<\/td>\n<\/tr>\n<tr>\n<td class=\"label\">Peso bruto \u00fanico<\/td>\n<td>3.000 KG<\/td>\n<\/tr>\n<\/table>\n<h2>Nuestra base de fabricaci\u00f3n<\/h2>\n<h3>Panorama de la f\u00e1brica<\/h3>\n<p><img decoding=\"async\" src=\"\/wp-content\/uploads\/factory-01.webp\"\/><\/p>\n<h3>Taller de fabricaci\u00f3n de barras de aluminio<\/h3>\n<p><img decoding=\"async\" src=\"\/wp-content\/uploads\/factory-02.webp\"\/><\/p>\n<p><img decoding=\"async\" src=\"\/wp-content\/uploads\/factory-03.webp\"\/><\/p>\n<h3>Almac\u00e9n de moldes<\/h3>\n<p><img decoding=\"async\" src=\"\/wp-content\/uploads\/factory-04.webp\"\/><\/p>\n<h3>43 L\u00c3neas de extrusi\u00c3\u00b3n de aluminio (500\u00e2\u20ac\"5500 toneladas)<\/h3>\n<p><img decoding=\"async\" src=\"\/wp-content\/uploads\/factory-05.webp\"\/><\/p>\n<p><img decoding=\"async\" src=\"\/wp-content\/uploads\/factory-06.webp\"\/><\/p>\n<p><img decoding=\"async\" src=\"\/wp-content\/uploads\/factory-07.webp\"\/><\/p>\n<h3>Taller de pintura en polvo<\/h3>\n<p><img decoding=\"async\" src=\"\/wp-content\/uploads\/factory-09.webp\"\/><\/p>\n<h3>Taller de anodizado<\/h3>\n<p><img decoding=\"async\" src=\"\/wp-content\/uploads\/factory-10.webp\"\/><\/p>\n<h3>Taller de procesamiento profundo<\/h3>\n<p><img decoding=\"async\" src=\"\/wp-content\/uploads\/factory-11.webp\"\/><\/p>\n<h3>Taller de mecanizado de precisi\u00f3n CNC<\/h3>\n<p><img decoding=\"async\" src=\"\/wp-content\/uploads\/factory-11.5.webp\"\/><\/p>\n<h3>Almac\u00e9n de productos acabados y de exportaci\u00f3n<\/h3>\n<p><img decoding=\"async\" src=\"\/wp-content\/uploads\/factory-12.webp\"\/><\/p>\n<p><img decoding=\"async\" src=\"\/wp-content\/uploads\/factory-13.webp\"\/><\/p>\n<p><img decoding=\"async\" src=\"\/wp-content\/uploads\/factory-14.webp\"\/><\/p>\n<h2>PREGUNTAS FRECUENTES<\/h2>\n<p><p><b>1. \u00bfQu\u00e9 es un disipador t\u00e9rmico de aluminio a medida CNC de gran tama\u00f1o?<\/b><\/p>\n<p>Un gran disipador t\u00e9rmico de aluminio CNC a medida es un componente mecanizado con precisi\u00f3n fabricado en aluminio para disipar el calor en sistemas electr\u00f3nicos de alta potencia.<br \/>\n<\/p><br \/>\n<br \/>\n<p><b>2.\u00bfCu\u00e1les son las principales ventajas del mecanizado CNC para disipadores t\u00e9rmicos de aluminio?<\/b><\/p>\n<p>El mecanizado CNC proporciona alta precisi\u00f3n, acabados superficiales suaves y permite dise\u00f1os de disipadores personalizados con caracter\u00edsticas intrincadas.<br \/>\n<\/p><br \/>\n<br \/>\n<p><b>3.\u00bfPor qu\u00e9 elegir aluminio para un gran disipador personalizado?<\/b><\/p>\n<p>El aluminio ofrece una excelente conductividad t\u00e9rmica, propiedades de ligereza y resistencia a la corrosi\u00f3n, por lo que resulta ideal para aplicaciones de disipaci\u00f3n t\u00e9rmica.<br \/>\n<\/p><br \/>\n<br \/>\n<p><b>4.\u00bfPuedo solicitar dimensiones y formas personalizadas para el disipador de aluminio?<\/b><\/p>\n<p>S\u00ed, nuestros servicios CNC admiten tama\u00f1os totalmente personalizados y geometr\u00edas complejas basadas en sus especificaciones.<br \/>\n<\/p><br \/>\n<br \/>\n<p><b>5.\u00bfQu\u00e9 industrias suelen utilizar disipadores de aluminio personalizados CNC de gran tama\u00f1o?<\/b><\/p>\n<p>Sectores como las telecomunicaciones, la automoci\u00f3n, la iluminaci\u00f3n LED y la automatizaci\u00f3n industrial utilizan con frecuencia estos disipadores para la gesti\u00f3n t\u00e9rmica.<br \/>\n<\/p><br \/>\n<br \/>\n<p><b>6.\u00bfOfrecen opciones de tratamiento superficial para disipadores de aluminio?<\/b><\/p>\n<p>S\u00ed, ofrecemos anodizado, recubrimiento en polvo, chorro de arena y otros acabados para mejorar el rendimiento y el aspecto.<br \/>\n<\/p><br \/>\n<br \/>\n<p><b>7.\u00bfC\u00f3mo mejora la fiabilidad del dispositivo un gran disipador de aluminio a medida?<\/b><\/p>\n<p>Disipa eficazmente el calor, evitando la acumulaci\u00f3n t\u00e9rmica y garantizando un funcionamiento estable de los componentes electr\u00f3nicos a lo largo del tiempo.<br \/>\n<\/p><br \/>\n<br \/>\n<p><b>8.\u00bfPueden fabricarse estos disipadores en grandes cantidades?<\/b><\/p>\n<p>S\u00ed, somos compatibles con la fabricaci\u00f3n CNC escalable para ofrecer una calidad constante tanto en peque\u00f1as como en grandes series de producci\u00f3n.<br \/>\n<\/p><br \/><\/p>","protected":false},"featured_media":10613,"template":"","categories":[72],"class_list":["post-10614","product","type-product","status-publish","has-post-thumbnail","hentry","category-extruded-aluminum-heatsink"],"meta_box":{"hilight_text_group":{"product_hilight_text":"<li>High-precision CNC machining ensures tight tolerances for optimal thermal performance<\/li>\r\n<li>Customized aluminum design supports complex geometries and unique project needs<\/li>\r\n<li>Excellent heat dissipation capabilities ideal for high-power industrial electronics<\/li>\r\n<li>Lightweight and corrosion-resistant 6061\/7075 aluminum materials available<\/li>\r\n<li>Supports batch production with consistent quality and fast lead times<\/li>\r\n<li>Compatible with anodizing, powder coating, and other surface treatments<\/li>\r\n<li>Engineered for durability in demanding thermal management applications<\/li>","product_chanpin_chanpin":"<ul>\r\n<li><a href=\"https:\/\/sinoextrud.com\/product\/aluminium-extrusion-6061-6082-7075-aluminum-alloy-profiles\/\" target=\"_blank\">6061 aluminum extrusion<\/a><\/li>\r\n<li><a href=\"https:\/\/sinoextrud.com\/product\/oval-aluminum-extrud-profile\/\" target=\"_blank\">oval aluminum extrusion<\/a><\/li>\r\n<li><a href=\"https:\/\/sinoextrud.com\/product\/aluminium-extrusion-anodised-aluminium-tube\/\" target=\"_blank\">anodised aluminium tube<\/a><\/li>\r\n<li><a href=\"https:\/\/sinoextrud.com\/product\/c-shaped-closed-linear-ceiling-system\/\" target=\"_blank\">linear closed ceilings<\/a><\/li>\r\n<li><a href=\"https:\/\/sinoextrud.com\/product\/the-new-perforated-ceiling-system\/\" target=\"_blank\">perforated french ceilings<\/a><\/li>\r\n<li><a href=\"https:\/\/sinoextrud.com\/product\/aluminum-extrusion-7003-7005-7020\/\" target=\"_blank\">7020 aluminum<\/a><\/li>\r\n<\/ul>","product_chanpin_blog":"<ul>\r\n<li><a href=\"https:\/\/sinoextrud.com\/t-slot-v-slot-differences\/\" target=\"_blank\">t slot vs v slot<\/a><\/li>\r\n<li><a href=\"https:\/\/sinoextrud.com\/what-is-4040-aluminium-extrud\/\" target=\"_blank\">4040 aluminium extrusion<\/a><\/li>\r\n<li><a href=\"https:\/\/sinoextrud.com\/what-is-4040-aluminium-extrud\/\" target=\"_blank\">aluminum extrusions for industrial racks<\/a><\/li>\r\n<li><a href=\"https:\/\/sinoextrud.com\/powder-coating-aluminium-process\/\" target=\"_blank\">powder coating aluminium<\/a><\/li>\r\n<li><a href=\"https:\/\/sinoextrud.com\/what-is-an-aluminium-strip-ceiling\/\" target=\"_blank\">aluminium strip ceiling<\/a><\/li>\r\n<li><a href=\"https:\/\/sinoextrud.com\/what-is-a-heat-sink\/\" target=\"_blank\">what is a heat sink<\/a><\/li>\r\n<\/ul>"},"feature_list":[]},"_links":{"self":[{"href":"https:\/\/sinoextrud.com\/es\/wp-json\/wp\/v2\/product\/10614","targetHints":{"allow":["GET"]}}],"collection":[{"href":"https:\/\/sinoextrud.com\/es\/wp-json\/wp\/v2\/product"}],"about":[{"href":"https:\/\/sinoextrud.com\/es\/wp-json\/wp\/v2\/types\/product"}],"wp:featuredmedia":[{"embeddable":true,"href":"https:\/\/sinoextrud.com\/es\/wp-json\/wp\/v2\/media\/10613"}],"wp:attachment":[{"href":"https:\/\/sinoextrud.com\/es\/wp-json\/wp\/v2\/media?parent=10614"}],"wp:term":[{"taxonomy":"category","embeddable":true,"href":"https:\/\/sinoextrud.com\/es\/wp-json\/wp\/v2\/categories?post=10614"}],"curies":[{"name":"wp","href":"https:\/\/api.w.org\/{rel}","templated":true}]}}