{"id":10610,"date":"2025-07-24T03:07:14","date_gmt":"2025-07-24T03:07:14","guid":{"rendered":"https:\/\/sinoextrud.com\/product\/factory-price-custom-aluminum-extrusion-heatsink\/"},"modified":"2025-07-24T03:07:14","modified_gmt":"2025-07-24T03:07:14","slug":"precio-de-fabrica-disipador-de-calor-de-extrusion-de-aluminio-personalizado","status":"publish","type":"product","link":"https:\/\/sinoextrud.com\/es\/product\/factory-price-custom-aluminum-extrusion-heatsink\/","title":{"rendered":"Disipador t\u00e9rmico de extrusi\u00f3n de aluminio personalizado con precio de f\u00e1brica"},"content":{"rendered":"<h2>Productos<\/h2>\n<table class=\"custom-table\">\n<tr>\n<td class=\"label\">Grado<\/td>\n<td>Serie 6000<\/td>\n<\/tr>\n<tr>\n<td class=\"label\">Tolerancia<\/td>\n<td>GB\/T 3190-2008,GB\/T 14846-2008,ISO 2768<\/td>\n<\/tr>\n<tr>\n<td class=\"label\">Plazo de entrega<\/td>\n<td>15-21 d\u00edas<\/td>\n<\/tr>\n<tr>\n<td class=\"label\">Temple<\/td>\n<td>T3-T8<\/td>\n<\/tr>\n<tr>\n<td class=\"label\">Aplicaci\u00f3n<\/td>\n<td>Disipador de calor<\/td>\n<\/tr>\n<tr>\n<td class=\"label\">Forma<\/td>\n<td>Rect\u00e1ngulo<\/td>\n<\/tr>\n<tr>\n<td class=\"label\">Aleaci\u00f3n o no<\/td>\n<td>Es aleaci\u00f3n<\/td>\n<\/tr>\n<tr>\n<td class=\"label\">Servicio de tramitaci\u00f3n<\/td>\n<td>Corte, taladrado, roscado, procesamiento CNC, anodizado<\/td>\n<\/tr>\n<tr>\n<td class=\"label\">Pitch<\/td>\n<td>3,5 mm<\/td>\n<\/tr>\n<tr>\n<td class=\"label\">Unidades de venta<\/td>\n<td>Art\u00edculo individual<\/td>\n<\/tr>\n<tr>\n<td class=\"label\">Tama\u00f1o de envase individual<\/td>\n<td>13X12X4 cm<\/td>\n<\/tr>\n<tr>\n<td class=\"label\">Peso bruto \u00fanico<\/td>\n<td>0,700 KG<\/td>\n<\/tr>\n<\/table>\n<h2>Nuestra base de fabricaci\u00f3n<\/h2>\n<h3>Panorama de la f\u00e1brica<\/h3>\n<p><img decoding=\"async\" src=\"\/wp-content\/uploads\/factory-01.webp\"\/><\/p>\n<h3>Taller de fabricaci\u00f3n de barras de aluminio<\/h3>\n<p><img decoding=\"async\" src=\"\/wp-content\/uploads\/factory-02.webp\"\/><\/p>\n<p><img decoding=\"async\" src=\"\/wp-content\/uploads\/factory-03.webp\"\/><\/p>\n<h3>Almac\u00e9n de moldes<\/h3>\n<p><img decoding=\"async\" src=\"\/wp-content\/uploads\/factory-04.webp\"\/><\/p>\n<h3>43 L\u00c3neas de extrusi\u00c3\u00b3n de aluminio (500\u00e2\u20ac\"5500 toneladas)<\/h3>\n<p><img decoding=\"async\" src=\"\/wp-content\/uploads\/factory-05.webp\"\/><\/p>\n<p><img decoding=\"async\" src=\"\/wp-content\/uploads\/factory-06.webp\"\/><\/p>\n<p><img decoding=\"async\" src=\"\/wp-content\/uploads\/factory-07.webp\"\/><\/p>\n<h3>Taller de pintura en polvo<\/h3>\n<p><img decoding=\"async\" src=\"\/wp-content\/uploads\/factory-09.webp\"\/><\/p>\n<h3>Taller de anodizado<\/h3>\n<p><img decoding=\"async\" src=\"\/wp-content\/uploads\/factory-10.webp\"\/><\/p>\n<h3>Taller de procesamiento profundo<\/h3>\n<p><img decoding=\"async\" src=\"\/wp-content\/uploads\/factory-11.webp\"\/><\/p>\n<h3>Taller de mecanizado de precisi\u00f3n CNC<\/h3>\n<p><img decoding=\"async\" src=\"\/wp-content\/uploads\/factory-11.5.webp\"\/><\/p>\n<h3>Almac\u00e9n de productos acabados y de exportaci\u00f3n<\/h3>\n<p><img decoding=\"async\" src=\"\/wp-content\/uploads\/factory-12.webp\"\/><\/p>\n<p><img decoding=\"async\" src=\"\/wp-content\/uploads\/factory-13.webp\"\/><\/p>\n<p><img decoding=\"async\" src=\"\/wp-content\/uploads\/factory-14.webp\"\/><\/p>\n<h2>PREGUNTAS FRECUENTES<\/h2>\n<p><p><b>1. \u00bfQu\u00e9 es un disipador t\u00e9rmico de extrusi\u00f3n de aluminio personalizado con precio de f\u00e1brica?<\/b><\/p>\n<p>Se trata de un disipador de aluminio personalizable fabricado a precios directos de f\u00e1brica, que ofrece soluciones t\u00e9rmicas para diversos sectores.<br \/>\n<\/p><br \/>\n<br \/>\n<p><b>2.\u00bfCu\u00e1les son las ventajas de la extrusi\u00f3n de aluminio en los disipadores t\u00e9rmicos?<\/b><\/p>\n<p>La extrusi\u00f3n permite dise\u00f1os de aletas complejos y una transferencia de calor eficaz, al tiempo que mantiene el disipador ligero y rentable.<br \/>\n<\/p><br \/>\n<br \/>\n<p><b>3.\u00bfSe puede personalizar este disipador para mi aplicaci\u00f3n?<\/b><\/p>\n<p>S\u00ed, ofrecemos personalizaci\u00f3n OEM en forma, tama\u00f1o, caracter\u00edsticas de montaje y tratamientos superficiales.<br \/>\n<\/p><br \/>\n<br \/>\n<p><b>4.\u00bfEste disipador de aluminio es apto tanto para refrigeraci\u00f3n pasiva como activa?<\/b><\/p>\n<p>S\u00ed, funciona bien con convecci\u00f3n natural y tambi\u00e9n puede combinarse con ventiladores o sistemas de refrigeraci\u00f3n l\u00edquida.<br \/>\n<\/p><br \/>\n<br \/>\n<p><b>5.\u00bfQu\u00e9 aplicaciones utilizan disipadores t\u00e9rmicos personalizados de extrusi\u00f3n de aluminio?<\/b><\/p>\n<p>Se utilizan ampliamente en iluminaci\u00f3n LED, electr\u00f3nica de potencia, telecomunicaciones y maquinaria industrial.<br \/>\n<\/p><br \/>\n<br \/>\n<p><b>6.\u00bfViene el disipador con un acabado superficial protector?<\/b><\/p>\n<p>S\u00ed, el anodizado y otros revestimientos est\u00e1n disponibles para mejorar la resistencia a la corrosi\u00f3n y el atractivo est\u00e9tico.<br \/>\n<\/p><br \/>\n<br \/>\n<p><b>7.\u00bfC\u00f3mo beneficia el precio de f\u00e1brica a los compradores?<\/b><\/p>\n<p>Los precios de f\u00e1brica reducen los costes de adquisici\u00f3n y acortan los plazos de entrega al eliminar intermediarios.<br \/>\n<\/p><br \/>\n<br \/>\n<p><b>8.\u00bfEs compatible el disipador t\u00e9rmico por extrusi\u00f3n con dispositivos electr\u00f3nicos de alta potencia?<\/b><\/p>\n<p>S\u00ed, la alta conductividad t\u00e9rmica y las estructuras de aletas personalizables lo hacen adecuado para componentes de alta potencia y sensibles al calor.<br \/>\n<\/p><br \/><\/p>","protected":false},"featured_media":10609,"template":"","categories":[72],"class_list":["post-10610","product","type-product","status-publish","has-post-thumbnail","hentry","category-extruded-aluminum-heatsink"],"meta_box":{"hilight_text_group":{"product_hilight_text":"<li>Factory-direct pricing ensures cost-effective thermal management solutions<\/li>\r\n<li>Made from high thermal conductivity aluminum for efficient heat dissipation<\/li>\r\n<li>Fully customizable extrusion profiles to meet diverse application needs<\/li>\r\n<li>Lightweight and durable structure ideal for industrial and consumer electronics<\/li>\r\n<li>Available in various surface finishes including anodizing for enhanced protection<\/li>\r\n<li>Supports OEM\/ODM services for tailored heatsink designs<\/li>\r\n<li>Suitable for passive and active cooling configurations<\/li>","product_chanpin_chanpin":"<ul>\r\n<li><a href=\"https:\/\/sinoextrud.com\/product\/aluminium-extrusion-6061-6082-7075-aluminum-alloy-profiles\/\" target=\"_blank\">6061 aluminum extrusion<\/a><\/li>\r\n<li><a href=\"https:\/\/sinoextrud.com\/product\/oval-aluminum-extrud-profile\/\" target=\"_blank\">oval aluminum extrusion<\/a><\/li>\r\n<li><a href=\"https:\/\/sinoextrud.com\/product\/aluminium-extrusion-anodised-aluminium-tube\/\" target=\"_blank\">anodised aluminium tube<\/a><\/li>\r\n<li><a href=\"https:\/\/sinoextrud.com\/product\/c-shaped-closed-linear-ceiling-system\/\" target=\"_blank\">linear closed ceilings<\/a><\/li>\r\n<li><a href=\"https:\/\/sinoextrud.com\/product\/the-new-perforated-ceiling-system\/\" target=\"_blank\">perforated french ceilings<\/a><\/li>\r\n<li><a href=\"https:\/\/sinoextrud.com\/product\/aluminum-extrusion-7003-7005-7020\/\" target=\"_blank\">7020 aluminum<\/a><\/li>\r\n<\/ul>","product_chanpin_blog":"<ul>\r\n<li><a href=\"https:\/\/sinoextrud.com\/t-slot-v-slot-differences\/\" target=\"_blank\">t slot vs v slot<\/a><\/li>\r\n<li><a href=\"https:\/\/sinoextrud.com\/what-is-4040-aluminium-extrud\/\" target=\"_blank\">4040 aluminium extrusion<\/a><\/li>\r\n<li><a href=\"https:\/\/sinoextrud.com\/what-is-4040-aluminium-extrud\/\" target=\"_blank\">aluminum extrusions for industrial racks<\/a><\/li>\r\n<li><a href=\"https:\/\/sinoextrud.com\/powder-coating-aluminium-process\/\" target=\"_blank\">powder coating aluminium<\/a><\/li>\r\n<li><a href=\"https:\/\/sinoextrud.com\/what-is-an-aluminium-strip-ceiling\/\" target=\"_blank\">aluminium strip ceiling<\/a><\/li>\r\n<li><a href=\"https:\/\/sinoextrud.com\/what-is-a-heat-sink\/\" target=\"_blank\">what is a heat sink<\/a><\/li>\r\n<\/ul>"},"feature_list":[]},"_links":{"self":[{"href":"https:\/\/sinoextrud.com\/es\/wp-json\/wp\/v2\/product\/10610","targetHints":{"allow":["GET"]}}],"collection":[{"href":"https:\/\/sinoextrud.com\/es\/wp-json\/wp\/v2\/product"}],"about":[{"href":"https:\/\/sinoextrud.com\/es\/wp-json\/wp\/v2\/types\/product"}],"wp:featuredmedia":[{"embeddable":true,"href":"https:\/\/sinoextrud.com\/es\/wp-json\/wp\/v2\/media\/10609"}],"wp:attachment":[{"href":"https:\/\/sinoextrud.com\/es\/wp-json\/wp\/v2\/media?parent=10610"}],"wp:term":[{"taxonomy":"category","embeddable":true,"href":"https:\/\/sinoextrud.com\/es\/wp-json\/wp\/v2\/categories?post=10610"}],"curies":[{"name":"wp","href":"https:\/\/api.w.org\/{rel}","templated":true}]}}