{"id":10067,"date":"2025-07-09T02:02:18","date_gmt":"2025-07-09T02:02:18","guid":{"rendered":"https:\/\/sinoextrud.com\/product\/fiber-laser-marking-machine\/"},"modified":"2025-07-09T02:03:58","modified_gmt":"2025-07-09T02:03:58","slug":"maquina-de-marcado-laser-de-fibra","status":"publish","type":"product","link":"https:\/\/sinoextrud.com\/es\/product\/fiber-laser-marking-machine\/","title":{"rendered":"M\u00e1quina de marcado l\u00e1ser de fibra"},"content":{"rendered":"<h2>Productos<\/h2>\n<table class=\"custom-table\">\n<tr>\n<td class=\"label\">tipo l\u00e1ser<\/td>\n<td>L\u00e1ser de fibra \u00f3ptica<\/td>\n<\/tr>\n<tr>\n<td class=\"label\">formato gr\u00e1fico compatible<\/td>\n<td>AI, BMP, DXF, DXP, Dst, Dwg, LAS, PLT<\/td>\n<\/tr>\n<tr>\n<td class=\"label\">funci\u00f3n<\/td>\n<td>Marcado profundo<\/td>\n<\/tr>\n<tr>\n<td class=\"label\">puntos clave de venta<\/td>\n<td>F\u00e1cil de manejar<\/td>\n<\/tr>\n<tr>\n<td class=\"label\">garant\u00eda<\/td>\n<td>2 a\u00f1os<\/td>\n<\/tr>\n<tr>\n<td class=\"label\">condici\u00f3n<\/td>\n<td>Nuevo<\/td>\n<\/tr>\n<tr>\n<td class=\"label\">Sistema de refrigeraci\u00f3n<\/td>\n<td>Refrigeraci\u00f3n por aire<\/td>\n<\/tr>\n<tr>\n<td class=\"label\">cnc o no<\/td>\n<td>S\u00ed<\/td>\n<\/tr>\n<tr>\n<td class=\"label\">marca del sistema de control<\/td>\n<td>ezcard<\/td>\n<\/tr>\n<tr>\n<td class=\"label\">precisi\u00f3n de trabajo<\/td>\n<td>0,01 mm<\/td>\n<\/tr>\n<tr>\n<td class=\"label\">Profundidad de marcado<\/td>\n<td>0,5-2 mm<\/td>\n<\/tr>\n<tr>\n<td class=\"label\">Velocidad de marcado<\/td>\n<td>7000-12000 mm\/s<\/td>\n<\/tr>\n<tr>\n<td class=\"label\">Unidades de venta<\/td>\n<td>Art\u00edculo individual<\/td>\n<\/tr>\n<tr>\n<td class=\"label\">Tama\u00f1o de envase individual<\/td>\n<td>10X10X10 cm<\/td>\n<\/tr>\n<tr>\n<td class=\"label\">Peso bruto \u00fanico<\/td>\n<td>55.000 KG<\/td>\n<\/tr>\n<\/table>\n<h2>PREGUNTAS FRECUENTES<\/h2>\n<p><b>1. \u00bfQu\u00e9 materiales puede marcar una m\u00e1quina de marcado l\u00e1ser de fibra?<\/b><\/p>\n<p>Las m\u00e1quinas de marcado por l\u00e1ser de fibra son ideales para marcar metales como acero inoxidable, aluminio, oro y algunos pl\u00e1sticos duros.\n<\/p>\n<p><\/p>\n<p><b>2. \u00bfPor qu\u00e9 el marcado por l\u00e1ser de fibra es adecuado para uso industrial?<\/b><\/p>\n<p>El marcado por l\u00e1ser de fibra ofrece un rendimiento de alta velocidad, un funcionamiento estable y durabilidad en entornos dif\u00edciles, por lo que es perfecto para aplicaciones industriales.\n<\/p>\n<p><\/p>\n<p><b>3. \u00bfCu\u00e1les son las ventajas de las m\u00e1quinas de marcado por l\u00e1ser de fibra?<\/b><\/p>\n<p>Las m\u00e1quinas de marcado por l\u00e1ser de fibra ofrecen alta precisi\u00f3n, r\u00e1pida velocidad de procesamiento, bajo consumo de energ\u00eda y larga vida \u00fatil.\n<\/p>\n<p><\/p>\n<p><b>4.\u00bfLa m\u00e1quina de marcado l\u00e1ser de fibra no necesita mantenimiento?<\/b><\/p>\n<p>S\u00ed, los sistemas l\u00e1ser de fibra requieren poco o ning\u00fan mantenimiento gracias a su dise\u00f1o de estado s\u00f3lido y a su fuente l\u00e1ser duradera.\n<\/p>\n<p><\/p>\n<p><b>5.\u00bfPueden los l\u00e1seres de fibra realizar grabados profundos?<\/b><\/p>\n<p>S\u00ed, las m\u00e1quinas de marcado por l\u00e1ser de fibra admiten tanto el marcado superficial fino como el grabado profundo en diversos materiales met\u00e1licos.\n<\/p>\n<p><\/p>\n<p><b>6.\u00bfCu\u00e1nto dura una fuente l\u00e1ser de fibra?<\/b><\/p>\n<p>Las fuentes l\u00e1ser de fibra suelen durar m\u00e1s de 100.000 horas, lo que ofrece una mayor vida \u00fatil y reduce los costes operativos.\n<\/p>\n<p><\/p>\n<p><b>7.\u00bfEs eficiente energ\u00e9ticamente el marcado por l\u00e1ser de fibra?<\/b><\/p>\n<p>S\u00ed, las m\u00e1quinas de marcado por l\u00e1ser de fibra son muy eficientes desde el punto de vista energ\u00e9tico, ya que convierten la mayor parte de la energ\u00eda el\u00e9ctrica en salida l\u00e1ser.\n<\/p>\n<p><\/p>\n<p><b>8.\u00bfPueden utilizarse m\u00e1quinas l\u00e1ser de fibra en sistemas automatizados?<\/b><\/p>\n<p>Por supuesto, su dise\u00f1o compacto y modular hace que las m\u00e1quinas l\u00e1ser de fibra sean ideales para su integraci\u00f3n en l\u00edneas de producci\u00f3n automatizadas.\n<\/p>\n<p><\/p>","protected":false},"featured_media":10066,"template":"","categories":[70],"class_list":["post-10067","product","type-product","status-publish","has-post-thumbnail","hentry","category-aluminum-machinery"],"meta_box":{"hilight_text_group":{"product_hilight_text":"<li>High-speed marking with excellent beam quality<\/li>\r\n<li>Suitable for metals and some hard plastics<\/li>\r\n<li>Low power consumption and high energy efficiency<\/li>\r\n<li>Long service life with maintenance-free operation<\/li>\r\n<li>Compact design for easy integration into production lines<\/li>\r\n<li>Supports deep engraving and fine marking<\/li>\r\n<li>Stable performance in harsh industrial environments<\/li>","product_chanpin_chanpin":"<ul>\r\n<li><a href=\"https:\/\/sinoextrud.com\/product\/aluminium-extrusion-6061-6082-7075-aluminum-alloy-profiles\/\" target=\"_blank\">6061 aluminum extrusion<\/a><\/li>\r\n<li><a href=\"https:\/\/sinoextrud.com\/product\/oval-aluminum-extrud-profile\/\" target=\"_blank\">oval aluminum extrusion<\/a><\/li>\r\n<li><a href=\"https:\/\/sinoextrud.com\/product\/aluminium-extrusion-anodised-aluminium-tube\/\" target=\"_blank\">anodised aluminium tube<\/a><\/li>\r\n<li><a href=\"https:\/\/sinoextrud.com\/product\/c-shaped-closed-linear-ceiling-system\/\" target=\"_blank\">linear closed ceilings<\/a><\/li>\r\n<li><a href=\"https:\/\/sinoextrud.com\/product\/the-new-perforated-ceiling-system\/\" target=\"_blank\">perforated french ceilings<\/a><\/li>\r\n<li><a href=\"https:\/\/sinoextrud.com\/product\/aluminum-extrusion-7003-7005-7020\/\" target=\"_blank\">7020 aluminum<\/a><\/li>\r\n<\/ul>","product_chanpin_blog":"<ul>\r\n<li><a href=\"https:\/\/sinoextrud.com\/t-slot-v-slot-differences\/\" target=\"_blank\">t slot vs v slot<\/a><\/li>\r\n<li><a href=\"https:\/\/sinoextrud.com\/what-is-4040-aluminium-extrud\/\" target=\"_blank\">4040 aluminium extrusion<\/a><\/li>\r\n<li><a href=\"https:\/\/sinoextrud.com\/what-is-4040-aluminium-extrud\/\" target=\"_blank\">aluminum extrusions for industrial racks<\/a><\/li>\r\n<li><a href=\"https:\/\/sinoextrud.com\/powder-coating-aluminium-process\/\" target=\"_blank\">powder coating aluminium<\/a><\/li>\r\n<li><a href=\"https:\/\/sinoextrud.com\/what-is-an-aluminium-strip-ceiling\/\" target=\"_blank\">aluminium strip ceiling<\/a><\/li>\r\n<li><a href=\"https:\/\/sinoextrud.com\/what-is-a-heat-sink\/\" target=\"_blank\">what is a heat sink<\/a><\/li>\r\n<\/ul>"},"feature_list":[]},"_links":{"self":[{"href":"https:\/\/sinoextrud.com\/es\/wp-json\/wp\/v2\/product\/10067","targetHints":{"allow":["GET"]}}],"collection":[{"href":"https:\/\/sinoextrud.com\/es\/wp-json\/wp\/v2\/product"}],"about":[{"href":"https:\/\/sinoextrud.com\/es\/wp-json\/wp\/v2\/types\/product"}],"wp:featuredmedia":[{"embeddable":true,"href":"https:\/\/sinoextrud.com\/es\/wp-json\/wp\/v2\/media\/10066"}],"wp:attachment":[{"href":"https:\/\/sinoextrud.com\/es\/wp-json\/wp\/v2\/media?parent=10067"}],"wp:term":[{"taxonomy":"category","embeddable":true,"href":"https:\/\/sinoextrud.com\/es\/wp-json\/wp\/v2\/categories?post=10067"}],"curies":[{"name":"wp","href":"https:\/\/api.w.org\/{rel}","templated":true}]}}