{"id":8599,"date":"2025-06-17T03:47:28","date_gmt":"2025-06-17T03:47:28","guid":{"rendered":"https:\/\/sinoextrud.com\/product\/round-aluminum-extrusion-tubular-cnc-bending\/"},"modified":"2025-06-24T06:34:29","modified_gmt":"2025-06-24T06:34:29","slug":"rundes-aluminium-strangpressrohr-cnc-biegen","status":"publish","type":"product","link":"https:\/\/sinoextrud.com\/de\/product\/round-aluminum-extrusion-tubular-cnc-bending\/","title":{"rendered":"Rundes Aluminium Strangpressen Rohr Cnc Biegen"},"content":{"rendered":"<h2>Produkte Details<\/h2>\n<table class=\"custom-table\">\n<tr>\n<td class=\"label\">Artikel<\/td>\n<td>Rundes Aluminium-Strangpressrohrcnc-Biegen-Stanzen<\/td>\n<\/tr>\n<tr>\n<td class=\"label\">Name des Unternehmens<\/td>\n<td> Sinoextrud<\/td>\n<\/tr>\n<tr>\n<td class=\"label\">Aluminiumlegierung<\/td>\n<td>6063-T5, oder kundenspezifische Anpassung<\/td>\n<\/tr>\n<tr>\n<td class=\"label\">Marke<\/td>\n<td>Sinoextrud \/ Sinoextrud \/ Sinoextrud Aluminium<\/td>\n<\/tr>\n<tr>\n<td class=\"label\">Zertifikat<\/td>\n<td>CE, SONCAP, ISO, CIQ, RoHS, TUV, usw.<\/td>\n<\/tr>\n<tr>\n<td class=\"label\">Materialqualit\u00e4t<\/td>\n<td>6061, 6063, 6005A, 6005, 6082, 6463, usw.<\/td>\n<\/tr>\n<tr>\n<td class=\"label\">L\u00e4nge<\/td>\n<td>1-9m, oder individuelle Anpassung<\/td>\n<\/tr>\n<tr>\n<td class=\"label\">MOQ<\/td>\n<td>200KGS f\u00fcr jeden Artikel \/ Farbe<\/td>\n<\/tr>\n<tr>\n<td class=\"label\">Oberfl\u00e4chenbehandlung<\/td>\n<td>Walzoberfl\u00e4che, Eloxierung, Pulverbeschichtung, Elektrophorese, Fluorkohlenstoff (PVDF), Holzmaserung, poliert, geb\u00fcrstet, sandgestrahlt, usw.<\/td>\n<\/tr>\n<tr>\n<td class=\"label\">CNC-Verfahren<\/td>\n<td>Bohren, Biegen, Schwei\u00dfen, Gewindeschneiden, Schneiden, Stanzen, usw.<\/td>\n<\/tr>\n<tr>\n<td class=\"label\">Farbe<\/td>\n<td>Viele Farben, oder Anpassung an Kundenw\u00fcnsche<\/td>\n<\/tr>\n<tr>\n<td class=\"label\">Qualit\u00e4tskontrolle<\/td>\n<td>Kunden sind in unserer Fabrik willkommen, um das Produkt vor der Restzahlung einzeln zu testen.<\/td>\n<\/tr>\n<tr>\n<td class=\"label\">Paket<\/td>\n<td>Innen mit Schutzfolie, Schrumpfschlauch oder PE-Schaum. Au\u00dferhalb mit Kiste, Karton oder Holzrahmen, oder Anpassung.<\/td>\n<\/tr>\n<tr>\n<td class=\"label\">Lieferfrist<\/td>\n<td>Die Entwicklung und der Mustertest dauern 12-18 Tage, die Produktionsdauer betr\u00e4gt 25-30 Tage nach Eingang der Anzahlung des K\u00e4ufers.<\/td>\n<\/tr>\n<\/table>\n<h2>Unsere Produktionsbasis<\/h2>\n<h3>Fabrik-Panorama<\/h3>\n<p><img decoding=\"async\" src=\"\/wp-content\/uploads\/factory-01.webp\"\/><\/p>\n<h3>Werkstatt zur Herstellung von Aluminiumstangen<\/h3>\n<p><img decoding=\"async\" src=\"\/wp-content\/uploads\/factory-02.webp\"\/><\/p>\n<\/p>\n<p><img decoding=\"async\" src=\"\/wp-content\/uploads\/factory-03.webp\"\/><\/p>\n<h3>Lagerhaus f\u00fcr Formen<\/h3>\n<p><img decoding=\"async\" src=\"\/wp-content\/uploads\/factory-04.webp\"\/><\/p>\n<h3>43 Aluminium-Strangpressanlagen (500\u00e2\u20ac\"5500 Tonnen)<\/h3>\n<p><img decoding=\"async\" src=\"\/wp-content\/uploads\/factory-05.webp\"\/><\/p>\n<p><img decoding=\"async\" src=\"\/wp-content\/uploads\/factory-06.webp\"\/><\/p>\n<p><img decoding=\"async\" src=\"\/wp-content\/uploads\/factory-07.webp\"\/><\/p>\n<h3>Werkstatt f\u00fcr Pulverbeschichtung<\/h3>\n<p><img decoding=\"async\" src=\"\/wp-content\/uploads\/factory-09.webp\"\/><\/p>\n<h3>Eloxal-Werkstatt<\/h3>\n<p><img decoding=\"async\" src=\"\/wp-content\/uploads\/factory-10.webp\"\/><\/p>\n<h3>Workshop zur Tiefenverarbeitung<\/h3>\n<p><img decoding=\"async\" src=\"\/wp-content\/uploads\/factory-11.webp\"\/><\/p>\n<h3>CNC-Pr\u00e4zisionsbearbeitungswerkstatt<\/h3>\n<p><img decoding=\"async\" src=\"\/wp-content\/uploads\/factory-11.5.webp\"\/><\/p>\n<h3>Lager f\u00fcr Fertigprodukte und Export<\/h3>\n<p><img decoding=\"async\" src=\"\/wp-content\/uploads\/factory-12.webp\"\/><\/p>\n<p><img decoding=\"async\" src=\"\/wp-content\/uploads\/factory-13.webp\"\/><\/p>\n<p><img decoding=\"async\" src=\"\/wp-content\/uploads\/factory-14.webp\"\/><\/p>\n<h2>FAQ<\/h2>\n<p><b>1. was ist runde Aluminium-Extrusion Rohr CNC-Biegen?<\/b><\/p>\n<p>Es handelt sich um ein Herstellungsverfahren, bei dem runde Aluminiumrohre mit Hilfe von CNC-gesteuerten Biegemaschinen geformt werden, um Pr\u00e4zision und Wiederholbarkeit zu gew\u00e4hrleisten.\n<\/p>\n<p><\/p>\n<p><b>2. was sind die wichtigsten Vorteile des CNC-Biegens f\u00fcr runde Aluminium-Strangpressprofile?<\/b><\/p>\n<p>CNC-Biegen bietet hohe Genauigkeit, glatte Kurven und wiederholbare Ergebnisse, die f\u00fcr industrielle und architektonische Aluminiumanwendungen unerl\u00e4sslich sind.\n<\/p>\n<p><\/p>\n<p><b>3. sind runde Aluminium-Strangpressprofile leicht und langlebig?<\/b><\/p>\n<p>Ja, Aluminium-Strangpressprofile sind daf\u00fcr bekannt, dass sie sowohl leicht als auch sehr haltbar sind, was sie ideal f\u00fcr strukturelle und Transportanwendungen macht.\n<\/p>\n<p><\/p>\n<p><b>4. kann ich die Gr\u00f6\u00dfe der runden Aluminium-Extrusionsrohr anpassen?<\/b><\/p>\n<p>Ja, die L\u00e4nge, die Wandst\u00e4rke und der Durchmesser des Rohrs k\u00f6nnen an die jeweiligen Projektanforderungen angepasst werden.\n<\/p>\n<p><\/p>\n<p><b>5. ist dieses Produkt f\u00fcr die Verwendung im Freien geeignet?<\/b><\/p>\n<p>Ja, runde Aluminium-Strangpressrohre mit CNC-Biegemaschinen sind korrosionsbest\u00e4ndig und eignen sich gut f\u00fcr den Au\u00dfeneinsatz.\n<\/p>\n<p><\/p>\n<p><b>6. wie verbessert das CNC-Biegen die Effizienz der Produktion?<\/b><\/p>\n<p>Das CNC-Biegen reduziert die manuelle Arbeit, minimiert Fehler und erm\u00f6glicht eine schnelle, konsistente Rohrformung f\u00fcr die Gro\u00dfserienfertigung.\n<\/p>\n<p><\/p>\n<p><b>7. k\u00f6nnen diese Aluminiumrohre in modularen Systemen verwendet werden?<\/b><\/p>\n<p>Ja, das runde Aluminium-Strangpressprofil ist mit anderen modularen Aluminiumprofilen kompatibel und unterst\u00fctzt ein flexibles und skalierbares Systemdesign.<\/p>\n<p><\/p>","protected":false},"featured_media":8598,"template":"","categories":[68],"class_list":["post-8599","product","type-product","status-publish","has-post-thumbnail","hentry","category-cnc-machining-aluminum-profile"],"meta_box":{"hilight_text_group":{"product_hilight_text":"<li>High-precision CNC bending ensures consistent tube curvature for industrial applications<\/li>\r\r\n<li>Lightweight yet strong round aluminum extrusion ideal for structural components<\/li>\r\r\n<li>Customizable tube lengths and diameters to meet specific project needs<\/li>\r\r\n<li>Corrosion-resistant aluminum suitable for outdoor and high-humidity environments<\/li>\r\r\n<li>Seamless integration with other aluminum profiles for modular system design<\/li>","product_chanpin_blog":"<ul>\r\r\n<li><a href=\"https:\/\/sinoextrud.com\/t-slot-v-slot-differences\/\" target=\"_blank\">t slot vs v slot<\/a><\/li>\r\r\n<li><a href=\"https:\/\/sinoextrud.com\/what-is-4040-aluminium-extrud\/\" target=\"_blank\">4040 aluminium extrusion<\/a><\/li>\r\r\n<li><a href=\"https:\/\/sinoextrud.com\/what-is-4040-aluminium-extrud\/\" target=\"_blank\">aluminum extrusions for industrial racks<\/a><\/li>\r\r\n<li><a href=\"https:\/\/sinoextrud.com\/powder-coating-aluminium-process\/\" target=\"_blank\">powder coating aluminium<\/a><\/li>\r\r\n<li><a href=\"https:\/\/sinoextrud.com\/what-is-an-aluminium-strip-ceiling\/\" target=\"_blank\">aluminium strip ceiling<\/a><\/li>\r\r\n<li><a href=\"https:\/\/sinoextrud.com\/what-is-a-heat-sink\/\" target=\"_blank\">what is a heat sink<\/a><\/li>\r\r\n<\/ul>","product_chanpin_chanpin":"<li><a href=\"https:\/\/sinoextrud.com\/product\/extruded-aluminum-brackets\/\" target=\"_blank\">Extruded Aluminum Brackets<\/a><\/li>\r\n<li><a href=\"https:\/\/sinoextrud.com\/product\/aluminium-extrusion-hinge\/\" target=\"_blank\">Aluminium Extrusion Hinge<\/a><\/li>\r\n<li><a href=\"https:\/\/sinoextrud.com\/product\/cnc-aluminium\/\" target=\"_blank\">Cnc Aluminium<\/a><\/li>\r\n<li><a href=\"https:\/\/sinoextrud.com\/product\/aluminium-profile-accessories\/\" target=\"_blank\">Aluminium Profile Accessories<\/a><\/li>\r\n<li><a href=\"https:\/\/sinoextrud.com\/product\/round-aluminum-extrusion-tubular-cnc-bending\/\" target=\"_blank\">Round Aluminum Extrusion Tubular Cnc Bending<\/a><\/li>\r\n<li><a href=\"https:\/\/sinoextrud.com\/product\/controller-shell-instrument-box-industrial-aluminum-profile-electromechanical-shell\/\" target=\"_blank\">Controller Shell Instrument Box Industrial Aluminum Profile Electromechanical Shell<\/a><\/li>\r\n<li><a href=\"https:\/\/sinoextrud.com\/product\/lay-in-tile-ceiling-system\/\" target=\"_blank\">Lay-in Tile Ceiling System<\/a><\/li>\r\n<li><a href=\"https:\/\/sinoextrud.com\/product\/clip-in-tile-ceiling-system\/\" target=\"_blank\">Clip-in Tile Ceiling System<\/a><\/li>\r\n<li><a href=\"https:\/\/sinoextrud.com\/product\/triangle-ceiling-system\/\" target=\"_blank\">Triangle Ceiling System (Triangle Ceiling)<\/a><\/li>\r\n<li><a href=\"https:\/\/sinoextrud.com\/product\/extruded-aluminum-tubing-round-in-stock\/\" target=\"_blank\">Extruded Aluminum Tubing Round In Stock<\/a><\/li>\r\n<li><a href=\"https:\/\/sinoextrud.com\/product\/aluminum-extrusion-aluminum-edge-trim-for-truck-body-cabins-profiles\/\" target=\"_blank\">Aluminum Extrusion Aluminum Edge Trim For Truck Body Cabins Profiles<\/a><\/li>"},"feature_list":[]},"_links":{"self":[{"href":"https:\/\/sinoextrud.com\/de\/wp-json\/wp\/v2\/product\/8599","targetHints":{"allow":["GET"]}}],"collection":[{"href":"https:\/\/sinoextrud.com\/de\/wp-json\/wp\/v2\/product"}],"about":[{"href":"https:\/\/sinoextrud.com\/de\/wp-json\/wp\/v2\/types\/product"}],"wp:featuredmedia":[{"embeddable":true,"href":"https:\/\/sinoextrud.com\/de\/wp-json\/wp\/v2\/media\/8598"}],"wp:attachment":[{"href":"https:\/\/sinoextrud.com\/de\/wp-json\/wp\/v2\/media?parent=8599"}],"wp:term":[{"taxonomy":"category","embeddable":true,"href":"https:\/\/sinoextrud.com\/de\/wp-json\/wp\/v2\/categories?post=8599"}],"curies":[{"name":"wp","href":"https:\/\/api.w.org\/{rel}","templated":true}]}}