{"id":8595,"date":"2025-06-17T03:43:11","date_gmt":"2025-06-17T03:43:11","guid":{"rendered":"https:\/\/sinoextrud.com\/product\/cnc-aluminium\/"},"modified":"2025-06-24T06:34:29","modified_gmt":"2025-06-24T06:34:29","slug":"cnc-aluminium","status":"publish","type":"product","link":"https:\/\/sinoextrud.com\/de\/product\/cnc-aluminium\/","title":{"rendered":"Cnc Aluminium"},"content":{"rendered":"<h2>Produkte Details<\/h2>\n<table class=\"custom-table\">\n<tr>\n<td class=\"label\">Modell Nr.:<\/td>\n<td> Cnc-Aluminiumprofil eloxiert Splitter<\/td>\n<\/tr>\n<tr>\n<td class=\"label\">Art:<\/td>\n<td> Maschinenmantelrand<\/td>\n<\/tr>\n<tr>\n<td class=\"label\">Kopf Stil:<\/td>\n<td> Sechseckig nach Zeichnung<\/td>\n<\/tr>\n<tr>\n<td class=\"label\">Anwendung:<\/td>\n<td> Maschinenpark cnc<\/td>\n<\/tr>\n<tr>\n<td class=\"label\">Spezifikation:<\/td>\n<td> 278*113mm<\/td>\n<\/tr>\n<tr>\n<td class=\"label\">Die Dicke:<\/td>\n<td> 2,0 mm<\/td>\n<\/tr>\n<tr>\n<td class=\"label\">L\u00e4nge:<\/td>\n<td> 1115mm<\/td>\n<\/tr>\n<tr>\n<td class=\"label\">HS-Code:<\/td>\n<td> 76042990<\/td>\n<\/tr>\n<tr>\n<td class=\"label\">Material:<\/td>\n<td> Aluminium-Legierung 6063<\/td>\n<\/tr>\n<tr>\n<td class=\"label\">Verbindung:<\/td>\n<td> Scheitelwinkel<\/td>\n<\/tr>\n<tr>\n<td class=\"label\">Note:<\/td>\n<td> T5<\/td>\n<\/tr>\n<tr>\n<td class=\"label\">Beenden:<\/td>\n<td> Eloxiertes GB-Band, 10 Mikron<\/td>\n<\/tr>\n<tr>\n<td class=\"label\">Transport-Paket:<\/td>\n<td> Export-Verpackung<\/td>\n<\/tr>\n<tr>\n<td class=\"label\">Herkunft:<\/td>\n<td> China<\/td>\n<\/tr>\n<\/table>\n<h2>Unsere Produktionsbasis<\/h2>\n<h3>Fabrik-Panorama<\/h3>\n<p><img decoding=\"async\" src=\"\/wp-content\/uploads\/factory-01.webp\"\/><\/p>\n<h3>Werkstatt zur Herstellung von Aluminiumstangen<\/h3>\n<p><img decoding=\"async\" src=\"\/wp-content\/uploads\/factory-02.webp\"\/><\/p>\n<p><img decoding=\"async\" src=\"\/wp-content\/uploads\/factory-03.webp\"\/><\/p>\n<h3>Lagerhaus f\u00fcr Formen<\/h3>\n<p><img decoding=\"async\" src=\"\/wp-content\/uploads\/factory-04.webp\"\/><\/p>\n<h3>43 Aluminium-Strangpressanlagen (500\u00e2\u20ac\"5500 Tonnen)<\/h3>\n<p><img decoding=\"async\" src=\"\/wp-content\/uploads\/factory-05.webp\"\/><\/p>\n<p><img decoding=\"async\" src=\"\/wp-content\/uploads\/factory-06.webp\"\/><\/p>\n<p><img decoding=\"async\" src=\"\/wp-content\/uploads\/factory-07.webp\"\/><\/p>\n<h3>Werkstatt f\u00fcr Pulverbeschichtung<\/h3>\n<p><img decoding=\"async\" src=\"\/wp-content\/uploads\/factory-09.webp\"\/><\/p>\n<h3>Eloxal-Werkstatt<\/h3>\n<p><img decoding=\"async\" src=\"\/wp-content\/uploads\/factory-10.webp\"\/><\/p>\n<h3>Workshop zur Tiefenverarbeitung<\/h3>\n<p><img decoding=\"async\" src=\"\/wp-content\/uploads\/factory-11.webp\"\/><\/p>\n<h3>CNC-Pr\u00e4zisionsbearbeitungswerkstatt<\/h3>\n<p><img decoding=\"async\" src=\"\/wp-content\/uploads\/factory-11.5.webp\"\/><\/p>\n<h3>Lager f\u00fcr Fertigprodukte und Export<\/h3>\n<p><img decoding=\"async\" src=\"\/wp-content\/uploads\/factory-12.webp\"\/><\/p>\n<p><img decoding=\"async\" src=\"\/wp-content\/uploads\/factory-13.webp\"\/><\/p>\n<p><img decoding=\"async\" src=\"\/wp-content\/uploads\/factory-14.webp\"\/><\/p>\n<h2>FAQ<\/h2>\n<p><p><b>1. was ist CNC-Aluminium?<\/b><\/p>\n<p>CNC-Aluminium bezieht sich auf Aluminiumteile, die mit Hilfe von CNC-Technologie (Computer Numerical Control) bearbeitet werden, um hohe Pr\u00e4zision, Langlebigkeit und Anpassungsf\u00e4higkeit f\u00fcr verschiedene Anwendungen zu gew\u00e4hrleisten.<br \/>\n<\/p><br \/>\n<br \/>\n<p><b>2. warum wird die CNC-Bearbeitung f\u00fcr Aluminiumteile bevorzugt?<\/b><\/p>\n<p>Die CNC-Bearbeitung bietet hohe Pr\u00e4zision, enge Toleranzen und die M\u00f6glichkeit, komplexe Formen zu erstellen, was sie ideal f\u00fcr die Bearbeitung von Aluminiumteilen macht, die in verschiedenen Branchen verwendet werden.<br \/>\n<\/p><br \/>\n<br \/>\n<p><b>3. wie genau sind CNC-Aluminiumteile?<\/b><\/p>\n<p>CNC-Aluminiumteile werden mit hoher Pr\u00e4zision hergestellt, wobei enge Toleranzen und hervorragende Ma\u00dfgenauigkeit f\u00fcr anspruchsvolle Anwendungen erreicht werden.<br \/>\n<\/p><br \/>\n<br \/>\n<p><b>4. k\u00f6nnen CNC-Aluminiumteile angepasst werden?<\/b><\/p>\n<p>Ja, CNC-Aluminiumteile k\u00f6nnen in Bezug auf Gr\u00f6\u00dfe, Form und Design leicht angepasst werden, um die spezifischen Anforderungen verschiedener Projekte zu erf\u00fcllen.<br \/>\n<\/p><br \/>\n<br \/>\n<p><b>5. welche Branchen profitieren von CNC-Aluminium?<\/b><\/p>\n<p>CNC-Aluminium wird aufgrund seines geringen Gewichts, seiner Festigkeit und seiner Vielseitigkeit h\u00e4ufig in Branchen wie der Automobilindustrie, der Luft- und Raumfahrt, der Elektronik und der Fertigung eingesetzt.<br \/>\n<\/p><br \/>\n<br \/>\n<p><b>6. wie schnell k\u00f6nnen CNC-Aluminiumteile hergestellt werden?<\/b><\/p>\n<p>Die Produktion von CNC-Aluminiumteilen ist effizient und bietet schnelle Durchlaufzeiten, um enge Projekttermine bei gleichbleibend hoher Qualit\u00e4t einzuhalten.<br \/>\n<\/p><br \/>\n<br \/>\n<p><b>7. sind CNC-Aluminiumteile kosteng\u00fcnstig?<\/b><\/p>\n<p>Ja, CNC-Aluminiumteile sind eine kosteneffiziente L\u00f6sung f\u00fcr ma\u00dfgeschneiderte Komponenten und bieten hohe Qualit\u00e4t zu wettbewerbsf\u00e4higen Preisen sowohl f\u00fcr kleine als auch f\u00fcr gro\u00dfe Produktionsserien.<br \/>\n<\/p><br \/><\/p>","protected":false},"featured_media":8594,"template":"","categories":[68],"class_list":["post-8595","product","type-product","status-publish","has-post-thumbnail","hentry","category-cnc-machining-aluminum-profile"],"meta_box":{"hilight_text_group":{"product_hilight_text":"<li>High precision and quality in CNC machining of aluminum parts<\/li>\r\r\n<li>Customizable designs and sizes to fit specific project requirements<\/li>\r\r\n<li>Durable, lightweight, and corrosion-resistant aluminum material<\/li>\r\r\n<li>Cost-effective solution for both small and large-scale production<\/li>\r\r\n<li>Ideal for a wide range of industries, including automotive, aerospace, and electronics<\/li>\r\r\n<li>Fast turnaround times for quick project delivery<\/li>","product_chanpin_blog":"<ul>\r\r\n<li><a href=\"https:\/\/sinoextrud.com\/t-slot-v-slot-differences\/\" target=\"_blank\">t slot vs v slot<\/a><\/li>\r\r\n<li><a href=\"https:\/\/sinoextrud.com\/what-is-4040-aluminium-extrud\/\" target=\"_blank\">4040 aluminium extrusion<\/a><\/li>\r\r\n<li><a href=\"https:\/\/sinoextrud.com\/what-is-4040-aluminium-extrud\/\" target=\"_blank\">aluminum extrusions for industrial racks<\/a><\/li>\r\r\n<li><a href=\"https:\/\/sinoextrud.com\/powder-coating-aluminium-process\/\" target=\"_blank\">powder coating aluminium<\/a><\/li>\r\r\n<li><a href=\"https:\/\/sinoextrud.com\/what-is-an-aluminium-strip-ceiling\/\" target=\"_blank\">aluminium strip ceiling<\/a><\/li>\r\r\n<li><a href=\"https:\/\/sinoextrud.com\/what-is-a-heat-sink\/\" target=\"_blank\">what is a heat sink<\/a><\/li>\r\r\n<\/ul>","product_chanpin_chanpin":"<li><a href=\"https:\/\/sinoextrud.com\/product\/machined-aluminum-extrusion\/\" target=\"_blank\">Machined Aluminum Extrusion<\/a><\/li>\r\n<li><a href=\"https:\/\/sinoextrud.com\/product\/aluminum-extrusion-accessories\/\" target=\"_blank\">Aluminum Extrusion Accessories<\/a><\/li>\r\n<li><a href=\"https:\/\/sinoextrud.com\/product\/extruded-aluminum-brackets\/\" target=\"_blank\">Extruded Aluminum Brackets<\/a><\/li>\r\n<li><a href=\"https:\/\/sinoextrud.com\/product\/aluminium-extrusion-hinge\/\" target=\"_blank\">Aluminium Extrusion Hinge<\/a><\/li>\r\n<li><a href=\"https:\/\/sinoextrud.com\/product\/cnc-aluminium\/\" target=\"_blank\">Cnc Aluminium<\/a><\/li>\r\n<li><a href=\"https:\/\/sinoextrud.com\/product\/aluminium-profile-accessories\/\" target=\"_blank\">Aluminium Profile Accessories<\/a><\/li>\r\n<li><a href=\"https:\/\/sinoextrud.com\/product\/round-aluminum-extrusion-tubular-cnc-bending\/\" target=\"_blank\">Round Aluminum Extrusion Tubular Cnc Bending<\/a><\/li>\r\n<li><a href=\"https:\/\/sinoextrud.com\/product\/controller-shell-instrument-box-industrial-aluminum-profile-electromechanical-shell\/\" target=\"_blank\">Controller Shell Instrument Box Industrial Aluminum Profile Electromechanical Shell<\/a><\/li>\r\n<li><a href=\"https:\/\/sinoextrud.com\/product\/lay-in-tile-ceiling-system\/\" target=\"_blank\">Lay-in Tile Ceiling System<\/a><\/li>\r\n<li><a href=\"https:\/\/sinoextrud.com\/product\/machined-aluminum-extrusion\/\" target=\"_blank\">Machined Aluminum Extrusion<\/a><\/li>\r\n<li><a href=\"https:\/\/sinoextrud.com\/product\/extruded-aluminum-slide\/\" target=\"_blank\">Extruded Aluminum Slide<\/a><\/li>"},"feature_list":[]},"_links":{"self":[{"href":"https:\/\/sinoextrud.com\/de\/wp-json\/wp\/v2\/product\/8595","targetHints":{"allow":["GET"]}}],"collection":[{"href":"https:\/\/sinoextrud.com\/de\/wp-json\/wp\/v2\/product"}],"about":[{"href":"https:\/\/sinoextrud.com\/de\/wp-json\/wp\/v2\/types\/product"}],"wp:featuredmedia":[{"embeddable":true,"href":"https:\/\/sinoextrud.com\/de\/wp-json\/wp\/v2\/media\/8594"}],"wp:attachment":[{"href":"https:\/\/sinoextrud.com\/de\/wp-json\/wp\/v2\/media?parent=8595"}],"wp:term":[{"taxonomy":"category","embeddable":true,"href":"https:\/\/sinoextrud.com\/de\/wp-json\/wp\/v2\/categories?post=8595"}],"curies":[{"name":"wp","href":"https:\/\/api.w.org\/{rel}","templated":true}]}}