{"id":8591,"date":"2025-06-17T03:40:18","date_gmt":"2025-06-17T03:40:18","guid":{"rendered":"https:\/\/sinoextrud.com\/product\/extruded-aluminum-brackets\/"},"modified":"2025-06-24T06:34:28","modified_gmt":"2025-06-24T06:34:28","slug":"klammern-aus-stranggepresstem-aluminium","status":"publish","type":"product","link":"https:\/\/sinoextrud.com\/de\/product\/extruded-aluminum-brackets\/","title":{"rendered":"Halterungen aus stranggepresstem Aluminium"},"content":{"rendered":"<h2>Produkte Details<\/h2>\n<table class=\"custom-table\">\n<tbody>\n<tr>\n<td> Produktname<\/td>\n<td> Halterungen aus stranggepresstem Aluminium<\/td>\n<\/tr>\n<tr>\n<td> Material<\/td>\n<td> 6063-T5-Aluminium-Legierung<\/td>\n<\/tr>\n<tr>\n<td> Breite<\/td>\n<td> Kundenspezifisch<\/td>\n<\/tr>\n<tr>\n<td> Farbmuster<\/td>\n<td> Fr\u00e4soptik<\/td>\n<\/tr>\n<tr>\n<td> Cnc-Bearbeitung<\/td>\n<td> Schneiden, Fr\u00e4sen, Bohren, usw.<\/td>\n<\/tr>\n<tr>\n<td> Garantie<\/td>\n<td> 25 Jahre<\/td>\n<\/tr>\n<tr>\n<td> Temperament:<\/td>\n<td> T3-T8<\/td>\n<\/tr>\n<tr>\n<td> Art:<\/td>\n<td> Bauprodukte, Industriemaschinen, Transportmaterial, usw.<\/td>\n<\/tr>\n<tr>\n<td> Besonderer Service:<\/td>\n<td> Kundenspezifisches Design wird angeboten<\/td>\n<\/tr>\n<tr>\n<td> Warenzeichen:<\/td>\n<td> Sinoextrud<\/td>\n<\/tr>\n<tr>\n<td> OEM:<\/td>\n<td> Wird angeboten.<\/td>\n<\/tr>\n<\/tbody>\n<\/table>\n<h2>Unsere Produktionsbasis<\/h2>\n<h3>Fabrik-Panorama<\/h3>\n<p><img decoding=\"async\" src=\"\/wp-content\/uploads\/factory-01.webp\"\/><\/p>\n<h3>Werkstatt zur Herstellung von Aluminiumstangen<\/h3>\n<p><img decoding=\"async\" src=\"\/wp-content\/uploads\/factory-02.webp\"\/><\/p>\n<p><img decoding=\"async\" src=\"\/wp-content\/uploads\/factory-03.webp\"\/><\/p>\n<h3>Lagerhaus f\u00fcr Formen<\/h3>\n<p><img decoding=\"async\" src=\"\/wp-content\/uploads\/factory-04.webp\"\/><\/p>\n<h3>43 Aluminium-Strangpressanlagen (500\u00e2\u20ac\"5500 Tonnen)<\/h3>\n<p><img decoding=\"async\" src=\"\/wp-content\/uploads\/factory-05.webp\"\/><\/p>\n<p><img decoding=\"async\" src=\"\/wp-content\/uploads\/factory-06.webp\"\/><\/p>\n<p><img decoding=\"async\" src=\"\/wp-content\/uploads\/factory-07.webp\"\/><\/p>\n<h3>Werkstatt f\u00fcr Pulverbeschichtung<\/h3>\n<p><img decoding=\"async\" src=\"\/wp-content\/uploads\/factory-09.webp\"\/><\/p>\n<h3>Eloxal-Werkstatt<\/h3>\n<p><img decoding=\"async\" src=\"\/wp-content\/uploads\/factory-10.webp\"\/><\/p>\n<h3>Workshop zur Tiefenverarbeitung<\/h3>\n<p><img decoding=\"async\" src=\"\/wp-content\/uploads\/factory-11.webp\"\/><\/p>\n<h3>CNC-Pr\u00e4zisionsbearbeitungswerkstatt<\/h3>\n<p><img decoding=\"async\" src=\"\/wp-content\/uploads\/factory-11.5.webp\"\/><\/p>\n<h3>Lager f\u00fcr Fertigprodukte und Export<\/h3>\n<p><img decoding=\"async\" src=\"\/wp-content\/uploads\/factory-12.webp\"\/><\/p>\n<p><img decoding=\"async\" src=\"\/wp-content\/uploads\/factory-13.webp\"\/><\/p>\n<p><img decoding=\"async\" src=\"\/wp-content\/uploads\/factory-14.webp\"\/><\/p>\n<h2>FAQ<\/h2>\n<p><p><b>1. was sind stranggepresste Aluminiumklammern?<\/b><\/p>\n<p>Stranggepresste Aluminiumhalterungen sind St\u00fctzstrukturen aus Aluminium, die durch ein Strangpressverfahren geformt werden und h\u00e4ufig im Bauwesen und in der Industrie eingesetzt werden.<br \/>\n<\/p><br \/>\n<br \/>\n<p><b>2. was sind die Vorteile der Verwendung von stranggepressten Aluminiumkonsolen?<\/b><\/p>\n<p>Stranggepresste Aluminiumhalterungen sind langlebig, leicht, korrosionsbest\u00e4ndig und anpassbar und bieten starken Halt und kosteng\u00fcnstige L\u00f6sungen f\u00fcr verschiedene Anwendungen.<br \/>\n<\/p><br \/>\n<br \/>\n<p><b>3. wie werden stranggepresste Aluminiumhalterungen hergestellt?<\/b><\/p>\n<p>Stranggepresste Aluminiumhalterungen werden durch Strangpressen von Aluminium durch eine Matrize hergestellt, um die gew\u00fcnschte Form zu erhalten, und bieten hohe Pr\u00e4zision und Effizienz.<br \/>\n<\/p><br \/>\n<br \/>\n<p><b>4. k\u00f6nnen stranggepresste Aluminium Klammern angepasst werden?<\/b><\/p>\n<p>Ja, stranggepresste Aluminiumhalterungen k\u00f6nnen in Bezug auf Gr\u00f6\u00dfe, Form und Design vollst\u00e4ndig angepasst werden, um spezifische Anforderungen f\u00fcr verschiedene industrielle Anwendungen zu erf\u00fcllen.<br \/>\n<\/p><br \/>\n<br \/>\n<p><b>5. welche Industrien verwenden stranggepresste Aluminiumklammern?<\/b><\/p>\n<p>Halterungen aus stranggepresstem Aluminium werden in Branchen wie dem Baugewerbe, der Automobilindustrie und dem Maschinenbau eingesetzt, wo starke, leichte St\u00fctzen f\u00fcr verschiedene Strukturen und Komponenten erforderlich sind.<br \/>\n<\/p><br \/>\n<br \/>\n<p><b>6 Wie wirkt sich die Korrosionsbest\u00e4ndigkeit von stranggepressten Aluminiumkonsolen auf ihre Leistung aus?<\/b><\/p>\n<p>Die Korrosionsbest\u00e4ndigkeit stranggepresster Aluminiumhalterungen gew\u00e4hrleistet, dass sie auch unter rauen Umweltbedingungen haltbar und funktionsf\u00e4hig bleiben, was ihre Lebensdauer verl\u00e4ngert.<br \/>\n<\/p><br \/>\n<br \/>\n<p><b>7. sind stranggepresste Aluminiumhalterungen umweltfreundlich?<\/b><\/p>\n<p>Ja, Aluminium ist ein nachhaltiges und vollst\u00e4ndig recycelbares Material, was stranggepresste Aluminiumhalterungen zu einer umweltfreundlichen Option f\u00fcr den industriellen Einsatz macht.<br \/>\n<\/p><br \/>\n<br \/>\n<p><b>8. was macht stranggepresste Aluminium-Klammern kosteng\u00fcnstig?<\/b><\/p>\n<p>Stranggepresste Aluminiumhalterungen sind aufgrund des effizienten Strangpressverfahrens, das sowohl kleine als auch gro\u00dfe Produktionsl\u00e4ufe zu wettbewerbsf\u00e4higen Preisen erm\u00f6glicht, kosteng\u00fcnstig.<br \/>\n<\/p><br \/><\/p>","protected":false},"featured_media":8590,"template":"","categories":[68],"class_list":["post-8591","product","type-product","status-publish","has-post-thumbnail","hentry","category-cnc-machining-aluminum-profile"],"meta_box":{"hilight_text_group":{"product_hilight_text":"<li>Durable and lightweight extruded aluminum material for strong, reliable support.<\/li>\r\r\n<li>Customizable designs to meet specific load-bearing and installation requirements.<\/li>\r\r\n<li>Corrosion-resistant surface ensures longevity in various environments.<\/li>\r\r\n<li>Efficient manufacturing process for cost-effective production of both small and large runs.<\/li>\r\r\n<li>Precision engineering guarantees a perfect fit and easy installation.<\/li>\r\r\n<li>Environmentally friendly, as aluminum is fully recyclable and sustainable.<\/li>","product_chanpin_blog":"<ul>\r\r\n<li><a href=\"https:\/\/sinoextrud.com\/t-slot-v-slot-differences\/\" target=\"_blank\">t slot vs v slot<\/a><\/li>\r\r\n<li><a href=\"https:\/\/sinoextrud.com\/what-is-4040-aluminium-extrud\/\" target=\"_blank\">4040 aluminium extrusion<\/a><\/li>\r\r\n<li><a href=\"https:\/\/sinoextrud.com\/what-is-4040-aluminium-extrud\/\" target=\"_blank\">aluminum extrusions for industrial racks<\/a><\/li>\r\r\n<li><a href=\"https:\/\/sinoextrud.com\/powder-coating-aluminium-process\/\" target=\"_blank\">powder coating aluminium<\/a><\/li>\r\r\n<li><a href=\"https:\/\/sinoextrud.com\/what-is-an-aluminium-strip-ceiling\/\" target=\"_blank\">aluminium strip ceiling<\/a><\/li>\r\r\n<li><a href=\"https:\/\/sinoextrud.com\/what-is-a-heat-sink\/\" target=\"_blank\">what is a heat sink<\/a><\/li>\r\r\n<\/ul>","product_chanpin_chanpin":"<li><a href=\"https:\/\/sinoextrud.com\/product\/aluminum-machining-round-tube-processing-by-aluminum-profile-cad-vs-aluminium-alloy-customized-anodized\/\" target=\"_blank\">aluminum machining round tube processing by aluminum profile cad  vs aluminium alloy Customized Anodized<\/a><\/li>\r\n<li><a href=\"https:\/\/sinoextrud.com\/product\/aluminium-profile-rail\/\" target=\"_blank\">Aluminium Profile Rail<\/a><\/li>\r\n<li><a href=\"https:\/\/sinoextrud.com\/product\/machined-aluminum-extrusion\/\" target=\"_blank\">Machined Aluminum Extrusion<\/a><\/li>\r\n<li><a href=\"https:\/\/sinoextrud.com\/product\/aluminum-extrusion-accessories\/\" target=\"_blank\">Aluminum Extrusion Accessories<\/a><\/li>\r\n<li><a href=\"https:\/\/sinoextrud.com\/product\/extruded-aluminum-brackets\/\" target=\"_blank\">Extruded Aluminum Brackets<\/a><\/li>\r\n<li><a href=\"https:\/\/sinoextrud.com\/product\/aluminium-extrusion-hinge\/\" target=\"_blank\">Aluminium Extrusion Hinge<\/a><\/li>\r\n<li><a href=\"https:\/\/sinoextrud.com\/product\/cnc-aluminium\/\" target=\"_blank\">Cnc Aluminium<\/a><\/li>\r\n<li><a href=\"https:\/\/sinoextrud.com\/product\/aluminium-profile-accessories\/\" target=\"_blank\">Aluminium Profile Accessories<\/a><\/li>\r\n<li><a href=\"https:\/\/sinoextrud.com\/product\/round-aluminum-extrusion-tubular-cnc-bending\/\" target=\"_blank\">Round Aluminum Extrusion Tubular Cnc Bending<\/a><\/li>\r\n<li><a href=\"https:\/\/sinoextrud.com\/product\/extruded-aluminum-for-outdoor-light-heat-sink\/\" target=\"_blank\">Extruded Aluminum For Outdoor Light Heat Sink<\/a><\/li>\r\n<li><a href=\"https:\/\/sinoextrud.com\/product\/6000-series-alloy-extruded-aluminium-profile-for-industrial-solar-panel-frame-structure\/\" target=\"_blank\">6000 Series Alloy Extruded Aluminium Profile For Industrial Solar Panel Frame Structure<\/a><\/li>"},"feature_list":[]},"_links":{"self":[{"href":"https:\/\/sinoextrud.com\/de\/wp-json\/wp\/v2\/product\/8591","targetHints":{"allow":["GET"]}}],"collection":[{"href":"https:\/\/sinoextrud.com\/de\/wp-json\/wp\/v2\/product"}],"about":[{"href":"https:\/\/sinoextrud.com\/de\/wp-json\/wp\/v2\/types\/product"}],"wp:featuredmedia":[{"embeddable":true,"href":"https:\/\/sinoextrud.com\/de\/wp-json\/wp\/v2\/media\/8590"}],"wp:attachment":[{"href":"https:\/\/sinoextrud.com\/de\/wp-json\/wp\/v2\/media?parent=8591"}],"wp:term":[{"taxonomy":"category","embeddable":true,"href":"https:\/\/sinoextrud.com\/de\/wp-json\/wp\/v2\/categories?post=8591"}],"curies":[{"name":"wp","href":"https:\/\/api.w.org\/{rel}","templated":true}]}}