{"id":8572,"date":"2025-06-17T03:21:12","date_gmt":"2025-06-17T03:21:12","guid":{"rendered":"https:\/\/sinoextrud.com\/product\/high-precision-aluminium-profiles\/"},"modified":"2025-06-24T06:34:24","modified_gmt":"2025-06-24T06:34:24","slug":"hochprazise-aluminiumprofile","status":"publish","type":"product","link":"https:\/\/sinoextrud.com\/de\/product\/high-precision-aluminium-profiles\/","title":{"rendered":"Hochpr\u00e4zise Aluminium-Profile"},"content":{"rendered":"<h2>Produkte Details<\/h2>\n<table class=\"custom-table\">\n<tr>\n<td class=\"label\">Titel<\/td>\n<td>Hochpr\u00e4zise Aluminium-Profile<\/td>\n<\/tr>\n<\/table>\n<h2>Unsere Produktionsbasis<\/h2>\n<h3>Fabrik-Panorama<\/h3>\n<p><img decoding=\"async\" src=\"\/wp-content\/uploads\/factory-01.webp\"\/><\/p>\n<h3>Werkstatt zur Herstellung von Aluminiumstangen<\/h3>\n<p><img decoding=\"async\" src=\"\/wp-content\/uploads\/factory-02.webp\"\/><\/p>\n<\/p>\n<p><img decoding=\"async\" src=\"\/wp-content\/uploads\/factory-03.webp\"\/><\/p>\n<h3>Lagerhaus f\u00fcr Formen<\/h3>\n<p><img decoding=\"async\" src=\"\/wp-content\/uploads\/factory-04.webp\"\/><\/p>\n<h3>43 Aluminium-Strangpressanlagen (500-5500 Tonnen)<\/h3>\n<p><img decoding=\"async\" src=\"\/wp-content\/uploads\/factory-05.webp\"\/><\/p>\n<p><img decoding=\"async\" src=\"\/wp-content\/uploads\/factory-06.webp\"\/><\/p>\n<p><img decoding=\"async\" src=\"\/wp-content\/uploads\/factory-07.webp\"\/><\/p>\n<h3>Werkstatt f\u00fcr Pulverbeschichtung<\/h3>\n<p><img decoding=\"async\" src=\"\/wp-content\/uploads\/factory-09.webp\"\/><\/p>\n<h3>Eloxal-Werkstatt<\/h3>\n<p><img decoding=\"async\" src=\"\/wp-content\/uploads\/factory-10.webp\"\/><\/p>\n<h3>Workshop zur Tiefenverarbeitung<\/h3>\n<p><img decoding=\"async\" src=\"\/wp-content\/uploads\/factory-11.webp\"\/><\/p>\n<h3>CNC-Pr\u00e4zisionsbearbeitungswerkstatt<\/h3>\n<p><img decoding=\"async\" src=\"\/wp-content\/uploads\/factory-11.5.webp\"\/><\/p>\n<h3>Lager f\u00fcr Fertigprodukte und Export<\/h3>\n<p><img decoding=\"async\" src=\"\/wp-content\/uploads\/factory-12.webp\"\/><\/p>\n<p><img decoding=\"async\" src=\"\/wp-content\/uploads\/factory-13.webp\"\/><\/p>\n<p><img decoding=\"async\" src=\"\/wp-content\/uploads\/factory-14.webp\"\/><\/p>\n<h2>FAQ<\/h2>\n<p><b>1. hochpr\u00e4zise Aluminium-Profile: Wodurch unterscheiden sie sich von Standard-Aluminiumprofilen?<\/b><\/p>\n<p>Hochpr\u00e4zise Aluminiumprofile bieten engere Toleranzen und \u00fcberragende Genauigkeit und eignen sich daher ideal f\u00fcr anspruchsvolle Anwendungen in der Luft- und Raumfahrt-, Automobil- und Elektronikindustrie.\n<\/p>\n<p><\/p>\n<p><b>2. wie haltbar sind hochpr\u00e4zise Aluminiumprofile?<\/b><\/p>\n<p>Hochpr\u00e4zise Aluminiumprofile sind korrosionsbest\u00e4ndig und gew\u00e4hrleisten eine langlebige und zuverl\u00e4ssige Leistung in rauen Umgebungen.\n<\/p>\n<p><\/p>\n<p><b>3. k\u00f6nnen hochpr\u00e4zise Aluminiumprofile f\u00fcr spezifische Anwendungen angepasst werden?<\/b><\/p>\n<p>Ja, diese Profile k\u00f6nnen auf die spezifischen Anforderungen verschiedener Branchen in Bezug auf Abmessungen, Festigkeit und Design zugeschnitten werden.\n<\/p>\n<p><\/p>\n<p><b>4 Welches sind die Hauptvorteile der Verwendung von Hochpr\u00e4zisionsaluminiumprofilen?<\/b><\/p>\n<p>Zu den wichtigsten Vorteilen geh\u00f6ren die \u00fcberragende Festigkeit, das geringe Gewicht, die hohe Korrosionsbest\u00e4ndigkeit und die M\u00f6glichkeit der individuellen Anpassung an bestimmte Anwendungen.\n<\/p>\n<p><\/p>\n<p><b>5. sind hochpr\u00e4zise Aluminiumprofile umweltfreundlich?<\/b><\/p>\n<p>Ja, Aluminium ist ein hochgradig recycelbares Material, was hochpr\u00e4zise Aluminiumprofile zu einer umweltfreundlichen Wahl f\u00fcr verschiedene Branchen macht.\n<\/p>\n<p><\/p>\n<p><b>6. welche Branchen profitieren von hochpr\u00e4zisen Aluminiumprofilen?<\/b><\/p>\n<p>Branchen wie die Luft- und Raumfahrt, die Automobilindustrie, die Elektronik und das Bauwesen sind auf hochpr\u00e4zise Aluminiumprofile f\u00fcr ihre strukturellen und funktionalen Anwendungen angewiesen.\n<\/p>\n<p><\/p>\n<p><b>7 Warum sollten Sie sich f\u00fcr Hochpr\u00e4zisionsprofile aus Aluminium und nicht f\u00fcr andere Materialien entscheiden?<\/b><\/p>\n<p>Hochpr\u00e4zise Aluminiumprofile bieten eine einzigartige Kombination aus Festigkeit, geringem Gewicht und Langlebigkeit und sind daher ideal f\u00fcr Anwendungen, bei denen Leistung und Effizienz entscheidend sind.\n<\/p>\n<p><\/p>","protected":false},"featured_media":8571,"template":"","categories":[68],"class_list":["post-8572","product","type-product","status-publish","has-post-thumbnail","hentry","category-cnc-machining-aluminum-profile"],"meta_box":{"hilight_text_group":{"product_hilight_text":"<li>Superior precision and tolerance for high-performance applications<\/li>\r\r\n<li>Corrosion-resistant, ensuring long-term durability and reliability<\/li>\r\r\n<li>Lightweight yet strong, ideal for structural and industrial uses<\/li>\r\r\n<li>Customizable designs to meet specific client needs and specifications<\/li>\r\r\n<li>Eco-friendly and recyclable, supporting sustainable development<\/li>","product_chanpin_blog":"<ul>\r\r\n<li><a href=\"https:\/\/sinoextrud.com\/t-slot-v-slot-differences\/\" target=\"_blank\">t slot vs v slot<\/a><\/li>\r\r\n<li><a href=\"https:\/\/sinoextrud.com\/what-is-4040-aluminium-extrud\/\" target=\"_blank\">4040 aluminium extrusion<\/a><\/li>\r\r\n<li><a href=\"https:\/\/sinoextrud.com\/what-is-4040-aluminium-extrud\/\" target=\"_blank\">aluminum extrusions for industrial racks<\/a><\/li>\r\r\n<li><a href=\"https:\/\/sinoextrud.com\/powder-coating-aluminium-process\/\" target=\"_blank\">powder coating aluminium<\/a><\/li>\r\r\n<li><a href=\"https:\/\/sinoextrud.com\/what-is-an-aluminium-strip-ceiling\/\" target=\"_blank\">aluminium strip ceiling<\/a><\/li>\r\r\n<li><a href=\"https:\/\/sinoextrud.com\/what-is-a-heat-sink\/\" target=\"_blank\">what is a heat sink<\/a><\/li>\r\r\n<\/ul>","product_chanpin_chanpin":"<li><a href=\"https:\/\/sinoextrud.com\/product\/cnc-machining-aluminum-profiles\/\" target=\"_blank\">CNC Machining Aluminum Profiles<\/a><\/li>\r\n<li><a href=\"https:\/\/sinoextrud.com\/product\/circular-aluminum-extrusions\/\" target=\"_blank\">Circular Aluminum Extrusions<\/a><\/li>\r\n<li><a href=\"https:\/\/sinoextrud.com\/product\/cnc-aluminium-profile\/\" target=\"_blank\">CNC aluminium profile<\/a><\/li>\r\n<li><a href=\"https:\/\/sinoextrud.com\/product\/custom-extruded-aluminum-enclosures-used-for-motor-shell\/\" target=\"_blank\">Custom Extruded Aluminum Enclosures Used For Motor Shell<\/a><\/li>\r\n<li><a href=\"https:\/\/sinoextrud.com\/product\/high-precision-aluminium-profiles\/\" target=\"_blank\">High Precision Aluminium Profiles<\/a><\/li>\r\n<li><a href=\"https:\/\/sinoextrud.com\/product\/joining-aluminium-extrusions\/\" target=\"_blank\">Joining Aluminium Extrusions<\/a><\/li>\r\n<li><a href=\"https:\/\/sinoextrud.com\/product\/profile-aluminum-cnc\/\" target=\"_blank\">Profile Aluminum CNC<\/a><\/li>\r\n<li><a href=\"https:\/\/sinoextrud.com\/product\/cnc-aluminium-extrusion\/\" target=\"_blank\">CNC Aluminium Extrusion<\/a><\/li>\r\n<li><a href=\"https:\/\/sinoextrud.com\/product\/extruded-aluminum-housing\/\" target=\"_blank\">Extruded Aluminum Housing<\/a><\/li>\r\n<li><a href=\"https:\/\/sinoextrud.com\/product\/cabinet-aluminum-profile\/\" target=\"_blank\">Cabinet Aluminum Profile<\/a><\/li>\r\n<li><a href=\"https:\/\/sinoextrud.com\/product\/custom-high-quality-6063-powder-coating-aluminum-pergola-profile\/\" target=\"_blank\">Custom High-quality 6063 Powder Coating Aluminum Pergola Profile<\/a><\/li>"},"feature_list":[]},"_links":{"self":[{"href":"https:\/\/sinoextrud.com\/de\/wp-json\/wp\/v2\/product\/8572","targetHints":{"allow":["GET"]}}],"collection":[{"href":"https:\/\/sinoextrud.com\/de\/wp-json\/wp\/v2\/product"}],"about":[{"href":"https:\/\/sinoextrud.com\/de\/wp-json\/wp\/v2\/types\/product"}],"wp:featuredmedia":[{"embeddable":true,"href":"https:\/\/sinoextrud.com\/de\/wp-json\/wp\/v2\/media\/8571"}],"wp:attachment":[{"href":"https:\/\/sinoextrud.com\/de\/wp-json\/wp\/v2\/media?parent=8572"}],"wp:term":[{"taxonomy":"category","embeddable":true,"href":"https:\/\/sinoextrud.com\/de\/wp-json\/wp\/v2\/categories?post=8572"}],"curies":[{"name":"wp","href":"https:\/\/api.w.org\/{rel}","templated":true}]}}