{"id":8570,"date":"2025-06-17T03:17:05","date_gmt":"2025-06-17T03:17:05","guid":{"rendered":"https:\/\/sinoextrud.com\/product\/custom-extruded-aluminum-enclosures-used-for-motor-shell\/"},"modified":"2025-06-24T06:34:25","modified_gmt":"2025-06-24T06:34:25","slug":"kundenspezifische-stranggepresste-aluminiumgehause-fur-motorgehause","status":"publish","type":"product","link":"https:\/\/sinoextrud.com\/de\/product\/custom-extruded-aluminum-enclosures-used-for-motor-shell\/","title":{"rendered":"Kundenspezifische stranggepresste Aluminiumgeh\u00e4use f\u00fcr Motorgeh\u00e4use"},"content":{"rendered":"<h2>Produkte Details<\/h2>\n<table class=\"custom-table\">\n<tbody>\n<tr>\n<td> Name des Produkts<\/td>\n<td> Kundenspezifische stranggepresste Aluminiumgeh\u00e4use f\u00fcr das Motorgeh\u00e4use<\/td>\n<\/tr>\n<tr>\n<td> Aluminiumlegierung<\/td>\n<td> 6063-T5, oder kundenspezifische Anpassung<\/td>\n<\/tr>\n<tr>\n<td> Behandlung der Oberfl\u00e4che<\/td>\n<td> Eloxiert oder kundenspezifische Anpassung<\/td>\n<\/tr>\n<tr>\n<td> Farbe<\/td>\n<td> Silber wei\u00df oder Anpassung<\/td>\n<\/tr>\n<tr>\n<td> Gr\u00f6\u00dfe<\/td>\n<td> Personalisierung<\/td>\n<\/tr>\n<tr>\n<td> Handwerk<\/td>\n<td> Warmstrangpressen von Aluminiumprofilen, Schneiden nach Kundenzeichnung und anschlie\u00dfend CNC-Bearbeitung zur Weiterverarbeitung<\/td>\n<\/tr>\n<tr>\n<td> Anmeldung<\/td>\n<td> Motorgeh\u00e4use<\/td>\n<\/tr>\n<tr>\n<td> Marke<\/td>\n<td> Sinoextrud \/ Sinoextrud \/ Sinoextrud Aluminium<\/td>\n<\/tr>\n<tr>\n<td> Herkunft<\/td>\n<td> Foshan, China<\/td>\n<\/tr>\n<\/tbody>\n<\/table>\n<h2>Unsere Produktionsbasis<\/h2>\n<h3>Fabrik-Panorama<\/h3>\n<p><img decoding=\"async\" src=\"\/wp-content\/uploads\/factory-01.webp\"\/><\/p>\n<h3>Werkstatt zur Herstellung von Aluminiumstangen<\/h3>\n<p><img decoding=\"async\" src=\"\/wp-content\/uploads\/factory-02.webp\"\/><\/p>\n<p><img decoding=\"async\" src=\"\/wp-content\/uploads\/factory-03.webp\"\/><\/p>\n<h3>Lagerhaus f\u00fcr Formen<\/h3>\n<p><img decoding=\"async\" src=\"\/wp-content\/uploads\/factory-04.webp\"\/><\/p>\n<h3>43 Aluminium-Strangpressanlagen (500\u00e2\u20ac\"5500 Tonnen)<\/h3>\n<p><img decoding=\"async\" src=\"\/wp-content\/uploads\/factory-05.webp\"\/><\/p>\n<p><img decoding=\"async\" src=\"\/wp-content\/uploads\/factory-06.webp\"\/><\/p>\n<p><img decoding=\"async\" src=\"\/wp-content\/uploads\/factory-07.webp\"\/><\/p>\n<h3>Werkstatt f\u00fcr Pulverbeschichtung<\/h3>\n<p><img decoding=\"async\" src=\"\/wp-content\/uploads\/factory-09.webp\"\/><\/p>\n<h3>Eloxal-Werkstatt<\/h3>\n<p><img decoding=\"async\" src=\"\/wp-content\/uploads\/factory-10.webp\"\/><\/p>\n<h3>Workshop zur Tiefenverarbeitung<\/h3>\n<p><img decoding=\"async\" src=\"\/wp-content\/uploads\/factory-11.webp\"\/><\/p>\n<h3>CNC-Pr\u00e4zisionsbearbeitungswerkstatt<\/h3>\n<p><img decoding=\"async\" src=\"\/wp-content\/uploads\/factory-11.5.webp\"\/><\/p>\n<h3>Lager f\u00fcr Fertigprodukte und Export<\/h3>\n<p><img decoding=\"async\" src=\"\/wp-content\/uploads\/factory-12.webp\"\/><\/p>\n<p><img decoding=\"async\" src=\"\/wp-content\/uploads\/factory-13.webp\"\/><\/p>\n<p><img decoding=\"async\" src=\"\/wp-content\/uploads\/factory-14.webp\"\/><\/p>\n<h2>FAQ<\/h2>\n<p><p><b>1. was sind benutzerdefinierte stranggepresste Aluminium-Geh\u00e4use f\u00fcr Motorgeh\u00e4use verwendet?<\/b><\/p>\n<p>Kundenspezifische stranggepresste Aluminiumgeh\u00e4use sind Schutzgeh\u00e4use aus Aluminium, die speziell f\u00fcr die Unterbringung und den Schutz von Motoren entwickelt wurden und Haltbarkeit, W\u00e4rmeableitung und Korrosionsbest\u00e4ndigkeit bieten.<br \/>\n<\/p><br \/>\n<br \/>\n<p><b>2. warum wird Aluminium f\u00fcr Motorgeh\u00e4use verwendet?<\/b><\/p>\n<p>Aluminium ist leicht, langlebig und korrosionsbest\u00e4ndig, was es zu einem idealen Material f\u00fcr Motorgeh\u00e4use macht, die interne Motorkomponenten sch\u00fctzen und gleichzeitig rauen Umgebungen standhalten m\u00fcssen.<br \/>\n<\/p><br \/>\n<br \/>\n<p><b>3. wie sch\u00fctzt ein Aluminiumgeh\u00e4use einen Motor?<\/b><\/p>\n<p>Aluminiumgeh\u00e4use sch\u00fctzen die Motoren vor \u00e4u\u00dferen Sch\u00e4den, sorgen f\u00fcr strukturelle Integrit\u00e4t und verbessern die W\u00e4rmeableitung, um optimale Betriebstemperaturen zu gew\u00e4hrleisten.<br \/>\n<\/p><br \/>\n<br \/>\n<p><b>4. k\u00f6nnen benutzerdefinierte stranggepresste Aluminium-Geh\u00e4use f\u00fcr verschiedene Motorgr\u00f6\u00dfen angepasst werden?<\/b><\/p>\n<p>Ja, kundenspezifische stranggepresste Aluminiumgeh\u00e4use k\u00f6nnen in Bezug auf Gr\u00f6\u00dfe, Form und Design auf die spezifischen Anforderungen verschiedener Motoren und Anwendungen zugeschnitten werden.<br \/>\n<\/p><br \/>\n<br \/>\n<p><b>5. welche Industrien verwenden kundenspezifische stranggepresste Aluminiumgeh\u00e4use f\u00fcr Motorgeh\u00e4use?<\/b><\/p>\n<p>Branchen wie die Automobilindustrie, die Robotik, die Fertigungsindustrie und die erneuerbaren Energien verwenden kundenspezifische stranggepresste Aluminiumgeh\u00e4use f\u00fcr den Motorschutz, da sie sehr robust sind und W\u00e4rme ableiten k\u00f6nnen.<br \/>\n<\/p><br \/>\n<br \/>\n<p><b>6. wie effektiv ist die W\u00e4rmeableitung in Aluminium-Motorgeh\u00e4usen?<\/b><\/p>\n<p>Aluminium sorgt f\u00fcr eine hervorragende W\u00e4rmeableitung und tr\u00e4gt dazu bei, die Temperatur der Motorkomponenten aufrechtzuerhalten, eine \u00dcberhitzung zu vermeiden und die Leistung und Langlebigkeit des Motors zu verbessern.<br \/>\n<\/p><br \/>\n<br \/>\n<p><b>7. sind kundenspezifische stranggepresste Aluminiumgeh\u00e4use kosteneffektiv?<\/b><\/p>\n<p>Ja, kundenspezifische Geh\u00e4use aus stranggepresstem Aluminium bieten eine kosteng\u00fcnstige L\u00f6sung f\u00fcr den Motorschutz, die Langlebigkeit, individuelle Anpassung und effiziente Fertigungsprozesse zu wettbewerbsf\u00e4higen Preisen kombiniert.<br \/>\n<\/p><br \/><\/p>","protected":false},"featured_media":8569,"template":"","categories":[68],"class_list":["post-8570","product","type-product","status-publish","has-post-thumbnail","hentry","category-cnc-machining-aluminum-profile"],"meta_box":{"hilight_text_group":{"product_hilight_text":"<li>Custom extruded aluminum enclosures designed specifically for motor shells<\/li>\r\r\n<li>Durable, lightweight, and corrosion-resistant aluminum material<\/li>\r\r\n<li>Excellent heat dissipation properties to protect motor components<\/li>\r\r\n<li>Customizable sizes, shapes, and designs to meet motor specifications<\/li>\r\r\n<li>Cost-effective production with high-quality standards and fast lead times<\/li>\r\r\n<li>Provides reliable protection for motors in various industrial environments<\/li>","product_chanpin_blog":"<ul>\r\r\n<li><a href=\"https:\/\/sinoextrud.com\/t-slot-v-slot-differences\/\" target=\"_blank\">t slot vs v slot<\/a><\/li>\r\r\n<li><a href=\"https:\/\/sinoextrud.com\/what-is-4040-aluminium-extrud\/\" target=\"_blank\">4040 aluminium extrusion<\/a><\/li>\r\r\n<li><a href=\"https:\/\/sinoextrud.com\/what-is-4040-aluminium-extrud\/\" target=\"_blank\">aluminum extrusions for industrial racks<\/a><\/li>\r\r\n<li><a href=\"https:\/\/sinoextrud.com\/powder-coating-aluminium-process\/\" target=\"_blank\">powder coating aluminium<\/a><\/li>\r\r\n<li><a href=\"https:\/\/sinoextrud.com\/what-is-an-aluminium-strip-ceiling\/\" target=\"_blank\">aluminium strip ceiling<\/a><\/li>\r\r\n<li><a href=\"https:\/\/sinoextrud.com\/what-is-a-heat-sink\/\" target=\"_blank\">what is a heat sink<\/a><\/li>\r\r\n<\/ul>","product_chanpin_chanpin":"<li><a href=\"https:\/\/sinoextrud.com\/product\/cutting-aluminium-extrusion\/\" target=\"_blank\">Cutting Aluminium Extrusion<\/a><\/li>\r\n<li><a href=\"https:\/\/sinoextrud.com\/product\/cnc-machining-aluminum-profiles\/\" target=\"_blank\">CNC Machining Aluminum Profiles<\/a><\/li>\r\n<li><a href=\"https:\/\/sinoextrud.com\/product\/circular-aluminum-extrusions\/\" target=\"_blank\">Circular Aluminum Extrusions<\/a><\/li>\r\n<li><a href=\"https:\/\/sinoextrud.com\/product\/cnc-aluminium-profile\/\" target=\"_blank\">CNC aluminium profile<\/a><\/li>\r\n<li><a href=\"https:\/\/sinoextrud.com\/product\/custom-extruded-aluminum-enclosures-used-for-motor-shell\/\" target=\"_blank\">Custom Extruded Aluminum Enclosures Used For Motor Shell<\/a><\/li>\r\n<li><a href=\"https:\/\/sinoextrud.com\/product\/high-precision-aluminium-profiles\/\" target=\"_blank\">High Precision Aluminium Profiles<\/a><\/li>\r\n<li><a href=\"https:\/\/sinoextrud.com\/product\/joining-aluminium-extrusions\/\" target=\"_blank\">Joining Aluminium Extrusions<\/a><\/li>\r\n<li><a href=\"https:\/\/sinoextrud.com\/product\/profile-aluminum-cnc\/\" target=\"_blank\">Profile Aluminum CNC<\/a><\/li>\r\n<li><a href=\"https:\/\/sinoextrud.com\/product\/cnc-aluminium-extrusion\/\" target=\"_blank\">CNC Aluminium Extrusion<\/a><\/li>\r\n<li><a href=\"https:\/\/sinoextrud.com\/product\/aluminum-extrusion-alloys\/\" target=\"_blank\">Aluminum Extrusion Alloys<\/a><\/li>\r\n<li><a href=\"https:\/\/sinoextrud.com\/product\/aluminium-industrial-profile\/\" target=\"_blank\">Aluminium Industrial Profile<\/a><\/li>"},"feature_list":[]},"_links":{"self":[{"href":"https:\/\/sinoextrud.com\/de\/wp-json\/wp\/v2\/product\/8570","targetHints":{"allow":["GET"]}}],"collection":[{"href":"https:\/\/sinoextrud.com\/de\/wp-json\/wp\/v2\/product"}],"about":[{"href":"https:\/\/sinoextrud.com\/de\/wp-json\/wp\/v2\/types\/product"}],"wp:featuredmedia":[{"embeddable":true,"href":"https:\/\/sinoextrud.com\/de\/wp-json\/wp\/v2\/media\/8569"}],"wp:attachment":[{"href":"https:\/\/sinoextrud.com\/de\/wp-json\/wp\/v2\/media?parent=8570"}],"wp:term":[{"taxonomy":"category","embeddable":true,"href":"https:\/\/sinoextrud.com\/de\/wp-json\/wp\/v2\/categories?post=8570"}],"curies":[{"name":"wp","href":"https:\/\/api.w.org\/{rel}","templated":true}]}}