{"id":8568,"date":"2025-06-17T03:15:29","date_gmt":"2025-06-17T03:15:29","guid":{"rendered":"https:\/\/sinoextrud.com\/product\/cnc-aluminium-profile\/"},"modified":"2025-06-24T06:34:24","modified_gmt":"2025-06-24T06:34:24","slug":"cnc-aluminiumprofil","status":"publish","type":"product","link":"https:\/\/sinoextrud.com\/de\/product\/cnc-aluminium-profile\/","title":{"rendered":"CNC-Aluminiumprofil"},"content":{"rendered":"<h2>Produkte Details<\/h2>\n<table class=\"custom-table\">\n<tr>\n<td class=\"label\">Modell Nr.:<\/td>\n<td> 7002 Aluminium-Profil<\/td>\n<\/tr>\n<tr>\n<td class=\"label\">Zertifizierung:<\/td>\n<td> RoHS, SGS, ISO9001<\/td>\n<\/tr>\n<tr>\n<td class=\"label\">Material:<\/td>\n<td> Aluminium 6063<\/td>\n<\/tr>\n<tr>\n<td class=\"label\">Produktname:<\/td>\n<td> CNC-Aluminiumprofil<\/td>\n<\/tr>\n<tr>\n<td class=\"label\">Oberfl\u00e4chenbehandlung:<\/td>\n<td> Sandstrahlen, Eloxieren, Lackieren<\/td>\n<\/tr>\n<tr>\n<td class=\"label\">MOQ:<\/td>\n<td> 2000 St\u00fcck<\/td>\n<\/tr>\n<tr>\n<td class=\"label\">Qualit\u00e4tskontrolle:<\/td>\n<td> ISO 9001 Qualit\u00e4tssicherungssystem Kontrolle<\/td>\n<\/tr>\n<tr>\n<td class=\"label\">Wesentliche Merkmale:<\/td>\n<td> Pr\u00e4zisionsgr\u00f6\u00dfe, farbenfroh<\/td>\n<\/tr>\n<tr>\n<td class=\"label\">Spezifikation:<\/td>\n<td> OEM<\/td>\n<\/tr>\n<tr>\n<td class=\"label\">Zustand:<\/td>\n<td> Neu<\/td>\n<\/tr>\n<tr>\n<td class=\"label\">Anwendung:<\/td>\n<td> Metallrecyclingmaschinen, Metallschneidemaschinen, Metallverarbeitungsmaschinen, Metallgraviermaschinen, Metallbeschichtungsmaschinen, Metallgie\u00dfmaschinen<\/td>\n<\/tr>\n<tr>\n<td class=\"label\">Beispiel:<\/td>\n<td> Kundenspezifisch<\/td>\n<\/tr>\n<tr>\n<td class=\"label\">Arbeitstoleranz:<\/td>\n<td> +\/- 0,2 mm<\/td>\n<\/tr>\n<tr>\n<td class=\"label\">OEM\/ODM:<\/td>\n<td> Annehmbar<\/td>\n<\/tr>\n<tr>\n<td class=\"label\">Transport-Paket:<\/td>\n<td> Polybeutel f\u00fcr jedes St\u00fcck, Hunderte f\u00fcr Karton, oder wie Kunden\u2032 Anfrage<\/td>\n<\/tr>\n<tr>\n<td class=\"label\">Herkunft:<\/td>\n<td> Foshan China<\/td>\n<\/tr>\n<\/table>\n<h2>Unsere Produktionsbasis<\/h2>\n<h3>Fabrik-Panorama<\/h3>\n<p><img decoding=\"async\" src=\"\/wp-content\/uploads\/factory-01.webp\"\/><\/p>\n<h3>Werkstatt zur Herstellung von Aluminiumstangen<\/h3>\n<p><img decoding=\"async\" src=\"\/wp-content\/uploads\/factory-02.webp\"\/><\/p>\n<\/p>\n<p><img decoding=\"async\" src=\"\/wp-content\/uploads\/factory-03.webp\"\/><\/p>\n<h3>Lagerhaus f\u00fcr Formen<\/h3>\n<p><img decoding=\"async\" src=\"\/wp-content\/uploads\/factory-04.webp\"\/><\/p>\n<h3>43 Aluminium-Strangpressanlagen (500-5500 Tonnen)<\/h3>\n<p><img decoding=\"async\" src=\"\/wp-content\/uploads\/factory-05.webp\"\/><\/p>\n<p><img decoding=\"async\" src=\"\/wp-content\/uploads\/factory-06.webp\"\/><\/p>\n<p><img decoding=\"async\" src=\"\/wp-content\/uploads\/factory-07.webp\"\/><\/p>\n<h3>Werkstatt f\u00fcr Pulverbeschichtung<\/h3>\n<p><img decoding=\"async\" src=\"\/wp-content\/uploads\/factory-09.webp\"\/><\/p>\n<h3>Eloxal-Werkstatt<\/h3>\n<p><img decoding=\"async\" src=\"\/wp-content\/uploads\/factory-10.webp\"\/><\/p>\n<h3>Workshop zur Tiefenverarbeitung<\/h3>\n<p><img decoding=\"async\" src=\"\/wp-content\/uploads\/factory-11.webp\"\/><\/p>\n<h3>CNC-Pr\u00e4zisionsbearbeitungswerkstatt<\/h3>\n<p><img decoding=\"async\" src=\"\/wp-content\/uploads\/factory-11.5.webp\"\/><\/p>\n<h3>Lager f\u00fcr Fertigprodukte und Export<\/h3>\n<p><img decoding=\"async\" src=\"\/wp-content\/uploads\/factory-12.webp\"\/><\/p>\n<p><img decoding=\"async\" src=\"\/wp-content\/uploads\/factory-13.webp\"\/><\/p>\n<p><img decoding=\"async\" src=\"\/wp-content\/uploads\/factory-14.webp\"\/><\/p>\n<h2>FAQ<\/h2>\n<p><b>1. was ist ein CNC-Aluminiumprofil?<\/b><\/p>\n<p>Ein CNC-Aluminiumprofil ist ein ma\u00dfgefertigtes Aluminiumteil, das mit Hilfe der CNC-Bearbeitungstechnologie hergestellt wird und hohe Pr\u00e4zision und Flexibilit\u00e4t bei der Gestaltung f\u00fcr verschiedene industrielle Anwendungen bietet.\n<\/p>\n<p><\/p>\n<p><b>2. warum wird die CNC-Bearbeitung f\u00fcr Aluminiumprofile verwendet?<\/b><\/p>\n<p>Die CNC-Bearbeitung erm\u00f6glicht eine hohe Pr\u00e4zision und die Herstellung komplexer und kundenspezifischer Formen, was sie ideal f\u00fcr die Herstellung von Aluminiumprofilen macht, die in vielen Branchen verwendet werden.\n<\/p>\n<p><\/p>\n<p><b>3. wie genau sind CNC-Aluminiumprofile?<\/b><\/p>\n<p>CNC-Aluminiumprofile werden mit hoher Genauigkeit hergestellt und gew\u00e4hrleisten enge Toleranzen und ausgezeichnete Ma\u00dfgenauigkeit f\u00fcr anspruchsvolle Anwendungen.\n<\/p>\n<p><\/p>\n<p><b>4. k\u00f6nnen CNC-Aluminiumprofile individuell angepasst werden?<\/b><\/p>\n<p>Ja, CNC-Aluminiumprofile k\u00f6nnen leicht an spezifische Anforderungen angepasst werden, einschlie\u00dflich individueller Formen, Gr\u00f6\u00dfen und Designs f\u00fcr verschiedene Anwendungen.\n<\/p>\n<p><\/p>\n<p><b>5. welche Branchen profitieren von CNC-Aluminiumprofilen?<\/b><\/p>\n<p>Branchen wie das Baugewerbe, die Automobilindustrie, die Luft- und Raumfahrt und die Elektronikindustrie profitieren von CNC-Aluminiumprofilen aufgrund ihrer Festigkeit, ihres geringen Gewichts und ihrer Flexibilit\u00e4t im Design.\n<\/p>\n<p><\/p>\n<p><b>6. wie schnell k\u00f6nnen CNC-Aluminiumprofile hergestellt werden?<\/b><\/p>\n<p>CNC-Aluminiumprofile k\u00f6nnen schnell hergestellt werden, mit effizienten Bearbeitungsprozessen, die kurze Vorlaufzeiten sowohl f\u00fcr die Klein- als auch f\u00fcr die Gro\u00dfserienproduktion bieten.\n<\/p>\n<p><\/p>\n<p><b>7. sind CNC-Aluminiumprofile kosteng\u00fcnstig?<\/b><\/p>\n<p>Ja, CNC-Aluminiumprofile bieten eine kosteneffiziente L\u00f6sung f\u00fcr kundenspezifische Teile, die hohe Qualit\u00e4t zu wettbewerbsf\u00e4higen Preisen bieten und f\u00fcr verschiedene Produktionsgr\u00f6\u00dfen geeignet sind.\n<\/p>\n<p><\/p>","protected":false},"featured_media":8567,"template":"","categories":[68],"class_list":["post-8568","product","type-product","status-publish","has-post-thumbnail","hentry","category-cnc-machining-aluminum-profile"],"meta_box":{"hilight_text_group":{"product_hilight_text":"<li>High precision CNC machining for custom aluminum profiles<\/li>\r\r\n<li>Versatile designs for various industries including construction, automotive, and electronics<\/li>\r\r\n<li>Durable, corrosion-resistant, and lightweight aluminum material<\/li>\r\r\n<li>Cost-effective production with fast turnaround times<\/li>\r\r\n<li>Tailored solutions for complex shapes and dimensions<\/li>\r\r\n<li>Superior surface finish and dimensional accuracy<\/li>","product_chanpin_blog":"<ul>\r\r\n<li><a href=\"https:\/\/sinoextrud.com\/t-slot-v-slot-differences\/\" target=\"_blank\">t slot vs v slot<\/a><\/li>\r\r\n<li><a href=\"https:\/\/sinoextrud.com\/what-is-4040-aluminium-extrud\/\" target=\"_blank\">4040 aluminium extrusion<\/a><\/li>\r\r\n<li><a href=\"https:\/\/sinoextrud.com\/what-is-4040-aluminium-extrud\/\" target=\"_blank\">aluminum extrusions for industrial racks<\/a><\/li>\r\r\n<li><a href=\"https:\/\/sinoextrud.com\/powder-coating-aluminium-process\/\" target=\"_blank\">powder coating aluminium<\/a><\/li>\r\r\n<li><a href=\"https:\/\/sinoextrud.com\/what-is-an-aluminium-strip-ceiling\/\" target=\"_blank\">aluminium strip ceiling<\/a><\/li>\r\r\n<li><a href=\"https:\/\/sinoextrud.com\/what-is-a-heat-sink\/\" target=\"_blank\">what is a heat sink<\/a><\/li>\r\r\n<\/ul>","product_chanpin_chanpin":"<li><a href=\"https:\/\/sinoextrud.com\/product\/special-aluminium-extrusions\/\" target=\"_blank\">Special Aluminium Extrusions<\/a><\/li>\r\n<li><a href=\"https:\/\/sinoextrud.com\/product\/cutting-aluminium-extrusion\/\" target=\"_blank\">Cutting Aluminium Extrusion<\/a><\/li>\r\n<li><a href=\"https:\/\/sinoextrud.com\/product\/cnc-machining-aluminum-profiles\/\" target=\"_blank\">CNC Machining Aluminum Profiles<\/a><\/li>\r\n<li><a href=\"https:\/\/sinoextrud.com\/product\/circular-aluminum-extrusions\/\" target=\"_blank\">Circular Aluminum Extrusions<\/a><\/li>\r\n<li><a href=\"https:\/\/sinoextrud.com\/product\/cnc-aluminium-profile\/\" target=\"_blank\">CNC aluminium profile<\/a><\/li>\r\n<li><a href=\"https:\/\/sinoextrud.com\/product\/custom-extruded-aluminum-enclosures-used-for-motor-shell\/\" target=\"_blank\">Custom Extruded Aluminum Enclosures Used For Motor Shell<\/a><\/li>\r\n<li><a href=\"https:\/\/sinoextrud.com\/product\/high-precision-aluminium-profiles\/\" target=\"_blank\">High Precision Aluminium Profiles<\/a><\/li>\r\n<li><a href=\"https:\/\/sinoextrud.com\/product\/joining-aluminium-extrusions\/\" target=\"_blank\">Joining Aluminium Extrusions<\/a><\/li>\r\n<li><a href=\"https:\/\/sinoextrud.com\/product\/profile-aluminum-cnc\/\" target=\"_blank\">Profile Aluminum CNC<\/a><\/li>\r\n<li><a href=\"https:\/\/sinoextrud.com\/product\/aluminium-solar-frame-profile\/\" target=\"_blank\">Aluminium Solar Frame Profile<\/a><\/li>\r\n<li><a href=\"https:\/\/sinoextrud.com\/product\/10x10-aluminum-extrusion-for-decoration\/\" target=\"_blank\">10\u00c3\u201410 Aluminum Extrusion For Decoration<\/a><\/li>"},"feature_list":[]},"_links":{"self":[{"href":"https:\/\/sinoextrud.com\/de\/wp-json\/wp\/v2\/product\/8568","targetHints":{"allow":["GET"]}}],"collection":[{"href":"https:\/\/sinoextrud.com\/de\/wp-json\/wp\/v2\/product"}],"about":[{"href":"https:\/\/sinoextrud.com\/de\/wp-json\/wp\/v2\/types\/product"}],"wp:featuredmedia":[{"embeddable":true,"href":"https:\/\/sinoextrud.com\/de\/wp-json\/wp\/v2\/media\/8567"}],"wp:attachment":[{"href":"https:\/\/sinoextrud.com\/de\/wp-json\/wp\/v2\/media?parent=8568"}],"wp:term":[{"taxonomy":"category","embeddable":true,"href":"https:\/\/sinoextrud.com\/de\/wp-json\/wp\/v2\/categories?post=8568"}],"curies":[{"name":"wp","href":"https:\/\/api.w.org\/{rel}","templated":true}]}}