{"id":8558,"date":"2025-06-17T03:06:49","date_gmt":"2025-06-17T03:06:49","guid":{"rendered":"https:\/\/sinoextrud.com\/product\/custom-finishing-aluminum-extrusion-profile-fabrication-and-cnc-machining\/"},"modified":"2025-06-24T06:24:23","modified_gmt":"2025-06-24T06:24:23","slug":"kundenspezifische-fertigung-von-aluminium-strangpressprofilen-und-cnc-bearbeitung","status":"publish","type":"product","link":"https:\/\/sinoextrud.com\/de\/product\/custom-finishing-aluminum-extrusion-profile-fabrication-and-cnc-machining\/","title":{"rendered":"Kundenspezifische Endfertigung von Aluminium-Strangpressprofilen und CNC-Bearbeitung"},"content":{"rendered":"<h2>Produkte Details<\/h2>\n<table class=\"custom-table\">\n<tbody>\n<tr>\n<td> Artikel:<\/td>\n<td> Kundenspezifische Fertigung von Aluminium-Strangpressprofilen und CNC-Bearbeitung<\/td>\n<td> Note:<\/td>\n<td> Serie 6000 6063<\/td>\n<\/tr>\n<tr>\n<td> Temperament:<\/td>\n<td> 6063-T5<\/td>\n<td> Ort der Herkunft:<\/td>\n<td> Foshan, Guangdong<\/td>\n<\/tr>\n<tr>\n<td> Die Form:<\/td>\n<td> Personalisierung<\/td>\n<td> Legierung oder nicht:<\/td>\n<td> Alunimun-Legierung<\/td>\n<\/tr>\n<tr>\n<td> Vertr\u00e4glichkeit:<\/td>\n<td> \u00b10,5%<\/td>\n<td> Marke:<\/td>\n<td> Sinoextrud, Sinoextrud<\/td>\n<\/tr>\n<tr>\n<td> Standard:<\/td>\n<td> mittlere und hohe Qualit\u00e4t<\/td>\n<td> Oberfl\u00e4chenbehandlung:<\/td>\n<td> Pulverbeschichtung, Elektrophorese, Holzmaserung, Eloxieren, B\u00fcrsten, Polieren<\/td>\n<\/tr>\n<tr>\n<td> Lieferzeiten:<\/td>\n<td> 25-30 Tage<\/td>\n<td> MOQ:<\/td>\n<td> 200KGs<\/td>\n<\/tr>\n<tr>\n<td> Zahlungsfrist:<\/td>\n<td> T\/T(30% Anzahlung), L\/C<\/td>\n<td> Bearbeitungsservice:<\/td>\n<td> Biegen, Abwickeln, Schwei\u00dfen, Stanzen, Schneiden<\/td>\n<\/tr>\n<tr>\n<td> Hafen:<\/td>\n<td> Guangzhou, Shenzhen, Foshan<\/td>\n<td> L\u00e4nge::<\/td>\n<td> 1-9m oder kundenspezifisch<\/td>\n<\/tr>\n<\/tbody>\n<\/table>\n<h2>Unsere Produktionsbasis<\/h2>\n<h3>Fabrik-Panorama<\/h3>\n<p><img decoding=\"async\" src=\"\/wp-content\/uploads\/factory-01.webp\"\/><\/p>\n<h3>Werkstatt zur Herstellung von Aluminiumstangen<\/h3>\n<p><img decoding=\"async\" src=\"\/wp-content\/uploads\/factory-02.webp\"\/><\/p>\n<p><img decoding=\"async\" src=\"\/wp-content\/uploads\/factory-03.webp\"\/><\/p>\n<h3>Lagerhaus f\u00fcr Formen<\/h3>\n<p><img decoding=\"async\" src=\"\/wp-content\/uploads\/factory-04.webp\"\/><\/p>\n<h3>43 Aluminium-Strangpressanlagen (500-5500 Tonnen)<\/h3>\n<p><img decoding=\"async\" src=\"\/wp-content\/uploads\/factory-05.webp\"\/><\/p>\n<p><img decoding=\"async\" src=\"\/wp-content\/uploads\/factory-06.webp\"\/><\/p>\n<p><img decoding=\"async\" src=\"\/wp-content\/uploads\/factory-07.webp\"\/><\/p>\n<h3>Werkstatt f\u00fcr Pulverbeschichtung<\/h3>\n<p><img decoding=\"async\" src=\"\/wp-content\/uploads\/factory-09.webp\"\/><\/p>\n<h3>Eloxal-Werkstatt<\/h3>\n<p><img decoding=\"async\" src=\"\/wp-content\/uploads\/factory-10.webp\"\/><\/p>\n<h3>Workshop zur Tiefenverarbeitung<\/h3>\n<p><img decoding=\"async\" src=\"\/wp-content\/uploads\/factory-11.webp\"\/><\/p>\n<h3>CNC-Pr\u00e4zisionsbearbeitungswerkstatt<\/h3>\n<p><img decoding=\"async\" src=\"\/wp-content\/uploads\/factory-11.5.webp\"\/><\/p>\n<h3>Lager f\u00fcr Fertigprodukte und Export<\/h3>\n<p><img decoding=\"async\" src=\"\/wp-content\/uploads\/factory-12.webp\"\/><\/p>\n<p><img decoding=\"async\" src=\"\/wp-content\/uploads\/factory-13.webp\"\/><\/p>\n<p><img decoding=\"async\" src=\"\/wp-content\/uploads\/factory-14.webp\"\/><\/p>\n<h2>FAQ<\/h2>\n<p><p><b>1. benutzerdefinierte Finishing Aluminium-Strangpressprofil Herstellung und CNC-Bearbeitung: Was sind die Vorteile von kundenspezifischen Aluminium-Strangpressprofilen?<\/b><\/p>\n<p>Kundenspezifische Aluminium-Strangpressprofile bieten ma\u00dfgeschneiderte L\u00f6sungen, die spezifische Designanforderungen erf\u00fcllen und optimale Leistung f\u00fcr eine Vielzahl von Anwendungen gew\u00e4hrleisten.<br \/>\n<\/p><br \/>\n<br \/>\n<p><b>2. wie verbessert die CNC-Bearbeitung die Qualit\u00e4t von Aluminiumprofilen?<\/b><\/p>\n<p>Die CNC-Bearbeitung erm\u00f6glicht pr\u00e4zise Schnitte, enge Toleranzen und hochwertige Oberfl\u00e4chenbehandlungen, die sicherstellen, dass die Aluminiumprofile die genauen Spezifikationen f\u00fcr Haltbarkeit und Funktionalit\u00e4t erf\u00fcllen.<br \/>\n<\/p><br \/>\n<br \/>\n<p><b>3. kann ich spezielle Veredelungsoptionen f\u00fcr meine Aluminium-Strangpressprofile w\u00e4hlen?<\/b><\/p>\n<p>Ja, wir bieten eine Vielzahl von Veredelungsm\u00f6glichkeiten, einschlie\u00dflich Eloxieren, Pulverbeschichtung und mehr, um das Aussehen, die Korrosionsbest\u00e4ndigkeit und die Gesamtqualit\u00e4t der Aluminiumprofile zu verbessern.<br \/>\n<\/p><br \/>\n<br \/>\n<p><b>4. welche Branchen profitieren von der kundenspezifischen Herstellung von Aluminium-Strangpressprofilen?<\/b><\/p>\n<p>Branchen wie die Automobilindustrie, die Luft- und Raumfahrt, das Baugewerbe, die Elektronik und die verarbeitende Industrie profitieren von der Vielseitigkeit, der Festigkeit und der Pr\u00e4zision der kundenspezifischen Aluminium-Strangpressprofile.<br \/>\n<\/p><br \/>\n<br \/>\n<p><b>5. wie verbessert das Eloxieren die Aluminium-Strangpressprofile?<\/b><\/p>\n<p>Die Eloxierung verbessert die Korrosionsbest\u00e4ndigkeit, die Oberfl\u00e4chenh\u00e4rte und das Aussehen des Aluminiums, wodurch die Profile haltbarer werden und sich f\u00fcr den Au\u00dfenbereich oder raue Umgebungen eignen.<br \/>\n<\/p><br \/>\n<br \/>\n<p><b>6. wie lange ist die Durchlaufzeit f\u00fcr kundenspezifische Aluminium-Strangpressprofile?<\/b><\/p>\n<p>Unsere effizienten Herstellungs- und Bearbeitungsprozesse gew\u00e4hrleisten kurze Durchlaufzeiten und erm\u00f6glichen eine rechtzeitige Lieferung auch bei kundenspezifischen Aluminium-Strangpressprojekten.<br \/>\n<\/p><br \/>\n<br \/>\n<p><b>7. wie gew\u00e4hrleistet die CNC-Bearbeitung die Pr\u00e4zision bei der Herstellung von Aluminiumprofilen?<\/b><\/p>\n<p>Die CNC-Bearbeitung gew\u00e4hrleistet durch den Einsatz von computergesteuerten Werkzeugen eine hohe Pr\u00e4zision, die zu gleichbleibenden Abmessungen, engen Toleranzen und hervorragender Qualit\u00e4t bei kundenspezifischen Aluminiumprofilen f\u00fchrt.<br \/>\n<\/p><br \/>\n<br \/>\n<p><b>8. sind Aluminium-Strangpressprofile f\u00fcr die Gro\u00dfserienproduktion kosteng\u00fcnstig?<\/b><\/p>\n<p>Ja, Aluminium-Strangpressprofile sind kosteng\u00fcnstig f\u00fcr die Gro\u00dfserienproduktion und bieten ein gutes Gleichgewicht zwischen Materialkosten, Festigkeit und Vielseitigkeit in verschiedenen Anwendungen.<br \/>\n<\/p><br \/><\/p>","protected":false},"featured_media":8557,"template":"","categories":[68],"class_list":["post-8558","product","type-product","status-publish","has-post-thumbnail","hentry","category-cnc-machining-aluminum-profile"],"meta_box":{"hilight_text_group":{"product_hilight_text":"<li>Custom aluminum extrusion profiles tailored to meet specific design and industrial requirements.<\/li>\r\r\n<li>Precision CNC machining ensures tight tolerances and high-quality finishes for custom profiles.<\/li>\r\r\n<li>Flexible finishing options, including anodizing, powder coating, and more, to enhance durability and aesthetics.<\/li>\r\r\n<li>Efficient production process for fast turnaround times and cost-effective fabrication solutions.<\/li>\r\r\n<li>Ideal for a wide range of industries, including automotive, aerospace, construction, and electronics.<\/li>","product_chanpin_blog":"<ul>\r\r\n<li><a href=\"https:\/\/sinoextrud.com\/t-slot-v-slot-differences\/\" target=\"_blank\">t slot vs v slot<\/a><\/li>\r\r\n<li><a href=\"https:\/\/sinoextrud.com\/what-is-4040-aluminium-extrud\/\" target=\"_blank\">4040 aluminium extrusion<\/a><\/li>\r\r\n<li><a href=\"https:\/\/sinoextrud.com\/what-is-4040-aluminium-extrud\/\" target=\"_blank\">aluminum extrusions for industrial racks<\/a><\/li>\r\r\n<li><a href=\"https:\/\/sinoextrud.com\/powder-coating-aluminium-process\/\" target=\"_blank\">powder coating aluminium<\/a><\/li>\r\r\n<li><a href=\"https:\/\/sinoextrud.com\/what-is-an-aluminium-strip-ceiling\/\" target=\"_blank\">aluminium strip ceiling<\/a><\/li>\r\r\n<li><a href=\"https:\/\/sinoextrud.com\/what-is-a-heat-sink\/\" target=\"_blank\">what is a heat sink<\/a><\/li>\r\r\n<\/ul>","product_chanpin_chanpin":"<li><a href=\"https:\/\/sinoextrud.com\/product\/small-aluminium-extrusions\/\" target=\"_blank\">Small Aluminium Extrusions<\/a><\/li>\r\n<li><a href=\"https:\/\/sinoextrud.com\/product\/cnc-industrial-aluminum-profiler\/\" target=\"_blank\">CNC Industrial Aluminum Profiler<\/a><\/li>\r\n<li><a href=\"https:\/\/sinoextrud.com\/product\/cnc-machine-for-aluminum-profiles\/\" target=\"_blank\">CNC Machine For Aluminum Profiles<\/a><\/li>\r\n<li><a href=\"https:\/\/sinoextrud.com\/product\/aluminum-enclosure-housing-and-shell\/\" target=\"_blank\">Aluminum Enclosure Housing And Shell<\/a><\/li>\r\n<li><a href=\"https:\/\/sinoextrud.com\/product\/custom-finishing-aluminum-extrusion-profile-fabrication-and-cnc-machining\/\" target=\"_blank\">Custom Finishing Aluminum Extrusion Profile Fabrication and CNC Machining<\/a><\/li>\r\n<li><a href=\"https:\/\/sinoextrud.com\/product\/special-aluminium-extrusions\/\" target=\"_blank\">Special Aluminium Extrusions<\/a><\/li>\r\n<li><a href=\"https:\/\/sinoextrud.com\/product\/cutting-aluminium-extrusion\/\" target=\"_blank\">Cutting Aluminium Extrusion<\/a><\/li>\r\n<li><a href=\"https:\/\/sinoextrud.com\/product\/cnc-machining-aluminum-profiles\/\" target=\"_blank\">CNC Machining Aluminum Profiles<\/a><\/li>\r\n<li><a href=\"https:\/\/sinoextrud.com\/product\/circular-aluminum-extrusions\/\" target=\"_blank\">Circular Aluminum Extrusions<\/a><\/li>\r\n<li><a href=\"https:\/\/sinoextrud.com\/product\/custom-cnc-machined-7075-aluminum-extrusion\/\" target=\"_blank\">Custom CNC Machined 7075 Aluminum Extrusion<\/a><\/li>\r\n<li><a href=\"https:\/\/sinoextrud.com\/product\/aluminium-tube\/\" target=\"_blank\">Aluminium Tube<\/a><\/li>"},"feature_list":[]},"_links":{"self":[{"href":"https:\/\/sinoextrud.com\/de\/wp-json\/wp\/v2\/product\/8558","targetHints":{"allow":["GET"]}}],"collection":[{"href":"https:\/\/sinoextrud.com\/de\/wp-json\/wp\/v2\/product"}],"about":[{"href":"https:\/\/sinoextrud.com\/de\/wp-json\/wp\/v2\/types\/product"}],"wp:featuredmedia":[{"embeddable":true,"href":"https:\/\/sinoextrud.com\/de\/wp-json\/wp\/v2\/media\/8557"}],"wp:attachment":[{"href":"https:\/\/sinoextrud.com\/de\/wp-json\/wp\/v2\/media?parent=8558"}],"wp:term":[{"taxonomy":"category","embeddable":true,"href":"https:\/\/sinoextrud.com\/de\/wp-json\/wp\/v2\/categories?post=8558"}],"curies":[{"name":"wp","href":"https:\/\/api.w.org\/{rel}","templated":true}]}}