{"id":8550,"date":"2025-06-17T02:58:38","date_gmt":"2025-06-17T02:58:38","guid":{"rendered":"https:\/\/sinoextrud.com\/product\/small-aluminium-extrusions\/"},"modified":"2025-06-24T06:24:15","modified_gmt":"2025-06-24T06:24:15","slug":"kleine-aluminium-strangpressprofile","status":"publish","type":"product","link":"https:\/\/sinoextrud.com\/de\/product\/small-aluminium-extrusions\/","title":{"rendered":"Kleine Aluminium-Strangpressprofile"},"content":{"rendered":"<h2>Produkte Details<\/h2>\n<table class=\"custom-table\">\n<tbody>\n<tr>\n<td> Name<\/td>\n<td> Kleine Aluminium-Strangpressprofile<\/td>\n<\/tr>\n<tr>\n<td> Marke<\/td>\n<td> Sinoextrud\/<\/td>\n<\/tr>\n<tr>\n<td> Kategorie<\/td>\n<td> Strangpressen von Aluminium<\/td>\n<\/tr>\n<tr>\n<td> Material<\/td>\n<td> Aluminiumlegierung (6063, 6061, 6464, 6082), Serien 1000 und 3000 sind verf\u00fcgbar<\/td>\n<\/tr>\n<tr>\n<td> Temperament<\/td>\n<td> T5-T8<\/td>\n<\/tr>\n<tr>\n<td> L\u00e4nge<\/td>\n<td> Gem\u00e4\u00df der Zeichnung<\/td>\n<\/tr>\n<tr>\n<td> Gr\u00f6\u00dfe (mm)<\/td>\n<td> Verschiedene Gr\u00f6\u00dfen sind verf\u00fcgbar, Kundenzeichnung ist verf\u00fcgbar<\/td>\n<\/tr>\n<tr>\n<td> Form<\/td>\n<td> Verschiedene kleine Formen je nach Kundenwunsch<\/td>\n<\/tr>\n<tr>\n<td> Oberfl\u00e4chenbehandlung<\/td>\n<td> Pulverbeschichtung; Fr\u00e4sen, Eloxieren, Sandstrahlen, Elektrophorese ist ebenfalls m\u00f6glich<\/td>\n<\/tr>\n<tr>\n<td> Farbe<\/td>\n<td> Silber, Schwarz, Gold, Champange, Bronze, Rot, Blau und wir k\u00f6nnen die Farben nach Kundenwunsch anpassen.<\/td>\n<\/tr>\n<tr>\n<td> B\u00fcrgschaft<\/td>\n<td> BV, TUV, ISO<\/td>\n<\/tr>\n<tr>\n<td> Standard<\/td>\n<td> Mittlere und hohe Qualit\u00e4t<\/td>\n<\/tr>\n<tr>\n<td> MOQ<\/td>\n<td> 200KGS f\u00fcr jede Position<\/td>\n<\/tr>\n<tr>\n<td> Von<\/td>\n<td> Guangdong, China<\/td>\n<\/tr>\n<tr>\n<td> Anmeldung<\/td>\n<td> Industrie, Bauwesen, Haushaltsdekoration<\/td>\n<\/tr>\n<tr>\n<td> Tiefgehende Verarbeitung<\/td>\n<td> Schneiden, Bohren, Bearbeiten, Stanzen, Biegen, Gewindeschneiden usw.<\/td>\n<\/tr>\n<tr>\n<td> Paket<\/td>\n<td> Innen mit Schutzfolie, Schrumpfschlauch oder PE-Schaum. Au\u00dferhalb mit Kiste, Karton oder Holzrahmen, oder Anpassung.<\/td>\n<\/tr>\n<tr>\n<td> Lieferfrist<\/td>\n<td> Die Entwicklung der Form und die Herstellung des Musters dauern 12-18 Tage, die Produktion dauert dann 25-30 Tage nach Eingang der Anzahlung des K\u00e4ufers.<\/td>\n<\/tr>\n<tr>\n<td> Kapazit\u00e4t des Produkts<\/td>\n<td> 15.000+ T\u00f6ne \/ Monat<\/td>\n<\/tr>\n<\/tbody>\n<\/table>\n<h2>Unsere Produktionsbasis<\/h2>\n<h3>Fabrik-Panorama<\/h3>\n<p><img decoding=\"async\" src=\"\/wp-content\/uploads\/factory-01.webp\"\/><\/p>\n<h3>Werkstatt zur Herstellung von Aluminiumstangen<\/h3>\n<p><img decoding=\"async\" src=\"\/wp-content\/uploads\/factory-02.webp\"\/><\/p>\n<p><img decoding=\"async\" src=\"\/wp-content\/uploads\/factory-03.webp\"\/><\/p>\n<h3>Lagerhaus f\u00fcr Formen<\/h3>\n<p><img decoding=\"async\" src=\"\/wp-content\/uploads\/factory-04.webp\"\/><\/p>\n<h3>43 Aluminium-Strangpressanlagen (500\u00e2\u20ac\"5500 Tonnen)<\/h3>\n<p><img decoding=\"async\" src=\"\/wp-content\/uploads\/factory-05.webp\"\/><\/p>\n<p><img decoding=\"async\" src=\"\/wp-content\/uploads\/factory-06.webp\"\/><\/p>\n<p><img decoding=\"async\" src=\"\/wp-content\/uploads\/factory-07.webp\"\/><\/p>\n<h3>Werkstatt f\u00fcr Pulverbeschichtung<\/h3>\n<p><img decoding=\"async\" src=\"\/wp-content\/uploads\/factory-09.webp\"\/><\/p>\n<h3>Eloxal-Werkstatt<\/h3>\n<p><img decoding=\"async\" src=\"\/wp-content\/uploads\/factory-10.webp\"\/><\/p>\n<h3>Workshop zur Tiefenverarbeitung<\/h3>\n<p><img decoding=\"async\" src=\"\/wp-content\/uploads\/factory-11.webp\"\/><\/p>\n<h3>CNC-Pr\u00e4zisionsbearbeitungswerkstatt<\/h3>\n<p><img decoding=\"async\" src=\"\/wp-content\/uploads\/factory-11.5.webp\"\/><\/p>\n<h3>Lager f\u00fcr Fertigprodukte und Export<\/h3>\n<p><img decoding=\"async\" src=\"\/wp-content\/uploads\/factory-12.webp\"\/><\/p>\n<p><img decoding=\"async\" src=\"\/wp-content\/uploads\/factory-13.webp\"\/><\/p>\n<p><img decoding=\"async\" src=\"\/wp-content\/uploads\/factory-14.webp\"\/><\/p>\n<h2>FAQ<\/h2>\n<p><p><b>1. kleine Aluminium-Strangpressprofile: Was sind die Vorteile der Verwendung von kleinen Aluminium-Strangpressprofilen in verschiedenen Projekten?<\/b><\/p>\n<p>Kleine Aluminium-Strangpressprofile sind leicht, individuell anpassbar und bieten eine hervorragende Festigkeit, was sie ideal f\u00fcr kompakte Anwendungen in Branchen wie der Automobil-, Bau- und Elektronikindustrie macht.<br \/>\n<\/p><br \/>\n<br \/>\n<p><b>2. wie verbessert die Korrosionsbest\u00e4ndigkeit von Aluminium seine Leistung?<\/b><\/p>\n<p>Die Korrosionsbest\u00e4ndigkeit von Aluminium tr\u00e4gt dazu bei, dass die Strangpressprofile ihre Integrit\u00e4t und ihr Aussehen selbst in rauen Umgebungen oder im Freien \u00fcber lange Zeit hinweg beibehalten, was eine lange Lebensdauer gew\u00e4hrleistet.<br \/>\n<\/p><br \/>\n<br \/>\n<p><b>3. k\u00f6nnen kleine Aluminium-Strangpressprofile an spezifische Bed\u00fcrfnisse angepasst werden?<\/b><\/p>\n<p>Ja, kleine Aluminium-Strangpressprofile k\u00f6nnen in Gr\u00f6\u00dfe, Form und Ausf\u00fchrung genau auf die Spezifikationen Ihres Projekts oder Ihrer Anwendung zugeschnitten werden.<br \/>\n<\/p><br \/>\n<br \/>\n<p><b>4. welche Branchen k\u00f6nnen von der Verwendung kleiner Aluminium-Strangpressprofile profitieren?<\/b><\/p>\n<p>Branchen wie die Automobilindustrie, die Luft- und Raumfahrt, die Elektronik und das Bauwesen profitieren von der Festigkeit, dem geringen Gewicht und der Vielseitigkeit von kleinen Aluminium-Strangpressprofilen.<br \/>\n<\/p><br \/>\n<br \/>\n<p><b>Wie wirkt sich das Verh\u00e4ltnis zwischen Festigkeit und Gewicht von Aluminium auf kleine Strangpressprofile aus?<\/b><\/p>\n<p>Das hohe Verh\u00e4ltnis von Festigkeit zu Gewicht erm\u00f6glicht es kleinen Aluminium-Strangpressprofilen, Festigkeit und Haltbarkeit zu bieten, ohne unn\u00f6tiges Gewicht hinzuzuf\u00fcgen, was sie f\u00fcr eine Vielzahl von Anwendungen geeignet macht.<br \/>\n<\/p><br \/>\n<br \/>\n<p><b>Was sind die wichtigsten Vorteile der Verwendung von kleinen Aluminium-Strangpressprofilen in strukturellen Anwendungen?<\/b><\/p>\n<p>Kleine Aluminium-Strangpressprofile bieten Festigkeit, Korrosionsbest\u00e4ndigkeit und einfache Montage und sind daher ideal f\u00fcr strukturelle Rahmen in kompakten Designs.<br \/>\n<\/p><br \/>\n<br \/>\n<p><b>7. sind kleine Aluminium-Strangpressprofile leicht zu montieren und zu verarbeiten?<\/b><\/p>\n<p>Ja, kleine Aluminium-Strangpressprofile sind einfach zu bearbeiten, zu verarbeiten und zu montieren, was eine schnellere Produktion und geringere Arbeitskosten erm\u00f6glicht.<br \/>\n<\/p><br \/>\n<br \/>\n<p><b>8. wie wirkt sich die kundenspezifische Anpassung von kleinen Aluminium-Strangpressprofilen auf ihre Anwendung aus?<\/b><\/p>\n<p>Die Anpassung von kleinen Aluminium-Strangpressprofilen gew\u00e4hrleistet, dass sie die spezifischen Anforderungen jedes Projekts erf\u00fcllen und die Leistung und Effizienz in verschiedenen industriellen Anwendungen verbessern.<br \/>\n<\/p><br \/><\/p>","protected":false},"featured_media":8549,"template":"","categories":[68],"class_list":["post-8550","product","type-product","status-publish","has-post-thumbnail","hentry","category-cnc-machining-aluminum-profile"],"meta_box":{"hilight_text_group":{"product_hilight_text":"<li>Compact and lightweight small aluminum extrusions suitable for a variety of applications.<\/li>\r\r\n<li>Customizable sizes and shapes to meet specific industrial and structural requirements.<\/li>\r\r\n<li>Corrosion-resistant, ensuring long-lasting performance in various environments.<\/li>\r\r\n<li>Easy to machine, process, and assemble for quick production and low labor costs.<\/li>\r\r\n<li>High strength-to-weight ratio, providing strength without unnecessary bulk.<\/li>","product_chanpin_blog":"<ul>\r\r\n<li><a href=\"https:\/\/sinoextrud.com\/t-slot-v-slot-differences\/\" target=\"_blank\">t slot vs v slot<\/a><\/li>\r\r\n<li><a href=\"https:\/\/sinoextrud.com\/what-is-4040-aluminium-extrud\/\" target=\"_blank\">4040 aluminium extrusion<\/a><\/li>\r\r\n<li><a href=\"https:\/\/sinoextrud.com\/what-is-4040-aluminium-extrud\/\" target=\"_blank\">aluminum extrusions for industrial racks<\/a><\/li>\r\r\n<li><a href=\"https:\/\/sinoextrud.com\/powder-coating-aluminium-process\/\" target=\"_blank\">powder coating aluminium<\/a><\/li>\r\r\n<li><a href=\"https:\/\/sinoextrud.com\/what-is-an-aluminium-strip-ceiling\/\" target=\"_blank\">aluminium strip ceiling<\/a><\/li>\r\r\n<li><a href=\"https:\/\/sinoextrud.com\/what-is-a-heat-sink\/\" target=\"_blank\">what is a heat sink<\/a><\/li>\r\r\n<\/ul>","product_chanpin_chanpin":"<li><a href=\"https:\/\/sinoextrud.com\/product\/aluminum-cnc-machining\/\" target=\"_blank\">Aluminum cnc machining<\/a><\/li>\r\n<li><a href=\"https:\/\/sinoextrud.com\/product\/aluminum-profile-cnc-machining\/\" target=\"_blank\">Aluminum Profile CNC Machining<\/a><\/li>\r\n<li><a href=\"https:\/\/sinoextrud.com\/product\/extruded-aluminum-cnc-part-with-precision-custom-cnc-machining\/\" target=\"_blank\">Extruded Aluminum CNC Part with Precision Custom CNC Machining<\/a><\/li>\r\n<li><a href=\"https:\/\/sinoextrud.com\/product\/item-modular-aluminium-profile-system\/\" target=\"_blank\">Item Modular Aluminium Profile System<\/a><\/li>\r\n<li><a href=\"https:\/\/sinoextrud.com\/product\/small-aluminium-extrusions\/\" target=\"_blank\">Small Aluminium Extrusions<\/a><\/li>\r\n<li><a href=\"https:\/\/sinoextrud.com\/product\/cnc-industrial-aluminum-profiler\/\" target=\"_blank\">CNC Industrial Aluminum Profiler<\/a><\/li>\r\n<li><a href=\"https:\/\/sinoextrud.com\/product\/cnc-machine-for-aluminum-profiles\/\" target=\"_blank\">CNC Machine For Aluminum Profiles<\/a><\/li>\r\n<li><a href=\"https:\/\/sinoextrud.com\/product\/aluminum-enclosure-housing-and-shell\/\" target=\"_blank\">Aluminum Enclosure Housing And Shell<\/a><\/li>\r\n<li><a href=\"https:\/\/sinoextrud.com\/product\/custom-finishing-aluminum-extrusion-profile-fabrication-and-cnc-machining\/\" target=\"_blank\">Custom Finishing Aluminum Extrusion Profile Fabrication and CNC Machining<\/a><\/li>\r\n<li><a href=\"https:\/\/sinoextrud.com\/product\/large-aluminum-extrud\/\" target=\"_blank\">Large Aluminum Extrud<\/a><\/li>\r\n<li><a href=\"https:\/\/sinoextrud.com\/product\/aluminum-frame\/\" target=\"_blank\">Aluminum Frame<\/a><\/li>"},"feature_list":[]},"_links":{"self":[{"href":"https:\/\/sinoextrud.com\/de\/wp-json\/wp\/v2\/product\/8550","targetHints":{"allow":["GET"]}}],"collection":[{"href":"https:\/\/sinoextrud.com\/de\/wp-json\/wp\/v2\/product"}],"about":[{"href":"https:\/\/sinoextrud.com\/de\/wp-json\/wp\/v2\/types\/product"}],"wp:featuredmedia":[{"embeddable":true,"href":"https:\/\/sinoextrud.com\/de\/wp-json\/wp\/v2\/media\/8549"}],"wp:attachment":[{"href":"https:\/\/sinoextrud.com\/de\/wp-json\/wp\/v2\/media?parent=8550"}],"wp:term":[{"taxonomy":"category","embeddable":true,"href":"https:\/\/sinoextrud.com\/de\/wp-json\/wp\/v2\/categories?post=8550"}],"curies":[{"name":"wp","href":"https:\/\/api.w.org\/{rel}","templated":true}]}}