{"id":8548,"date":"2025-06-17T02:56:13","date_gmt":"2025-06-17T02:56:13","guid":{"rendered":"https:\/\/sinoextrud.com\/product\/item-modular-aluminium-profile-system\/"},"modified":"2025-06-24T06:24:13","modified_gmt":"2025-06-24T06:24:13","slug":"item-modulares-aluminium-profilsystem","status":"publish","type":"product","link":"https:\/\/sinoextrud.com\/de\/product\/item-modular-aluminium-profile-system\/","title":{"rendered":"Artikel Modulares Aluminium-Profilsystem"},"content":{"rendered":"<h2>Produkte Details<\/h2>\n<table class=\"custom-table\">\n<tbody>\n<tr>\n<td> Modell Nr.:<\/td>\n<td> 6061 6063 6082<\/td>\n<\/tr>\n<tr>\n<td> Temperament:<\/td>\n<td> T3 - T8<\/td>\n<\/tr>\n<tr>\n<td> Oberfl\u00e4chenbehandlung:<\/td>\n<td> Pulverbeschichtung, Eloxieren, Polieren, usw.<\/td>\n<\/tr>\n<tr>\n<td> Legierung:<\/td>\n<td> Legierung<\/td>\n<\/tr>\n<tr>\n<td> Art:<\/td>\n<td> Autoanh\u00e4nger<\/td>\n<\/tr>\n<tr>\n<td> Die Technik:<\/td>\n<td> Stranggepresst<\/td>\n<\/tr>\n<tr>\n<td> Herkunft:<\/td>\n<td> Guangdong China<\/td>\n<\/tr>\n<tr>\n<td> Anwendung:<\/td>\n<td> Transport Aluminiumprofil<\/td>\n<\/tr>\n<tr>\n<td> Zertifizierung:<\/td>\n<td> EN, ASTM, GB\/T<\/td>\n<\/tr>\n<tr>\n<td> Gr\u00f6\u00dfe:<\/td>\n<td> 10mm - 300mm<\/td>\n<\/tr>\n<tr>\n<td> HS-Code:<\/td>\n<td> 7604299000<\/td>\n<\/tr>\n<tr>\n<td> Wanddicke:<\/td>\n<td> 2mm. Kundenspezifisch verf\u00fcgbar<\/td>\n<\/tr>\n<\/tbody>\n<\/table>\n<h2>Unsere Produktionsbasis<\/h2>\n<h3>Fabrik-Panorama<\/h3>\n<p><img decoding=\"async\" src=\"\/wp-content\/uploads\/factory-01.webp\"\/><\/p>\n<h3>Werkstatt zur Herstellung von Aluminiumstangen<\/h3>\n<p><img decoding=\"async\" src=\"\/wp-content\/uploads\/factory-02.webp\"\/><\/p>\n<p><img decoding=\"async\" src=\"\/wp-content\/uploads\/factory-03.webp\"\/><\/p>\n<h3>Lagerhaus f\u00fcr Formen<\/h3>\n<p><img decoding=\"async\" src=\"\/wp-content\/uploads\/factory-04.webp\"\/><\/p>\n<h3>43 Aluminium-Strangpressanlagen (500-5500 Tonnen)<\/h3>\n<p><img decoding=\"async\" src=\"\/wp-content\/uploads\/factory-05.webp\"\/><\/p>\n<p><img decoding=\"async\" src=\"\/wp-content\/uploads\/factory-06.webp\"\/><\/p>\n<p><img decoding=\"async\" src=\"\/wp-content\/uploads\/factory-07.webp\"\/><\/p>\n<h3>Werkstatt f\u00fcr Pulverbeschichtung<\/h3>\n<p><img decoding=\"async\" src=\"\/wp-content\/uploads\/factory-09.webp\"\/><\/p>\n<h3>Eloxal-Werkstatt<\/h3>\n<p><img decoding=\"async\" src=\"\/wp-content\/uploads\/factory-10.webp\"\/><\/p>\n<h3>Workshop zur Tiefenverarbeitung<\/h3>\n<p><img decoding=\"async\" src=\"\/wp-content\/uploads\/factory-11.webp\"\/><\/p>\n<h3>CNC-Pr\u00e4zisionsbearbeitungswerkstatt<\/h3>\n<p><img decoding=\"async\" src=\"\/wp-content\/uploads\/factory-11.5.webp\"\/><\/p>\n<h3>Lager f\u00fcr Fertigprodukte und Export<\/h3>\n<p><img decoding=\"async\" src=\"\/wp-content\/uploads\/factory-12.webp\"\/><\/p>\n<p><img decoding=\"async\" src=\"\/wp-content\/uploads\/factory-13.webp\"\/><\/p>\n<p><img decoding=\"async\" src=\"\/wp-content\/uploads\/factory-14.webp\"\/><\/p>\n<h2>FAQ<\/h2>\n<p><p><b>1.Item Modulares Aluminium-Profilsystem: Was macht dieses modulare System ideal f\u00fcr verschiedene Anwendungen?<\/b><\/p>\n<p>Das modulare Design erm\u00f6glicht flexible, anpassbare L\u00f6sungen und ist damit ideal f\u00fcr eine breite Palette von Industrie-, Automatisierungs- und Heimwerkerprojekten.<br \/>\n<\/p><br \/>\n<br \/>\n<p><b>2) Wie einfach ist die Montage des modularen Aluminiumprofilsystems Item?<\/b><\/p>\n<p>Die Montage ist schnell und einfach, da eine Vielzahl kompatibler Komponenten zur Verf\u00fcgung steht, die ohne Spezialwerkzeug zusammengef\u00fcgt werden k\u00f6nnen.<br \/>\n<\/p><br \/>\n<br \/>\n<p><b>3. was sind die Hauptvorteile der Verwendung von Aluminiumprofilen in einem modularen System?<\/b><\/p>\n<p>Aluminium ist leicht, langlebig und korrosionsbest\u00e4ndig und bietet eine langlebige und wartungsarme L\u00f6sung f\u00fcr Ihre Projekte.<br \/>\n<\/p><br \/>\n<br \/>\n<p><b>4) Kann das modulare Aluminiumprofilsystem Item an spezifische Bed\u00fcrfnisse angepasst werden?<\/b><\/p>\n<p>Ja, das System ist in hohem Ma\u00dfe anpassbar und erm\u00f6glicht verschiedene Konfigurationen und Anpassungen an die jeweiligen Projektanforderungen.<br \/>\n<\/p><br \/>\n<br \/>\n<p><b>5) Welche Branchen k\u00f6nnen von dem modularen Aluminiumprofilsystem Item profitieren?<\/b><\/p>\n<p>Branchen wie die Fertigungs-, Automatisierungs- und Baubranche profitieren von der Flexibilit\u00e4t, St\u00e4rke und Benutzerfreundlichkeit dieses Systems.<br \/>\n<\/p><br \/>\n<br \/>\n<p><b>6. wie tr\u00e4gt die Korrosionsbest\u00e4ndigkeit von Aluminium zur Langlebigkeit des Systems bei?<\/b><\/p>\n<p>Die Korrosionsbest\u00e4ndigkeit von Aluminium sorgt daf\u00fcr, dass die modularen Profile ihre Integrit\u00e4t und ihr Aussehen auch in rauen Umgebungen oder im Freien bewahren.<br \/>\n<\/p><br \/>\n<br \/>\n<p><b>7. welche Arten von Projekten eignen sich am besten f\u00fcr das modulare Aluminiumprofilsystem Item?<\/b><\/p>\n<p>Das System eignet sich perfekt f\u00fcr industrielle Einrichtungen, Automatisierungsanlagen, Arbeitspl\u00e4tze und jedes Projekt, das einen anpassbaren und robusten strukturellen Rahmen erfordert.<br \/>\n<\/p><br \/>\n<br \/>\n<p><b>Wie verbessert das Verh\u00e4ltnis zwischen Festigkeit und Gewicht von Aluminium die Leistung?<\/b><\/p>\n<p>Das ausgezeichnete Verh\u00e4ltnis zwischen Festigkeit und Gewicht von Aluminium bietet sowohl strukturelle Integrit\u00e4t als auch geringes Gewicht, was es zu einem idealen Material sowohl f\u00fcr schwere als auch f\u00fcr leichte Anwendungen macht.<br \/>\n<\/p><br \/><\/p>","protected":false},"featured_media":8547,"template":"","categories":[68],"class_list":["post-8548","product","type-product","status-publish","has-post-thumbnail","hentry","category-cnc-machining-aluminum-profile"],"meta_box":{"hilight_text_group":{"product_hilight_text":"<li>Modular aluminum profile system for flexible and customizable design solutions.<\/li>\r\r\n<li>Quick and easy assembly with a wide range of compatible components.<\/li>\r\r\n<li>Highly durable and corrosion-resistant, ensuring long-term performance in various environments.<\/li>\r\r\n<li>Lightweight, yet strong, offering a high strength-to-weight ratio for structural applications.<\/li>\r\r\n<li>Versatile system suitable for industrial, automation, and DIY projects.<\/li>","product_chanpin_blog":"<ul>\r\r\n<li><a href=\"https:\/\/sinoextrud.com\/t-slot-v-slot-differences\/\" target=\"_blank\">t slot vs v slot<\/a><\/li>\r\r\n<li><a href=\"https:\/\/sinoextrud.com\/what-is-4040-aluminium-extrud\/\" target=\"_blank\">4040 aluminium extrusion<\/a><\/li>\r\r\n<li><a href=\"https:\/\/sinoextrud.com\/what-is-4040-aluminium-extrud\/\" target=\"_blank\">aluminum extrusions for industrial racks<\/a><\/li>\r\r\n<li><a href=\"https:\/\/sinoextrud.com\/powder-coating-aluminium-process\/\" target=\"_blank\">powder coating aluminium<\/a><\/li>\r\r\n<li><a href=\"https:\/\/sinoextrud.com\/what-is-an-aluminium-strip-ceiling\/\" target=\"_blank\">aluminium strip ceiling<\/a><\/li>\r\r\n<li><a href=\"https:\/\/sinoextrud.com\/what-is-a-heat-sink\/\" target=\"_blank\">what is a heat sink<\/a><\/li>\r\r\n<\/ul>","product_chanpin_chanpin":"<li><a href=\"https:\/\/sinoextrud.com\/product\/cnc-machining-aluminum-signal-plate\/\" target=\"_blank\">CNC Machining Aluminum Signal Plate<\/a><\/li>\r\n<li><a href=\"https:\/\/sinoextrud.com\/product\/aluminum-cnc-machining\/\" target=\"_blank\">Aluminum cnc machining<\/a><\/li>\r\n<li><a href=\"https:\/\/sinoextrud.com\/product\/aluminum-profile-cnc-machining\/\" target=\"_blank\">Aluminum Profile CNC Machining<\/a><\/li>\r\n<li><a href=\"https:\/\/sinoextrud.com\/product\/extruded-aluminum-cnc-part-with-precision-custom-cnc-machining\/\" target=\"_blank\">Extruded Aluminum CNC Part with Precision Custom CNC Machining<\/a><\/li>\r\n<li><a href=\"https:\/\/sinoextrud.com\/product\/item-modular-aluminium-profile-system\/\" target=\"_blank\">Item Modular Aluminium Profile System<\/a><\/li>\r\n<li><a href=\"https:\/\/sinoextrud.com\/product\/small-aluminium-extrusions\/\" target=\"_blank\">Small Aluminium Extrusions<\/a><\/li>\r\n<li><a href=\"https:\/\/sinoextrud.com\/product\/cnc-industrial-aluminum-profiler\/\" target=\"_blank\">CNC Industrial Aluminum Profiler<\/a><\/li>\r\n<li><a href=\"https:\/\/sinoextrud.com\/product\/cnc-machine-for-aluminum-profiles\/\" target=\"_blank\">CNC Machine For Aluminum Profiles<\/a><\/li>\r\n<li><a href=\"https:\/\/sinoextrud.com\/product\/aluminum-enclosure-housing-and-shell\/\" target=\"_blank\">Aluminum Enclosure Housing And Shell<\/a><\/li>\r\n<li><a href=\"https:\/\/sinoextrud.com\/product\/extruded-aluminum-tubing-shapes-supplier\/\" target=\"_blank\">Extruded Aluminum Tubing Shapes Supplier<\/a><\/li>\r\n<li><a href=\"https:\/\/sinoextrud.com\/product\/wood-grain-aluminium-extrusion-profile-for-furnitures-decoration\/\" target=\"_blank\">Wood Grain Aluminium Extrusion Profile for Furnitures Decoration<\/a><\/li>"},"feature_list":[]},"_links":{"self":[{"href":"https:\/\/sinoextrud.com\/de\/wp-json\/wp\/v2\/product\/8548","targetHints":{"allow":["GET"]}}],"collection":[{"href":"https:\/\/sinoextrud.com\/de\/wp-json\/wp\/v2\/product"}],"about":[{"href":"https:\/\/sinoextrud.com\/de\/wp-json\/wp\/v2\/types\/product"}],"wp:featuredmedia":[{"embeddable":true,"href":"https:\/\/sinoextrud.com\/de\/wp-json\/wp\/v2\/media\/8547"}],"wp:attachment":[{"href":"https:\/\/sinoextrud.com\/de\/wp-json\/wp\/v2\/media?parent=8548"}],"wp:term":[{"taxonomy":"category","embeddable":true,"href":"https:\/\/sinoextrud.com\/de\/wp-json\/wp\/v2\/categories?post=8548"}],"curies":[{"name":"wp","href":"https:\/\/api.w.org\/{rel}","templated":true}]}}