{"id":8539,"date":"2025-06-17T02:08:07","date_gmt":"2025-06-17T02:08:07","guid":{"rendered":"https:\/\/sinoextrud.com\/product\/cnc-machining-aluminum-signal-plate\/"},"modified":"2025-06-24T06:24:11","modified_gmt":"2025-06-24T06:24:11","slug":"cnc-bearbeitung-von-aluminium-signalplatten","status":"publish","type":"product","link":"https:\/\/sinoextrud.com\/de\/product\/cnc-machining-aluminum-signal-plate\/","title":{"rendered":"CNC-Bearbeitung von Aluminium-Signalplatten"},"content":{"rendered":"<h2>Produkte Details<\/h2>\n<table class=\"custom-table\">\n<tr>\n<td class=\"label\">Artikel Name<\/td>\n<td>CNC-Bearbeitung von Aluminium-Signalplatten<\/td>\n<\/tr>\n<tr>\n<td class=\"label\">Material Klasse<\/td>\n<td>Legierung Serie 6000<\/td>\n<\/tr>\n<tr>\n<td class=\"label\">Temperament<\/td>\n<td>T5-T6<\/td>\n<\/tr>\n<tr>\n<td class=\"label\">Technologie<\/td>\n<td>Aluminium-Extrusion, CNC-Bearbeitung<\/td>\n<\/tr>\n<tr>\n<td class=\"label\">Oberfl\u00e4chenbehandlung<\/td>\n<td>Eloxieren, Pulverbeschichtung, Sandstrahlen, Elektrophorese, Fluorkohlenstoff usw.<\/td>\n<\/tr>\n<tr>\n<td class=\"label\">Farbe<\/td>\n<td>Kundenspezifisch<\/td>\n<\/tr>\n<tr>\n<td class=\"label\">Dicke der Anodisierung<\/td>\n<td>8-25 um<\/td>\n<\/tr>\n<tr>\n<td class=\"label\">Leistung Beschichtungsdicke<\/td>\n<td>40-120 um<\/td>\n<\/tr>\n<tr>\n<td class=\"label\">Form<\/td>\n<td>Auf der Grundlage von Zeichnungen<\/td>\n<\/tr>\n<tr>\n<td class=\"label\">L\u00e4nge<\/td>\n<td>Die Standardl\u00e4nge ist 1-9m, oder kundenspezifisch.<\/td>\n<\/tr>\n<tr>\n<td class=\"label\">Tiefgehende Verarbeitung<\/td>\n<td>Schneiden, Bohren, Stanzen, Biegen, usw.<\/td>\n<\/tr>\n<tr>\n<td class=\"label\">2D&amp;3D Entwurf<\/td>\n<td>Auto CAD, 3D, AI, SLD, PRT. IGS, PDF, JPEG usw.<\/td>\n<\/tr>\n<tr>\n<td class=\"label\">Technik&amp; Werkzeugbau<\/td>\n<td>1: 8 Ingenieure im Formenbau.<br \/>\n2: Einsatz von Hochleistungsextrudern, Drahterodiermaschinen, CNC, Bohrmaschinen usw.<\/td>\n<\/tr>\n<tr>\n<td class=\"label\">Qualit\u00e4tskontrolle<\/td>\n<td>1.SO Genehmigt.<br \/>\n2.CE-gepr\u00fcft<br \/>\n3. die Inspektion vor Ort.<br \/>\n4. die Inspektion vor dem Versand.<br \/>\n5. die Pr\u00fcfmaschine.<\/td>\n<\/tr>\n<tr>\n<td class=\"label\">Einzelheiten zur Verpackung<\/td>\n<td>(1) Innen: verpackt mit Kunststoff-Schutzfolie, um jedes St\u00fcck zu sch\u00fctzen<br \/>\n(2) Au\u00dferhalb: Wrap zu sein B\u00fcndel von wasserdichten Handwerk Papier<\/td>\n<\/tr>\n<tr>\n<td class=\"label\">Lieferung<\/td>\n<td>(1) Die Entwicklung und Pr\u00fcfung von Mustern: 12-18 Tage.<br \/>\n(2) Massenproduktion abgeschlossen: 20-30 Tage nach der Probe wird vom K\u00e4ufer best\u00e4tigt.<\/td>\n<\/tr>\n<tr>\n<td class=\"label\">Zahlungsfrist<\/td>\n<td>T\/T 30% f\u00fcr Ablagerung, Balance vor Versand.<\/td>\n<\/tr>\n<\/table>\n<h2>Unsere Produktionsbasis<\/h2>\n<h3>Fabrik-Panorama<\/h3>\n<p><img decoding=\"async\" src=\"\/wp-content\/uploads\/factory-01.webp\"\/><\/p>\n<h3>Werkstatt zur Herstellung von Aluminiumstangen<\/h3>\n<p><img decoding=\"async\" src=\"\/wp-content\/uploads\/factory-02.webp\"\/><\/p>\n<p><img decoding=\"async\" src=\"\/wp-content\/uploads\/factory-03.webp\"\/><\/p>\n<h3>Lagerhaus f\u00fcr Formen<\/h3>\n<p><img decoding=\"async\" src=\"\/wp-content\/uploads\/factory-04.webp\"\/><\/p>\n<h3>43 Aluminium-Strangpressanlagen (500-5500 Tonnen)<\/h3>\n<p><img decoding=\"async\" src=\"\/wp-content\/uploads\/factory-05.webp\"\/><\/p>\n<p><img decoding=\"async\" src=\"\/wp-content\/uploads\/factory-06.webp\"\/><\/p>\n<p><img decoding=\"async\" src=\"\/wp-content\/uploads\/factory-07.webp\"\/><\/p>\n<h3>Werkstatt f\u00fcr Pulverbeschichtung<\/h3>\n<p><img decoding=\"async\" src=\"\/wp-content\/uploads\/factory-09.webp\"\/><\/p>\n<h3>Eloxal-Werkstatt<\/h3>\n<p><img decoding=\"async\" src=\"\/wp-content\/uploads\/factory-10.webp\"\/><\/p>\n<h3>Workshop zur Tiefenverarbeitung<\/h3>\n<p><img decoding=\"async\" src=\"\/wp-content\/uploads\/factory-11.webp\"\/><\/p>\n<h3>CNC-Pr\u00e4zisionsbearbeitungswerkstatt<\/h3>\n<p><img decoding=\"async\" src=\"\/wp-content\/uploads\/factory-11.5.webp\"\/><\/p>\n<h3>Lager f\u00fcr Fertigprodukte und Export<\/h3>\n<p><img decoding=\"async\" src=\"\/wp-content\/uploads\/factory-12.webp\"\/><\/p>\n<p><img decoding=\"async\" src=\"\/wp-content\/uploads\/factory-13.webp\"\/><\/p>\n<p><img decoding=\"async\" src=\"\/wp-content\/uploads\/factory-14.webp\"\/><\/p>\n<h2>FAQ<\/h2>\n<p><p><b>1. was ist eine CNC-Bearbeitung Aluminium Signalplatte?<\/b><\/p>\n<p>Ein CNC-bearbeitetes Aluminium-Signalschild ist ein pr\u00e4zisionsgefertigtes Aluminiumschild, das f\u00fcr Beschilderungen, Etiketten und Markierungen verwendet wird. Es wird mit Hilfe der CNC-Bearbeitungstechnologie f\u00fcr hohe Genauigkeit hergestellt.<br \/>\n<\/p><br \/>\n<br \/>\n<p><b>2. warum Aluminium f\u00fcr Signalschilder w\u00e4hlen?<\/b><\/p>\n<p>Aluminium ist langlebig, leicht und korrosionsbest\u00e4ndig und damit ein ideales Material f\u00fcr Signalschilder, die rauen Umgebungen standhalten und gleichzeitig sichtbar bleiben m\u00fcssen.<br \/>\n<\/p><br \/>\n<br \/>\n<p><b>3. wie genau sind CNC-Bearbeitung Aluminium Signalplatten?<\/b><\/p>\n<p>Die CNC-Bearbeitung gew\u00e4hrleistet eine hohe Pr\u00e4zision mit engen Toleranzen und klaren Markierungen oder Gravuren, die f\u00fcr Industrie- und Beschilderungsanwendungen entscheidend sind.<br \/>\n<\/p><br \/>\n<br \/>\n<p><b>4. k\u00f6nnen CNC-Bearbeitung Aluminium Signal Schilder angepasst werden?<\/b><\/p>\n<p>Ja, CNC-bearbeitete Aluminium-Signalschilder k\u00f6nnen in Bezug auf Gr\u00f6\u00dfe, Design und Gravur leicht an die spezifischen Anforderungen verschiedener Anwendungen angepasst werden.<br \/>\n<\/p><br \/>\n<br \/>\n<p><b>5. welche Industrien verwenden CNC-Bearbeitung Aluminium Signalplatten?<\/b><\/p>\n<p>Branchen wie die Fertigungsindustrie, die Elektronikindustrie, die Automobilindustrie und das Baugewerbe verwenden CNC-bearbeitete Aluminiumsignalschilder f\u00fcr klare, dauerhafte Markierungen und Schilder.<br \/>\n<\/p><br \/>\n<br \/>\n<p><b>6. wie schnell k\u00f6nnen CNC-bearbeitete Aluminium-Signalplatten hergestellt werden?<\/b><\/p>\n<p>Die Produktion von CNC-gesteuerten Aluminium-Signalschildern ist effizient und bietet kurze Durchlaufzeiten bei gleichzeitig hoher Qualit\u00e4t und Pr\u00e4zision.<br \/>\n<\/p><br \/>\n<br \/>\n<p><b>7. ist die CNC-Bearbeitung von Aluminium-Signalschildern kosteng\u00fcnstig?<\/b><\/p>\n<p>Ja, CNC-bearbeitete Aluminium-Signalschilder sind eine kosteng\u00fcnstige L\u00f6sung f\u00fcr hochwertige, langlebige Beschilderungen und bieten wettbewerbsf\u00e4hige Preise sowohl f\u00fcr kleine als auch f\u00fcr gro\u00dfe Produktionsserien.<br \/>\n<\/p><br \/><\/p>","protected":false},"featured_media":8538,"template":"","categories":[68],"class_list":["post-8539","product","type-product","status-publish","has-post-thumbnail","hentry","category-cnc-machining-aluminum-profile"],"meta_box":{"hilight_text_group":{"product_hilight_text":"<li>High-precision CNC machining for aluminum signal plates<\/li>\r\r\n<li>Customizable designs for various signal plate applications<\/li>\r\r\n<li>Durable, lightweight, and corrosion-resistant aluminum material<\/li>\r\r\n<li>Clear, precise engraving and marking for enhanced visibility<\/li>\r\r\n<li>Cost-effective production with fast lead times<\/li>\r\r\n<li>Ideal for use in industrial, electronic, and signage applications<\/li>","product_chanpin_blog":"<ul>\r\r\n<li><a href=\"https:\/\/sinoextrud.com\/t-slot-v-slot-differences\/\" target=\"_blank\">t slot vs v slot<\/a><\/li>\r\r\n<li><a href=\"https:\/\/sinoextrud.com\/what-is-4040-aluminium-extrud\/\" target=\"_blank\">4040 aluminium extrusion<\/a><\/li>\r\r\n<li><a href=\"https:\/\/sinoextrud.com\/what-is-4040-aluminium-extrud\/\" target=\"_blank\">aluminum extrusions for industrial racks<\/a><\/li>\r\r\n<li><a href=\"https:\/\/sinoextrud.com\/powder-coating-aluminium-process\/\" target=\"_blank\">powder coating aluminium<\/a><\/li>\r\r\n<li><a href=\"https:\/\/sinoextrud.com\/what-is-an-aluminium-strip-ceiling\/\" target=\"_blank\">aluminium strip ceiling<\/a><\/li>\r\r\n<li><a href=\"https:\/\/sinoextrud.com\/what-is-a-heat-sink\/\" target=\"_blank\">what is a heat sink<\/a><\/li>\r\r\n<\/ul>","product_chanpin_chanpin":"<li><a href=\"https:\/\/sinoextrud.com\/product\/extruded-aluminum-heatsink-led-alloy-a6063-t5-extrusion-profiles-cutting-cnc-precision\/\" target=\"_blank\">extruded aluminum heatsink LED alloy a6063 t5 extrusion profiles cutting CNC precision<\/a><\/li>\r\n<li><a href=\"https:\/\/sinoextrud.com\/product\/aluminum-anodized-gold-ashtray\/\" target=\"_blank\">Aluminum Anodized Gold Ashtray<\/a><\/li>\r\n<li><a href=\"https:\/\/sinoextrud.com\/product\/aluminum-hydraulic-oil-tank\/\" target=\"_blank\">Aluminum Hydraulic Oil Tank<\/a><\/li>\r\n<li><a href=\"https:\/\/sinoextrud.com\/product\/machined-aluminum-rail-extrusion-profile-cnc-aviation-aluminum-gantry\/\" target=\"_blank\">Machined Aluminum Rail Extrusion Profile CNC Aviation Aluminum Gantry<\/a><\/li>\r\n<li><a href=\"https:\/\/sinoextrud.com\/product\/cnc-machining-aluminum-signal-plate\/\" target=\"_blank\">CNC Machining Aluminum Signal Plate<\/a><\/li>\r\n<li><a href=\"https:\/\/sinoextrud.com\/product\/aluminum-cnc-machining\/\" target=\"_blank\">Aluminum cnc machining<\/a><\/li>\r\n<li><a href=\"https:\/\/sinoextrud.com\/product\/aluminum-profile-cnc-machining\/\" target=\"_blank\">Aluminum Profile CNC Machining<\/a><\/li>\r\n<li><a href=\"https:\/\/sinoextrud.com\/product\/extruded-aluminum-cnc-part-with-precision-custom-cnc-machining\/\" target=\"_blank\">Extruded Aluminum CNC Part with Precision Custom CNC Machining<\/a><\/li>\r\n<li><a href=\"https:\/\/sinoextrud.com\/product\/item-modular-aluminium-profile-system\/\" target=\"_blank\">Item Modular Aluminium Profile System<\/a><\/li>\r\n<li><a href=\"https:\/\/sinoextrud.com\/product\/aluminum-frame-extrusion-profiles\/\" target=\"_blank\">Aluminum Frame Extrusion Profiles<\/a><\/li>\r\n<li><a href=\"https:\/\/sinoextrud.com\/product\/triangular-extruded-aluminum-tube\/\" target=\"_blank\">Triangular Extruded Aluminum Tube<\/a><\/li>"},"feature_list":[]},"_links":{"self":[{"href":"https:\/\/sinoextrud.com\/de\/wp-json\/wp\/v2\/product\/8539","targetHints":{"allow":["GET"]}}],"collection":[{"href":"https:\/\/sinoextrud.com\/de\/wp-json\/wp\/v2\/product"}],"about":[{"href":"https:\/\/sinoextrud.com\/de\/wp-json\/wp\/v2\/types\/product"}],"wp:featuredmedia":[{"embeddable":true,"href":"https:\/\/sinoextrud.com\/de\/wp-json\/wp\/v2\/media\/8538"}],"wp:attachment":[{"href":"https:\/\/sinoextrud.com\/de\/wp-json\/wp\/v2\/media?parent=8539"}],"wp:term":[{"taxonomy":"category","embeddable":true,"href":"https:\/\/sinoextrud.com\/de\/wp-json\/wp\/v2\/categories?post=8539"}],"curies":[{"name":"wp","href":"https:\/\/api.w.org\/{rel}","templated":true}]}}