{"id":8529,"date":"2025-06-17T01:59:28","date_gmt":"2025-06-17T01:59:28","guid":{"rendered":"https:\/\/sinoextrud.com\/product\/anodized-small-machining-aluminum-parts\/"},"modified":"2025-06-24T06:24:08","modified_gmt":"2025-06-24T06:24:08","slug":"eloxierte-kleinteile-aus-aluminium","status":"publish","type":"product","link":"https:\/\/sinoextrud.com\/de\/product\/anodized-small-machining-aluminum-parts\/","title":{"rendered":"Eloxierte Aluminiumteile f\u00fcr die Kleinbearbeitung"},"content":{"rendered":"<h2>Produkte Details<\/h2>\n<table class=\"custom-table\">\n<tbody>\n<tr>\n<td> Artikel<\/td>\n<td> Eloxierte Aluminiumteile f\u00fcr die Kleinbearbeitung<\/td>\n<\/tr>\n<tr>\n<td> Material<\/td>\n<td> Aluminium, Messing, rostfreier Stahl, Titan<\/td>\n<\/tr>\n<tr>\n<td> Oberfl\u00e4chenbehandlung<\/td>\n<td> Eloxieren, Oxidation, Vernickelung, Verzinkung, Verchromung, Hochglanzpolieren<\/td>\n<\/tr>\n<tr>\n<td> Toleranz<\/td>\n<td> \u00b10,02 mm<\/td>\n<\/tr>\n<tr>\n<td> Durchmesser&amp;L\u00e4nge<\/td>\n<td> Nach Zeichnung und Muster<\/td>\n<\/tr>\n<tr>\n<td> Oberfl\u00e4chenbehandlung<\/td>\n<td> Fr\u00e4sen, Pulverbeschichtung, Elektrophorese, Holzmaserung, Eloxieren, B\u00fcrsten, Polieren<\/td>\n<\/tr>\n<tr>\n<td> Qualit\u00e4tsstandard<\/td>\n<td> ISO9001:2008<\/td>\n<\/tr>\n<tr>\n<td> Typ<\/td>\n<td> CNC-Bearbeitung\/Fr\u00e4sen\/Drehen\/Bohren\/Gewindeschneiden\/R\u00e4umen usw.<\/td>\n<\/tr>\n<tr>\n<td> Inspektionsger\u00e4te<\/td>\n<td> Messschieber, Mikrometer, H\u00f6henmesser, Quadratisches Element, Messger\u00e4t, Rauheitsmessger\u00e4t<\/td>\n<\/tr>\n<tr>\n<td> Format der Zeichnung<\/td>\n<td> IGS, STP, AutoCAD2004-2010 usw.<\/td>\n<\/tr>\n<tr>\n<td> Verpackung<\/td>\n<td> Standard-Exportkarton oder nach Anforderung des Kunden<\/td>\n<\/tr>\n<tr>\n<td> OEM- und ODM-Dienstleistungen<\/td>\n<td> OEM- und ODM-Service verf\u00fcgbar<\/td>\n<\/tr>\n<tr>\n<td> Farbe<\/td>\n<td> f\u00fcr Aluminium- und Edelstahlteile, jede Farbe ist f\u00fcr uns in Ordnung<\/td>\n<\/tr>\n<tr>\n<td> Logo<\/td>\n<td> Druck des Logos ist m\u00f6glich<\/td>\n<\/tr>\n<\/tbody>\n<\/table>\n<h2>Unsere Produktionsbasis<\/h2>\n<h3>Fabrik-Panorama<\/h3>\n<p><img decoding=\"async\" src=\"\/wp-content\/uploads\/factory-01.webp\"\/><\/p>\n<h3>Werkstatt zur Herstellung von Aluminiumstangen<\/h3>\n<p><img decoding=\"async\" src=\"\/wp-content\/uploads\/factory-02.webp\"\/><\/p>\n<p><img decoding=\"async\" src=\"\/wp-content\/uploads\/factory-03.webp\"\/><\/p>\n<h3>Lagerhaus f\u00fcr Formen<\/h3>\n<p><img decoding=\"async\" src=\"\/wp-content\/uploads\/factory-04.webp\"\/><\/p>\n<h3>43 Aluminium-Strangpressanlagen (500-5500 Tonnen)<\/h3>\n<p><img decoding=\"async\" src=\"\/wp-content\/uploads\/factory-05.webp\"\/><\/p>\n<p><img decoding=\"async\" src=\"\/wp-content\/uploads\/factory-06.webp\"\/><\/p>\n<p><img decoding=\"async\" src=\"\/wp-content\/uploads\/factory-07.webp\"\/><\/p>\n<h3>Werkstatt f\u00fcr Pulverbeschichtung<\/h3>\n<p><img decoding=\"async\" src=\"\/wp-content\/uploads\/factory-09.webp\"\/><\/p>\n<h3>Eloxal-Werkstatt<\/h3>\n<p><img decoding=\"async\" src=\"\/wp-content\/uploads\/factory-10.webp\"\/><\/p>\n<h3>Workshop zur Tiefenverarbeitung<\/h3>\n<p><img decoding=\"async\" src=\"\/wp-content\/uploads\/factory-11.webp\"\/><\/p>\n<h3>CNC-Pr\u00e4zisionsbearbeitungswerkstatt<\/h3>\n<p><img decoding=\"async\" src=\"\/wp-content\/uploads\/factory-11.5.webp\"\/><\/p>\n<h3>Lager f\u00fcr Fertigprodukte und Export<\/h3>\n<p><img decoding=\"async\" src=\"\/wp-content\/uploads\/factory-12.webp\"\/><\/p>\n<p><img decoding=\"async\" src=\"\/wp-content\/uploads\/factory-13.webp\"\/><\/p>\n<p><img decoding=\"async\" src=\"\/wp-content\/uploads\/factory-14.webp\"\/><\/p>\n<h2>FAQ<\/h2>\n<p><p><b>1. was sind eloxierte Aluminiumteile f\u00fcr die Kleinbearbeitung?<\/b><\/p>\n<p>Eloxierte Aluminiumkleinteile sind pr\u00e4zisionsgefertigte Aluminiumkomponenten, die einem Eloxierverfahren unterzogen werden, um die Korrosionsbest\u00e4ndigkeit und Oberfl\u00e4chenbest\u00e4ndigkeit f\u00fcr verschiedene Anwendungen zu verbessern.<br \/>\n<\/p><br \/>\n<br \/>\n<p><b>2. warum wird das Eloxieren f\u00fcr Aluminiumteile verwendet?<\/b><\/p>\n<p>Das Eloxieren verbessert die Oberfl\u00e4chenh\u00e4rte, die Korrosionsbest\u00e4ndigkeit und das Aussehen von Aluminiumteilen und macht sie ideal f\u00fcr den Einsatz in rauen Umgebungen und Anwendungen, die eine lange Lebensdauer erfordern.<br \/>\n<\/p><br \/>\n<br \/>\n<p><b>3. wie pr\u00e4zise sind eloxierte Aluminiumteile f\u00fcr die Kleinbearbeitung?<\/b><\/p>\n<p>Eloxierte Aluminiumkleinteile werden mit hoher Pr\u00e4zision hergestellt und bieten enge Toleranzen und feine Details, ideal f\u00fcr komplexe und kleine Komponenten.<br \/>\n<\/p><br \/>\n<br \/>\n<p><b>4. k\u00f6nnen eloxiert kleine Bearbeitung Aluminium Teile angepasst werden?<\/b><\/p>\n<p>Ja, diese Aluminiumteile k\u00f6nnen in Bezug auf Gr\u00f6\u00dfe, Form und Design leicht an spezifische Projektanforderungen angepasst werden, um eine perfekte Passform f\u00fcr verschiedene Anwendungen zu gew\u00e4hrleisten.<br \/>\n<\/p><br \/>\n<br \/>\n<p><b>5. welche Branchen profitieren von eloxierten Aluminiumteilen f\u00fcr die Kleinbearbeitung?<\/b><\/p>\n<p>Branchen wie die Luft- und Raumfahrt, die Automobilindustrie, die Elektronik und die Medizintechnik profitieren von eloxierten Aluminiumkleinteilen aufgrund ihrer Festigkeit, Haltbarkeit und Korrosionsbest\u00e4ndigkeit.<br \/>\n<\/p><br \/>\n<br \/>\n<p><b>6. wie lange dauert der Eloxierungsprozess f\u00fcr Aluminiumteile?<\/b><\/p>\n<p>Das Eloxalverfahren ist relativ schnell und veredelt die Oberfl\u00e4che des Aluminiumteils, ohne die Pr\u00e4zision zu beeintr\u00e4chtigen, so dass kurze Produktionszeiten f\u00fcr kleine Bauteile gew\u00e4hrleistet sind.<br \/>\n<\/p><br \/>\n<br \/>\n<p><b>7. sind eloxierte Aluminiumkleinteile kosteneffizient?<\/b><\/p>\n<p>Ja, eloxierte Aluminiumkleinteile sind aufgrund ihrer Langlebigkeit, ihres geringen Wartungsbedarfs und ihrer effizienten Herstellungsverfahren kosteng\u00fcnstig und bieten einen Mehrwert f\u00fcr verschiedene industrielle Anwendungen.<br \/>\n<\/p><br \/><\/p>","protected":false},"featured_media":8528,"template":"","categories":[68],"class_list":["post-8529","product","type-product","status-publish","has-post-thumbnail","hentry","category-cnc-machining-aluminum-profile"],"meta_box":{"hilight_text_group":{"product_hilight_text":"<li>High durability and corrosion resistance through anodizing<\/li>\r\r\n<li>Precision machining for small, intricate aluminum parts<\/li>\r\r\n<li>Customizable sizes and designs to meet specific requirements<\/li>\r\r\n<li>Lightweight and strong aluminum material, perfect for various applications<\/li>\r\r\n<li>Superior surface finish for improved aesthetics and functionality<\/li>\r\r\n<li>Cost-effective production with fast turnaround times for small parts<\/li>","product_chanpin_blog":"<ul>\r\r\n<li><a href=\"https:\/\/sinoextrud.com\/t-slot-v-slot-differences\/\" target=\"_blank\">t slot vs v slot<\/a><\/li>\r\r\n<li><a href=\"https:\/\/sinoextrud.com\/what-is-4040-aluminium-extrud\/\" target=\"_blank\">4040 aluminium extrusion<\/a><\/li>\r\r\n<li><a href=\"https:\/\/sinoextrud.com\/what-is-4040-aluminium-extrud\/\" target=\"_blank\">aluminum extrusions for industrial racks<\/a><\/li>\r\r\n<li><a href=\"https:\/\/sinoextrud.com\/powder-coating-aluminium-process\/\" target=\"_blank\">powder coating aluminium<\/a><\/li>\r\r\n<li><a href=\"https:\/\/sinoextrud.com\/what-is-an-aluminium-strip-ceiling\/\" target=\"_blank\">aluminium strip ceiling<\/a><\/li>\r\r\n<li><a href=\"https:\/\/sinoextrud.com\/what-is-a-heat-sink\/\" target=\"_blank\">what is a heat sink<\/a><\/li>\r\r\n<\/ul>","product_chanpin_chanpin":"<li><a href=\"https:\/\/sinoextrud.com\/product\/aluminum-cnc-punching-parts\/\" target=\"_blank\">Aluminum CNC Punching Parts<\/a><\/li>\r\n<li><a href=\"https:\/\/sinoextrud.com\/product\/factory-cnc-precision-aluminum-parts\/\" target=\"_blank\">Factory Cnc Precision Aluminum Parts<\/a><\/li>\r\n<li><a href=\"https:\/\/sinoextrud.com\/product\/extruded-aluminium-housing\/\" target=\"_blank\">Extruded Aluminium Housing<\/a><\/li>\r\n<li><a href=\"https:\/\/sinoextrud.com\/product\/aluminum-panel-outlet-socket\/\" target=\"_blank\">Aluminum Panel Outlet Socket<\/a><\/li>\r\n<li><a href=\"https:\/\/sinoextrud.com\/product\/anodized-small-machining-aluminum-parts\/\" target=\"_blank\">Anodized Small Machining Aluminum Parts<\/a><\/li>\r\n<li><a href=\"https:\/\/sinoextrud.com\/product\/extruded-aluminum-heatsink-led-alloy-a6063-t5-extrusion-profiles-cutting-cnc-precision\/\" target=\"_blank\">extruded aluminum heatsink LED alloy a6063 t5 extrusion profiles cutting CNC precision<\/a><\/li>\r\n<li><a href=\"https:\/\/sinoextrud.com\/product\/aluminum-anodized-gold-ashtray\/\" target=\"_blank\">Aluminum Anodized Gold Ashtray<\/a><\/li>\r\n<li><a href=\"https:\/\/sinoextrud.com\/product\/aluminum-hydraulic-oil-tank\/\" target=\"_blank\">Aluminum Hydraulic Oil Tank<\/a><\/li>\r\n<li><a href=\"https:\/\/sinoextrud.com\/product\/machined-aluminum-rail-extrusion-profile-cnc-aviation-aluminum-gantry\/\" target=\"_blank\">Machined Aluminum Rail Extrusion Profile CNC Aviation Aluminum Gantry<\/a><\/li>\r\n<li><a href=\"https:\/\/sinoextrud.com\/product\/aluminium-transport-extrusions\/\" target=\"_blank\">Aluminium Transport Extrusions<\/a><\/li>\r\n<li><a href=\"https:\/\/sinoextrud.com\/product\/extruded-manufacturer-aluminum-profile-heatsink\/\" target=\"_blank\">Extruded Manufacturer Aluminum Profile Heatsink<\/a><\/li>"},"feature_list":[]},"_links":{"self":[{"href":"https:\/\/sinoextrud.com\/de\/wp-json\/wp\/v2\/product\/8529","targetHints":{"allow":["GET"]}}],"collection":[{"href":"https:\/\/sinoextrud.com\/de\/wp-json\/wp\/v2\/product"}],"about":[{"href":"https:\/\/sinoextrud.com\/de\/wp-json\/wp\/v2\/types\/product"}],"wp:featuredmedia":[{"embeddable":true,"href":"https:\/\/sinoextrud.com\/de\/wp-json\/wp\/v2\/media\/8528"}],"wp:attachment":[{"href":"https:\/\/sinoextrud.com\/de\/wp-json\/wp\/v2\/media?parent=8529"}],"wp:term":[{"taxonomy":"category","embeddable":true,"href":"https:\/\/sinoextrud.com\/de\/wp-json\/wp\/v2\/categories?post=8529"}],"curies":[{"name":"wp","href":"https:\/\/api.w.org\/{rel}","templated":true}]}}