{"id":8525,"date":"2025-06-17T01:53:04","date_gmt":"2025-06-17T01:53:04","guid":{"rendered":"https:\/\/sinoextrud.com\/product\/extruded-aluminium-housing\/"},"modified":"2025-06-24T06:24:08","modified_gmt":"2025-06-24T06:24:08","slug":"gehause-aus-stranggepresstem-aluminium-3","status":"publish","type":"product","link":"https:\/\/sinoextrud.com\/de\/product\/extruded-aluminium-housing\/","title":{"rendered":"Stranggepresstes Aluminiumgeh\u00e4use"},"content":{"rendered":"<h2>Produkte Details<\/h2>\n<table class=\"custom-table\">\n<tbody>\n<tr>\n<td> Produktname<\/td>\n<td> Stranggepresstes Aluminiumgeh\u00e4use<\/td>\n<\/tr>\n<tr>\n<td> Material<\/td>\n<td> 6063, 6061 usw.<\/td>\n<\/tr>\n<tr>\n<td> Form<\/td>\n<td> Quadratische oder andere benutzerdefinierte Formen<\/td>\n<\/tr>\n<tr>\n<td> Dicke<\/td>\n<td> 0,7mm-10mm<\/td>\n<\/tr>\n<tr>\n<td> Gr\u00f6\u00dfe<\/td>\n<td> Je nach Wunsch des Kunden<\/td>\n<\/tr>\n<tr>\n<td> Toleranz beim Pr\u00e4zisionsschneiden<\/td>\n<td> \u22641m : \u00b10,25mm<br \/>\n1m&lt; : \u22642m, \u00b10,35mm<br \/>\n\u22652m : \u00b10,50mm<\/td>\n<\/tr>\n<tr>\n<td> Toleranz beim Bohren<\/td>\n<td> \u00b10,15~0,20mm<\/td>\n<\/tr>\n<tr>\n<td> Toleranz beim normalen Schneiden<\/td>\n<td> \u00b110 ~ 0mm<\/td>\n<\/tr>\n<tr>\n<td> Typische Anwendungen<\/td>\n<td> Industrie, Elektronik, Autos usw.<\/td>\n<\/tr>\n<tr>\n<td> Tiefgreifender Prozess<\/td>\n<td> CNC-Fr\u00e4sen, Bohren, Stanzen, Bohren, Gewindeschneiden, Biegen<\/td>\n<\/tr>\n<tr>\n<td> Marke<\/td>\n<td> Sinoextrud,,Sinoextrud,,benutzerdefinierte Marke avalaible<\/td>\n<\/tr>\n<tr>\n<td> Oberfl\u00e4chenbehandlung<\/td>\n<td> Walzfertig, eloxiert, pulverbeschichtet etc.<\/td>\n<\/tr>\n<tr>\n<td> MOQ<\/td>\n<td> 200Kgs<\/td>\n<\/tr>\n<tr>\n<td> Qualit\u00e4tsgarantie<\/td>\n<td> 100%-Pr\u00fcfung zur Gew\u00e4hrleistung hoher Qualit\u00e4t<\/td>\n<\/tr>\n<tr>\n<td> Bescheinigungen<\/td>\n<td> ISO9001, ISO4001, CQM, SGS, CE, BV usw.<\/td>\n<\/tr>\n<tr>\n<td> Herkunftsort<\/td>\n<td> Guangdong, China<\/td>\n<\/tr>\n<\/tbody>\n<\/table>\n<h2>Unsere Produktionsbasis<\/h2>\n<h3>Fabrik-Panorama<\/h3>\n<p><img decoding=\"async\" src=\"\/wp-content\/uploads\/factory-01.webp\"\/><\/p>\n<h3>Werkstatt zur Herstellung von Aluminiumstangen<\/h3>\n<p><img decoding=\"async\" src=\"\/wp-content\/uploads\/factory-02.webp\"\/><\/p>\n<\/p>\n<p><img decoding=\"async\" src=\"\/wp-content\/uploads\/factory-03.webp\"\/><\/p>\n<h3>Lagerhaus f\u00fcr Formen<\/h3>\n<p><img decoding=\"async\" src=\"\/wp-content\/uploads\/factory-04.webp\"\/><\/p>\n<h3>43 Aluminium-Strangpressanlagen (500-5500 Tonnen)<\/h3>\n<p><img decoding=\"async\" src=\"\/wp-content\/uploads\/factory-05.webp\"\/><\/p>\n<p><img decoding=\"async\" src=\"\/wp-content\/uploads\/factory-06.webp\"\/><\/p>\n<p><img decoding=\"async\" src=\"\/wp-content\/uploads\/factory-07.webp\"\/><\/p>\n<h3>Werkstatt f\u00fcr Pulverbeschichtung<\/h3>\n<p><img decoding=\"async\" src=\"\/wp-content\/uploads\/factory-09.webp\"\/><\/p>\n<h3>Eloxal-Werkstatt<\/h3>\n<p><img decoding=\"async\" src=\"\/wp-content\/uploads\/factory-10.webp\"\/><\/p>\n<h3>Workshop zur Tiefenverarbeitung<\/h3>\n<p><img decoding=\"async\" src=\"\/wp-content\/uploads\/factory-11.webp\"\/><\/p>\n<h3>CNC-Pr\u00e4zisionsbearbeitungswerkstatt<\/h3>\n<p><img decoding=\"async\" src=\"\/wp-content\/uploads\/factory-11.5.webp\"\/><\/p>\n<h3>Lager f\u00fcr Fertigprodukte und Export<\/h3>\n<p><img decoding=\"async\" src=\"\/wp-content\/uploads\/factory-12.webp\"\/><\/p>\n<p><img decoding=\"async\" src=\"\/wp-content\/uploads\/factory-13.webp\"\/><\/p>\n<p><img decoding=\"async\" src=\"\/wp-content\/uploads\/factory-14.webp\"\/><\/p>\n<h2>FAQ<\/h2>\n<p><b>1. was ist ein stranggepresstes Aluminiumgeh\u00e4use?<\/b><\/p>\n<p>Stranggepresste Aluminiumgeh\u00e4use sind Geh\u00e4use aus Aluminium, die durch ein Strangpressverfahren geformt werden und sich durch Langlebigkeit, geringes Gewicht und hervorragende W\u00e4rmeableitung f\u00fcr verschiedene Anwendungen auszeichnen.\n<\/p>\n<p><\/p>\n<p><b>2. warum wird in der Elektronik ein stranggepresstes Aluminiumgeh\u00e4use verwendet?<\/b><\/p>\n<p>Stranggepresste Aluminiumgeh\u00e4use sind ideal f\u00fcr elektronische Ger\u00e4te, da sie eine effektive W\u00e4rmeableitung, Korrosionsbest\u00e4ndigkeit und Schutz f\u00fcr empfindliche Komponenten bieten und somit Langlebigkeit und Zuverl\u00e4ssigkeit gew\u00e4hrleisten.\n<\/p>\n<p><\/p>\n<p><b>3. wie haltbar ist ein stranggepresstes Aluminiumgeh\u00e4use?<\/b><\/p>\n<p>Das Geh\u00e4use aus stranggepresstem Aluminium ist \u00e4u\u00dferst widerstandsf\u00e4hig und bietet eine lang anhaltende Leistung sowie Best\u00e4ndigkeit gegen Korrosion, Abnutzung und Umwelteinfl\u00fcsse, wodurch es sich perfekt f\u00fcr raue Bedingungen eignet.\n<\/p>\n<p><\/p>\n<p><b>4. k\u00f6nnen stranggepresste Aluminiumgeh\u00e4use individuell angepasst werden?<\/b><\/p>\n<p>Ja, stranggepresste Aluminiumgeh\u00e4use k\u00f6nnen in Bezug auf Gr\u00f6\u00dfe, Form und Design individuell angepasst werden, um die spezifischen Anforderungen verschiedener Branchen und Anwendungen zu erf\u00fcllen.\n<\/p>\n<p><\/p>\n<p><b>5. welche Branchen profitieren von stranggepressten Aluminiumgeh\u00e4usen?<\/b><\/p>\n<p>Branchen wie die Elektronik-, Telekommunikations-, Industrieanlagen- und Automobilbranche profitieren von stranggepressten Aluminiumgeh\u00e4usen aufgrund ihrer Festigkeit, ihres geringen Gewichts und ihrer F\u00e4higkeit, Komponenten zu sch\u00fctzen.\n<\/p>\n<p><\/p>\n<p><b>6. wie schnell k\u00f6nnen stranggepresste Aluminiumgeh\u00e4use hergestellt werden?<\/b><\/p>\n<p>Stranggepresste Aluminiumgeh\u00e4use k\u00f6nnen dank des effizienten Strangpressverfahrens schnell hergestellt werden, was eine rechtzeitige Lieferung bei Projekten mit engen Fristen gew\u00e4hrleistet.\n<\/p>\n<p><\/p>\n<p><b>7. ist ein stranggepresstes Aluminiumgeh\u00e4use kosteneffektiv?<\/b><\/p>\n<p>Ja, stranggepresste Aluminiumgeh\u00e4use bieten eine kosteneffiziente L\u00f6sung f\u00fcr kundenspezifische Geh\u00e4use, die Erschwinglichkeit mit hoher Leistung und Haltbarkeit f\u00fcr verschiedene Anwendungen kombinieren.\n<\/p>\n<p><\/p>","protected":false},"featured_media":8524,"template":"","categories":[68],"class_list":["post-8525","product","type-product","status-publish","has-post-thumbnail","hentry","category-cnc-machining-aluminum-profile"],"meta_box":{"hilight_text_group":{"product_hilight_text":"<li>Durable and lightweight extruded aluminum housing<\/li>\r\r\n<li>Excellent heat dissipation properties for electronic components<\/li>\r\r\n<li>Customizable sizes and designs to fit specific applications<\/li>\r\r\n<li>Corrosion-resistant and long-lasting material<\/li>\r\r\n<li>Ideal for use in electronics, telecommunications, and industrial equipment<\/li>\r\r\n<li>Cost-effective manufacturing with quick lead times<\/li>","product_chanpin_blog":"<ul>\r\r\n<li><a href=\"https:\/\/sinoextrud.com\/t-slot-v-slot-differences\/\" target=\"_blank\">t slot vs v slot<\/a><\/li>\r\r\n<li><a href=\"https:\/\/sinoextrud.com\/what-is-4040-aluminium-extrud\/\" target=\"_blank\">4040 aluminium extrusion<\/a><\/li>\r\r\n<li><a href=\"https:\/\/sinoextrud.com\/what-is-4040-aluminium-extrud\/\" target=\"_blank\">aluminum extrusions for industrial racks<\/a><\/li>\r\r\n<li><a href=\"https:\/\/sinoextrud.com\/powder-coating-aluminium-process\/\" target=\"_blank\">powder coating aluminium<\/a><\/li>\r\r\n<li><a href=\"https:\/\/sinoextrud.com\/what-is-an-aluminium-strip-ceiling\/\" target=\"_blank\">aluminium strip ceiling<\/a><\/li>\r\r\n<li><a href=\"https:\/\/sinoextrud.com\/what-is-a-heat-sink\/\" target=\"_blank\">what is a heat sink<\/a><\/li>\r\r\n<\/ul>","product_chanpin_chanpin":"<li><a href=\"https:\/\/sinoextrud.com\/product\/extruded-aluminium-case\/\" target=\"_blank\">Extruded Aluminium Case<\/a><\/li>\r\n<li><a href=\"https:\/\/sinoextrud.com\/product\/aluminium-extrusion-enclosure\/\" target=\"_blank\">Aluminium Extrusion Enclosure<\/a><\/li>\r\n<li><a href=\"https:\/\/sinoextrud.com\/product\/aluminum-cnc-punching-parts\/\" target=\"_blank\">Aluminum CNC Punching Parts<\/a><\/li>\r\n<li><a href=\"https:\/\/sinoextrud.com\/product\/factory-cnc-precision-aluminum-parts\/\" target=\"_blank\">Factory Cnc Precision Aluminum Parts<\/a><\/li>\r\n<li><a href=\"https:\/\/sinoextrud.com\/product\/extruded-aluminium-housing\/\" target=\"_blank\">Extruded Aluminium Housing<\/a><\/li>\r\n<li><a href=\"https:\/\/sinoextrud.com\/product\/aluminum-panel-outlet-socket\/\" target=\"_blank\">Aluminum Panel Outlet Socket<\/a><\/li>\r\n<li><a href=\"https:\/\/sinoextrud.com\/product\/anodized-small-machining-aluminum-parts\/\" target=\"_blank\">Anodized Small Machining Aluminum Parts<\/a><\/li>\r\n<li><a href=\"https:\/\/sinoextrud.com\/product\/extruded-aluminum-heatsink-led-alloy-a6063-t5-extrusion-profiles-cutting-cnc-precision\/\" target=\"_blank\">extruded aluminum heatsink LED alloy a6063 t5 extrusion profiles cutting CNC precision<\/a><\/li>\r\n<li><a href=\"https:\/\/sinoextrud.com\/product\/aluminum-anodized-gold-ashtray\/\" target=\"_blank\">Aluminum Anodized Gold Ashtray<\/a><\/li>\r\n<li><a href=\"https:\/\/sinoextrud.com\/product\/cnc-machine-for-aluminum-profiles\/\" target=\"_blank\">CNC Machine For Aluminum Profiles<\/a><\/li>\r\n<li><a href=\"https:\/\/sinoextrud.com\/product\/modular-extruded-aluminum-framing\/\" target=\"_blank\">Modular Extruded Aluminum Framing<\/a><\/li>"},"feature_list":[]},"_links":{"self":[{"href":"https:\/\/sinoextrud.com\/de\/wp-json\/wp\/v2\/product\/8525","targetHints":{"allow":["GET"]}}],"collection":[{"href":"https:\/\/sinoextrud.com\/de\/wp-json\/wp\/v2\/product"}],"about":[{"href":"https:\/\/sinoextrud.com\/de\/wp-json\/wp\/v2\/types\/product"}],"wp:featuredmedia":[{"embeddable":true,"href":"https:\/\/sinoextrud.com\/de\/wp-json\/wp\/v2\/media\/8524"}],"wp:attachment":[{"href":"https:\/\/sinoextrud.com\/de\/wp-json\/wp\/v2\/media?parent=8525"}],"wp:term":[{"taxonomy":"category","embeddable":true,"href":"https:\/\/sinoextrud.com\/de\/wp-json\/wp\/v2\/categories?post=8525"}],"curies":[{"name":"wp","href":"https:\/\/api.w.org\/{rel}","templated":true}]}}