{"id":8523,"date":"2025-06-17T01:50:30","date_gmt":"2025-06-17T01:50:30","guid":{"rendered":"https:\/\/sinoextrud.com\/product\/factory-cnc-precision-aluminum-parts\/"},"modified":"2025-06-24T06:24:08","modified_gmt":"2025-06-24T06:24:08","slug":"werksseitig-cnc-gesteuerte-prazisions-aluminiumteile","status":"publish","type":"product","link":"https:\/\/sinoextrud.com\/de\/product\/factory-cnc-precision-aluminum-parts\/","title":{"rendered":"Fabrik Cnc-Pr\u00e4zisions-Aluminiumteile"},"content":{"rendered":"<h2>Produkte Details<\/h2>\n<table class=\"custom-table\">\n<tr>\n<td class=\"label\">Material<\/td>\n<td>Aluminium, Messing, rostfreier Stahl, Titan<\/td>\n<\/tr>\n<tr>\n<td class=\"label\">Oberfl\u00e4chenbehandlung<\/td>\n<td>Eloxieren, Oxidation, Vernickelung, Verzinkung, Verchromung, Hochglanzpolieren<\/td>\n<\/tr>\n<tr>\n<td class=\"label\">Toleranz<\/td>\n<td>\u00b10,02 mm<\/td>\n<\/tr>\n<tr>\n<td class=\"label\">Qualit\u00e4tsstandard<\/td>\n<td>ISO9001:2008<\/td>\n<\/tr>\n<tr>\n<td class=\"label\">Inspektionsger\u00e4te<\/td>\n<td>Messschieber, Mikrometer, H\u00f6henmesser, Quadraticelement, Messger\u00e4t, Rauheitspr\u00fcfer<\/td>\n<\/tr>\n<tr>\n<td class=\"label\">Format der Zeichnung<\/td>\n<td>IGS, STP, AutoCAD2004-2010 usw.<\/td>\n<\/tr>\n<tr>\n<td class=\"label\">Verpackung<\/td>\n<td>Standard-Exportkarton oder nach Anforderung des Kunden<\/td>\n<\/tr>\n<tr>\n<td class=\"label\">OEM- und ODM-Dienstleistungen<\/td>\n<td>OEM- und ODM-Service verf\u00fcgbar<\/td>\n<\/tr>\n<tr>\n<td class=\"label\">Farbe<\/td>\n<td>f\u00fcr Aluminium- und Edelstahlteile, jede Farbe ist f\u00fcr uns in Ordnung<\/td>\n<\/tr>\n<tr>\n<td class=\"label\">Logo<\/td>\n<td>Druck des Logos ist m\u00f6glich<\/td>\n<\/tr>\n<\/table>\n<h2>Unsere Produktionsbasis<\/h2>\n<h3>Fabrik-Panorama<\/h3>\n<p><img decoding=\"async\" src=\"\/wp-content\/uploads\/factory-01.webp\"\/><\/p>\n<h3>Werkstatt zur Herstellung von Aluminiumstangen<\/h3>\n<p><img decoding=\"async\" src=\"\/wp-content\/uploads\/factory-02.webp\"\/><\/p>\n<\/p>\n<p><img decoding=\"async\" src=\"\/wp-content\/uploads\/factory-03.webp\"\/><\/p>\n<h3>Lagerhaus f\u00fcr Formen<\/h3>\n<p><img decoding=\"async\" src=\"\/wp-content\/uploads\/factory-04.webp\"\/><\/p>\n<h3>43 Aluminium-Strangpressanlagen (500-5500 Tonnen)<\/h3>\n<p><img decoding=\"async\" src=\"\/wp-content\/uploads\/factory-05.webp\"\/><\/p>\n<p><img decoding=\"async\" src=\"\/wp-content\/uploads\/factory-06.webp\"\/><\/p>\n<p><img decoding=\"async\" src=\"\/wp-content\/uploads\/factory-07.webp\"\/><\/p>\n<h3>Werkstatt f\u00fcr Pulverbeschichtung<\/h3>\n<p><img decoding=\"async\" src=\"\/wp-content\/uploads\/factory-09.webp\"\/><\/p>\n<h3>Eloxal-Werkstatt<\/h3>\n<p><img decoding=\"async\" src=\"\/wp-content\/uploads\/factory-10.webp\"\/><\/p>\n<h3>Workshop zur Tiefenverarbeitung<\/h3>\n<p><img decoding=\"async\" src=\"\/wp-content\/uploads\/factory-11.webp\"\/><\/p>\n<h3>CNC-Pr\u00e4zisionsbearbeitungswerkstatt<\/h3>\n<p><img decoding=\"async\" src=\"\/wp-content\/uploads\/factory-11.5.webp\"\/><\/p>\n<h3>Lager f\u00fcr Fertigprodukte und Export<\/h3>\n<p><img decoding=\"async\" src=\"\/wp-content\/uploads\/factory-12.webp\"\/><\/p>\n<p><img decoding=\"async\" src=\"\/wp-content\/uploads\/factory-13.webp\"\/><\/p>\n<p><img decoding=\"async\" src=\"\/wp-content\/uploads\/factory-14.webp\"\/><\/p>\n<h2>FAQ<\/h2>\n<p><b>1. was sind Fabrik CNC-Pr\u00e4zisions-Aluminiumteile?<\/b><\/p>\n<p>Factory CNC-Pr\u00e4zisionsaluminiumteile sind ma\u00dfgefertigte Aluminiumkomponenten, die mit Hilfe der CNC-Bearbeitungstechnologie hergestellt werden und hohe Pr\u00e4zision und Langlebigkeit f\u00fcr eine Vielzahl von industriellen Anwendungen gew\u00e4hrleisten.\n<\/p>\n<p><\/p>\n<p><b>2. warum Aluminium f\u00fcr CNC-Pr\u00e4zisionsteile w\u00e4hlen?<\/b><\/p>\n<p>Aluminium ist leicht, stabil, korrosionsbest\u00e4ndig und l\u00e4sst sich hervorragend bearbeiten, was es zu einem idealen Werkstoff f\u00fcr CNC-Pr\u00e4zisionsteile macht.\n<\/p>\n<p><\/p>\n<p><b>3. wie genau sind Factory CNC-Pr\u00e4zisions-Aluminiumteile?<\/b><\/p>\n<p>Werksgefertigte CNC-Pr\u00e4zisionsteile aus Aluminium werden mit hoher Genauigkeit hergestellt, wobei enge Toleranzen eingehalten werden und eine hervorragende Leistung in verschiedenen Anwendungen gew\u00e4hrleistet wird.\n<\/p>\n<p><\/p>\n<p><b>4. k\u00f6nnen Fabrik CNC-Pr\u00e4zisions-Aluminium-Teile angepasst werden?<\/b><\/p>\n<p>Ja, diese Aluminiumteile k\u00f6nnen leicht an spezifische Design- und Abmessungsanforderungen angepasst werden und bieten somit Flexibilit\u00e4t f\u00fcr verschiedene Anwendungen.\n<\/p>\n<p><\/p>\n<p><b>5. welche Branchen profitieren von Factory CNC Precision Aluminum Parts?<\/b><\/p>\n<p>Branchen wie die Luft- und Raumfahrt, die Automobilindustrie, die Elektronik und das verarbeitende Gewerbe profitieren von diesen Pr\u00e4zisionsteilen aufgrund ihrer Festigkeit, ihrer Haltbarkeit und ihrer leichten Eigenschaften.\n<\/p>\n<p><\/p>\n<p><b>6. wie schnell ist die Produktion von Fabrik CNC-Pr\u00e4zisions-Aluminiumteile?<\/b><\/p>\n<p>Der Produktionsprozess f\u00fcr CNC-Pr\u00e4zisionsteile aus Aluminium ist effizient und bietet kurze Durchlaufzeiten, um enge Projekttermine einzuhalten.\n<\/p>\n<p><\/p>\n<p><b>7. sind Fabrik CNC-Pr\u00e4zisions-Aluminium-Teile kosteng\u00fcnstig?<\/b><\/p>\n<p>Ja, der Herstellungsprozess dieser Teile ist kosteneffizient und erm\u00f6glicht es den Unternehmen, qualitativ hochwertige Komponenten zu wettbewerbsf\u00e4higen Preisen zu erhalten, ohne auf Pr\u00e4zision verzichten zu m\u00fcssen.\n<\/p>\n<p><\/p>","protected":false},"featured_media":8522,"template":"","categories":[68],"class_list":["post-8523","product","type-product","status-publish","has-post-thumbnail","hentry","category-cnc-machining-aluminum-profile"],"meta_box":{"hilight_text_group":{"product_hilight_text":"<li>High-precision CNC machining for aluminum parts<\/li>\r\r\n<li>Customizable designs to fit various industrial needs<\/li>\r\r\n<li>Cost-effective production with quick turnaround times<\/li>\r\r\n<li>Durable and lightweight aluminum material<\/li>\r\r\n<li>Suitable for a wide range of applications, including aerospace, automotive, and electronics<\/li>\r\r\n<li>High-quality surface finish with excellent dimensional accuracy<\/li>","product_chanpin_blog":"<ul>\r\r\n<li><a href=\"https:\/\/sinoextrud.com\/t-slot-v-slot-differences\/\" target=\"_blank\">t slot vs v slot<\/a><\/li>\r\r\n<li><a href=\"https:\/\/sinoextrud.com\/what-is-4040-aluminium-extrud\/\" target=\"_blank\">4040 aluminium extrusion<\/a><\/li>\r\r\n<li><a href=\"https:\/\/sinoextrud.com\/what-is-4040-aluminium-extrud\/\" target=\"_blank\">aluminum extrusions for industrial racks<\/a><\/li>\r\r\n<li><a href=\"https:\/\/sinoextrud.com\/powder-coating-aluminium-process\/\" target=\"_blank\">powder coating aluminium<\/a><\/li>\r\r\n<li><a href=\"https:\/\/sinoextrud.com\/what-is-an-aluminium-strip-ceiling\/\" target=\"_blank\">aluminium strip ceiling<\/a><\/li>\r\r\n<li><a href=\"https:\/\/sinoextrud.com\/what-is-a-heat-sink\/\" target=\"_blank\">what is a heat sink<\/a><\/li>\r\r\n<\/ul>","product_chanpin_chanpin":"<li><a href=\"https:\/\/sinoextrud.com\/product\/aluminum-cnc-profile\/\" target=\"_blank\">Aluminum CNC Profile<\/a><\/li>\r\n<li><a href=\"https:\/\/sinoextrud.com\/product\/extruded-aluminium-case\/\" target=\"_blank\">Extruded Aluminium Case<\/a><\/li>\r\n<li><a href=\"https:\/\/sinoextrud.com\/product\/aluminium-extrusion-enclosure\/\" target=\"_blank\">Aluminium Extrusion Enclosure<\/a><\/li>\r\n<li><a href=\"https:\/\/sinoextrud.com\/product\/aluminum-cnc-punching-parts\/\" target=\"_blank\">Aluminum CNC Punching Parts<\/a><\/li>\r\n<li><a href=\"https:\/\/sinoextrud.com\/product\/factory-cnc-precision-aluminum-parts\/\" target=\"_blank\">Factory Cnc Precision Aluminum Parts<\/a><\/li>\r\n<li><a href=\"https:\/\/sinoextrud.com\/product\/extruded-aluminium-housing\/\" target=\"_blank\">Extruded Aluminium Housing<\/a><\/li>\r\n<li><a href=\"https:\/\/sinoextrud.com\/product\/aluminum-panel-outlet-socket\/\" target=\"_blank\">Aluminum Panel Outlet Socket<\/a><\/li>\r\n<li><a href=\"https:\/\/sinoextrud.com\/product\/anodized-small-machining-aluminum-parts\/\" target=\"_blank\">Anodized Small Machining Aluminum Parts<\/a><\/li>\r\n<li><a href=\"https:\/\/sinoextrud.com\/product\/extruded-aluminum-heatsink-led-alloy-a6063-t5-extrusion-profiles-cutting-cnc-precision\/\" target=\"_blank\">extruded aluminum heatsink LED alloy a6063 t5 extrusion profiles cutting CNC precision<\/a><\/li>\r\n<li><a href=\"https:\/\/sinoextrud.com\/product\/20-year-warranty-6061-6063-aluminum-wood-grain-look-aluminum-extruded-square-rectangular-tube\/\" target=\"_blank\">20-Year Warranty 6061 6063 Aluminum Wood Grain Look Aluminum Extruded Square Rectangular Tube<\/a><\/li>\r\n<li><a href=\"https:\/\/sinoextrud.com\/product\/aluminum-extrusion-hard-anodizing-aluminum-profiles\/\" target=\"_blank\">Aluminum Extrusion Hard Anodizing Aluminum Profiles<\/a><\/li>"},"feature_list":[]},"_links":{"self":[{"href":"https:\/\/sinoextrud.com\/de\/wp-json\/wp\/v2\/product\/8523","targetHints":{"allow":["GET"]}}],"collection":[{"href":"https:\/\/sinoextrud.com\/de\/wp-json\/wp\/v2\/product"}],"about":[{"href":"https:\/\/sinoextrud.com\/de\/wp-json\/wp\/v2\/types\/product"}],"wp:featuredmedia":[{"embeddable":true,"href":"https:\/\/sinoextrud.com\/de\/wp-json\/wp\/v2\/media\/8522"}],"wp:attachment":[{"href":"https:\/\/sinoextrud.com\/de\/wp-json\/wp\/v2\/media?parent=8523"}],"wp:term":[{"taxonomy":"category","embeddable":true,"href":"https:\/\/sinoextrud.com\/de\/wp-json\/wp\/v2\/categories?post=8523"}],"curies":[{"name":"wp","href":"https:\/\/api.w.org\/{rel}","templated":true}]}}