{"id":8517,"date":"2025-06-17T01:43:51","date_gmt":"2025-06-17T01:43:51","guid":{"rendered":"https:\/\/sinoextrud.com\/product\/extruded-aluminium-case\/"},"modified":"2025-06-24T06:24:06","modified_gmt":"2025-06-24T06:24:06","slug":"gehause-aus-stranggepresstem-aluminium-4","status":"publish","type":"product","link":"https:\/\/sinoextrud.com\/de\/product\/extruded-aluminium-case\/","title":{"rendered":"Stranggepresstes Aluminiumgeh\u00e4use"},"content":{"rendered":"<h2>Produkte Details<\/h2>\n<table class=\"custom-table\">\n<tbody>\n<tr>\n<td> Modell Nr.:<\/td>\n<td> 6063<\/td>\n<\/tr>\n<tr>\n<td> Temperament:<\/td>\n<td> T5<\/td>\n<\/tr>\n<tr>\n<td> Oberfl\u00e4chenbehandlung:<\/td>\n<td> Sandstrahlen<\/td>\n<\/tr>\n<tr>\n<td> Legierung:<\/td>\n<td> Legierung<\/td>\n<\/tr>\n<tr>\n<td> Oberfl\u00e4che:<\/td>\n<td> Splitter<\/td>\n<\/tr>\n<tr>\n<td> Art:<\/td>\n<td> Aluminium-Profilkoffer<\/td>\n<\/tr>\n<tr>\n<td> Die Technik:<\/td>\n<td> Stranggepresst<\/td>\n<\/tr>\n<tr>\n<td> Warenzeichen:<\/td>\n<td> OEM<\/td>\n<\/tr>\n<tr>\n<td> Herkunft:<\/td>\n<td> Guangdong China<\/td>\n<\/tr>\n<tr>\n<td> Die Form:<\/td>\n<td> rechteckig<\/td>\n<\/tr>\n<tr>\n<td> Prozess:<\/td>\n<td> Formenbau -Extrusion -Schneiden - Stanzen - Beschichten - Verpacken<\/td>\n<\/tr>\n<tr>\n<td> Anwendung:<\/td>\n<td> Aluminium-Profile f\u00fcr Autoladungen<\/td>\n<\/tr>\n<tr>\n<td> Zertifizierung:<\/td>\n<td> EN, ASTM, GB\/T<\/td>\n<\/tr>\n<tr>\n<td> HS-Code:<\/td>\n<td> 7604299000<\/td>\n<\/tr>\n<tr>\n<td> Wanddicke:<\/td>\n<td> 1,4 mm. Kundenspezifisch verf\u00fcgbar<\/td>\n<\/tr>\n<tr>\n<td> Verpacken:<\/td>\n<td> Export-Standard, verpackt in PE-Firma jeder dann Abdeckung in Karton-Box dann verpackt mit Holzpalette<\/td>\n<\/tr>\n<tr>\n<td> Vorlaufzeit:<\/td>\n<td> Innerhalb von 30 Tagen nach Erhalt der Einzahlung<\/td>\n<\/tr>\n<tr>\n<td> Bemerkung:<\/td>\n<td> Spezifische Anforderungen an die Legierung, den H\u00e4rtegrad oder die Spezifikation k\u00f6nnen auf Ihre Anfrage hin er\u00f6rtert werden.<\/td>\n<\/tr>\n<\/tbody>\n<\/table>\n<h2>Unsere Produktionsbasis<\/h2>\n<h3>Fabrik-Panorama<\/h3>\n<p><img decoding=\"async\" src=\"\/wp-content\/uploads\/factory-01.webp\"\/><\/p>\n<h3>Werkstatt zur Herstellung von Aluminiumstangen<\/h3>\n<p><img decoding=\"async\" src=\"\/wp-content\/uploads\/factory-02.webp\"\/><\/p>\n<p><img decoding=\"async\" src=\"\/wp-content\/uploads\/factory-03.webp\"\/><\/p>\n<h3>Lagerhaus f\u00fcr Formen<\/h3>\n<p><img decoding=\"async\" src=\"\/wp-content\/uploads\/factory-04.webp\"\/><\/p>\n<h3>43 Aluminium-Strangpressanlagen (500\u00e2\u20ac\"5500 Tonnen)<\/h3>\n<p><img decoding=\"async\" src=\"\/wp-content\/uploads\/factory-05.webp\"\/><\/p>\n<p><img decoding=\"async\" src=\"\/wp-content\/uploads\/factory-06.webp\"\/><\/p>\n<p><img decoding=\"async\" src=\"\/wp-content\/uploads\/factory-07.webp\"\/><\/p>\n<h3>Werkstatt f\u00fcr Pulverbeschichtung<\/h3>\n<p><img decoding=\"async\" src=\"\/wp-content\/uploads\/factory-09.webp\"\/><\/p>\n<h3>Eloxal-Werkstatt<\/h3>\n<p><img decoding=\"async\" src=\"\/wp-content\/uploads\/factory-10.webp\"\/><\/p>\n<h3>Workshop zur Tiefenverarbeitung<\/h3>\n<p><img decoding=\"async\" src=\"\/wp-content\/uploads\/factory-11.webp\"\/><\/p>\n<h3>CNC-Pr\u00e4zisionsbearbeitungswerkstatt<\/h3>\n<p><img decoding=\"async\" src=\"\/wp-content\/uploads\/factory-11.5.webp\"\/><\/p>\n<h3>Lager f\u00fcr Fertigprodukte und Export<\/h3>\n<p><img decoding=\"async\" src=\"\/wp-content\/uploads\/factory-12.webp\"\/><\/p>\n<p><img decoding=\"async\" src=\"\/wp-content\/uploads\/factory-13.webp\"\/><\/p>\n<p><img decoding=\"async\" src=\"\/wp-content\/uploads\/factory-14.webp\"\/><\/p>\n<h2>FAQ<\/h2>\n<p><p><b>1. was ist ein stranggepresstes Aluminiumgeh\u00e4use?<\/b><\/p>\n<p>Ein stranggepresstes Aluminiumgeh\u00e4use ist ein Schutzgeh\u00e4use aus stranggepresstem Aluminium, das zur Unterbringung und zum Schutz von Bauteilen dient und h\u00e4ufig in industriellen und elektronischen Anwendungen eingesetzt wird.<br \/>\n<\/p><br \/>\n<br \/>\n<p><b>2. was sind die Vorteile von stranggepressten Aluminiumgeh\u00e4usen?<\/b><\/p>\n<p>Stranggepresste Aluminiumgeh\u00e4use sind langlebig, leicht, korrosionsbest\u00e4ndig, individuell anpassbar und bieten hervorragenden Schutz f\u00fcr empfindliche Komponenten in verschiedenen Branchen.<br \/>\n<\/p><br \/>\n<br \/>\n<p><b>3. k\u00f6nnen stranggepresste Aluminiumkoffer angepasst werden?<\/b><\/p>\n<p>Ja, stranggepresste Aluminiumgeh\u00e4use k\u00f6nnen in Bezug auf Gr\u00f6\u00dfe, Form und Design individuell angepasst werden, um spezifische Anwendungs- und Schutzanforderungen zu erf\u00fcllen.<br \/>\n<\/p><br \/>\n<br \/>\n<p><b>4. wie wirkt sich die Korrosionsbest\u00e4ndigkeit von stranggepressten Aluminiumgeh\u00e4usen aus?<\/b><\/p>\n<p>Die Korrosionsbest\u00e4ndigkeit von stranggepressten Aluminiumgeh\u00e4usen stellt sicher, dass sie ihre Festigkeit und ihr Aussehen auch unter rauen Umweltbedingungen beibehalten und ihre Lebensdauer verl\u00e4ngern.<br \/>\n<\/p><br \/>\n<br \/>\n<p><b>5. welche Branchen verwenden stranggepresste Aluminiumgeh\u00e4use?<\/b><\/p>\n<p>Stranggepresste Aluminiumgeh\u00e4use werden h\u00e4ufig in Branchen wie der Elektronik-, Automobil-, Luft- und Raumfahrt- sowie der Telekommunikationsindustrie zum Schutz empfindlicher Ger\u00e4te und Komponenten eingesetzt.<br \/>\n<\/p><br \/>\n<br \/>\n<p><b>6. wie verbessert die Leichtbauweise von stranggepressten Aluminiumgeh\u00e4usen die Effizienz?<\/b><\/p>\n<p>Dank der leichten Bauweise sind stranggepresste Aluminiumkoffer einfach zu handhaben und zu installieren, wodurch das Gesamtgewicht der Ausr\u00fcstung reduziert und die Effizienz des Systems insgesamt verbessert wird.<br \/>\n<\/p><br \/>\n<br \/>\n<p><b>7. sind stranggepresste Aluminiumkoffer umweltfreundlich?<\/b><\/p>\n<p>Ja, Aluminium ist ein recycelbares Material, und stranggepresste Aluminiumkoffer sind eine umweltfreundliche Option f\u00fcr eine nachhaltige Produktion.<br \/>\n<\/p><br \/>\n<br \/>\n<p><b>8. wie profitiert die Elektronik von der W\u00e4rmeableitung bei stranggepressten Aluminiumgeh\u00e4usen?<\/b><\/p>\n<p>Die W\u00e4rmeableitungseigenschaften von stranggepressten Aluminiumgeh\u00e4usen tragen dazu bei, die Temperatur elektronischer Ger\u00e4te zu regulieren, eine \u00dcberhitzung zu verhindern und eine optimale Leistung zu gew\u00e4hrleisten.<br \/>\n<\/p><br \/><\/p>","protected":false},"featured_media":8516,"template":"","categories":[68],"class_list":["post-8517","product","type-product","status-publish","has-post-thumbnail","hentry","category-cnc-machining-aluminum-profile"],"meta_box":{"hilight_text_group":{"product_hilight_text":"<li>Durable extruded aluminum casing offers superior protection for sensitive components.<\/li>\r\r\n<li>Lightweight yet strong, providing a sturdy and reliable solution for industrial applications.<\/li>\r\r\n<li>Customizable sizes and designs to meet specific packaging and enclosure requirements.<\/li>\r\r\n<li>Corrosion-resistant surface for long-lasting performance in various environments.<\/li>\r\r\n<li>Efficient production process for both small and large-scale manufacturing runs.<\/li>\r\r\n<li>Excellent heat dissipation properties, ideal for electronic devices and equipment.<\/li>\r\r\n<li>Eco-friendly, as aluminum is fully recyclable, contributing to sustainability.<\/li>","product_chanpin_blog":"<ul>\r\r\n<li><a href=\"https:\/\/sinoextrud.com\/t-slot-v-slot-differences\/\" target=\"_blank\">t slot vs v slot<\/a><\/li>\r\r\n<li><a href=\"https:\/\/sinoextrud.com\/what-is-4040-aluminium-extrud\/\" target=\"_blank\">4040 aluminium extrusion<\/a><\/li>\r\r\n<li><a href=\"https:\/\/sinoextrud.com\/what-is-4040-aluminium-extrud\/\" target=\"_blank\">aluminum extrusions for industrial racks<\/a><\/li>\r\r\n<li><a href=\"https:\/\/sinoextrud.com\/powder-coating-aluminium-process\/\" target=\"_blank\">powder coating aluminium<\/a><\/li>\r\r\n<li><a href=\"https:\/\/sinoextrud.com\/what-is-an-aluminium-strip-ceiling\/\" target=\"_blank\">aluminium strip ceiling<\/a><\/li>\r\r\n<li><a href=\"https:\/\/sinoextrud.com\/what-is-a-heat-sink\/\" target=\"_blank\">what is a heat sink<\/a><\/li>\r\r\n<\/ul>","product_chanpin_chanpin":"<li><a href=\"https:\/\/sinoextrud.com\/product\/aluminum-profile-for-cnc\/\" target=\"_blank\">Aluminum Profile For CNC<\/a><\/li>\r\n<li><a href=\"https:\/\/sinoextrud.com\/product\/aluminium-profile-bending\/\" target=\"_blank\">Aluminium Profile Bending<\/a><\/li>\r\n<li><a href=\"https:\/\/sinoextrud.com\/product\/aluminum-extruded-handles\/\" target=\"_blank\">Aluminum Extruded Handles<\/a><\/li>\r\n<li><a href=\"https:\/\/sinoextrud.com\/product\/aluminum-cnc-profile\/\" target=\"_blank\">Aluminum CNC Profile<\/a><\/li>\r\n<li><a href=\"https:\/\/sinoextrud.com\/product\/extruded-aluminium-case\/\" target=\"_blank\">Extruded Aluminium Case<\/a><\/li>\r\n<li><a href=\"https:\/\/sinoextrud.com\/product\/aluminium-extrusion-enclosure\/\" target=\"_blank\">Aluminium Extrusion Enclosure<\/a><\/li>\r\n<li><a href=\"https:\/\/sinoextrud.com\/product\/aluminum-cnc-punching-parts\/\" target=\"_blank\">Aluminum CNC Punching Parts<\/a><\/li>\r\n<li><a href=\"https:\/\/sinoextrud.com\/product\/factory-cnc-precision-aluminum-parts\/\" target=\"_blank\">Factory Cnc Precision Aluminum Parts<\/a><\/li>\r\n<li><a href=\"https:\/\/sinoextrud.com\/product\/extruded-aluminium-housing\/\" target=\"_blank\">Extruded Aluminium Housing<\/a><\/li>\r\n<li><a href=\"https:\/\/sinoextrud.com\/product\/gb-matt-anodized-aluminium\/\" target=\"_blank\">GB Matt Anodized Aluminium<\/a><\/li>\r\n<li><a href=\"https:\/\/sinoextrud.com\/product\/half-round-aluminum-extrusion\/\" target=\"_blank\">Half Round Aluminum Extrusion<\/a><\/li>"},"feature_list":[]},"_links":{"self":[{"href":"https:\/\/sinoextrud.com\/de\/wp-json\/wp\/v2\/product\/8517","targetHints":{"allow":["GET"]}}],"collection":[{"href":"https:\/\/sinoextrud.com\/de\/wp-json\/wp\/v2\/product"}],"about":[{"href":"https:\/\/sinoextrud.com\/de\/wp-json\/wp\/v2\/types\/product"}],"wp:featuredmedia":[{"embeddable":true,"href":"https:\/\/sinoextrud.com\/de\/wp-json\/wp\/v2\/media\/8516"}],"wp:attachment":[{"href":"https:\/\/sinoextrud.com\/de\/wp-json\/wp\/v2\/media?parent=8517"}],"wp:term":[{"taxonomy":"category","embeddable":true,"href":"https:\/\/sinoextrud.com\/de\/wp-json\/wp\/v2\/categories?post=8517"}],"curies":[{"name":"wp","href":"https:\/\/api.w.org\/{rel}","templated":true}]}}