{"id":8509,"date":"2025-06-17T01:33:06","date_gmt":"2025-06-17T01:33:06","guid":{"rendered":"https:\/\/sinoextrud.com\/product\/aluminum-profile-for-cnc\/"},"modified":"2025-06-24T06:24:05","modified_gmt":"2025-06-24T06:24:05","slug":"aluminiumprofil-fur-cnc","status":"publish","type":"product","link":"https:\/\/sinoextrud.com\/de\/product\/aluminum-profile-for-cnc\/","title":{"rendered":"Aluminiumprofil f\u00fcr CNC"},"content":{"rendered":"<h2>Produkte Details<\/h2>\n<table class=\"custom-table\">\n<tbody>\n<tr>\n<td> Name des Artikels:<\/td>\n<td> Aluminiumprofil f\u00fcr CNC<\/td>\n<td> Anwendung:<\/td>\n<td> Bauwesen; Industrie; usw.<\/td>\n<\/tr>\n<tr>\n<td> Note:<\/td>\n<td> Serien 1000, 3000, 6000, 7000<\/td>\n<td> Vertr\u00e4glichkeit:<\/td>\n<td> \u00b10,5%<\/td>\n<\/tr>\n<tr>\n<td> Temperament:<\/td>\n<td> T3-T8<\/td>\n<td> Die Form:<\/td>\n<td> Kundenspezifisch<\/td>\n<\/tr>\n<tr>\n<td> Legierung oder nicht:<\/td>\n<td> Ist Legierung<\/td>\n<td> Legierung:<\/td>\n<td> 6063-T5 \/6061-T6 Legierung<\/td>\n<\/tr>\n<tr>\n<td> Standard:<\/td>\n<td> Mittlere und hohe Qualit\u00e4t<\/td>\n<td> Garantiert:<\/td>\n<td> Kundenzertifikat, wie BV, Soncap, ISO<\/td>\n<\/tr>\n<tr>\n<td> MOQ:<\/td>\n<td> 200KGS f\u00fcr jeden Artikel und jede Farbe<\/td>\n<td> L\u00e4nge der Ausfuhr:<\/td>\n<td> 5.8m f\u00fcr 20ft , 5.9m \/6.0m f\u00fcr 40'GP<\/td>\n<\/tr>\n<tr>\n<td> Lieferzeiten:<\/td>\n<td> 15-21 Tage nach Erhalt der Anzahlung<\/td>\n<td> Monatlicher Output:<\/td>\n<td> 15.000 Tonnen<\/td>\n<\/tr>\n<tr>\n<td> Einzelheiten zur Verpackung:<\/td>\n<td> Innen: verpackt Schutzfolie f\u00fcr jeden PC zu sch\u00fctzen.<br \/>\nAu\u00dfen: mit wasserfestem Bastelpapier auf der Oberfl\u00e4che verpackt.<\/td>\n<td> Hafen:<\/td>\n<td> ShenZhen, Guangzhou, Foshan<\/td>\n<\/tr>\n<tr>\n<td> Lieferf\u00e4higkeit:<\/td>\n<td> 15.000 Tonne\/Tonnen pro Monat Industrielles Aluminiumprofil<\/td>\n<td> Bearbeitungsservice:<\/td>\n<td> Biegen, Abwickeln, Schwei\u00dfen, Stanzen, Schneiden<\/td>\n<\/tr>\n<\/tbody>\n<\/table>\n<h2>Unsere Produktionsbasis<\/h2>\n<h3>Fabrik-Panorama<\/h3>\n<p><img decoding=\"async\" src=\"\/wp-content\/uploads\/factory-01.webp\"\/><\/p>\n<h3>Werkstatt zur Herstellung von Aluminiumstangen<\/h3>\n<p><img decoding=\"async\" src=\"\/wp-content\/uploads\/factory-02.webp\"\/><\/p>\n<\/p>\n<p><img decoding=\"async\" src=\"\/wp-content\/uploads\/factory-03.webp\"\/><\/p>\n<h3>Lagerhaus f\u00fcr Formen<\/h3>\n<p><img decoding=\"async\" src=\"\/wp-content\/uploads\/factory-04.webp\"\/><\/p>\n<h3>43 Aluminium-Strangpressanlagen (500-5500 Tonnen)<\/h3>\n<p><img decoding=\"async\" src=\"\/wp-content\/uploads\/factory-05.webp\"\/><\/p>\n<p><img decoding=\"async\" src=\"\/wp-content\/uploads\/factory-06.webp\"\/><\/p>\n<p><img decoding=\"async\" src=\"\/wp-content\/uploads\/factory-07.webp\"\/><\/p>\n<h3>Werkstatt f\u00fcr Pulverbeschichtung<\/h3>\n<p><img decoding=\"async\" src=\"\/wp-content\/uploads\/factory-09.webp\"\/><\/p>\n<h3>Eloxal-Werkstatt<\/h3>\n<p><img decoding=\"async\" src=\"\/wp-content\/uploads\/factory-10.webp\"\/><\/p>\n<h3>Workshop zur Tiefenverarbeitung<\/h3>\n<p><img decoding=\"async\" src=\"\/wp-content\/uploads\/factory-11.webp\"\/><\/p>\n<h3>CNC-Pr\u00e4zisionsbearbeitungswerkstatt<\/h3>\n<p><img decoding=\"async\" src=\"\/wp-content\/uploads\/factory-11.5.webp\"\/><\/p>\n<h3>Lager f\u00fcr Fertigprodukte und Export<\/h3>\n<p><img decoding=\"async\" src=\"\/wp-content\/uploads\/factory-12.webp\"\/><\/p>\n<p><img decoding=\"async\" src=\"\/wp-content\/uploads\/factory-13.webp\"\/><\/p>\n<p><img decoding=\"async\" src=\"\/wp-content\/uploads\/factory-14.webp\"\/><\/p>\n<h2>FAQ<\/h2>\n<p><b>1. was ist Aluminium-Profil f\u00fcr CNC?<\/b><\/p>\n<p>Aluminiumprofile f\u00fcr CNC beziehen sich auf Aluminiumkomponenten, die speziell f\u00fcr den Einsatz in der CNC-Bearbeitung entwickelt und hergestellt werden und hohe Pr\u00e4zision und Zuverl\u00e4ssigkeit bei Bearbeitungsprozessen bieten.\n<\/p>\n<p><\/p>\n<p><b>2. was sind die Vorteile der Verwendung von Aluminiumprofilen f\u00fcr die CNC-Bearbeitung?<\/b><\/p>\n<p>Aluminiumprofile f\u00fcr die CNC-Bearbeitung bieten hohe Pr\u00e4zision, Anpassungsf\u00e4higkeit und Langlebigkeit und sind daher ideal f\u00fcr verschiedene CNC-Anwendungen in allen Branchen.\n<\/p>\n<p><\/p>\n<p><b>3. k\u00f6nnen Aluminium-Profile f\u00fcr CNC-Maschinen angepasst werden?<\/b><\/p>\n<p>Ja, Aluminiumprofile k\u00f6nnen vollst\u00e4ndig an spezifische Designanforderungen f\u00fcr verschiedene CNC-Maschinen angepasst werden, um Kompatibilit\u00e4t und optimale Leistung zu gew\u00e4hrleisten.\n<\/p>\n<p><\/p>\n<p><b>4. wie verbessert das Aluminiumprofil f\u00fcr CNC die Bearbeitungsgenauigkeit?<\/b><\/p>\n<p>Die hochwertige, pr\u00e4zisionsgefertigte Konstruktion von Aluminiumprofilen gew\u00e4hrleistet enge Toleranzen und genaue Abmessungen, was zu hervorragenden Bearbeitungsergebnissen f\u00fchrt.\n<\/p>\n<p><\/p>\n<p><b>5. sind Aluminium-Profile f\u00fcr CNC kosteng\u00fcnstig?<\/b><\/p>\n<p>Ja, Aluminiumprofile f\u00fcr CNC sind kosteneffektiv und bieten erschwingliche L\u00f6sungen sowohl f\u00fcr kleine als auch f\u00fcr gro\u00dfe CNC-Prozesse, ohne Kompromisse bei der Qualit\u00e4t einzugehen.\n<\/p>\n<p><\/p>\n<p><b>6. welche Branchen verwenden Aluminium-Profile f\u00fcr CNC?<\/b><\/p>\n<p>Branchen wie die verarbeitende Industrie, die Luft- und Raumfahrt, die Automobilindustrie und die Elektronik verwenden Aluminiumprofile f\u00fcr CNC, um hochwertige, pr\u00e4zise Komponenten herzustellen.\n<\/p>\n<p><\/p>\n<p><b>7. wie wirkt sich die Korrosionsbest\u00e4ndigkeit von Aluminiumprofilen auf die CNC-Bearbeitung aus?<\/b><\/p>\n<p>Die Korrosionsbest\u00e4ndigkeit sorgt daf\u00fcr, dass Aluminiumprofile ihre Festigkeit und Leistung auch in rauen Umgebungen \u00fcber lange Zeit beibehalten, was sie zu einer zuverl\u00e4ssigen Wahl f\u00fcr die CNC-Bearbeitung macht.\n<\/p>\n<p><\/p>\n<p><b>8. ist Aluminium-Profil f\u00fcr CNC umweltfreundlich?<\/b><\/p>\n<p>Ja, Aluminium ist ein recycelbares Material, was Aluminiumprofile f\u00fcr CNC eine umweltfreundliche und nachhaltige Option f\u00fcr Fertigungsprozesse darstellt.\n<\/p>\n<p><\/p>","protected":false},"featured_media":8508,"template":"","categories":[68],"class_list":["post-8509","product","type-product","status-publish","has-post-thumbnail","hentry","category-cnc-machining-aluminum-profile"],"meta_box":{"hilight_text_group":{"product_hilight_text":"<li>High-precision aluminum profiles designed for CNC machining applications.<\/li>\r\r\n<li>Customizable designs to fit specific CNC machine requirements and projects.<\/li>\r\r\n<li>Durable and lightweight material for long-lasting performance and easy handling.<\/li>\r\r\n<li>Excellent surface finish and dimensional accuracy for superior results.<\/li>\r\r\n<li>Corrosion-resistant properties ensure the profiles perform well in various environments.<\/li>\r\r\n<li>Cost-effective manufacturing solution for both small and large-scale CNC operations.<\/li>\r\r\n<li>Eco-friendly, with aluminum being fully recyclable for sustainable production.<\/li>","product_chanpin_blog":"<ul>\r\r\n<li><a href=\"https:\/\/sinoextrud.com\/t-slot-v-slot-differences\/\" target=\"_blank\">t slot vs v slot<\/a><\/li>\r\r\n<li><a href=\"https:\/\/sinoextrud.com\/what-is-4040-aluminium-extrud\/\" target=\"_blank\">4040 aluminium extrusion<\/a><\/li>\r\r\n<li><a href=\"https:\/\/sinoextrud.com\/what-is-4040-aluminium-extrud\/\" target=\"_blank\">aluminum extrusions for industrial racks<\/a><\/li>\r\r\n<li><a href=\"https:\/\/sinoextrud.com\/powder-coating-aluminium-process\/\" target=\"_blank\">powder coating aluminium<\/a><\/li>\r\r\n<li><a href=\"https:\/\/sinoextrud.com\/what-is-an-aluminium-strip-ceiling\/\" target=\"_blank\">aluminium strip ceiling<\/a><\/li>\r\r\n<li><a href=\"https:\/\/sinoextrud.com\/what-is-a-heat-sink\/\" target=\"_blank\">what is a heat sink<\/a><\/li>\r\r\n<\/ul>","product_chanpin_chanpin":"<li><a href=\"https:\/\/sinoextrud.com\/product\/cnc-aluminum-curved-profiles-tubes\/\" target=\"_blank\">CNC Aluminum Curved Profiles Tubes<\/a><\/li>\r\n<li><a href=\"https:\/\/sinoextrud.com\/product\/custom-aluminum-extrusion-cnc-machining-aluminum-profile\/\" target=\"_blank\">Custom Aluminum Extrusion CNC Machining Aluminum Profile<\/a><\/li>\r\n<li><a href=\"https:\/\/sinoextrud.com\/product\/custom-3003-aluminum-tube-bending-coolant-tubes\/\" target=\"_blank\">Custom 3003 Aluminum Tube Bending Coolant Tubes<\/a><\/li>\r\n<li><a href=\"https:\/\/sinoextrud.com\/product\/aluminum-extrusion-curtain-wall\/\" target=\"_blank\">Aluminum Extrusion Curtain Wall<\/a><\/li>\r\n<li><a href=\"https:\/\/sinoextrud.com\/product\/aluminum-profile-for-cnc\/\" target=\"_blank\">Aluminum Profile For CNC<\/a><\/li>\r\n<li><a href=\"https:\/\/sinoextrud.com\/product\/aluminium-profile-bending\/\" target=\"_blank\">Aluminium Profile Bending<\/a><\/li>\r\n<li><a href=\"https:\/\/sinoextrud.com\/product\/aluminum-extruded-handles\/\" target=\"_blank\">Aluminum Extruded Handles<\/a><\/li>\r\n<li><a href=\"https:\/\/sinoextrud.com\/product\/aluminum-cnc-profile\/\" target=\"_blank\">Aluminum CNC Profile<\/a><\/li>\r\n<li><a href=\"https:\/\/sinoextrud.com\/product\/extruded-aluminium-case\/\" target=\"_blank\">Extruded Aluminium Case<\/a><\/li>\r\n<li><a href=\"https:\/\/sinoextrud.com\/product\/aluminum-casement-door\/\" target=\"_blank\">Aluminum Casement Door<\/a><\/li>\r\n<li><a href=\"https:\/\/sinoextrud.com\/product\/aluminum-t-section-extrusions\/\" target=\"_blank\">Aluminum T Section Extrusions<\/a><\/li>"},"feature_list":[]},"_links":{"self":[{"href":"https:\/\/sinoextrud.com\/de\/wp-json\/wp\/v2\/product\/8509","targetHints":{"allow":["GET"]}}],"collection":[{"href":"https:\/\/sinoextrud.com\/de\/wp-json\/wp\/v2\/product"}],"about":[{"href":"https:\/\/sinoextrud.com\/de\/wp-json\/wp\/v2\/types\/product"}],"wp:featuredmedia":[{"embeddable":true,"href":"https:\/\/sinoextrud.com\/de\/wp-json\/wp\/v2\/media\/8508"}],"wp:attachment":[{"href":"https:\/\/sinoextrud.com\/de\/wp-json\/wp\/v2\/media?parent=8509"}],"wp:term":[{"taxonomy":"category","embeddable":true,"href":"https:\/\/sinoextrud.com\/de\/wp-json\/wp\/v2\/categories?post=8509"}],"curies":[{"name":"wp","href":"https:\/\/api.w.org\/{rel}","templated":true}]}}