{"id":8507,"date":"2025-06-17T01:31:55","date_gmt":"2025-06-17T01:31:55","guid":{"rendered":"https:\/\/sinoextrud.com\/product\/aluminum-extrusion-curtain-wall\/"},"modified":"2025-06-24T06:24:04","modified_gmt":"2025-06-24T06:24:04","slug":"aluminium-strangpressprofil-fassade","status":"publish","type":"product","link":"https:\/\/sinoextrud.com\/de\/product\/aluminum-extrusion-curtain-wall\/","title":{"rendered":"Aluminium-Strangpressprofil Vorhangwand"},"content":{"rendered":"<h2>Produkte Details<\/h2>\n<table class=\"custom-table\">\n<tr>\n<td class=\"label\">Art:<\/td>\n<td> Aluminium-Strangpressprofil f\u00fcr Vorhangw\u00e4nde<\/td>\n<\/tr>\n<tr>\n<td class=\"label\">Temperament:<\/td>\n<td> T3-T8<\/td>\n<\/tr>\n<tr>\n<td class=\"label\">Legierung:<\/td>\n<td> Ist Legierung<\/td>\n<\/tr>\n<tr>\n<td class=\"label\">Note:<\/td>\n<td> Serie 6000<\/td>\n<\/tr>\n<tr>\n<td class=\"label\">Temperament:<\/td>\n<td> T3-T8<\/td>\n<\/tr>\n<tr>\n<td class=\"label\">Oberfl\u00e4chenveredelung:<\/td>\n<td> Anodische Oxidation<\/td>\n<\/tr>\n<tr>\n<td class=\"label\">Zertifizierung:<\/td>\n<td> CE, ISO, TUV<\/td>\n<\/tr>\n<tr>\n<td class=\"label\">Spezifikation:<\/td>\n<td> OEM<\/td>\n<\/tr>\n<tr>\n<td class=\"label\">Transport-Paket:<\/td>\n<td> je nach Anforderung des Kunden<\/td>\n<\/tr>\n<tr>\n<td class=\"label\">Herkunft:<\/td>\n<td> Foshan, China<\/td>\n<\/tr>\n<\/table>\n<h2>Unsere Produktionsbasis<\/h2>\n<h3>Fabrik-Panorama<\/h3>\n<p><img decoding=\"async\" src=\"\/wp-content\/uploads\/factory-01.webp\"\/><\/p>\n<h3>Werkstatt zur Herstellung von Aluminiumstangen<\/h3>\n<p><img decoding=\"async\" src=\"\/wp-content\/uploads\/factory-02.webp\"\/><\/p>\n<p><img decoding=\"async\" src=\"\/wp-content\/uploads\/factory-03.webp\"\/><\/p>\n<h3>Lagerhaus f\u00fcr Formen<\/h3>\n<p><img decoding=\"async\" src=\"\/wp-content\/uploads\/factory-04.webp\"\/><\/p>\n<h3>43 Aluminium-Strangpressanlagen (500-5500 Tonnen)<\/h3>\n<p><img decoding=\"async\" src=\"\/wp-content\/uploads\/factory-05.webp\"\/><\/p>\n<p><img decoding=\"async\" src=\"\/wp-content\/uploads\/factory-06.webp\"\/><\/p>\n<p><img decoding=\"async\" src=\"\/wp-content\/uploads\/factory-07.webp\"\/><\/p>\n<h3>Werkstatt f\u00fcr Pulverbeschichtung<\/h3>\n<p><img decoding=\"async\" src=\"\/wp-content\/uploads\/factory-09.webp\"\/><\/p>\n<h3>Eloxal-Werkstatt<\/h3>\n<p><img decoding=\"async\" src=\"\/wp-content\/uploads\/factory-10.webp\"\/><\/p>\n<h3>Workshop zur Tiefenverarbeitung<\/h3>\n<p><img decoding=\"async\" src=\"\/wp-content\/uploads\/factory-11.webp\"\/><\/p>\n<h3>CNC-Pr\u00e4zisionsbearbeitungswerkstatt<\/h3>\n<p><img decoding=\"async\" src=\"\/wp-content\/uploads\/factory-11.5.webp\"\/><\/p>\n<h3>Lager f\u00fcr Fertigprodukte und Export<\/h3>\n<p><img decoding=\"async\" src=\"\/wp-content\/uploads\/factory-12.webp\"\/><\/p>\n<p><img decoding=\"async\" src=\"\/wp-content\/uploads\/factory-13.webp\"\/><\/p>\n<p><img decoding=\"async\" src=\"\/wp-content\/uploads\/factory-14.webp\"\/><\/p>\n<h2>FAQ<\/h2>\n<p><p><b>1. was ist eine Aluminium Extrusion Curtain Wall?<\/b><\/p>\n<p>Eine stranggepresste Aluminiumfassade ist ein Fassadensystem aus stranggepressten Aluminiumkomponenten, das Haltbarkeit und \u00c4sthetik f\u00fcr Gesch\u00e4fts- und Wohngeb\u00e4ude bietet.<br \/>\n<\/p><br \/>\n<br \/>\n<p><b>2. was sind die Vorteile von Aluminium Extrusion Curtain Walls?<\/b><\/p>\n<p>Stranggepresste Aluminiumvorh\u00e4nge bieten Haltbarkeit, Korrosionsbest\u00e4ndigkeit, Energieeffizienz und Designflexibilit\u00e4t und sind damit ideal f\u00fcr moderne Geb\u00e4udeau\u00dfenw\u00e4nde.<br \/>\n<\/p><br \/>\n<br \/>\n<p><b>3. wie verbessert die Aluminiumextrusion die Geb\u00e4uded\u00e4mmung?<\/b><\/p>\n<p>Aluminium-Strangpressprofile verbessern die Geb\u00e4uded\u00e4mmung durch ihre hervorragende Witterungsbest\u00e4ndigkeit und tragen dazu bei, die Innentemperatur zu halten und die Energiekosten zu senken.<br \/>\n<\/p><br \/>\n<br \/>\n<p><b>4. ist Aluminium korrosionsbest\u00e4ndig?<\/b><\/p>\n<p>Ja, Aluminium ist \u00e4u\u00dferst korrosionsbest\u00e4ndig und eignet sich daher hervorragend f\u00fcr Au\u00dfenanwendungen wie Vorhangfassaden, die den Elementen ausgesetzt sind.<br \/>\n<\/p><br \/>\n<br \/>\n<p><b>5. k\u00f6nnen Aluminium Extrusion Vorhang W\u00e4nde angepasst werden?<\/b><\/p>\n<p>Ja, Vorhangw\u00e4nde aus stranggepresstem Aluminium k\u00f6nnen auf spezifische architektonische und \u00e4sthetische Anforderungen zugeschnitten werden und bieten verschiedene Oberfl\u00e4chen und Formen.<br \/>\n<\/p><br \/>\n<br \/>\n<p><b>6. welche Industrien verwenden Aluminium Extrusion Curtain Walls?<\/b><\/p>\n<p>Aluminium-Strangpressprofile werden in der Bau- und Architekturbranche h\u00e4ufig f\u00fcr Fassaden von Gesch\u00e4fts- und Wohngeb\u00e4uden verwendet.<br \/>\n<\/p><br \/>\n<br \/>\n<p><b>7 Sind Vorhangw\u00e4nde aus stranggepresstem Aluminium umweltfreundlich?<\/b><\/p>\n<p>Ja, Aluminium ist ein nachhaltiges und wiederverwertbares Material, was Aluminium-Strangpressvorh\u00e4nge zu einer umweltfreundlichen Wahl f\u00fcr Bauprojekte macht.<br \/>\n<\/p><br \/>\n<br \/>\n<p><b>8. wie hoch ist die Kosteneffizienz von Aluminium-Strangpressprofilen f\u00fcr Vorhangw\u00e4nde?<\/b><\/p>\n<p>Aluminium-Strangpressw\u00e4nde sind aufgrund ihrer langen Lebensdauer, ihres geringen Wartungsaufwands und ihrer F\u00e4higkeit, die Energiekosten zu senken, kosteneffizient und daher ideal f\u00fcr gro\u00dfe Bauprojekte.<br \/>\n<\/p><br \/><\/p>","protected":false},"featured_media":8506,"template":"","categories":[68],"class_list":["post-8507","product","type-product","status-publish","has-post-thumbnail","hentry","category-cnc-machining-aluminum-profile"],"meta_box":{"hilight_text_group":{"product_hilight_text":"<li>Durable and lightweight aluminum extrusion for long-lasting performance.<\/li>\r\r\n<li>Excellent resistance to corrosion, making it suitable for outdoor applications.<\/li>\r\r\n<li>Customizable design options to meet specific architectural and aesthetic needs.<\/li>\r\r\n<li>Energy-efficient and weather-resistant, providing enhanced building insulation.<\/li>\r\r\n<li>Easy to install with precision engineering for a perfect fit.<\/li>\r\r\n<li>Cost-effective solution for large-scale construction projects.<\/li>\r\r\n<li>Environmentally friendly, as aluminum is fully recyclable.<\/li>","product_chanpin_blog":"<ul>\r\r\n<li><a href=\"https:\/\/sinoextrud.com\/t-slot-v-slot-differences\/\" target=\"_blank\">t slot vs v slot<\/a><\/li>\r\r\n<li><a href=\"https:\/\/sinoextrud.com\/what-is-4040-aluminium-extrud\/\" target=\"_blank\">4040 aluminium extrusion<\/a><\/li>\r\r\n<li><a href=\"https:\/\/sinoextrud.com\/what-is-4040-aluminium-extrud\/\" target=\"_blank\">aluminum extrusions for industrial racks<\/a><\/li>\r\r\n<li><a href=\"https:\/\/sinoextrud.com\/powder-coating-aluminium-process\/\" target=\"_blank\">powder coating aluminium<\/a><\/li>\r\r\n<li><a href=\"https:\/\/sinoextrud.com\/what-is-an-aluminium-strip-ceiling\/\" target=\"_blank\">aluminium strip ceiling<\/a><\/li>\r\r\n<li><a href=\"https:\/\/sinoextrud.com\/what-is-a-heat-sink\/\" target=\"_blank\">what is a heat sink<\/a><\/li>\r\r\n<\/ul>","product_chanpin_chanpin":"<li><a href=\"https:\/\/sinoextrud.com\/product\/cnc-machining-anodized-item-extruded-aluminum\/\" target=\"_blank\">CNC Machining Anodized Item Extruded Aluminum<\/a><\/li>\r\n<li><a href=\"https:\/\/sinoextrud.com\/product\/cnc-aluminum-curved-profiles-tubes\/\" target=\"_blank\">CNC Aluminum Curved Profiles Tubes<\/a><\/li>\r\n<li><a href=\"https:\/\/sinoextrud.com\/product\/custom-aluminum-extrusion-cnc-machining-aluminum-profile\/\" target=\"_blank\">Custom Aluminum Extrusion CNC Machining Aluminum Profile<\/a><\/li>\r\n<li><a href=\"https:\/\/sinoextrud.com\/product\/custom-3003-aluminum-tube-bending-coolant-tubes\/\" target=\"_blank\">Custom 3003 Aluminum Tube Bending Coolant Tubes<\/a><\/li>\r\n<li><a href=\"https:\/\/sinoextrud.com\/product\/aluminum-extrusion-curtain-wall\/\" target=\"_blank\">Aluminum Extrusion Curtain Wall<\/a><\/li>\r\n<li><a href=\"https:\/\/sinoextrud.com\/product\/aluminum-profile-for-cnc\/\" target=\"_blank\">Aluminum Profile For CNC<\/a><\/li>\r\n<li><a href=\"https:\/\/sinoextrud.com\/product\/aluminium-profile-bending\/\" target=\"_blank\">Aluminium Profile Bending<\/a><\/li>\r\n<li><a href=\"https:\/\/sinoextrud.com\/product\/aluminum-extruded-handles\/\" target=\"_blank\">Aluminum Extruded Handles<\/a><\/li>\r\n<li><a href=\"https:\/\/sinoextrud.com\/product\/aluminum-cnc-profile\/\" target=\"_blank\">Aluminum CNC Profile<\/a><\/li>\r\n<li><a href=\"https:\/\/sinoextrud.com\/product\/aluminum-door-frame-profile\/\" target=\"_blank\">Aluminum Door Frame Profile<\/a><\/li>\r\n<li><a href=\"https:\/\/sinoextrud.com\/product\/aluminum-square-tube-in-wooden-grain\/\" target=\"_blank\">Aluminum Square Tube In Wooden Grain<\/a><\/li>"},"feature_list":[]},"_links":{"self":[{"href":"https:\/\/sinoextrud.com\/de\/wp-json\/wp\/v2\/product\/8507","targetHints":{"allow":["GET"]}}],"collection":[{"href":"https:\/\/sinoextrud.com\/de\/wp-json\/wp\/v2\/product"}],"about":[{"href":"https:\/\/sinoextrud.com\/de\/wp-json\/wp\/v2\/types\/product"}],"wp:featuredmedia":[{"embeddable":true,"href":"https:\/\/sinoextrud.com\/de\/wp-json\/wp\/v2\/media\/8506"}],"wp:attachment":[{"href":"https:\/\/sinoextrud.com\/de\/wp-json\/wp\/v2\/media?parent=8507"}],"wp:term":[{"taxonomy":"category","embeddable":true,"href":"https:\/\/sinoextrud.com\/de\/wp-json\/wp\/v2\/categories?post=8507"}],"curies":[{"name":"wp","href":"https:\/\/api.w.org\/{rel}","templated":true}]}}