{"id":8503,"date":"2025-06-17T01:25:24","date_gmt":"2025-06-17T01:25:24","guid":{"rendered":"https:\/\/sinoextrud.com\/product\/custom-aluminum-extrusion-cnc-machining-aluminum-profile\/"},"modified":"2025-06-24T06:24:03","modified_gmt":"2025-06-24T06:24:03","slug":"kundenspezifische-aluminium-extrusion-cnc-bearbeitung-aluminiumprofil","status":"publish","type":"product","link":"https:\/\/sinoextrud.com\/de\/product\/custom-aluminum-extrusion-cnc-machining-aluminum-profile\/","title":{"rendered":"Kundenspezifische Aluminium-Extrusion CNC-Bearbeitung Aluminiumprofil"},"content":{"rendered":"<h2>Produkte Details<\/h2>\n<table class=\"custom-table\">\n<tbody>\n<tr>\n<td> Produktname<\/td>\n<td> Kundenspezifische Aluminium-Extrusion CNC-Bearbeitung Aluminiumprofil<\/td>\n<\/tr>\n<tr>\n<td> Produktpalette<\/td>\n<td> Kundenspezifische Aluminiumprofile, CNC-Bearbeitung, Aluminium-Strangpressen, usw.<\/td>\n<\/tr>\n<tr>\n<td> Aluminium-Legierung<\/td>\n<td> Serie 1000, Serie 2000, Serie 3000, Serie 5000, Serie 6000, Serie 7000<\/td>\n<\/tr>\n<tr>\n<td> Temperament<\/td>\n<td> T3-T8<\/td>\n<\/tr>\n<tr>\n<td> Form<\/td>\n<td> Personalisierung<\/td>\n<\/tr>\n<tr>\n<td> Farbe<\/td>\n<td> Personalisierung<\/td>\n<\/tr>\n<tr>\n<td> Oberfl\u00e4chenbehandlung<\/td>\n<td> walzblank, eloxiert, Holzmaserung, Pulverbeschichtung, Sandstrahlen, Elektrophorese, geb\u00fcrstet, poliert, etc.<\/td>\n<\/tr>\n<tr>\n<td> CNC-Tiefenbearbeitung<\/td>\n<td> Schneiden, Bohren, Zerspanen, Stanzen, Biegen, Gewindeschneiden und so weiter<\/td>\n<\/tr>\n<tr>\n<td> Zertifizierungen<\/td>\n<td> CE, ISO, SGS, TUV, ROHS<\/td>\n<\/tr>\n<tr>\n<td> Proben<\/td>\n<td> kostenlose Probe. 1-3 Tage an Sie geliefert.<\/td>\n<\/tr>\n<tr>\n<td> MOQ<\/td>\n<td> 200KG f\u00fcr jedes Profil<\/td>\n<\/tr>\n<tr>\n<td> Lieferfrist<\/td>\n<td> Die Entwicklung der Form und die Anfertigung des Musters dauern 12-15 Tage, die Produktion dauert 15-25 Tage nach Eingang der Anzahlung des K\u00e4ufers.<\/td>\n<\/tr>\n<tr>\n<td> Zahlungsbedingungen<\/td>\n<td> 30% Anzahlung vor der Produktion, und der Restbetrag vor dem Versand.<\/td>\n<\/tr>\n<tr>\n<td> Hafen<\/td>\n<td> Foshan, Shenzhen, Guangzhou<\/td>\n<\/tr>\n<\/tbody>\n<\/table>\n<h2>Unsere Produktionsbasis<\/h2>\n<h3>Fabrik-Panorama<\/h3>\n<p><img decoding=\"async\" src=\"\/wp-content\/uploads\/factory-01.webp\"\/><\/p>\n<h3>Werkstatt zur Herstellung von Aluminiumstangen<\/h3>\n<p><img decoding=\"async\" src=\"\/wp-content\/uploads\/factory-02.webp\"\/><\/p>\n<p><img decoding=\"async\" src=\"\/wp-content\/uploads\/factory-03.webp\"\/><\/p>\n<h3>Lagerhaus f\u00fcr Formen<\/h3>\n<p><img decoding=\"async\" src=\"\/wp-content\/uploads\/factory-04.webp\"\/><\/p>\n<h3>43 Aluminium-Strangpressanlagen (500\u00e2\u20ac\"5500 Tonnen)<\/h3>\n<p><img decoding=\"async\" src=\"\/wp-content\/uploads\/factory-05.webp\"\/><\/p>\n<p><img decoding=\"async\" src=\"\/wp-content\/uploads\/factory-06.webp\"\/><\/p>\n<p><img decoding=\"async\" src=\"\/wp-content\/uploads\/factory-07.webp\"\/><\/p>\n<h3>Werkstatt f\u00fcr Pulverbeschichtung<\/h3>\n<p><img decoding=\"async\" src=\"\/wp-content\/uploads\/factory-09.webp\"\/><\/p>\n<h3>Eloxal-Werkstatt<\/h3>\n<p><img decoding=\"async\" src=\"\/wp-content\/uploads\/factory-10.webp\"\/><\/p>\n<h3>Workshop zur Tiefenverarbeitung<\/h3>\n<p><img decoding=\"async\" src=\"\/wp-content\/uploads\/factory-11.webp\"\/><\/p>\n<h3>CNC-Pr\u00e4zisionsbearbeitungswerkstatt<\/h3>\n<p><img decoding=\"async\" src=\"\/wp-content\/uploads\/factory-11.5.webp\"\/><\/p>\n<h3>Lager f\u00fcr Fertigprodukte und Export<\/h3>\n<p><img decoding=\"async\" src=\"\/wp-content\/uploads\/factory-12.webp\"\/><\/p>\n<p><img decoding=\"async\" src=\"\/wp-content\/uploads\/factory-13.webp\"\/><\/p>\n<p><img decoding=\"async\" src=\"\/wp-content\/uploads\/factory-14.webp\"\/><\/p>\n<h2>FAQ<\/h2>\n<p><p><b>1. benutzerdefinierte Aluminium-Extrusion CNC-Bearbeitung Aluminium-Profil: Was sind die Vorteile der benutzerdefinierten Aluminium-Strangpressprofile?<\/b><\/p>\n<p>Kundenspezifische Aluminium-Strangpressprofile werden f\u00fcr spezifische Projektanforderungen entwickelt und bieten ma\u00dfgeschneiderte L\u00f6sungen f\u00fcr einzigartige Designs und Anwendungen.<br \/>\n<\/p><br \/>\n<br \/>\n<p><b>2) Wie verbessert die CNC-Bearbeitung die Qualit\u00e4t von Aluminiumprofilen?<\/b><\/p>\n<p>Die CNC-Bearbeitung bietet hohe Pr\u00e4zision und enge Toleranzen, so dass die Aluminiumprofile eine glatte Oberfl\u00e4che aufweisen und den genauen Spezifikationen entsprechen.<br \/>\n<\/p><br \/>\n<br \/>\n<p><b>3. kann ich kundenspezifische Formen und Gr\u00f6\u00dfen f\u00fcr Aluminiumprofile erhalten?<\/b><\/p>\n<p>Ja, kundenspezifische Aluminiumprofile k\u00f6nnen in verschiedenen Formen und Gr\u00f6\u00dfen entworfen werden, um genau den Anforderungen Ihres Projekts zu entsprechen.<br \/>\n<\/p><br \/>\n<br \/>\n<p><b>4. welche Branchen profitieren von der Verwendung von kundenspezifischen Aluminium-Strangpressprofilen?<\/b><\/p>\n<p>Branchen wie die Automobilindustrie, die Luft- und Raumfahrt, die Elektronik und das Baugewerbe profitieren von der Festigkeit, Pr\u00e4zision und Vielseitigkeit der kundenspezifischen Aluminiumprofile.<br \/>\n<\/p><br \/>\n<br \/>\n<p><b>5. wie wirkt sich das Verh\u00e4ltnis von Festigkeit zu Gewicht von Aluminium auf die Profile aus?<\/b><\/p>\n<p>Aluminium bietet ein hohes Verh\u00e4ltnis von Festigkeit zu Gewicht und ist damit ein ideales Material f\u00fcr leichte und dennoch haltbare Profile, die in strukturellen Anwendungen eingesetzt werden.<br \/>\n<\/p><br \/>\n<br \/>\n<p><b>6. wie schnell k\u00f6nnen Sie kundenspezifische Aluminium-Strangpressprofile liefern?<\/b><\/p>\n<p>Unser effizienter Fertigungsprozess gew\u00e4hrleistet kurze Durchlaufzeiten, so dass wir auch knappe Fristen f\u00fcr kundenspezifische Aluminium-Strangpressprojekte einhalten k\u00f6nnen.<br \/>\n<\/p><br \/>\n<br \/>\n<p><b>7. wie hoch ist das Kosten-Nutzen-Verh\u00e4ltnis von kundenspezifischen Aluminium-Strangpressprofilen?<\/b><\/p>\n<p>Ma\u00dfgefertigte Aluminiumprofile sind kosteneffizient, da sie auf spezifische Anforderungen zugeschnitten werden k\u00f6nnen, was den Materialabfall reduziert und die Effizienz der Produktion verbessert.<br \/>\n<\/p><br \/>\n<br \/>\n<p><b>8. wie tr\u00e4gt die CNC-Bearbeitung zur Pr\u00e4zision von Aluminiumprofilen bei?<\/b><\/p>\n<p>Bei der CNC-Bearbeitung werden computergesteuerte Werkzeuge eingesetzt, um pr\u00e4zise Schnitte, einheitliche Abmessungen und hochwertige Oberfl\u00e4chen zu gew\u00e4hrleisten und so die Gesamtqualit\u00e4t von Aluminiumprofilen zu verbessern.<br \/>\n<\/p><br \/><\/p>","protected":false},"featured_media":8502,"template":"","categories":[68],"class_list":["post-8503","product","type-product","status-publish","has-post-thumbnail","hentry","category-cnc-machining-aluminum-profile"],"meta_box":{"hilight_text_group":{"product_hilight_text":"<li>Custom aluminum extrusion profiles designed to meet specific industrial requirements with high precision.<\/li>\r\r\n<li>CNC machining ensures tight tolerances and smooth finishes for aluminum profiles, enhancing their functionality.<\/li>\r\r\n<li>Aluminum material offers excellent strength-to-weight ratio, making the profiles durable and lightweight.<\/li>\r\r\n<li>Custom shapes and sizes available to suit a wide range of applications across various industries.<\/li>\r\r\n<li>Efficient manufacturing process reduces lead times and ensures cost-effective production of aluminum profiles.<\/li>","product_chanpin_blog":"<ul>\r\r\n<li><a href=\"https:\/\/sinoextrud.com\/t-slot-v-slot-differences\/\" target=\"_blank\">t slot vs v slot<\/a><\/li>\r\r\n<li><a href=\"https:\/\/sinoextrud.com\/what-is-4040-aluminium-extrud\/\" target=\"_blank\">4040 aluminium extrusion<\/a><\/li>\r\r\n<li><a href=\"https:\/\/sinoextrud.com\/what-is-4040-aluminium-extrud\/\" target=\"_blank\">aluminum extrusions for industrial racks<\/a><\/li>\r\r\n<li><a href=\"https:\/\/sinoextrud.com\/powder-coating-aluminium-process\/\" target=\"_blank\">powder coating aluminium<\/a><\/li>\r\r\n<li><a href=\"https:\/\/sinoextrud.com\/what-is-an-aluminium-strip-ceiling\/\" target=\"_blank\">aluminium strip ceiling<\/a><\/li>\r\r\n<li><a href=\"https:\/\/sinoextrud.com\/what-is-a-heat-sink\/\" target=\"_blank\">what is a heat sink<\/a><\/li>\r\r\n<\/ul>","product_chanpin_chanpin":"<li><a href=\"https:\/\/sinoextrud.com\/product\/aluminum-alloy-cnc-aluminum-controller-shell\/\" target=\"_blank\">Aluminum Alloy CNC Aluminum Controller Shell<\/a><\/li>\r\n<li><a href=\"https:\/\/sinoextrud.com\/product\/aluminium-cnc-factory-punching-extrusion-profile-tubing-sizes-oem\/\" target=\"_blank\">aluminium cnc factory punching extrusion profile tubing sizes OEM<\/a><\/li>\r\n<li><a href=\"https:\/\/sinoextrud.com\/product\/cnc-machining-anodized-item-extruded-aluminum\/\" target=\"_blank\">CNC Machining Anodized Item Extruded Aluminum<\/a><\/li>\r\n<li><a href=\"https:\/\/sinoextrud.com\/product\/cnc-aluminum-curved-profiles-tubes\/\" target=\"_blank\">CNC Aluminum Curved Profiles Tubes<\/a><\/li>\r\n<li><a href=\"https:\/\/sinoextrud.com\/product\/custom-aluminum-extrusion-cnc-machining-aluminum-profile\/\" target=\"_blank\">Custom Aluminum Extrusion CNC Machining Aluminum Profile<\/a><\/li>\r\n<li><a href=\"https:\/\/sinoextrud.com\/product\/custom-3003-aluminum-tube-bending-coolant-tubes\/\" target=\"_blank\">Custom 3003 Aluminum Tube Bending Coolant Tubes<\/a><\/li>\r\n<li><a href=\"https:\/\/sinoextrud.com\/product\/aluminum-extrusion-curtain-wall\/\" target=\"_blank\">Aluminum Extrusion Curtain Wall<\/a><\/li>\r\n<li><a href=\"https:\/\/sinoextrud.com\/product\/aluminum-profile-for-cnc\/\" target=\"_blank\">Aluminum Profile For CNC<\/a><\/li>\r\n<li><a href=\"https:\/\/sinoextrud.com\/product\/aluminium-profile-bending\/\" target=\"_blank\">Aluminium Profile Bending<\/a><\/li>\r\n<li><a href=\"https:\/\/sinoextrud.com\/product\/oem-aluminum-extusion-profile-led-light-strip-channel\/\" target=\"_blank\">OEM Aluminum Extusion Profile Led Light strip channel<\/a><\/li>\r\n<li><a href=\"https:\/\/sinoextrud.com\/product\/pvdf-coating-aluminum-profile\/\" target=\"_blank\">PVDF Coating Aluminum Profile<\/a><\/li>"},"feature_list":[]},"_links":{"self":[{"href":"https:\/\/sinoextrud.com\/de\/wp-json\/wp\/v2\/product\/8503","targetHints":{"allow":["GET"]}}],"collection":[{"href":"https:\/\/sinoextrud.com\/de\/wp-json\/wp\/v2\/product"}],"about":[{"href":"https:\/\/sinoextrud.com\/de\/wp-json\/wp\/v2\/types\/product"}],"wp:featuredmedia":[{"embeddable":true,"href":"https:\/\/sinoextrud.com\/de\/wp-json\/wp\/v2\/media\/8502"}],"wp:attachment":[{"href":"https:\/\/sinoextrud.com\/de\/wp-json\/wp\/v2\/media?parent=8503"}],"wp:term":[{"taxonomy":"category","embeddable":true,"href":"https:\/\/sinoextrud.com\/de\/wp-json\/wp\/v2\/categories?post=8503"}],"curies":[{"name":"wp","href":"https:\/\/api.w.org\/{rel}","templated":true}]}}