{"id":8459,"date":"2025-06-16T06:19:07","date_gmt":"2025-06-16T06:19:07","guid":{"rendered":"https:\/\/sinoextrud.com\/product\/cnc-machined-6063-aluminium-extrusion-product\/"},"modified":"2025-06-24T06:23:56","modified_gmt":"2025-06-24T06:23:56","slug":"cnc-bearbeitetes-6063-aluminium-strangpressprodukt","status":"publish","type":"product","link":"https:\/\/sinoextrud.com\/de\/product\/cnc-machined-6063-aluminium-extrusion-product\/","title":{"rendered":"CNC-bearbeitetes 6063 Aluminium-Strangpressprodukt"},"content":{"rendered":"<h2>Produkte Details<\/h2>\n<table class=\"custom-table\">\n<tbody>\n<tr>\n<td> Note:<\/td>\n<td> 6063 -t5<\/td>\n<\/tr>\n<tr>\n<td> Die Technik:<\/td>\n<td> CNC-bearbeitetes 6063 Aluminium-Strangpressprodukt<\/td>\n<\/tr>\n<tr>\n<td> Temperament:<\/td>\n<td> T3 - T8<\/td>\n<\/tr>\n<tr>\n<td> Bearbeitende Dienstleistungen:<\/td>\n<td> Bohren, Gewindeschneiden, Nieten, Montage, etc.<\/td>\n<\/tr>\n<tr>\n<td> Warenzeichen:<\/td>\n<td> Sinoextrud Sinoextrud <\/td>\n<\/tr>\n<tr>\n<td> Art:<\/td>\n<td> CNC-bearbeitetes 6063 Aluminium-Strangpressprodukt<\/td>\n<\/tr>\n<tr>\n<td> Die Form:<\/td>\n<td> Hergestellt nach Kundenwunsch<\/td>\n<\/tr>\n<tr>\n<td> Oberfl\u00e4chenbehandlung:<\/td>\n<td> Mill Finish Eloxiert Geb\u00fcrstet<\/td>\n<\/tr>\n<tr>\n<td> L\u00e4nge:<\/td>\n<td> 1m bis 9m pro L\u00e4nge<\/td>\n<\/tr>\n<tr>\n<td> Farben:<\/td>\n<td> Silber Schwarz<\/td>\n<\/tr>\n<tr>\n<td> HS-Code:<\/td>\n<td> 76042990<\/td>\n<\/tr>\n<\/tbody>\n<\/table>\n<h2>Unsere Produktionsbasis<\/h2>\n<h3>Fabrik-Panorama<\/h3>\n<p><img decoding=\"async\" src=\"\/wp-content\/uploads\/factory-01.webp\"\/><\/p>\n<h3>Werkstatt zur Herstellung von Aluminiumstangen<\/h3>\n<p><img decoding=\"async\" src=\"\/wp-content\/uploads\/factory-02.webp\"\/><\/p>\n<p><img decoding=\"async\" src=\"\/wp-content\/uploads\/factory-03.webp\"\/><\/p>\n<h3>Lagerhaus f\u00fcr Formen<\/h3>\n<p><img decoding=\"async\" src=\"\/wp-content\/uploads\/factory-04.webp\"\/><\/p>\n<h3>43 Aluminium-Strangpressanlagen (500\u00e2\u20ac\"5500 Tonnen)<\/h3>\n<p><img decoding=\"async\" src=\"\/wp-content\/uploads\/factory-05.webp\"\/><\/p>\n<p><img decoding=\"async\" src=\"\/wp-content\/uploads\/factory-06.webp\"\/><\/p>\n<p><img decoding=\"async\" src=\"\/wp-content\/uploads\/factory-07.webp\"\/><\/p>\n<h3>Werkstatt f\u00fcr Pulverbeschichtung<\/h3>\n<p><img decoding=\"async\" src=\"\/wp-content\/uploads\/factory-09.webp\"\/><\/p>\n<h3>Eloxal-Werkstatt<\/h3>\n<p><img decoding=\"async\" src=\"\/wp-content\/uploads\/factory-10.webp\"\/><\/p>\n<h3>Workshop zur Tiefenverarbeitung<\/h3>\n<p><img decoding=\"async\" src=\"\/wp-content\/uploads\/factory-11.webp\"\/><\/p>\n<h3>CNC-Pr\u00e4zisionsbearbeitungswerkstatt<\/h3>\n<p><img decoding=\"async\" src=\"\/wp-content\/uploads\/factory-11.5.webp\"\/><\/p>\n<h3>Lager f\u00fcr Fertigprodukte und Export<\/h3>\n<p><img decoding=\"async\" src=\"\/wp-content\/uploads\/factory-12.webp\"\/><\/p>\n<p><img decoding=\"async\" src=\"\/wp-content\/uploads\/factory-13.webp\"\/><\/p>\n<p><img decoding=\"async\" src=\"\/wp-content\/uploads\/factory-14.webp\"\/><\/p>\n<h2>FAQ<\/h2>\n<p><p><b>1. CNC-bearbeitetes 6063 Aluminium-Strangpressprodukt: Was macht 6063 Aluminium ideal f\u00fcr die CNC-Bearbeitung?<\/b><\/p>\n<p>6063-Aluminium l\u00e4sst sich hervorragend bearbeiten und erm\u00f6glicht hochpr\u00e4zise Schnitte und Oberfl\u00e4chenbehandlungen, wodurch es sich perfekt f\u00fcr kundenspezifische und komplexe Anwendungen eignet.<br \/>\n<\/p><br \/>\n<br \/>\n<p><b>2. welche Vorteile bietet die Korrosionsbest\u00e4ndigkeit von 6063 Aluminium f\u00fcr seine Anwendungen?<\/b><\/p>\n<p>6063-Aluminium bietet eine hervorragende Korrosionsbest\u00e4ndigkeit und ist damit ideal f\u00fcr Anwendungen im Freien und in rauen Umgebungen, bei denen Langlebigkeit und Best\u00e4ndigkeit entscheidend sind.<br \/>\n<\/p><br \/>\n<br \/>\n<p><b>3. k\u00f6nnen die CNC-gefr\u00e4sten 6063 Aluminium-Strangpressprofile angepasst werden?<\/b><\/p>\n<p>Ja, die CNC-Bearbeitung erm\u00f6glicht hochgradig anpassbare Formen und Gr\u00f6\u00dfen, um spezifische industrielle und architektonische Designanforderungen zu erf\u00fcllen.<br \/>\n<\/p><br \/>\n<br \/>\n<p><b>In welchen Branchen werden typischerweise CNC-gefertigte 6063-Aluminium-Strangpressprofile verwendet?<\/b><\/p>\n<p>Branchen wie das Baugewerbe, die Automobilindustrie, die Luft- und Raumfahrt und die Elektronik profitieren von der Festigkeit, Pr\u00e4zision und Langlebigkeit von CNC-gefertigten 6063-Aluminium-Strangpressprofilen.<br \/>\n<\/p><br \/>\n<br \/>\n<p><b>Wie verbessert das Verh\u00e4ltnis zwischen Festigkeit und Gewicht von Aluminium 6063 seine Verwendung in verschiedenen Projekten?<\/b><\/p>\n<p>Das geringe Gewicht und die hohe Festigkeit von 6063-Aluminium machen es ideal f\u00fcr strukturelle Anwendungen, bei denen Festigkeit ohne unn\u00f6tiges Gewicht ben\u00f6tigt wird.<br \/>\n<\/p><br \/>\n<br \/>\n<p><b>6. ist 6063-Aluminium sowohl f\u00fcr Innen- als auch f\u00fcr Au\u00dfenanwendungen geeignet?<\/b><\/p>\n<p>Ja, die ausgezeichnete Korrosionsbest\u00e4ndigkeit von 6063-Aluminium macht es sowohl f\u00fcr Innen- als auch f\u00fcr Au\u00dfenanwendungen geeignet, selbst unter rauen Wetterbedingungen.<br \/>\n<\/p><br \/>\n<br \/>\n<p><b>7. wie verbessert die CNC-Bearbeitung die Leistung von 6063 Aluminium-Strangpressprofilen?<\/b><\/p>\n<p>Die CNC-Bearbeitung sorgt f\u00fcr pr\u00e4zise Schnitte und Oberfl\u00e4chenbehandlungen, so dass 6063-Aluminium-Strangpressprofile enge Toleranzen einhalten und in einer Vielzahl von Anwendungen effektiv funktionieren.<br \/>\n<\/p><br \/>\n<br \/>\n<p><b>Welche Vorteile bietet die Verwendung von Aluminium 6063 f\u00fcr strukturelle Anwendungen?<\/b><\/p>\n<p>6063-Aluminium bietet Festigkeit, geringes Gewicht und ausgezeichnete Korrosionsbest\u00e4ndigkeit und eignet sich daher perfekt f\u00fcr den Einsatz in Strukturbauteilen in verschiedenen Branchen.<br \/>\n<\/p><br \/><\/p>","protected":false},"featured_media":8458,"template":"","categories":[68],"class_list":["post-8459","product","type-product","status-publish","has-post-thumbnail","hentry","category-cnc-machining-aluminum-profile"],"meta_box":{"hilight_text_group":{"product_hilight_text":"<li>Precision CNC machining ensures tight tolerances and high-quality finishes for 6063 aluminum extrusions.<\/li>\r\r\n<li>6063 aluminum is known for its excellent corrosion resistance and is ideal for outdoor and structural applications.<\/li>\r\r\n<li>Customizable extrusions to fit specific industrial and architectural design requirements.<\/li>\r\r\n<li>Lightweight yet strong, offering optimal strength-to-weight ratio for various applications.<\/li>\r\r\n<li>Easy to process and machine, providing flexibility for complex and custom designs.<\/li>","product_chanpin_blog":"<ul>\r\r\n<li><a href=\"https:\/\/sinoextrud.com\/t-slot-v-slot-differences\/\" target=\"_blank\">t slot vs v slot<\/a><\/li>\r\r\n<li><a href=\"https:\/\/sinoextrud.com\/what-is-4040-aluminium-extrud\/\" target=\"_blank\">4040 aluminium extrusion<\/a><\/li>\r\r\n<li><a href=\"https:\/\/sinoextrud.com\/what-is-4040-aluminium-extrud\/\" target=\"_blank\">aluminum extrusions for industrial racks<\/a><\/li>\r\r\n<li><a href=\"https:\/\/sinoextrud.com\/powder-coating-aluminium-process\/\" target=\"_blank\">powder coating aluminium<\/a><\/li>\r\r\n<li><a href=\"https:\/\/sinoextrud.com\/what-is-an-aluminium-strip-ceiling\/\" target=\"_blank\">aluminium strip ceiling<\/a><\/li>\r\r\n<li><a href=\"https:\/\/sinoextrud.com\/what-is-a-heat-sink\/\" target=\"_blank\">what is a heat sink<\/a><\/li>\r\r\n<\/ul>","product_chanpin_chanpin":"<li><a href=\"https:\/\/sinoextrud.com\/product\/aluminum-extrusion-custom-electric-vehicle-battery-enclosure-aluminum-profile\/\" target=\"_blank\">Aluminum Extrusion Custom Electric Vehicle Battery Enclosure Aluminum Profile<\/a><\/li>\r\n<li><a href=\"https:\/\/sinoextrud.com\/product\/aluminum-extrusion-high-strength-cnc-drilling-7003-aluminum-round-pipe\/\" target=\"_blank\">Aluminum Extrusion High-strength CNC Drilling 7003 Aluminum Round Pipe<\/a><\/li>\r\n<li><a href=\"https:\/\/sinoextrud.com\/product\/cnc-machining-aluminium-profile-connectors\/\" target=\"_blank\">CNC Machining Aluminium Profile Connectors<\/a><\/li>\r\n<li><a href=\"https:\/\/sinoextrud.com\/product\/cnc-machining-anodized-aluminum-extrusions\/\" target=\"_blank\">CNC Machining Anodized Aluminum Extrusions<\/a><\/li>\r\n<li><a href=\"https:\/\/sinoextrud.com\/product\/cnc-machined-6063-aluminium-extrusion-product\/\" target=\"_blank\">CNC Machined 6063 Aluminium Extrusion Product<\/a><\/li>\r\n<li><a href=\"https:\/\/sinoextrud.com\/product\/aluminum-alloy-cnc-aluminum-controller-shell\/\" target=\"_blank\">Aluminum Alloy CNC Aluminum Controller Shell<\/a><\/li>\r\n<li><a href=\"https:\/\/sinoextrud.com\/product\/aluminium-cnc-factory-punching-extrusion-profile-tubing-sizes-oem\/\" target=\"_blank\">aluminium cnc factory punching extrusion profile tubing sizes OEM<\/a><\/li>\r\n<li><a href=\"https:\/\/sinoextrud.com\/product\/cnc-machining-anodized-item-extruded-aluminum\/\" target=\"_blank\">CNC Machining Anodized Item Extruded Aluminum<\/a><\/li>\r\n<li><a href=\"https:\/\/sinoextrud.com\/product\/cnc-aluminum-curved-profiles-tubes\/\" target=\"_blank\">CNC Aluminum Curved Profiles Tubes<\/a><\/li>\r\n<li><a href=\"https:\/\/sinoextrud.com\/product\/slotted-aluminium-extrusion\/\" target=\"_blank\">Slotted Aluminium Extrusion<\/a><\/li>\r\n<li><a href=\"https:\/\/sinoextrud.com\/product\/wall-aluminum-profile-decoration-t-shaped-edge-trim\/\" target=\"_blank\">Wall Aluminum Profile Decoration T Shaped Edge Trim<\/a><\/li>"},"feature_list":[]},"_links":{"self":[{"href":"https:\/\/sinoextrud.com\/de\/wp-json\/wp\/v2\/product\/8459","targetHints":{"allow":["GET"]}}],"collection":[{"href":"https:\/\/sinoextrud.com\/de\/wp-json\/wp\/v2\/product"}],"about":[{"href":"https:\/\/sinoextrud.com\/de\/wp-json\/wp\/v2\/types\/product"}],"wp:featuredmedia":[{"embeddable":true,"href":"https:\/\/sinoextrud.com\/de\/wp-json\/wp\/v2\/media\/8458"}],"wp:attachment":[{"href":"https:\/\/sinoextrud.com\/de\/wp-json\/wp\/v2\/media?parent=8459"}],"wp:term":[{"taxonomy":"category","embeddable":true,"href":"https:\/\/sinoextrud.com\/de\/wp-json\/wp\/v2\/categories?post=8459"}],"curies":[{"name":"wp","href":"https:\/\/api.w.org\/{rel}","templated":true}]}}