{"id":8457,"date":"2025-06-16T06:17:47","date_gmt":"2025-06-16T06:17:47","guid":{"rendered":"https:\/\/sinoextrud.com\/product\/cnc-machining-anodized-aluminum-extrusions\/"},"modified":"2025-06-24T06:23:56","modified_gmt":"2025-06-24T06:23:56","slug":"cnc-bearbeitung-eloxierter-aluminium-strangpressprofile","status":"publish","type":"product","link":"https:\/\/sinoextrud.com\/de\/product\/cnc-machining-anodized-aluminum-extrusions\/","title":{"rendered":"CNC-Bearbeitung von eloxierten Aluminium-Strangpressprofilen"},"content":{"rendered":"<h2>Produkte Details<\/h2>\n<table class=\"custom-table\">\n<tbody>\n<tr>\n<td> Note:<\/td>\n<td> 6063 -t5<\/td>\n<\/tr>\n<tr>\n<td> Die Technik:<\/td>\n<td> CNC-Bearbeitung von eloxierten Aluminium-Strangpressprofilen<\/td>\n<\/tr>\n<tr>\n<td> Temperament:<\/td>\n<td> T3 - T8<\/td>\n<\/tr>\n<tr>\n<td> Bearbeitende Dienstleistungen:<\/td>\n<td> Bohren, Gewindeschneiden, Nieten, Montage, etc.<\/td>\n<\/tr>\n<tr>\n<td> Warenzeichen:<\/td>\n<td> Sinoextrud Sinoextrud <\/td>\n<\/tr>\n<tr>\n<td> Art:<\/td>\n<td> CNC-Bearbeitung von eloxierten Aluminium-Strangpressprofilen<\/td>\n<\/tr>\n<tr>\n<td> Die Form:<\/td>\n<td> Hergestellt nach Kundenwunsch<\/td>\n<\/tr>\n<tr>\n<td> Oberfl\u00e4chenbehandlung:<\/td>\n<td> Mill Finish Eloxiert Geb\u00fcrstet<\/td>\n<\/tr>\n<tr>\n<td> L\u00e4nge:<\/td>\n<td> 1m bis 9m pro L\u00e4nge<\/td>\n<\/tr>\n<tr>\n<td> Farben:<\/td>\n<td> Silber Schwarz<\/td>\n<\/tr>\n<tr>\n<td> HS-Code:<\/td>\n<td> 76042990<\/td>\n<\/tr>\n<\/tbody>\n<\/table>\n<h2>Unsere Produktionsbasis<\/h2>\n<h3>Fabrik-Panorama<\/h3>\n<p><img decoding=\"async\" src=\"\/wp-content\/uploads\/factory-01.webp\"\/><\/p>\n<h3>Werkstatt zur Herstellung von Aluminiumstangen<\/h3>\n<p><img decoding=\"async\" src=\"\/wp-content\/uploads\/factory-02.webp\"\/><\/p>\n<p><img decoding=\"async\" src=\"\/wp-content\/uploads\/factory-03.webp\"\/><\/p>\n<h3>Lagerhaus f\u00fcr Formen<\/h3>\n<p><img decoding=\"async\" src=\"\/wp-content\/uploads\/factory-04.webp\"\/><\/p>\n<h3>43 Aluminium-Strangpressanlagen (500\u00e2\u20ac\"5500 Tonnen)<\/h3>\n<p><img decoding=\"async\" src=\"\/wp-content\/uploads\/factory-05.webp\"\/><\/p>\n<p><img decoding=\"async\" src=\"\/wp-content\/uploads\/factory-06.webp\"\/><\/p>\n<p><img decoding=\"async\" src=\"\/wp-content\/uploads\/factory-07.webp\"\/><\/p>\n<h3>Werkstatt f\u00fcr Pulverbeschichtung<\/h3>\n<p><img decoding=\"async\" src=\"\/wp-content\/uploads\/factory-09.webp\"\/><\/p>\n<h3>Eloxal-Werkstatt<\/h3>\n<p><img decoding=\"async\" src=\"\/wp-content\/uploads\/factory-10.webp\"\/><\/p>\n<h3>Workshop zur Tiefenverarbeitung<\/h3>\n<p><img decoding=\"async\" src=\"\/wp-content\/uploads\/factory-11.webp\"\/><\/p>\n<h3>CNC-Pr\u00e4zisionsbearbeitungswerkstatt<\/h3>\n<p><img decoding=\"async\" src=\"\/wp-content\/uploads\/factory-11.5.webp\"\/><\/p>\n<h3>Lager f\u00fcr Fertigprodukte und Export<\/h3>\n<p><img decoding=\"async\" src=\"\/wp-content\/uploads\/factory-12.webp\"\/><\/p>\n<p><img decoding=\"async\" src=\"\/wp-content\/uploads\/factory-13.webp\"\/><\/p>\n<p><img decoding=\"async\" src=\"\/wp-content\/uploads\/factory-14.webp\"\/><\/p>\n<h2>FAQ<\/h2>\n<p><p><b>1. CNC-Bearbeitung von eloxierten Aluminium-Strangpressprofilen: Was sind die Vorteile der CNC-Bearbeitung f\u00fcr eloxierte Aluminium-Strangpressprofile?<\/b><\/p>\n<p>Die CNC-Bearbeitung sorgt f\u00fcr pr\u00e4zise Abmessungen und hochwertige Oberfl\u00e4chen, die Genauigkeit und Konsistenz bei eloxierten Aluminium-Strangpressprofilen f\u00fcr verschiedene Anwendungen gew\u00e4hrleisten.<br \/>\n<\/p><br \/>\n<br \/>\n<p><b>2. wie verbessert das Eloxieren die Leistung von Aluminium-Strangpressprofilen?<\/b><\/p>\n<p>Eloxieren verbessert die Korrosionsbest\u00e4ndigkeit, erh\u00f6ht die Oberfl\u00e4chenh\u00e4rte und sorgt f\u00fcr eine \u00e4sthetisch ansprechende Oberfl\u00e4che, die die Lebensdauer von Aluminium-Strangpressprofilen verl\u00e4ngert.<br \/>\n<\/p><br \/>\n<br \/>\n<p><b>3. k\u00f6nnen eloxierte Aluminium-Strangpressprofile f\u00fcr spezifische Projekte angepasst werden?<\/b><\/p>\n<p>Ja, eloxierte Aluminium-Strangpressprofile k\u00f6nnen an spezifische Gr\u00f6\u00dfen-, Form- und Oberfl\u00e4chenanforderungen angepasst werden und bieten so ma\u00dfgeschneiderte L\u00f6sungen f\u00fcr verschiedene Branchen.<br \/>\n<\/p><br \/>\n<br \/>\n<p><b>4) Welche Branchen profitieren von der CNC-Bearbeitung eloxierter Aluminium-Strangpressprofile?<\/b><\/p>\n<p>Branchen wie die Luft- und Raumfahrt, die Automobilindustrie und das verarbeitende Gewerbe profitieren von der Pr\u00e4zision, Langlebigkeit und den Anpassungsm\u00f6glichkeiten, die CNC-gefertigte eloxierte Aluminium-Strangpressprofile bieten.<br \/>\n<\/p><br \/>\n<br \/>\n<p><b>5. wie erh\u00f6ht das Eloxieren die Haltbarkeit von Aluminium-Strangpressprofilen?<\/b><\/p>\n<p>Durch das Eloxieren wird eine sch\u00fctzende Oxidschicht erzeugt, die die Korrosionsbest\u00e4ndigkeit, die Verschlei\u00dffestigkeit und die allgemeine Haltbarkeit erheblich verbessert, so dass sich die Profile f\u00fcr raue Umgebungen eignen.<br \/>\n<\/p><br \/>\n<br \/>\n<p><b>6. welche Vorteile bietet das geringe Gewicht von eloxiertem Aluminium f\u00fcr verschiedene Anwendungen?<\/b><\/p>\n<p>Die leichtgewichtigen Eigenschaften von eloxiertem Aluminium sorgen f\u00fcr Festigkeit ohne zus\u00e4tzliches Gewicht, was es ideal f\u00fcr Anwendungen in Branchen wie der Luft- und Raumfahrt und der Automobilindustrie macht.<br \/>\n<\/p><br \/>\n<br \/>\n<p><b>7. ist die CNC-Bearbeitung f\u00fcr alle Arten von Aluminium-Strangpressprofilen geeignet?<\/b><\/p>\n<p>Ja, die CNC-Bearbeitung ist sehr vielseitig und kann f\u00fcr verschiedene Arten von Aluminium-Strangpressprofilen verwendet werden, wodurch Pr\u00e4zision und Qualit\u00e4t bei jeder Anwendung gew\u00e4hrleistet sind.<br \/>\n<\/p><br \/>\n<br \/>\n<p><b>8. wie verh\u00e4lt sich eloxiertes Aluminium im Vergleich zu unbehandeltem Aluminium?<\/b><\/p>\n<p>Eloxiertes Aluminium bietet im Vergleich zu unbehandeltem Aluminium eine bessere Korrosionsbest\u00e4ndigkeit, eine h\u00f6here Oberfl\u00e4chenh\u00e4rte und ein attraktiveres Finish, wodurch es sich besser f\u00fcr anspruchsvolle Anwendungen eignet.<br \/>\n<\/p><br \/><\/p>","protected":false},"featured_media":8456,"template":"","categories":[68],"class_list":["post-8457","product","type-product","status-publish","has-post-thumbnail","hentry","category-cnc-machining-aluminum-profile"],"meta_box":{"hilight_text_group":{"product_hilight_text":"<li>Precision CNC machining ensures high accuracy and exceptional finishing on anodized aluminum extrusions.<\/li>\r\r\n<li>Anodized aluminum provides enhanced corrosion resistance and durability in various environments.<\/li>\r\r\n<li>Customizable designs for specific applications, allowing for tailored solutions.<\/li>\r\r\n<li>Lightweight yet strong, making it ideal for structural, automotive, and aerospace applications.<\/li>\r\r\n<li>Improved surface hardness from anodizing, increasing wear and scratch resistance.<\/li>","product_chanpin_blog":"<ul>\r\r\n<li><a href=\"https:\/\/sinoextrud.com\/t-slot-v-slot-differences\/\" target=\"_blank\">t slot vs v slot<\/a><\/li>\r\r\n<li><a href=\"https:\/\/sinoextrud.com\/what-is-4040-aluminium-extrud\/\" target=\"_blank\">4040 aluminium extrusion<\/a><\/li>\r\r\n<li><a href=\"https:\/\/sinoextrud.com\/what-is-4040-aluminium-extrud\/\" target=\"_blank\">aluminum extrusions for industrial racks<\/a><\/li>\r\r\n<li><a href=\"https:\/\/sinoextrud.com\/powder-coating-aluminium-process\/\" target=\"_blank\">powder coating aluminium<\/a><\/li>\r\r\n<li><a href=\"https:\/\/sinoextrud.com\/what-is-an-aluminium-strip-ceiling\/\" target=\"_blank\">aluminium strip ceiling<\/a><\/li>\r\r\n<li><a href=\"https:\/\/sinoextrud.com\/what-is-a-heat-sink\/\" target=\"_blank\">what is a heat sink<\/a><\/li>\r\r\n<\/ul>","product_chanpin_chanpin":"<li><a href=\"https:\/\/sinoextrud.com\/product\/aluminium-profile-drilling-cutting-bending-puching-processing\/\" target=\"_blank\">Aluminium profile drilling cutting bending puching processing<\/a><\/li>\r\n<li><a href=\"https:\/\/sinoextrud.com\/product\/aluminum-extrusion-custom-electric-vehicle-battery-enclosure-aluminum-profile\/\" target=\"_blank\">Aluminum Extrusion Custom Electric Vehicle Battery Enclosure Aluminum Profile<\/a><\/li>\r\n<li><a href=\"https:\/\/sinoextrud.com\/product\/aluminum-extrusion-high-strength-cnc-drilling-7003-aluminum-round-pipe\/\" target=\"_blank\">Aluminum Extrusion High-strength CNC Drilling 7003 Aluminum Round Pipe<\/a><\/li>\r\n<li><a href=\"https:\/\/sinoextrud.com\/product\/cnc-machining-aluminium-profile-connectors\/\" target=\"_blank\">CNC Machining Aluminium Profile Connectors<\/a><\/li>\r\n<li><a href=\"https:\/\/sinoextrud.com\/product\/cnc-machining-anodized-aluminum-extrusions\/\" target=\"_blank\">CNC Machining Anodized Aluminum Extrusions<\/a><\/li>\r\n<li><a href=\"https:\/\/sinoextrud.com\/product\/cnc-machined-6063-aluminium-extrusion-product\/\" target=\"_blank\">CNC Machined 6063 Aluminium Extrusion Product<\/a><\/li>\r\n<li><a href=\"https:\/\/sinoextrud.com\/product\/aluminum-alloy-cnc-aluminum-controller-shell\/\" target=\"_blank\">Aluminum Alloy CNC Aluminum Controller Shell<\/a><\/li>\r\n<li><a href=\"https:\/\/sinoextrud.com\/product\/aluminium-cnc-factory-punching-extrusion-profile-tubing-sizes-oem\/\" target=\"_blank\">aluminium cnc factory punching extrusion profile tubing sizes OEM<\/a><\/li>\r\n<li><a href=\"https:\/\/sinoextrud.com\/product\/cnc-machining-anodized-item-extruded-aluminum\/\" target=\"_blank\">CNC Machining Anodized Item Extruded Aluminum<\/a><\/li>\r\n<li><a href=\"https:\/\/sinoextrud.com\/product\/aluminum-extruded-profile-for-5g-communication-instrument\/\" target=\"_blank\">Aluminum Extruded Profile For 5G Communication Instrument<\/a><\/li>\r\n<li><a href=\"https:\/\/sinoextrud.com\/product\/polished-aluminium-profiles\/\" target=\"_blank\">Polished Aluminium Profiles<\/a><\/li>"},"feature_list":[]},"_links":{"self":[{"href":"https:\/\/sinoextrud.com\/de\/wp-json\/wp\/v2\/product\/8457","targetHints":{"allow":["GET"]}}],"collection":[{"href":"https:\/\/sinoextrud.com\/de\/wp-json\/wp\/v2\/product"}],"about":[{"href":"https:\/\/sinoextrud.com\/de\/wp-json\/wp\/v2\/types\/product"}],"wp:featuredmedia":[{"embeddable":true,"href":"https:\/\/sinoextrud.com\/de\/wp-json\/wp\/v2\/media\/8456"}],"wp:attachment":[{"href":"https:\/\/sinoextrud.com\/de\/wp-json\/wp\/v2\/media?parent=8457"}],"wp:term":[{"taxonomy":"category","embeddable":true,"href":"https:\/\/sinoextrud.com\/de\/wp-json\/wp\/v2\/categories?post=8457"}],"curies":[{"name":"wp","href":"https:\/\/api.w.org\/{rel}","templated":true}]}}