{"id":8449,"date":"2025-06-16T06:10:30","date_gmt":"2025-06-16T06:10:30","guid":{"rendered":"https:\/\/sinoextrud.com\/product\/aluminium-profile-drilling-cutting-bending-puching-processing\/"},"modified":"2025-06-24T06:23:52","modified_gmt":"2025-06-24T06:23:52","slug":"bohren-schneiden-biegen-stanzen-bearbeiten-von-aluminiumprofilen","status":"publish","type":"product","link":"https:\/\/sinoextrud.com\/de\/product\/aluminium-profile-drilling-cutting-bending-puching-processing\/","title":{"rendered":"Aluminiumprofile bohren, schneiden, biegen, stanzen, bearbeiten"},"content":{"rendered":"<h2>Produkte Details<\/h2>\n<table class=\"custom-table\">\n<tr>\n<td class=\"label\">Titel<\/td>\n<td>Aluminiumprofile bohren, schneiden, biegen, stanzen, bearbeiten<\/td>\n<\/tr>\n<\/table>\n<h2>Unsere Produktionsbasis<\/h2>\n<h3>Fabrik-Panorama<\/h3>\n<p><img decoding=\"async\" src=\"\/wp-content\/uploads\/factory-01.webp\"\/><\/p>\n<h3>Werkstatt zur Herstellung von Aluminiumstangen<\/h3>\n<p><img decoding=\"async\" src=\"\/wp-content\/uploads\/factory-02.webp\"\/><\/p>\n<p><img decoding=\"async\" src=\"\/wp-content\/uploads\/factory-03.webp\"\/><\/p>\n<h3>Lagerhaus f\u00fcr Formen<\/h3>\n<p><img decoding=\"async\" src=\"\/wp-content\/uploads\/factory-04.webp\"\/><\/p>\n<h3>43 Aluminium-Strangpressanlagen (500\u00e2\u20ac\"5500 Tonnen)<\/h3>\n<p><img decoding=\"async\" src=\"\/wp-content\/uploads\/factory-05.webp\"\/><\/p>\n<p><img decoding=\"async\" src=\"\/wp-content\/uploads\/factory-06.webp\"\/><\/p>\n<p><img decoding=\"async\" src=\"\/wp-content\/uploads\/factory-07.webp\"\/><\/p>\n<h3>Werkstatt f\u00fcr Pulverbeschichtung<\/h3>\n<p><img decoding=\"async\" src=\"\/wp-content\/uploads\/factory-09.webp\"\/><\/p>\n<h3>Eloxal-Werkstatt<\/h3>\n<p><img decoding=\"async\" src=\"\/wp-content\/uploads\/factory-10.webp\"\/><\/p>\n<h3>Workshop zur Tiefenverarbeitung<\/h3>\n<p><img decoding=\"async\" src=\"\/wp-content\/uploads\/factory-11.webp\"\/><\/p>\n<h3>CNC-Pr\u00e4zisionsbearbeitungswerkstatt<\/h3>\n<p><img decoding=\"async\" src=\"\/wp-content\/uploads\/factory-11.5.webp\"\/><\/p>\n<h3>Lager f\u00fcr Fertigprodukte und Export<\/h3>\n<p><img decoding=\"async\" src=\"\/wp-content\/uploads\/factory-12.webp\"\/><\/p>\n<p><img decoding=\"async\" src=\"\/wp-content\/uploads\/factory-13.webp\"\/><\/p>\n<p><img decoding=\"async\" src=\"\/wp-content\/uploads\/factory-14.webp\"\/><\/p>\n<h2>FAQ<\/h2>\n<p><p><b>1. bohren, schneiden, biegen, stanzen von Aluminiumprofilen: Was sind die wichtigsten Vorteile dieser Dienstleistung?<\/b><\/p>\n<p>Dieser Service bietet eine Komplettl\u00f6sung f\u00fcr das Bohren, Schneiden, Biegen und Stanzen, die pr\u00e4zise und hochwertige Aluminiumprofile f\u00fcr verschiedene industrielle Anwendungen gew\u00e4hrleistet.<br \/>\n<\/p><br \/>\n<br \/>\n<p><b>2. wie verbessert das Bohrverfahren f\u00fcr Aluminiumprofile die Produktqualit\u00e4t?<\/b><\/p>\n<p>Das Bohrverfahren gew\u00e4hrleistet pr\u00e4zise L\u00f6cher und Abmessungen, was zu genauen, hochwertigen Aluminiumprofilen f\u00fchrt, die enge Toleranzen einhalten.<br \/>\n<\/p><br \/>\n<br \/>\n<p><b>3. k\u00f6nnen Aluminiumprofile mit spezifischen Formen und Gr\u00f6\u00dfen angepasst werden?<\/b><\/p>\n<p>Ja, Aluminiumprofile k\u00f6nnen genau auf die jeweiligen Anforderungen zugeschnitten werden, wobei kundenspezifische Formen, Gr\u00f6\u00dfen und Oberfl\u00e4chenbehandlungen f\u00fcr verschiedene Anwendungen m\u00f6glich sind.<br \/>\n<\/p><br \/>\n<br \/>\n<p><b>4. welche Branchen nutzen typischerweise die Dienstleistungen Bohren, Schneiden, Biegen und Stanzen von Aluminiumprofilen?<\/b><\/p>\n<p>Branchen wie die Bau-, Automobil- und Fertigungsindustrie verlassen sich auf diese Dienstleistungen, um Pr\u00e4zisionskomponenten f\u00fcr eine Reihe von Anwendungen herzustellen.<br \/>\n<\/p><br \/>\n<br \/>\n<p><b>5. wie tr\u00e4gt der Biegeprozess zur Festigkeit und Flexibilit\u00e4t von Aluminiumprofilen bei?<\/b><\/p>\n<p>Das Biegen erm\u00f6glicht die Herstellung komplexer Formen, die sowohl Festigkeit als auch Flexibilit\u00e4t bieten und gleichzeitig die Integrit\u00e4t des Aluminiummaterials erhalten.<br \/>\n<\/p><br \/>\n<br \/>\n<p><b>6. welche Vorteile hat die Verwendung von Aluminiumprofilen gegen\u00fcber anderen Materialien?<\/b><\/p>\n<p>Aluminium ist leicht, korrosionsbest\u00e4ndig und bietet eine \u00fcberragende Festigkeit, wodurch es sich ideal f\u00fcr eine Vielzahl von industriellen und strukturellen Anwendungen eignet.<br \/>\n<\/p><br \/>\n<br \/>\n<p><b>7. wie verbessert das Stanzverfahren die Effizienz bei der Herstellung von Aluminiumprofilen?<\/b><\/p>\n<p>Das Stanzen erm\u00f6glicht eine schnelle und pr\u00e4zise Erstellung von L\u00f6chern und verbessert die Effizienz und Konsistenz der Aluminiumprofilproduktion.<br \/>\n<\/p><br \/>\n<br \/>\n<p><b>8. was macht Ihre Dienstleistungen in der Aluminiumprofilbearbeitung effizienter und kosteng\u00fcnstiger?<\/b><\/p>\n<p>Wir setzen fortschrittliche Maschinen und qualifizierte Fachleute ein, die eine schnelle Verarbeitung bei gleichbleibender Qualit\u00e4t gew\u00e4hrleisten und die Produktionszeit und -kosten senken.<br \/>\n<\/p><br \/><\/p>","protected":false},"featured_media":8448,"template":"","categories":[68],"class_list":["post-8449","product","type-product","status-publish","has-post-thumbnail","hentry","category-cnc-machining-aluminum-profile"],"meta_box":{"hilight_text_group":{"product_hilight_text":"<li>Comprehensive processing including drilling, cutting, bending, and punching for precise aluminum profiles.<\/li>\r\r\n<li>High-quality finishes with tight tolerances, ensuring a perfect fit for various applications.<\/li>\r\r\n<li>Customizable aluminum profiles to meet specific industrial requirements and design specifications.<\/li>\r\r\n<li>Efficient and cost-effective processing methods, reducing production time and costs.<\/li>\r\r\n<li>Advanced machinery and expert craftsmanship for consistent, reliable results in aluminum profile fabrication.<\/li>","product_chanpin_blog":"<ul>\r\r\n<li><a href=\"https:\/\/sinoextrud.com\/t-slot-v-slot-differences\/\" target=\"_blank\">t slot vs v slot<\/a><\/li>\r\r\n<li><a href=\"https:\/\/sinoextrud.com\/what-is-4040-aluminium-extrud\/\" target=\"_blank\">4040 aluminium extrusion<\/a><\/li>\r\r\n<li><a href=\"https:\/\/sinoextrud.com\/what-is-4040-aluminium-extrud\/\" target=\"_blank\">aluminum extrusions for industrial racks<\/a><\/li>\r\r\n<li><a href=\"https:\/\/sinoextrud.com\/powder-coating-aluminium-process\/\" target=\"_blank\">powder coating aluminium<\/a><\/li>\r\r\n<li><a href=\"https:\/\/sinoextrud.com\/what-is-an-aluminium-strip-ceiling\/\" target=\"_blank\">aluminium strip ceiling<\/a><\/li>\r\r\n<li><a href=\"https:\/\/sinoextrud.com\/what-is-a-heat-sink\/\" target=\"_blank\">what is a heat sink<\/a><\/li>\r\r\n<\/ul>","product_chanpin_chanpin":"<li><a href=\"https:\/\/sinoextrud.com\/product\/aluminium-enclosure-housing-and-shells\/\" target=\"_blank\">Aluminium Enclosure Housing And Shells<\/a><\/li>\r\n<li><a href=\"https:\/\/sinoextrud.com\/product\/aluminium-profile-cutting\/\" target=\"_blank\">Aluminium Profile Cutting<\/a><\/li>\r\n<li><a href=\"https:\/\/sinoextrud.com\/product\/high-precision-aluminum-extrusion-profile-cnc-machining-accessory-parts\/\" target=\"_blank\">High Precision Aluminum extrusion Profile CNC Machining Accessory Parts<\/a><\/li>\r\n<li><a href=\"https:\/\/sinoextrud.com\/product\/high-precision-aluminum-extrusion-profile-cnc-machining-accessory-parts-2\/\" target=\"_blank\">High Precision Aluminum extrusion Profile CNC Machining Accessory Parts<\/a><\/li>\r\n<li><a href=\"https:\/\/sinoextrud.com\/product\/aluminium-profile-drilling-cutting-bending-puching-processing\/\" target=\"_blank\">Aluminium profile drilling cutting bending puching processing<\/a><\/li>\r\n<li><a href=\"https:\/\/sinoextrud.com\/product\/aluminum-extrusion-custom-electric-vehicle-battery-enclosure-aluminum-profile\/\" target=\"_blank\">Aluminum Extrusion Custom Electric Vehicle Battery Enclosure Aluminum Profile<\/a><\/li>\r\n<li><a href=\"https:\/\/sinoextrud.com\/product\/aluminum-extrusion-high-strength-cnc-drilling-7003-aluminum-round-pipe\/\" target=\"_blank\">Aluminum Extrusion High-strength CNC Drilling 7003 Aluminum Round Pipe<\/a><\/li>\r\n<li><a href=\"https:\/\/sinoextrud.com\/product\/cnc-machining-aluminium-profile-connectors\/\" target=\"_blank\">CNC Machining Aluminium Profile Connectors<\/a><\/li>\r\n<li><a href=\"https:\/\/sinoextrud.com\/product\/cnc-machining-anodized-aluminum-extrusions\/\" target=\"_blank\">CNC Machining Anodized Aluminum Extrusions<\/a><\/li>\r\n<li><a href=\"https:\/\/sinoextrud.com\/product\/solar-aluminium-profile-2\/\" target=\"_blank\">Solar Aluminium Profile<\/a><\/li>\r\n<li><a href=\"https:\/\/sinoextrud.com\/product\/aluminium-extrusion-fittings-for-led\/\" target=\"_blank\">Aluminium Extrusion Fittings For Led<\/a><\/li>"},"feature_list":[]},"_links":{"self":[{"href":"https:\/\/sinoextrud.com\/de\/wp-json\/wp\/v2\/product\/8449","targetHints":{"allow":["GET"]}}],"collection":[{"href":"https:\/\/sinoextrud.com\/de\/wp-json\/wp\/v2\/product"}],"about":[{"href":"https:\/\/sinoextrud.com\/de\/wp-json\/wp\/v2\/types\/product"}],"wp:featuredmedia":[{"embeddable":true,"href":"https:\/\/sinoextrud.com\/de\/wp-json\/wp\/v2\/media\/8448"}],"wp:attachment":[{"href":"https:\/\/sinoextrud.com\/de\/wp-json\/wp\/v2\/media?parent=8449"}],"wp:term":[{"taxonomy":"category","embeddable":true,"href":"https:\/\/sinoextrud.com\/de\/wp-json\/wp\/v2\/categories?post=8449"}],"curies":[{"name":"wp","href":"https:\/\/api.w.org\/{rel}","templated":true}]}}