{"id":8447,"date":"2025-06-16T06:08:25","date_gmt":"2025-06-16T06:08:25","guid":{"rendered":"https:\/\/sinoextrud.com\/product\/high-precision-aluminum-extrusion-profile-cnc-machining-accessory-parts-2\/"},"modified":"2025-06-24T06:23:51","modified_gmt":"2025-06-24T06:23:51","slug":"hochprazises-aluminium-strangpressprofil-cnc-bearbeitung-zubehorteile-2","status":"publish","type":"product","link":"https:\/\/sinoextrud.com\/de\/product\/high-precision-aluminum-extrusion-profile-cnc-machining-accessory-parts-2\/","title":{"rendered":"Hochpr\u00e4zisions-Aluminium-Strangpressprofil CNC-Bearbeitung Zubeh\u00f6rteile"},"content":{"rendered":"<h2>Produkte Details<\/h2>\n<table class=\"custom-table\">\n<tr>\n<td class=\"label\">Stil:<\/td>\n<td> Modern<\/td>\n<\/tr>\n<tr>\n<td class=\"label\">Schalld\u00e4mmung:<\/td>\n<td> 40<\/td>\n<\/tr>\n<tr>\n<td class=\"label\">Furnierholz:<\/td>\n<td> durch Nachfrage<\/td>\n<\/tr>\n<tr>\n<td class=\"label\">Sicherheitseinstufung:<\/td>\n<td> A<\/td>\n<\/tr>\n<tr>\n<td class=\"label\">Funktion:<\/td>\n<td> Sicherheit, Dekoration<\/td>\n<\/tr>\n<tr>\n<td class=\"label\">Die Kosten:<\/td>\n<td> Wird zur\u00fcckgegeben<\/td>\n<\/tr>\n<tr>\n<td class=\"label\">Oberfl\u00e4chenbehandlung:<\/td>\n<td> Pulverbeschichtung.Holzmaserung, Eloxiert, M\u00fchle Finish<\/td>\n<\/tr>\n<tr>\n<td class=\"label\">QA:<\/td>\n<td> Qualit\u00e4t ist keine gute R\u00fcckverg\u00fctung f\u00fcr Sie<\/td>\n<\/tr>\n<tr>\n<td class=\"label\">Transport-Paket:<\/td>\n<td> Export-Verpackung<\/td>\n<\/tr>\n<tr>\n<td class=\"label\">Material:<\/td>\n<td> Aluminium-Legierung<\/td>\n<\/tr>\n<tr>\n<td class=\"label\">Bildschirm Netzmaterial:<\/td>\n<td> Nylon<\/td>\n<\/tr>\n<tr>\n<td class=\"label\">Position:<\/td>\n<td> \u00c4u\u00dferes<\/td>\n<\/tr>\n<tr>\n<td class=\"label\">Oberfl\u00e4chenveredelung:<\/td>\n<td> Fertige<\/td>\n<\/tr>\n<tr>\n<td class=\"label\">Probe Lieferung Detail:<\/td>\n<td> 10-15 Tage<\/td>\n<\/tr>\n<tr>\n<td class=\"label\">Lieferzeiten:<\/td>\n<td> 10-20 Tage nach Ihrer Bestellung<\/td>\n<\/tr>\n<tr>\n<td class=\"label\">Farbe:<\/td>\n<td> nach Ihrem Bedarf<\/td>\n<\/tr>\n<tr>\n<td class=\"label\">MOQ:<\/td>\n<td> 200KGs<\/td>\n<\/tr>\n<\/table>\n<h2>Unsere Produktionsbasis<\/h2>\n<h3>Fabrik-Panorama<\/h3>\n<p><img decoding=\"async\" src=\"\/wp-content\/uploads\/factory-01.webp\"\/><\/p>\n<h3>Werkstatt zur Herstellung von Aluminiumstangen<\/h3>\n<p><img decoding=\"async\" src=\"\/wp-content\/uploads\/factory-02.webp\"\/><\/p>\n<p><img decoding=\"async\" src=\"\/wp-content\/uploads\/factory-03.webp\"\/><\/p>\n<h3>Lagerhaus f\u00fcr Formen<\/h3>\n<p><img decoding=\"async\" src=\"\/wp-content\/uploads\/factory-04.webp\"\/><\/p>\n<h3>43 Aluminium-Strangpressanlagen (500\u00e2\u20ac\"5500 Tonnen)<\/h3>\n<p><img decoding=\"async\" src=\"\/wp-content\/uploads\/factory-05.webp\"\/><\/p>\n<p><img decoding=\"async\" src=\"\/wp-content\/uploads\/factory-06.webp\"\/><\/p>\n<p><img decoding=\"async\" src=\"\/wp-content\/uploads\/factory-07.webp\"\/><\/p>\n<h3>Werkstatt f\u00fcr Pulverbeschichtung<\/h3>\n<p><img decoding=\"async\" src=\"\/wp-content\/uploads\/factory-09.webp\"\/><\/p>\n<h3>Eloxal-Werkstatt<\/h3>\n<p><img decoding=\"async\" src=\"\/wp-content\/uploads\/factory-10.webp\"\/><\/p>\n<h3>Workshop zur Tiefenverarbeitung<\/h3>\n<p><img decoding=\"async\" src=\"\/wp-content\/uploads\/factory-11.webp\"\/><\/p>\n<h3>CNC-Pr\u00e4zisionsbearbeitungswerkstatt<\/h3>\n<p><img decoding=\"async\" src=\"\/wp-content\/uploads\/factory-11.5.webp\"\/><\/p>\n<h3>Lager f\u00fcr Fertigprodukte und Export<\/h3>\n<p><img decoding=\"async\" src=\"\/wp-content\/uploads\/factory-12.webp\"\/><\/p>\n<p><img decoding=\"async\" src=\"\/wp-content\/uploads\/factory-13.webp\"\/><\/p>\n<p><img decoding=\"async\" src=\"\/wp-content\/uploads\/factory-14.webp\"\/><\/p>\n<h2>FAQ<\/h2>\n<p><p><b>1. was sind Hochpr\u00e4zisions-Aluminium-Extrusionsprofil CNC-Bearbeitung Zubeh\u00f6rteile?<\/b><\/p>\n<p>Es handelt sich um pr\u00e4zisionsgefertigte Komponenten aus Aluminium-Strangpressprofilen, die durch CNC-Bearbeitung hergestellt werden, um hohe Ma\u00dfgenauigkeit und Haltbarkeit zu erreichen.<br \/>\n<\/p><br \/>\n<br \/>\n<p><b>2. warum die CNC-Bearbeitung von Aluminium-Strangpressprofilen?<\/b><\/p>\n<p>Die CNC-Bearbeitung gew\u00e4hrleistet hohe Pr\u00e4zision, Wiederholgenauigkeit und saubere Oberfl\u00e4chen und ist damit ideal f\u00fcr Zubeh\u00f6rteile aus Aluminium-Strangpressprofilen, die in technischen und industriellen Anwendungen eingesetzt werden.<br \/>\n<\/p><br \/>\n<br \/>\n<p><b>3. sind diese Aluminiumteile korrosionsbest\u00e4ndig?<\/b><\/p>\n<p>Ja, die Aluminiumteile werden einer Oberfl\u00e4chenbehandlung wie dem Eloxieren unterzogen, wodurch die Korrosionsbest\u00e4ndigkeit verbessert und die Lebensdauer des Produkts verl\u00e4ngert wird.<br \/>\n<\/p><br \/>\n<br \/>\n<p><b>4. kann ich kundenspezifische Abmessungen oder Formen anfordern?<\/b><\/p>\n<p>Ja, Hochpr\u00e4zisions-Aluminium-Strangpressprofil-CNC-Bearbeitungsteile k\u00f6nnen in Gr\u00f6\u00dfe, Form und Oberfl\u00e4cheng\u00fcte vollst\u00e4ndig an die spezifischen Kundenanforderungen angepasst werden.<br \/>\n<\/p><br \/>\n<br \/>\n<p><b>5. welche Branchen verwenden diese Aluminium-Zubeh\u00f6rteile?<\/b><\/p>\n<p>Diese Teile werden aufgrund ihrer Festigkeit und Pr\u00e4zision h\u00e4ufig in Branchen wie Automatisierung, Robotik, Automobilbau, Luft- und Raumfahrt und Industrieanlagenbau eingesetzt.<br \/>\n<\/p><br \/>\n<br \/>\n<p><b>6. wie verbessern diese Teile die Effizienz der Montage?<\/b><\/p>\n<p>Mit ihren genauen Abmessungen und ihrer Kompatibilit\u00e4t mit modularen Systemen vereinfachen diese CNC-gefr\u00e4sten Aluminiumteile die Integration und reduzieren die Montagezeit.<br \/>\n<\/p><br \/>\n<br \/>\n<p><b>7. was sind die wichtigsten Vorteile von Aluminium-Strangpressprofilen?<\/b><\/p>\n<p>Aluminium-Strangpressprofile bieten leichte Festigkeit, hervorragende W\u00e4rmeableitung und leichte Bearbeitbarkeit, was sie ideal f\u00fcr CNC-Zubeh\u00f6rteile macht.<br \/>\n<\/p><br \/>\n<br \/>\n<p><b>Werden OEM-Gro\u00dfauftr\u00e4ge unterst\u00fctzt?<\/b><\/p>\n<p>Ja, wir bieten effiziente Produktionslinien und unterst\u00fctzen OEM-Gro\u00dfauftr\u00e4ge mit kurzen Durchlaufzeiten und strenger Qualit\u00e4tskontrolle.<\/p>\n<p><\/p><br \/><\/p>","protected":false},"featured_media":8446,"template":"","categories":[68],"class_list":["post-8447","product","type-product","status-publish","has-post-thumbnail","hentry","category-cnc-machining-aluminum-profile"],"meta_box":{"hilight_text_group":{"product_hilight_text":"<li>High precision CNC machining ensures tight tolerances for demanding applications<\/li>\r\r\n<li>Durable aluminum extrusion profiles offer lightweight yet strong structural support<\/li>\r\r\n<li>Customizable sizes and finishes to meet diverse industrial requirements<\/li>\r\r\n<li>Excellent surface treatment for enhanced corrosion resistance and aesthetics<\/li>\r\r\n<li>Perfect compatibility with assembly systems and automation solutions<\/li>\r\r\n<li>Efficient production and fast lead times suitable for bulk OEM orders<\/li>","product_chanpin_blog":"<ul>\r\r\n<li><a href=\"https:\/\/sinoextrud.com\/t-slot-v-slot-differences\/\" target=\"_blank\">t slot vs v slot<\/a><\/li>\r\r\n<li><a href=\"https:\/\/sinoextrud.com\/what-is-4040-aluminium-extrud\/\" target=\"_blank\">4040 aluminium extrusion<\/a><\/li>\r\r\n<li><a href=\"https:\/\/sinoextrud.com\/what-is-4040-aluminium-extrud\/\" target=\"_blank\">aluminum extrusions for industrial racks<\/a><\/li>\r\r\n<li><a href=\"https:\/\/sinoextrud.com\/powder-coating-aluminium-process\/\" target=\"_blank\">powder coating aluminium<\/a><\/li>\r\r\n<li><a href=\"https:\/\/sinoextrud.com\/what-is-an-aluminium-strip-ceiling\/\" target=\"_blank\">aluminium strip ceiling<\/a><\/li>\r\r\n<li><a href=\"https:\/\/sinoextrud.com\/what-is-a-heat-sink\/\" target=\"_blank\">what is a heat sink<\/a><\/li>\r\r\n<\/ul>","product_chanpin_chanpin":"<li><a href=\"https:\/\/sinoextrud.com\/product\/aluminium-profile-lock\/\" target=\"_blank\">Aluminium Profile Lock<\/a><\/li>\r\n<li><a href=\"https:\/\/sinoextrud.com\/product\/aluminium-enclosure-housing-and-shells\/\" target=\"_blank\">Aluminium Enclosure Housing And Shells<\/a><\/li>\r\n<li><a href=\"https:\/\/sinoextrud.com\/product\/aluminium-profile-cutting\/\" target=\"_blank\">Aluminium Profile Cutting<\/a><\/li>\r\n<li><a href=\"https:\/\/sinoextrud.com\/product\/high-precision-aluminum-extrusion-profile-cnc-machining-accessory-parts\/\" target=\"_blank\">High Precision Aluminum extrusion Profile CNC Machining Accessory Parts<\/a><\/li>\r\n<li><a href=\"https:\/\/sinoextrud.com\/product\/high-precision-aluminum-extrusion-profile-cnc-machining-accessory-parts-2\/\" target=\"_blank\">High Precision Aluminum extrusion Profile CNC Machining Accessory Parts<\/a><\/li>\r\n<li><a href=\"https:\/\/sinoextrud.com\/product\/aluminium-profile-drilling-cutting-bending-puching-processing\/\" target=\"_blank\">Aluminium profile drilling cutting bending puching processing<\/a><\/li>\r\n<li><a href=\"https:\/\/sinoextrud.com\/product\/aluminum-extrusion-custom-electric-vehicle-battery-enclosure-aluminum-profile\/\" target=\"_blank\">Aluminum Extrusion Custom Electric Vehicle Battery Enclosure Aluminum Profile<\/a><\/li>\r\n<li><a href=\"https:\/\/sinoextrud.com\/product\/aluminum-extrusion-high-strength-cnc-drilling-7003-aluminum-round-pipe\/\" target=\"_blank\">Aluminum Extrusion High-strength CNC Drilling 7003 Aluminum Round Pipe<\/a><\/li>\r\n<li><a href=\"https:\/\/sinoextrud.com\/product\/cnc-machining-aluminium-profile-connectors\/\" target=\"_blank\">CNC Machining Aluminium Profile Connectors<\/a><\/li>\r\n<li><a href=\"https:\/\/sinoextrud.com\/product\/shutter-type-of-aluminum-profiles-for-doors-and-windows\/\" target=\"_blank\">Shutter Type Of Aluminum Profiles For Doors And Windows<\/a><\/li>\r\n<li><a href=\"https:\/\/sinoextrud.com\/product\/hook-on-tile-ceiling-system\/\" target=\"_blank\">Hook-On Tile Ceiling System<\/a><\/li>"},"feature_list":[]},"_links":{"self":[{"href":"https:\/\/sinoextrud.com\/de\/wp-json\/wp\/v2\/product\/8447","targetHints":{"allow":["GET"]}}],"collection":[{"href":"https:\/\/sinoextrud.com\/de\/wp-json\/wp\/v2\/product"}],"about":[{"href":"https:\/\/sinoextrud.com\/de\/wp-json\/wp\/v2\/types\/product"}],"wp:featuredmedia":[{"embeddable":true,"href":"https:\/\/sinoextrud.com\/de\/wp-json\/wp\/v2\/media\/8446"}],"wp:attachment":[{"href":"https:\/\/sinoextrud.com\/de\/wp-json\/wp\/v2\/media?parent=8447"}],"wp:term":[{"taxonomy":"category","embeddable":true,"href":"https:\/\/sinoextrud.com\/de\/wp-json\/wp\/v2\/categories?post=8447"}],"curies":[{"name":"wp","href":"https:\/\/api.w.org\/{rel}","templated":true}]}}