{"id":8440,"date":"2025-06-16T03:33:08","date_gmt":"2025-06-16T03:33:08","guid":{"rendered":"https:\/\/sinoextrud.com\/product\/aluminium-enclosure-housing-and-shells\/"},"modified":"2025-06-24T06:23:50","modified_gmt":"2025-06-24T06:23:50","slug":"gehause-und-schalen-aus-aluminium","status":"publish","type":"product","link":"https:\/\/sinoextrud.com\/de\/product\/aluminium-enclosure-housing-and-shells\/","title":{"rendered":"Aluminium-Geh\u00e4use und -Schalen"},"content":{"rendered":"<h2>Produkte Details<\/h2>\n<table class=\"custom-table\">\n<tr>\n<td class=\"label\">Modell Nr.:<\/td>\n<td> OEM<br \/>\nZertifizierung, RoHS, SGS, ISO9001<\/td>\n<\/tr>\n<tr>\n<td class=\"label\">Material:<\/td>\n<td> Metall<\/td>\n<\/tr>\n<tr>\n<td class=\"label\">Produktname:<\/td>\n<td> CNC-Maschinenteile<\/td>\n<\/tr>\n<tr>\n<td class=\"label\">Oberfl\u00e4chenbehandlung:<\/td>\n<td> Lackieren, Sandstrahlen, Eloxieren, etc.<\/td>\n<\/tr>\n<tr>\n<td class=\"label\">MOQ:<\/td>\n<td> 1 St\u00fcck<\/td>\n<\/tr>\n<tr>\n<td class=\"label\">Qualit\u00e4tskontrolle:<\/td>\n<td> Vollst\u00e4ndige Qualit\u00e4tskontrolle<\/td>\n<\/tr>\n<tr>\n<td class=\"label\">Wesentliche Merkmale:<\/td>\n<td> Pr\u00e4zisionsgr\u00f6\u00dfe, farbenfroh<\/td>\n<\/tr>\n<tr>\n<td class=\"label\">Warenzeichen:<\/td>\n<td> OEM<\/td>\n<\/tr>\n<tr>\n<td class=\"label\">Spezifikation:<\/td>\n<td> OEM<\/td>\n<\/tr>\n<tr>\n<td class=\"label\">Zustand:<\/td>\n<td> Neu<\/td>\n<\/tr>\n<tr>\n<td class=\"label\">Ma\u00dfgeschneidert:<\/td>\n<td> Kundenspezifisch<\/td>\n<\/tr>\n<tr>\n<td class=\"label\">Anwendung:<\/td>\n<td> Metallrecycling-Maschinen, Metallschneidemaschinen, Metallverarbeitungsmaschinen, Metallgraviermaschinen, Metallgie\u00dfereimaschinen<\/td>\n<\/tr>\n<tr>\n<td class=\"label\">Schl\u00fcsselwort:<\/td>\n<td> CNC-Maschinenteile<\/td>\n<\/tr>\n<tr>\n<td class=\"label\">Standort der Fabrik:<\/td>\n<td> Shenzhen, China<\/td>\n<\/tr>\n<tr>\n<td class=\"label\">Beispiel:<\/td>\n<td> Verf\u00fcgbar<\/td>\n<\/tr>\n<tr>\n<td class=\"label\">Arbeitstoleranz:<\/td>\n<td> +\/- 0,02 mm<\/td>\n<\/tr>\n<tr>\n<td class=\"label\">OEM\/ODM:<\/td>\n<td> Annehmbar<\/td>\n<\/tr>\n<tr>\n<td class=\"label\">Transport-Paket:<\/td>\n<td> Karton Box f\u00fcr jedes St\u00fcck, wie Kunden\u2032 Anfrage<\/td>\n<\/tr>\n<tr>\n<td class=\"label\">Herkunft:<\/td>\n<td> Foshan,GUANGDONG, China<\/td>\n<\/tr>\n<\/table>\n<h2>Unsere Produktionsbasis<\/h2>\n<h3>Fabrik-Panorama<\/h3>\n<p><img decoding=\"async\" src=\"\/wp-content\/uploads\/factory-01.webp\"\/><\/p>\n<h3>Werkstatt zur Herstellung von Aluminiumstangen<\/h3>\n<p><img decoding=\"async\" src=\"\/wp-content\/uploads\/factory-02.webp\"\/><\/p>\n<\/p>\n<p><img decoding=\"async\" src=\"\/wp-content\/uploads\/factory-03.webp\"\/><\/p>\n<h3>Lagerhaus f\u00fcr Formen<\/h3>\n<p><img decoding=\"async\" src=\"\/wp-content\/uploads\/factory-04.webp\"\/><\/p>\n<h3>43 Aluminium-Strangpressanlagen (500-5500 Tonnen)<\/h3>\n<p><img decoding=\"async\" src=\"\/wp-content\/uploads\/factory-05.webp\"\/><\/p>\n<p><img decoding=\"async\" src=\"\/wp-content\/uploads\/factory-06.webp\"\/><\/p>\n<p><img decoding=\"async\" src=\"\/wp-content\/uploads\/factory-07.webp\"\/><\/p>\n<h3>Werkstatt f\u00fcr Pulverbeschichtung<\/h3>\n<p><img decoding=\"async\" src=\"\/wp-content\/uploads\/factory-09.webp\"\/><\/p>\n<h3>Eloxal-Werkstatt<\/h3>\n<p><img decoding=\"async\" src=\"\/wp-content\/uploads\/factory-10.webp\"\/><\/p>\n<h3>Workshop zur Tiefenverarbeitung<\/h3>\n<p><img decoding=\"async\" src=\"\/wp-content\/uploads\/factory-11.webp\"\/><\/p>\n<h3>CNC-Pr\u00e4zisionsbearbeitungswerkstatt<\/h3>\n<p><img decoding=\"async\" src=\"\/wp-content\/uploads\/factory-11.5.webp\"\/><\/p>\n<h3>Lager f\u00fcr Fertigprodukte und Export<\/h3>\n<p><img decoding=\"async\" src=\"\/wp-content\/uploads\/factory-12.webp\"\/><\/p>\n<p><img decoding=\"async\" src=\"\/wp-content\/uploads\/factory-13.webp\"\/><\/p>\n<p><img decoding=\"async\" src=\"\/wp-content\/uploads\/factory-14.webp\"\/><\/p>\n<h2>FAQ<\/h2>\n<p><b>1.was sind Aluminium-Geh\u00e4use und -Schalen?<\/b><\/p>\n<p>Aluminiumgeh\u00e4use und -schalen sind Schutzgeh\u00e4use aus Aluminium, die zur Unterbringung und zum Schutz elektronischer und mechanischer Komponenten in verschiedenen Branchen verwendet werden.\n<\/p>\n<p><\/p>\n<p><b>2. warum wird Aluminium f\u00fcr Geh\u00e4use und Schalen verwendet?<\/b><\/p>\n<p>Aluminium ist leicht, langlebig, korrosionsbest\u00e4ndig und bietet eine hervorragende W\u00e4rmeableitung, wodurch es sich ideal f\u00fcr Geh\u00e4use und Schalen eignet, die empfindliche Komponenten in schwierigen Umgebungen sch\u00fctzen.\n<\/p>\n<p><\/p>\n<p><b>3. wie sch\u00fctzt ein Aluminiumgeh\u00e4use die internen Komponenten?<\/b><\/p>\n<p>Aluminiumgeh\u00e4use bieten zuverl\u00e4ssigen Schutz vor Staub, Feuchtigkeit und physischen Besch\u00e4digungen und tragen gleichzeitig zur W\u00e4rmeableitung bei, um die Langlebigkeit und Leistung der internen Komponenten zu gew\u00e4hrleisten.\n<\/p>\n<p><\/p>\n<p><b>4. k\u00f6nnen Aluminiumgeh\u00e4use und -schalen individuell angepasst werden?<\/b><\/p>\n<p>Ja, Aluminiumgeh\u00e4use und -schalen k\u00f6nnen in Bezug auf Gr\u00f6\u00dfe, Design und Konfiguration individuell angepasst werden, um die spezifischen Anforderungen verschiedener Anwendungen und Branchen zu erf\u00fcllen.\n<\/p>\n<p><\/p>\n<p><b>5. welche Branchen verwenden Aluminiumgeh\u00e4use und -schalen?<\/b><\/p>\n<p>Branchen wie die Elektronik-, Telekommunikations-, Automobil- und Industriebranche verwenden Aluminiumgeh\u00e4use, um empfindliche Ger\u00e4te und Komponenten vor \u00e4u\u00dferen Sch\u00e4den und Umwelteinfl\u00fcssen zu sch\u00fctzen.\n<\/p>\n<p><\/p>\n<p><b>6. wie effektiv ist die W\u00e4rmeableitung in Aluminiumgeh\u00e4usen und -schalen?<\/b><\/p>\n<p>Aluminiumgeh\u00e4use leiten aufgrund der ausgezeichneten W\u00e4rmeleitf\u00e4higkeit von Aluminium die W\u00e4rme sehr effektiv ab, verhindern eine \u00dcberhitzung der internen Komponenten und erh\u00f6hen die Leistung.\n<\/p>\n<p><\/p>\n<p><b>7. sind Geh\u00e4use und Schalen aus Aluminium kosteneffizient?<\/b><\/p>\n<p>Ja, Aluminiumgeh\u00e4use sind kosteng\u00fcnstig und bieten eine Kombination aus Erschwinglichkeit, Langlebigkeit und hervorragendem Schutz, was sie zu einer beliebten Wahl f\u00fcr verschiedene industrielle Anwendungen macht.\n<\/p>\n<p><\/p>","protected":false},"featured_media":8439,"template":"","categories":[68],"class_list":["post-8440","product","type-product","status-publish","has-post-thumbnail","hentry","category-cnc-machining-aluminum-profile"],"meta_box":{"hilight_text_group":{"product_hilight_text":"<li>Durable and lightweight aluminum construction for reliable protection<\/li>\r\r\n<li>Corrosion-resistant and long-lasting, ideal for outdoor and harsh environments<\/li>\r\r\n<li>Customizable sizes and designs to meet specific application needs<\/li>\r\r\n<li>Excellent heat dissipation properties to protect internal components<\/li>\r\r\n<li>High-quality surface finish with smooth edges for easy handling<\/li>\r\r\n<li>Perfect for various industries such as electronics, telecommunications, and industrial equipment<\/li>","product_chanpin_blog":"<ul>\r\r\n<li><a href=\"https:\/\/sinoextrud.com\/t-slot-v-slot-differences\/\" target=\"_blank\">t slot vs v slot<\/a><\/li>\r\r\n<li><a href=\"https:\/\/sinoextrud.com\/what-is-4040-aluminium-extrud\/\" target=\"_blank\">4040 aluminium extrusion<\/a><\/li>\r\r\n<li><a href=\"https:\/\/sinoextrud.com\/what-is-4040-aluminium-extrud\/\" target=\"_blank\">aluminum extrusions for industrial racks<\/a><\/li>\r\r\n<li><a href=\"https:\/\/sinoextrud.com\/powder-coating-aluminium-process\/\" target=\"_blank\">powder coating aluminium<\/a><\/li>\r\r\n<li><a href=\"https:\/\/sinoextrud.com\/what-is-an-aluminium-strip-ceiling\/\" target=\"_blank\">aluminium strip ceiling<\/a><\/li>\r\r\n<li><a href=\"https:\/\/sinoextrud.com\/what-is-a-heat-sink\/\" target=\"_blank\">what is a heat sink<\/a><\/li>\r\r\n<\/ul>","product_chanpin_chanpin":"<li><a href=\"https:\/\/sinoextrud.com\/product\/aluminum-cnc\/\" target=\"_blank\">Aluminum CNC<\/a><\/li>\r\n<li><a href=\"https:\/\/sinoextrud.com\/product\/aluminium-aerofoil-extrusion-oxidation-scrub-black\/\" target=\"_blank\">Aluminium Aerofoil Extrusion Oxidation Scrub Black<\/a><\/li>\r\n<li><a href=\"https:\/\/sinoextrud.com\/product\/aluminium-extrusion-cnc\/\" target=\"_blank\">Aluminium Extrusion CNC<\/a><\/li>\r\n<li><a href=\"https:\/\/sinoextrud.com\/product\/aluminium-profile-lock\/\" target=\"_blank\">Aluminium Profile Lock<\/a><\/li>\r\n<li><a href=\"https:\/\/sinoextrud.com\/product\/aluminium-enclosure-housing-and-shells\/\" target=\"_blank\">Aluminium Enclosure Housing And Shells<\/a><\/li>\r\n<li><a href=\"https:\/\/sinoextrud.com\/product\/aluminium-profile-cutting\/\" target=\"_blank\">Aluminium Profile Cutting<\/a><\/li>\r\n<li><a href=\"https:\/\/sinoextrud.com\/product\/high-precision-aluminum-extrusion-profile-cnc-machining-accessory-parts\/\" target=\"_blank\">High Precision Aluminum extrusion Profile CNC Machining Accessory Parts<\/a><\/li>\r\n<li><a href=\"https:\/\/sinoextrud.com\/product\/high-precision-aluminum-extrusion-profile-cnc-machining-accessory-parts-2\/\" target=\"_blank\">High Precision Aluminum extrusion Profile CNC Machining Accessory Parts<\/a><\/li>\r\n<li><a href=\"https:\/\/sinoextrud.com\/product\/aluminium-profile-drilling-cutting-bending-puching-processing\/\" target=\"_blank\">Aluminium profile drilling cutting bending puching processing<\/a><\/li>\r\n<li><a href=\"https:\/\/sinoextrud.com\/product\/cutting-aluminum-extrusion\/\" target=\"_blank\">Cutting Aluminum Extrusion<\/a><\/li>\r\n<li><a href=\"https:\/\/sinoextrud.com\/product\/building-materials-aluminium-profile-curtain-rod\/\" target=\"_blank\">Building Materials Aluminium Profile Curtain Rod<\/a><\/li>"},"feature_list":[]},"_links":{"self":[{"href":"https:\/\/sinoextrud.com\/de\/wp-json\/wp\/v2\/product\/8440","targetHints":{"allow":["GET"]}}],"collection":[{"href":"https:\/\/sinoextrud.com\/de\/wp-json\/wp\/v2\/product"}],"about":[{"href":"https:\/\/sinoextrud.com\/de\/wp-json\/wp\/v2\/types\/product"}],"wp:featuredmedia":[{"embeddable":true,"href":"https:\/\/sinoextrud.com\/de\/wp-json\/wp\/v2\/media\/8439"}],"wp:attachment":[{"href":"https:\/\/sinoextrud.com\/de\/wp-json\/wp\/v2\/media?parent=8440"}],"wp:term":[{"taxonomy":"category","embeddable":true,"href":"https:\/\/sinoextrud.com\/de\/wp-json\/wp\/v2\/categories?post=8440"}],"curies":[{"name":"wp","href":"https:\/\/api.w.org\/{rel}","templated":true}]}}