{"id":8434,"date":"2025-06-16T03:25:15","date_gmt":"2025-06-16T03:25:15","guid":{"rendered":"https:\/\/sinoextrud.com\/product\/aluminium-aerofoil-extrusion-oxidation-scrub-black\/"},"modified":"2025-06-24T06:23:48","modified_gmt":"2025-06-24T06:23:48","slug":"aluminium-strangpressprofil-oxidationsschutz-schwarz","status":"publish","type":"product","link":"https:\/\/sinoextrud.com\/de\/product\/aluminium-aerofoil-extrusion-oxidation-scrub-black\/","title":{"rendered":"Aluminium-Flugzeugfolie Extrusion Oxidation Scrub Schwarz"},"content":{"rendered":"<h2>Produkte Details<\/h2>\n<table class=\"custom-table\">\n<tr>\n<td class=\"label\">Titel<\/td>\n<td>Aluminium-Flugzeugfolie Extrusion Oxidation Scrub Schwarz<\/td>\n<\/tr>\n<\/table>\n<h2>Unsere Produktionsbasis<\/h2>\n<h3>Fabrik-Panorama<\/h3>\n<p><img decoding=\"async\" src=\"\/wp-content\/uploads\/factory-01.webp\"\/><\/p>\n<h3>Werkstatt zur Herstellung von Aluminiumstangen<\/h3>\n<p><img decoding=\"async\" src=\"\/wp-content\/uploads\/factory-02.webp\"\/><\/p>\n<p><img decoding=\"async\" src=\"\/wp-content\/uploads\/factory-03.webp\"\/><\/p>\n<h3>Lagerhaus f\u00fcr Formen<\/h3>\n<p><img decoding=\"async\" src=\"\/wp-content\/uploads\/factory-04.webp\"\/><\/p>\n<h3>43 Aluminium-Strangpressanlagen (500\u00e2\u20ac\"5500 Tonnen)<\/h3>\n<p><img decoding=\"async\" src=\"\/wp-content\/uploads\/factory-05.webp\"\/><\/p>\n<p><img decoding=\"async\" src=\"\/wp-content\/uploads\/factory-06.webp\"\/><\/p>\n<p><img decoding=\"async\" src=\"\/wp-content\/uploads\/factory-07.webp\"\/><\/p>\n<h3>Werkstatt f\u00fcr Pulverbeschichtung<\/h3>\n<p><img decoding=\"async\" src=\"\/wp-content\/uploads\/factory-09.webp\"\/><\/p>\n<h3>Eloxal-Werkstatt<\/h3>\n<p><img decoding=\"async\" src=\"\/wp-content\/uploads\/factory-10.webp\"\/><\/p>\n<h3>Workshop zur Tiefenverarbeitung<\/h3>\n<p><img decoding=\"async\" src=\"\/wp-content\/uploads\/factory-11.webp\"\/><\/p>\n<h3>CNC-Pr\u00e4zisionsbearbeitungswerkstatt<\/h3>\n<p><img decoding=\"async\" src=\"\/wp-content\/uploads\/factory-11.5.webp\"\/><\/p>\n<h3>Lager f\u00fcr Fertigprodukte und Export<\/h3>\n<p><img decoding=\"async\" src=\"\/wp-content\/uploads\/factory-12.webp\"\/><\/p>\n<p><img decoding=\"async\" src=\"\/wp-content\/uploads\/factory-13.webp\"\/><\/p>\n<p><img decoding=\"async\" src=\"\/wp-content\/uploads\/factory-14.webp\"\/><\/p>\n<h2>FAQ<\/h2>\n<p><p><b>1. was ist Aluminium Aerofoil Extrusion Oxidation Scrub Black?<\/b><\/p>\n<p>Aluminium Aerofoil Extrusion Oxidation Scrub Black ist ein Hochleistungs-Aluminiumprofil mit einer oxidationsbehandelten schwarzen Oberfl\u00e4che, die f\u00fcr verbesserte Haltbarkeit und Korrosionsbest\u00e4ndigkeit entwickelt wurde.<br \/>\n<\/p><br \/>\n<br \/>\n<p><b>2. was sind die Vorteile von Aluminium Aerofoil Extrusion Oxidation Scrub Black?<\/b><\/p>\n<p>Das Aluminium Aerofoil Extrusion Oxidation Scrub Black bietet Korrosionsbest\u00e4ndigkeit, leichte Festigkeit, \u00c4sthetik und Anpassungsf\u00e4higkeit und ist damit ideal f\u00fcr verschiedene industrielle Anwendungen.<br \/>\n<\/p><br \/>\n<br \/>\n<p><b>3. wie verbessert die Oxidationsbehandlung das Strangpressen von Aluminiumfl\u00fcgeln?<\/b><\/p>\n<p>Durch die Oxidationsbehandlung entsteht eine Schutzschicht auf der Oberfl\u00e4che des Aluminiums, die seine Korrosionsbest\u00e4ndigkeit und Langlebigkeit insgesamt erh\u00f6ht.<br \/>\n<\/p><br \/>\n<br \/>\n<p><b>4. ist Aluminium Aerofoil Extrusion Oxidation Scrub Black anpassbar?<\/b><\/p>\n<p>Ja, Aluminium Aerofoil Extrusion Oxidation Scrub Black kann in Bezug auf Form, Gr\u00f6\u00dfe und Ausf\u00fchrung an die jeweiligen Projektanforderungen angepasst werden.<br \/>\n<\/p><br \/>\n<br \/>\n<p><b>5. welche Industrien verwenden Aluminium Aerofoil Extrusion Oxidation Scrub Black?<\/b><\/p>\n<p>Branchen wie die Automobilindustrie, die Luft- und Raumfahrt und das Bauwesen verwenden Aluminium Aerofoil Extrusion Oxidation Scrub Black f\u00fcr Anwendungen, die starke, korrosionsbest\u00e4ndige und leichte Materialien erfordern.<br \/>\n<\/p><br \/>\n<br \/>\n<p><b>6. welche Vorteile hat die schwarze Oberfl\u00e4che von Aluminium Aerofoil Extrusion Oxidation Scrub Black?<\/b><\/p>\n<p>Die schwarze Oberfl\u00e4che verbessert die \u00c4sthetik des Profils und bietet gleichzeitig einen zus\u00e4tzlichen Schutz vor den Elementen.<br \/>\n<\/p><br \/>\n<br \/>\n<p><b>7. ist Aluminium-Flugzeugfolien-Extrusion Oxidation Scrub Black umweltfreundlich?<\/b><\/p>\n<p>Ja, Aluminium ist ein recycelbares Material, was die Aluminium Aerofoil Extrusion Oxidation Scrub Black zu einer umweltfreundlichen Wahl macht.<br \/>\n<\/p><br \/>\n<br \/>\n<p><b>8. was macht Aluminium Aerofoil Extrusion Oxidation Scrub Black kosteng\u00fcnstig?<\/b><\/p>\n<p>Der effiziente Produktionsprozess, die lange Lebensdauer und die geringen Wartungskosten machen Aluminium Aerofoil Extrusion Oxidation Scrub Black zu einer kosteng\u00fcnstigen L\u00f6sung f\u00fcr verschiedene industrielle Anwendungen.<br \/>\n<\/p><br \/><\/p>","protected":false},"featured_media":8433,"template":"","categories":[68],"class_list":["post-8434","product","type-product","status-publish","has-post-thumbnail","hentry","category-cnc-machining-aluminum-profile"],"meta_box":{"hilight_text_group":{"product_hilight_text":"<li>High-performance aluminium aerofoil extrusion with oxidation scrub black finish for enhanced durability.<\/li>\r\r\n<li>Corrosion-resistant surface ensures long-lasting protection in harsh environments.<\/li>\r\r\n<li>Lightweight yet strong, providing optimal performance without adding excess weight.<\/li>\r\r\n<li>Aesthetically appealing with a sleek black finish, ideal for modern designs.<\/li>\r\r\n<li>Customizable to meet specific shape, size, and functional requirements.<\/li>\r\r\n<li>Cost-effective solution for both small and large-scale industrial applications.<\/li>\r\r\n<li>Eco-friendly, as aluminum is a sustainable and fully recyclable material.<\/li>","product_chanpin_blog":"<ul>\r\r\n<li><a href=\"https:\/\/sinoextrud.com\/t-slot-v-slot-differences\/\" target=\"_blank\">t slot vs v slot<\/a><\/li>\r\r\n<li><a href=\"https:\/\/sinoextrud.com\/what-is-4040-aluminium-extrud\/\" target=\"_blank\">4040 aluminium extrusion<\/a><\/li>\r\r\n<li><a href=\"https:\/\/sinoextrud.com\/what-is-4040-aluminium-extrud\/\" target=\"_blank\">aluminum extrusions for industrial racks<\/a><\/li>\r\r\n<li><a href=\"https:\/\/sinoextrud.com\/powder-coating-aluminium-process\/\" target=\"_blank\">powder coating aluminium<\/a><\/li>\r\r\n<li><a href=\"https:\/\/sinoextrud.com\/what-is-an-aluminium-strip-ceiling\/\" target=\"_blank\">aluminium strip ceiling<\/a><\/li>\r\r\n<li><a href=\"https:\/\/sinoextrud.com\/what-is-a-heat-sink\/\" target=\"_blank\">what is a heat sink<\/a><\/li>\r\r\n<\/ul>","product_chanpin_chanpin":"<li><a href=\"https:\/\/sinoextrud.com\/product\/aluminum-extrusions-milling-cutting-and-assembly\/\" target=\"_blank\">Aluminum Extrusions Milling Cutting and Assembly<\/a><\/li>\r\n<li><a href=\"https:\/\/sinoextrud.com\/product\/extruded-aluminium-cnc-machining-profile-and-anodized-surface-treatment-process\/\" target=\"_blank\">Extruded Aluminium CNC Machining profile and Anodized Surface Treatment Process<\/a><\/li>\r\n<li><a href=\"https:\/\/sinoextrud.com\/product\/aluminium-precision-cnc-fabrication-milling-process-deep-processing-machining-company\/\" target=\"_blank\">Aluminium precision CNC fabrication milling process deep processing machining company<\/a><\/li>\r\n<li><a href=\"https:\/\/sinoextrud.com\/product\/aluminum-cnc\/\" target=\"_blank\">Aluminum CNC<\/a><\/li>\r\n<li><a href=\"https:\/\/sinoextrud.com\/product\/aluminium-aerofoil-extrusion-oxidation-scrub-black\/\" target=\"_blank\">Aluminium Aerofoil Extrusion Oxidation Scrub Black<\/a><\/li>\r\n<li><a href=\"https:\/\/sinoextrud.com\/product\/aluminium-extrusion-cnc\/\" target=\"_blank\">Aluminium Extrusion CNC<\/a><\/li>\r\n<li><a href=\"https:\/\/sinoextrud.com\/product\/aluminium-profile-lock\/\" target=\"_blank\">Aluminium Profile Lock<\/a><\/li>\r\n<li><a href=\"https:\/\/sinoextrud.com\/product\/aluminium-enclosure-housing-and-shells\/\" target=\"_blank\">Aluminium Enclosure Housing And Shells<\/a><\/li>\r\n<li><a href=\"https:\/\/sinoextrud.com\/product\/aluminium-profile-cutting\/\" target=\"_blank\">Aluminium Profile Cutting<\/a><\/li>\r\n<li><a href=\"https:\/\/sinoextrud.com\/product\/aluminum-oval-tubing-with-competitive-price\/\" target=\"_blank\">Aluminum Oval Tubing With Competitive Price<\/a><\/li>\r\n<li><a href=\"https:\/\/sinoextrud.com\/product\/aluminium-profile-rail\/\" target=\"_blank\">Aluminium Profile Rail<\/a><\/li>"},"feature_list":[]},"_links":{"self":[{"href":"https:\/\/sinoextrud.com\/de\/wp-json\/wp\/v2\/product\/8434","targetHints":{"allow":["GET"]}}],"collection":[{"href":"https:\/\/sinoextrud.com\/de\/wp-json\/wp\/v2\/product"}],"about":[{"href":"https:\/\/sinoextrud.com\/de\/wp-json\/wp\/v2\/types\/product"}],"wp:featuredmedia":[{"embeddable":true,"href":"https:\/\/sinoextrud.com\/de\/wp-json\/wp\/v2\/media\/8433"}],"wp:attachment":[{"href":"https:\/\/sinoextrud.com\/de\/wp-json\/wp\/v2\/media?parent=8434"}],"wp:term":[{"taxonomy":"category","embeddable":true,"href":"https:\/\/sinoextrud.com\/de\/wp-json\/wp\/v2\/categories?post=8434"}],"curies":[{"name":"wp","href":"https:\/\/api.w.org\/{rel}","templated":true}]}}