{"id":8428,"date":"2025-06-16T03:17:31","date_gmt":"2025-06-16T03:17:31","guid":{"rendered":"https:\/\/sinoextrud.com\/product\/extruded-aluminium-cnc-machining-profile-and-anodized-surface-treatment-process\/"},"modified":"2025-06-24T06:23:47","modified_gmt":"2025-06-24T06:23:47","slug":"stranggepresstes-aluminiumprofil-mit-cnc-bearbeitung-und-anodisierter-oberflachenbehandlung","status":"publish","type":"product","link":"https:\/\/sinoextrud.com\/de\/product\/extruded-aluminium-cnc-machining-profile-and-anodized-surface-treatment-process\/","title":{"rendered":"Stranggepresstes Aluminium CNC-Bearbeitungsprofil und eloxierte Oberfl\u00e4chenbehandlung"},"content":{"rendered":"<h2>Produkte Details<\/h2>\n<table class=\"custom-table\">\n<tr>\n<td class=\"label\">Titel<\/td>\n<td>Stranggepresstes Aluminium CNC-Bearbeitungsprofil und eloxierte Oberfl\u00e4chenbehandlung<\/td>\n<\/tr>\n<tr>\n<td class=\"label\">Material:<\/td>\n<td> 6063 T5 stranggepresstes Aluminiumprofil<\/td>\n<\/tr>\n<tr>\n<td class=\"label\">Prozess:<\/td>\n<td> CNC-Bearbeitung und Eloxalverfahren<\/td>\n<\/tr>\n<tr>\n<td class=\"label\">Anwendung:<\/td>\n<td> Glast\u00fcrscharnier<\/td>\n<\/tr>\n<\/table>\n<h2>Unsere Produktionsbasis<\/h2>\n<h3>Fabrik-Panorama<\/h3>\n<p><img decoding=\"async\" src=\"\/wp-content\/uploads\/factory-01.webp\"\/><\/p>\n<h3>Werkstatt zur Herstellung von Aluminiumstangen<\/h3>\n<p><img decoding=\"async\" src=\"\/wp-content\/uploads\/factory-02.webp\"\/><\/p>\n<p><img decoding=\"async\" src=\"\/wp-content\/uploads\/factory-03.webp\"\/><\/p>\n<h3>Lagerhaus f\u00fcr Formen<\/h3>\n<p><img decoding=\"async\" src=\"\/wp-content\/uploads\/factory-04.webp\"\/><\/p>\n<h3>43 Aluminium-Strangpressanlagen (500-5500 Tonnen)<\/h3>\n<p><img decoding=\"async\" src=\"\/wp-content\/uploads\/factory-05.webp\"\/><\/p>\n<p><img decoding=\"async\" src=\"\/wp-content\/uploads\/factory-06.webp\"\/><\/p>\n<p><img decoding=\"async\" src=\"\/wp-content\/uploads\/factory-07.webp\"\/><\/p>\n<h3>Werkstatt f\u00fcr Pulverbeschichtung<\/h3>\n<p><img decoding=\"async\" src=\"\/wp-content\/uploads\/factory-09.webp\"\/><\/p>\n<h3>Eloxal-Werkstatt<\/h3>\n<p><img decoding=\"async\" src=\"\/wp-content\/uploads\/factory-10.webp\"\/><\/p>\n<h3>Workshop zur Tiefenverarbeitung<\/h3>\n<p><img decoding=\"async\" src=\"\/wp-content\/uploads\/factory-11.webp\"\/><\/p>\n<h3>CNC-Pr\u00e4zisionsbearbeitungswerkstatt<\/h3>\n<p><img decoding=\"async\" src=\"\/wp-content\/uploads\/factory-11.5.webp\"\/><\/p>\n<h3>Lager f\u00fcr Fertigprodukte und Export<\/h3>\n<p><img decoding=\"async\" src=\"\/wp-content\/uploads\/factory-12.webp\"\/><\/p>\n<p><img decoding=\"async\" src=\"\/wp-content\/uploads\/factory-13.webp\"\/><\/p>\n<p><img decoding=\"async\" src=\"\/wp-content\/uploads\/factory-14.webp\"\/><\/p>\n<h2>FAQ<\/h2>\n<p><p><b>1. stranggepresstes Aluminium CNC-Bearbeitung Profil und eloxierte Oberfl\u00e4chenbehandlung Prozess: Was sind die Vorteile von stranggepressten Aluminiumprofilen?<\/b><\/p>\n<p>Stranggepresste Aluminiumprofile sind leicht, stabil und korrosionsbest\u00e4ndig und damit ideal f\u00fcr eine Vielzahl von industriellen und strukturellen Anwendungen.<br \/>\n<\/p><br \/>\n<br \/>\n<p><b>2. wie verbessert die CNC-Bearbeitung die Pr\u00e4zision von Aluminiumprofilen?<\/b><\/p>\n<p>Die CNC-Bearbeitung gew\u00e4hrleistet eine hohe Genauigkeit, enge Toleranzen und eine gleichbleibende Oberfl\u00e4che, so dass ein qualitativ hochwertiges Produkt entsteht, das auf spezifische Designanforderungen zugeschnitten ist.<br \/>\n<\/p><br \/>\n<br \/>\n<p><b>3. was bewirkt das Eloxieren bei Aluminiumprofilen?<\/b><\/p>\n<p>Das Eloxieren verbessert Aluminiumprofile, indem es die Korrosionsbest\u00e4ndigkeit, die Oberfl\u00e4chenh\u00e4rte und die Verschlei\u00dffestigkeit erh\u00f6ht und gleichzeitig eine attraktive, langlebige Oberfl\u00e4che bietet.<br \/>\n<\/p><br \/>\n<br \/>\n<p><b>4. wie wirkt sich das Eloxieren auf die Leistung von Aluminiumprofilen aus?<\/b><\/p>\n<p>Durch das Eloxieren entsteht eine sch\u00fctzende Oxidschicht, die die Best\u00e4ndigkeit gegen Korrosion, Abnutzung und Kratzer erh\u00f6ht, die Lebensdauer des Aluminiumprofils verl\u00e4ngert und sein Aussehen erh\u00e4lt.<br \/>\n<\/p><br \/>\n<br \/>\n<p><b>5. kann die eloxierte Oberfl\u00e4che f\u00fcr verschiedene Aluminiumprofile angepasst werden?<\/b><\/p>\n<p>Ja, die eloxierte Oberfl\u00e4che kann in Farbe und Textur individuell angepasst werden, um bestimmten \u00e4sthetischen und funktionalen Anforderungen zu entsprechen.<br \/>\n<\/p><br \/>\n<br \/>\n<p><b>6. welche Branchen profitieren von stranggepressten Aluminiumprofilen mit CNC-Bearbeitung und eloxierten Oberfl\u00e4chen?<\/b><\/p>\n<p>Branchen wie die Luft- und Raumfahrt, die Automobilindustrie, das Baugewerbe und die verarbeitende Industrie profitieren von der Festigkeit, Pr\u00e4zision und Langlebigkeit, die diese Verfahren bieten.<br \/>\n<\/p><br \/>\n<br \/>\n<p><b>7. wie verbessert die eloxierte Oberfl\u00e4che die Haltbarkeit des Aluminiumprofils?<\/b><\/p>\n<p>Die eloxierte Oberfl\u00e4che erh\u00f6ht die Widerstandsf\u00e4higkeit des Profils gegen Umwelteinfl\u00fcsse wie Feuchtigkeit und Chemikalien und verbessert so seine allgemeine Haltbarkeit und Leistung.<br \/>\n<\/p><br \/>\n<br \/>\n<p><b>8. ist die eloxierte Oberfl\u00e4che umweltfreundlich?<\/b><\/p>\n<p>Ja, Eloxieren ist ein umweltfreundliches Verfahren, da ungiftige Materialien verwendet werden und keine Beschichtungen erforderlich sind, die sch\u00e4dliche Chemikalien freisetzen k\u00f6nnten.<br \/>\n<\/p><br \/><\/p>","protected":false},"featured_media":8427,"template":"","categories":[68],"class_list":["post-8428","product","type-product","status-publish","has-post-thumbnail","hentry","category-cnc-machining-aluminum-profile"],"meta_box":{"hilight_text_group":{"product_hilight_text":"<li>Extruded aluminum profiles offer high strength, lightweight, and corrosion resistance for industrial use.<\/li>\r\r\n<li>CNC machining ensures precise dimensions and tight tolerances, ideal for custom applications.<\/li>\r\r\n<li>Anodized surface treatment enhances the durability and aesthetic appeal of aluminum profiles.<\/li>\r\r\n<li>Improved resistance to wear, corrosion, and scratches with the anodized finish.<\/li>\r\r\n<li>Customizable profiles and finishes to meet specific project requirements in various industries.<\/li>","product_chanpin_blog":"<ul>\r\r\n<li><a href=\"https:\/\/sinoextrud.com\/t-slot-v-slot-differences\/\" target=\"_blank\">t slot vs v slot<\/a><\/li>\r\r\n<li><a href=\"https:\/\/sinoextrud.com\/what-is-4040-aluminium-extrud\/\" target=\"_blank\">4040 aluminium extrusion<\/a><\/li>\r\r\n<li><a href=\"https:\/\/sinoextrud.com\/what-is-4040-aluminium-extrud\/\" target=\"_blank\">aluminum extrusions for industrial racks<\/a><\/li>\r\r\n<li><a href=\"https:\/\/sinoextrud.com\/powder-coating-aluminium-process\/\" target=\"_blank\">powder coating aluminium<\/a><\/li>\r\r\n<li><a href=\"https:\/\/sinoextrud.com\/what-is-an-aluminium-strip-ceiling\/\" target=\"_blank\">aluminium strip ceiling<\/a><\/li>\r\r\n<li><a href=\"https:\/\/sinoextrud.com\/what-is-a-heat-sink\/\" target=\"_blank\">what is a heat sink<\/a><\/li>\r\r\n<\/ul>","product_chanpin_chanpin":"<li><a href=\"https:\/\/sinoextrud.com\/product\/aluminum-extrusion-fabrication\/\" target=\"_blank\">Aluminum Extrusion Fabrication<\/a><\/li>\r\n<li><a href=\"https:\/\/sinoextrud.com\/product\/industrial-profile-systems\/\" target=\"_blank\">Industrial Profile Systems<\/a><\/li>\r\n<li><a href=\"https:\/\/sinoextrud.com\/product\/t-slot-extruded-aluminum-framing-systems\/\" target=\"_blank\">T Slot Extruded Aluminum Framing Systems<\/a><\/li>\r\n<li><a href=\"https:\/\/sinoextrud.com\/product\/aluminum-extrusions-milling-cutting-and-assembly\/\" target=\"_blank\">Aluminum Extrusions Milling Cutting and Assembly<\/a><\/li>\r\n<li><a href=\"https:\/\/sinoextrud.com\/product\/extruded-aluminium-cnc-machining-profile-and-anodized-surface-treatment-process\/\" target=\"_blank\">Extruded Aluminium CNC Machining profile and Anodized Surface Treatment Process<\/a><\/li>\r\n<li><a href=\"https:\/\/sinoextrud.com\/product\/aluminium-precision-cnc-fabrication-milling-process-deep-processing-machining-company\/\" target=\"_blank\">Aluminium precision CNC fabrication milling process deep processing machining company<\/a><\/li>\r\n<li><a href=\"https:\/\/sinoextrud.com\/product\/aluminum-cnc\/\" target=\"_blank\">Aluminum CNC<\/a><\/li>\r\n<li><a href=\"https:\/\/sinoextrud.com\/product\/aluminium-aerofoil-extrusion-oxidation-scrub-black\/\" target=\"_blank\">Aluminium Aerofoil Extrusion Oxidation Scrub Black<\/a><\/li>\r\n<li><a href=\"https:\/\/sinoextrud.com\/product\/aluminium-extrusion-cnc\/\" target=\"_blank\">Aluminium Extrusion CNC<\/a><\/li>\r\n<li><a href=\"https:\/\/sinoextrud.com\/product\/customized-ome-aluminium-profile-extruded-with-the-anodized-black-champage-silver-white-and-blasted-treatment\/\" target=\"_blank\">Customized OME Aluminium Profile Extruded With The Anodized Black Champage Silver White And Blasted Treatment<\/a><\/li>\r\n<li><a href=\"https:\/\/sinoextrud.com\/product\/aluminium-window-extrusion-profile\/\" target=\"_blank\">Aluminium Window Extrusion Profile<\/a><\/li>"},"feature_list":[]},"_links":{"self":[{"href":"https:\/\/sinoextrud.com\/de\/wp-json\/wp\/v2\/product\/8428","targetHints":{"allow":["GET"]}}],"collection":[{"href":"https:\/\/sinoextrud.com\/de\/wp-json\/wp\/v2\/product"}],"about":[{"href":"https:\/\/sinoextrud.com\/de\/wp-json\/wp\/v2\/types\/product"}],"wp:featuredmedia":[{"embeddable":true,"href":"https:\/\/sinoextrud.com\/de\/wp-json\/wp\/v2\/media\/8427"}],"wp:attachment":[{"href":"https:\/\/sinoextrud.com\/de\/wp-json\/wp\/v2\/media?parent=8428"}],"wp:term":[{"taxonomy":"category","embeddable":true,"href":"https:\/\/sinoextrud.com\/de\/wp-json\/wp\/v2\/categories?post=8428"}],"curies":[{"name":"wp","href":"https:\/\/api.w.org\/{rel}","templated":true}]}}