{"id":8420,"date":"2025-06-16T03:01:40","date_gmt":"2025-06-16T03:01:40","guid":{"rendered":"https:\/\/sinoextrud.com\/product\/aluminum-extrusion-fabrication\/"},"modified":"2025-06-24T06:23:45","modified_gmt":"2025-06-24T06:23:45","slug":"herstellung-von-aluminium-strangpressprofilen","status":"publish","type":"product","link":"https:\/\/sinoextrud.com\/de\/product\/aluminum-extrusion-fabrication\/","title":{"rendered":"Herstellung von Aluminium-Strangpressprofilen"},"content":{"rendered":"<h2>Produkte Details<\/h2>\n<table class=\"custom-table\">\n<tbody>\n<tr>\n<td> <\/td>\n<td>6063 t5<\/td>\n<\/tr>\n<tr>\n<td>Die Form:<\/td>\n<td>U-Kanal-Profil, kundenspezifisch<\/td>\n<\/tr>\n<tr>\n<td>Temperament:<\/td>\n<td>T3-T8<\/td>\n<\/tr>\n<tr>\n<td>Legierung:<\/td>\n<td>Legierung<\/td>\n<\/tr>\n<tr>\n<td>Legierungsbestandteil:<\/td>\n<td>6061-T6<\/td>\n<\/tr>\n<tr>\n<td>Standard:<\/td>\n<td>GB\/75237-2004<\/td>\n<\/tr>\n<tr>\n<td>Hafen:<\/td>\n<td>Shenzhen, Guangzhou, Foshan<\/td>\n<\/tr>\n<tr>\n<td>Farben:<\/td>\n<td>Band<\/td>\n<\/tr>\n<tr>\n<td>MOQ:<\/td>\n<td>2000kg f\u00fcr jeden Artikel<\/td>\n<\/tr>\n<tr>\n<td>Herkunft:<\/td>\n<td>Foshan, China<\/td>\n<\/tr>\n<tr>\n<td>Art:<\/td>\n<td>Industrie Aluminium Profil<\/td>\n<\/tr>\n<tr>\n<td>Oberfl\u00e4chenveredelung:<\/td>\n<td>Fr\u00e4soptik<\/td>\n<\/tr>\n<tr>\n<td>Zertifizierung:<\/td>\n<td>CE, ISO, RoHS, TUV<\/td>\n<\/tr>\n<tr>\n<td>HS-Code:<\/td>\n<td>76042100<\/td>\n<\/tr>\n<\/tbody>\n<\/table>\n<h2>Unsere Produktionsbasis<\/h2>\n<h3>Fabrik-Panorama<\/h3>\n<p><img decoding=\"async\" src=\"\/wp-content\/uploads\/factory-01.webp\"\/><\/p>\n<h3>Werkstatt zur Herstellung von Aluminiumstangen<\/h3>\n<p><img decoding=\"async\" src=\"\/wp-content\/uploads\/factory-02.webp\"\/><\/p>\n<p><img decoding=\"async\" src=\"\/wp-content\/uploads\/factory-03.webp\"\/><\/p>\n<h3>Lagerhaus f\u00fcr Formen<\/h3>\n<p><img decoding=\"async\" src=\"\/wp-content\/uploads\/factory-04.webp\"\/><\/p>\n<h3>43 Aluminium-Strangpressanlagen (500\u00e2\u20ac\"5500 Tonnen)<\/h3>\n<p><img decoding=\"async\" src=\"\/wp-content\/uploads\/factory-05.webp\"\/><\/p>\n<p><img decoding=\"async\" src=\"\/wp-content\/uploads\/factory-06.webp\"\/><\/p>\n<p><img decoding=\"async\" src=\"\/wp-content\/uploads\/factory-07.webp\"\/><\/p>\n<h3>Werkstatt f\u00fcr Pulverbeschichtung<\/h3>\n<p><img decoding=\"async\" src=\"\/wp-content\/uploads\/factory-09.webp\"\/><\/p>\n<h3>Eloxal-Werkstatt<\/h3>\n<p><img decoding=\"async\" src=\"\/wp-content\/uploads\/factory-10.webp\"\/><\/p>\n<h3>Workshop zur Tiefenverarbeitung<\/h3>\n<p><img decoding=\"async\" src=\"\/wp-content\/uploads\/factory-11.webp\"\/><\/p>\n<h3>CNC-Pr\u00e4zisionsbearbeitungswerkstatt<\/h3>\n<p><img decoding=\"async\" src=\"\/wp-content\/uploads\/factory-11.5.webp\"\/><\/p>\n<h3>Lager f\u00fcr Fertigprodukte und Export<\/h3>\n<p><img decoding=\"async\" src=\"\/wp-content\/uploads\/factory-12.webp\"\/><\/p>\n<p><img decoding=\"async\" src=\"\/wp-content\/uploads\/factory-13.webp\"\/><\/p>\n<p><img decoding=\"async\" src=\"\/wp-content\/uploads\/factory-14.webp\"\/><\/p>\n<h2>FAQ<\/h2>\n<p><p><b>1. was ist die Herstellung von Aluminium-Strangpressprofilen? <\/b><\/p>\n<p> Die Herstellung von Aluminiumstrangpressprofilen umfasst die Formgebung und Verarbeitung von Aluminiumprofilen durch Schneiden, Bohren und Endbearbeitung, um kundenspezifische Komponenten f\u00fcr verschiedene Branchen herzustellen.<br \/>\n<\/p><br \/>\n<br \/>\n<p><b>2. warum Aluminium f\u00fcr die Herstellung von Strangpressprofilen w\u00e4hlen? <\/b><\/p>\n<p> Aluminium bietet ein hervorragendes Verh\u00e4ltnis von Festigkeit zu Gewicht, Korrosionsbest\u00e4ndigkeit und Bearbeitbarkeit und ist daher ideal f\u00fcr kundenspezifische Konstruktionen und Komponenten.<br \/>\n<\/p><br \/>\n<br \/>\n<p><b>3. k\u00f6nnen Aluminium-Strangpressprofile bei der Herstellung angepasst werden? <\/b><\/p>\n<p> Ja, wir bieten eine vollst\u00e4ndige Anpassung an Gr\u00f6\u00dfe, Form, L\u00f6cher, Schlitze und Oberfl\u00e4chenbeschaffenheit, um spezifische Projektanforderungen zu erf\u00fcllen.<br \/>\n<\/p><br \/>\n<br \/>\n<p><b>4. welche Industrien verwenden Aluminium-Strangpressprofile? <\/b><\/p>\n<p> Zu den g\u00e4ngigen Branchen geh\u00f6ren die Automobilindustrie, die Luft- und Raumfahrt, das Bauwesen, die Elektronik, die M\u00f6belindustrie und die erneuerbaren Energien.<br \/>\n<\/p><br \/>\n<br \/>\n<p><b>5. sind die gefertigten Aluminiumprofile montagefertig? <\/b><\/p>\n<p> Unsere Aluminium-Strangpressprofile sind vorgefertigt, um die Montagezeit zu verk\u00fcrzen und eine pr\u00e4zise Passform bei der Installation zu gew\u00e4hrleisten.<br \/>\n<\/p><br \/>\n<br \/>\n<p><b>6. welche Veredelungsm\u00f6glichkeiten gibt es f\u00fcr Aluminiumprodukte? <\/b><\/p>\n<p> Wir bieten Eloxieren, Pulverbeschichten, B\u00fcrsten und Sandstrahlen an, um Aussehen, Korrosionsbest\u00e4ndigkeit und Haltbarkeit zu verbessern.<br \/>\n<\/p><br \/>\n<br \/>\n<p><b>7. ist die Aluminiumextrusion f\u00fcr die Massenproduktion geeignet? <\/b><\/p>\n<p> Ja, die Aluminium-Strangpressfertigung ist aufgrund ihrer Effizienz und Flexibilit\u00e4t sowohl f\u00fcr die Gro\u00dfserienfertigung als auch f\u00fcr das Prototyping ideal.<br \/>\n<\/p><br \/><\/p>","protected":false},"featured_media":8419,"template":"","categories":[54],"class_list":["post-8420","product","type-product","status-publish","has-post-thumbnail","hentry","category-industrial-aluminum-profiles"],"meta_box":{"hilight_text_group":{"product_hilight_text":"<li>Custom aluminum extrusion fabrication for precise and complex profiles.<\/li>\r\r\n<li>High strength-to-weight ratio ideal for industrial and structural applications.<\/li>\r\r\n<li>Supports CNC machining, cutting, drilling, and surface treatments.<\/li>\r\r\n<li>Made from corrosion-resistant alloys for long-term durability.<\/li>\r\r\n<li>Available in a wide range of shapes, sizes, and finishes.<\/li>\r\r\n<li>Reduces assembly time with ready-to-use fabricated components.<\/li>\r\r\n<li>Optimized for cost-effective, large-scale production and prototyping.<\/li>","product_chanpin_blog":"<ul>\r\r\n<li><a href=\"https:\/\/sinoextrud.com\/t-slot-v-slot-differences\/\" target=\"_blank\">t slot vs v slot<\/a><\/li>\r\r\n<li><a href=\"https:\/\/sinoextrud.com\/what-is-4040-aluminium-extrud\/\" target=\"_blank\">4040 aluminium extrusion<\/a><\/li>\r\r\n<li><a href=\"https:\/\/sinoextrud.com\/what-is-4040-aluminium-extrud\/\" target=\"_blank\">aluminum extrusions for industrial racks<\/a><\/li>\r\r\n<li><a href=\"https:\/\/sinoextrud.com\/powder-coating-aluminium-process\/\" target=\"_blank\">powder coating aluminium<\/a><\/li>\r\r\n<li><a href=\"https:\/\/sinoextrud.com\/what-is-an-aluminium-strip-ceiling\/\" target=\"_blank\">aluminium strip ceiling<\/a><\/li>\r\r\n<li><a href=\"https:\/\/sinoextrud.com\/what-is-a-heat-sink\/\" target=\"_blank\">what is a heat sink<\/a><\/li>\r\r\n<\/ul>","product_chanpin_chanpin":"<li><a href=\"https:\/\/sinoextrud.com\/product\/aluminium-lightbox-extrusion\/\" target=\"_blank\">Aluminium Lightbox Extrusion<\/a><\/li>\r\n<li><a href=\"https:\/\/sinoextrud.com\/product\/extruded-aluminum-t-track\/\" target=\"_blank\">Extruded Aluminum T Track<\/a><\/li>\r\n<li><a href=\"https:\/\/sinoextrud.com\/product\/modular-aluminum-profiles-machine-hand-robot-hand-manipulator\/\" target=\"_blank\">Modular Aluminum Profiles Machine Hand Robot Hand Manipulator<\/a><\/li>\r\n<li><a href=\"https:\/\/sinoextrud.com\/product\/slotted-aluminium-extrusion\/\" target=\"_blank\">Slotted Aluminium Extrusion<\/a><\/li>\r\n<li><a href=\"https:\/\/sinoextrud.com\/product\/aluminum-extrusion-fabrication\/\" target=\"_blank\">Aluminum Extrusion Fabrication<\/a><\/li>\r\n<li><a href=\"https:\/\/sinoextrud.com\/product\/industrial-profile-systems\/\" target=\"_blank\">Industrial Profile Systems<\/a><\/li>\r\n<li><a href=\"https:\/\/sinoextrud.com\/product\/t-slot-extruded-aluminum-framing-systems\/\" target=\"_blank\">T Slot Extruded Aluminum Framing Systems<\/a><\/li>\r\n<li><a href=\"https:\/\/sinoextrud.com\/product\/aluminum-extrusions-milling-cutting-and-assembly\/\" target=\"_blank\">Aluminum Extrusions Milling Cutting and Assembly<\/a><\/li>\r\n<li><a href=\"https:\/\/sinoextrud.com\/product\/extruded-aluminium-cnc-machining-profile-and-anodized-surface-treatment-process\/\" target=\"_blank\">Extruded Aluminium CNC Machining profile and Anodized Surface Treatment Process<\/a><\/li>\r\n<li><a href=\"https:\/\/sinoextrud.com\/product\/customized-aluminum-porch-railing\/\" target=\"_blank\">Customized Aluminum Porch Railing<\/a><\/li>\r\n<li><a href=\"https:\/\/sinoextrud.com\/product\/wide-aluminum-extrusions\/\" target=\"_blank\">Wide Aluminum Extrusions<\/a><\/li>"},"feature_list":[]},"_links":{"self":[{"href":"https:\/\/sinoextrud.com\/de\/wp-json\/wp\/v2\/product\/8420","targetHints":{"allow":["GET"]}}],"collection":[{"href":"https:\/\/sinoextrud.com\/de\/wp-json\/wp\/v2\/product"}],"about":[{"href":"https:\/\/sinoextrud.com\/de\/wp-json\/wp\/v2\/types\/product"}],"wp:featuredmedia":[{"embeddable":true,"href":"https:\/\/sinoextrud.com\/de\/wp-json\/wp\/v2\/media\/8419"}],"wp:attachment":[{"href":"https:\/\/sinoextrud.com\/de\/wp-json\/wp\/v2\/media?parent=8420"}],"wp:term":[{"taxonomy":"category","embeddable":true,"href":"https:\/\/sinoextrud.com\/de\/wp-json\/wp\/v2\/categories?post=8420"}],"curies":[{"name":"wp","href":"https:\/\/api.w.org\/{rel}","templated":true}]}}