{"id":8412,"date":"2025-06-16T02:49:27","date_gmt":"2025-06-16T02:49:27","guid":{"rendered":"https:\/\/sinoextrud.com\/product\/modular-aluminum-profiles-machine-hand-robot-hand-manipulator\/"},"modified":"2025-06-24T06:23:45","modified_gmt":"2025-06-24T06:23:45","slug":"modulare-aluminiumprofile-maschine-hand-roboter-hand-manipulator","status":"publish","type":"product","link":"https:\/\/sinoextrud.com\/de\/product\/modular-aluminum-profiles-machine-hand-robot-hand-manipulator\/","title":{"rendered":"Modulare Aluminium-Profile Maschine Hand Roboter Hand Manipulator"},"content":{"rendered":"<h2>Produkte Details<\/h2>\n<table class=\"custom-table\">\n<tbody>\n<tr>\n<td> Name des Produkts<\/td>\n<td> Modulare Aluminiumprofile Maschine Hand Roboter Hand Manipulator<\/td>\n<\/tr>\n<tr>\n<td> Aluminiumlegierung<\/td>\n<td> 6063-T5, oder kundenspezifische Anpassung<\/td>\n<\/tr>\n<tr>\n<td> Behandlung der Oberfl\u00e4che<\/td>\n<td> Pulverbeschichtung, walzblank oder kundenspezifische Anpassung<\/td>\n<\/tr>\n<tr>\n<td> Farbe<\/td>\n<td> wei\u00df, gold, walzblank oder kundenspezifisch<\/td>\n<\/tr>\n<tr>\n<td> Gr\u00f6\u00dfe<\/td>\n<td> 1-9m, oder individuelle Anpassung<\/td>\n<\/tr>\n<tr>\n<td> Anmeldung<\/td>\n<td> Modulare Aluminiumprofile, Maschinenhand, Roboterhand, Manipulator, mechanischer Arm<\/td>\n<\/tr>\n<tr>\n<td> Marke<\/td>\n<td> Sinoextrud \/ Sinoextrud \/ Sinoextrud Aluminium<\/td>\n<\/tr>\n<tr>\n<td> Herkunft<\/td>\n<td> Foshan, China<\/td>\n<\/tr>\n<\/tbody>\n<\/table>\n<h2>Unsere Produktionsbasis<\/h2>\n<h3>Fabrik-Panorama<\/h3>\n<p><img decoding=\"async\" src=\"\/wp-content\/uploads\/factory-01.webp\"\/><\/p>\n<h3>Werkstatt zur Herstellung von Aluminiumstangen<\/h3>\n<p><img decoding=\"async\" src=\"\/wp-content\/uploads\/factory-02.webp\"\/><\/p>\n<p><img decoding=\"async\" src=\"\/wp-content\/uploads\/factory-03.webp\"\/><\/p>\n<h3>Lagerhaus f\u00fcr Formen<\/h3>\n<p><img decoding=\"async\" src=\"\/wp-content\/uploads\/factory-04.webp\"\/><\/p>\n<h3>43 Aluminium-Strangpressanlagen (500\u00e2\u20ac\"5500 Tonnen)<\/h3>\n<p><img decoding=\"async\" src=\"\/wp-content\/uploads\/factory-05.webp\"\/><\/p>\n<p><img decoding=\"async\" src=\"\/wp-content\/uploads\/factory-06.webp\"\/><\/p>\n<p><img decoding=\"async\" src=\"\/wp-content\/uploads\/factory-07.webp\"\/><\/p>\n<h3>Werkstatt f\u00fcr Pulverbeschichtung<\/h3>\n<p><img decoding=\"async\" src=\"\/wp-content\/uploads\/factory-09.webp\"\/><\/p>\n<h3>Eloxal-Werkstatt<\/h3>\n<p><img decoding=\"async\" src=\"\/wp-content\/uploads\/factory-10.webp\"\/><\/p>\n<h3>Workshop zur Tiefenverarbeitung<\/h3>\n<p><img decoding=\"async\" src=\"\/wp-content\/uploads\/factory-11.webp\"\/><\/p>\n<h3>CNC-Pr\u00e4zisionsbearbeitungswerkstatt<\/h3>\n<p><img decoding=\"async\" src=\"\/wp-content\/uploads\/factory-11.5.webp\"\/><\/p>\n<h3>Lager f\u00fcr Fertigprodukte und Export<\/h3>\n<p><img decoding=\"async\" src=\"\/wp-content\/uploads\/factory-12.webp\"\/><\/p>\n<p><img decoding=\"async\" src=\"\/wp-content\/uploads\/factory-13.webp\"\/><\/p>\n<p><img decoding=\"async\" src=\"\/wp-content\/uploads\/factory-14.webp\"\/><\/p>\n<h2>FAQ<\/h2>\n<p><p><b>1. was macht Modular Aluminum Profiles Machine Hand Roboter Hand Manipulator geeignet f\u00fcr die Automatisierung? <\/b><\/p>\n<p> Diese modularen Aluminiumprofile sind \u00e4u\u00dferst vielseitig, individuell anpassbar und bieten eine robuste Unterst\u00fctzung f\u00fcr pr\u00e4zise Roboterhandbewegungen in Automatisierungssystemen.<br \/>\n<\/p><br \/>\n<br \/>\n<p><b>2. k\u00f6nnen modulare Aluminium-Profile Maschine Hand Roboter Hand Manipulator f\u00fcr spezifische Bed\u00fcrfnisse angepasst werden? <\/b><\/p>\n<p> Ja, sie k\u00f6nnen auf verschiedene L\u00e4ngen, Gr\u00f6\u00dfen und Designs zugeschnitten werden, um f\u00fcr verschiedene Roboteranwendungen geeignet zu sein und optimale Funktionalit\u00e4t zu gew\u00e4hrleisten.<br \/>\n<\/p><br \/>\n<br \/>\n<p><b>3. wie langlebig sind modulare Aluminium-Profile Maschine Hand Roboter Hand Manipulator? <\/b><\/p>\n<p> Diese Profile sind korrosionsbest\u00e4ndig und f\u00fcr eine langfristige Leistung ausgelegt, selbst in schwierigen industriellen Umgebungen.<br \/>\n<\/p><br \/>\n<br \/>\n<p><b>4. welche Branchen profitieren von modularen Aluminium-Profilen Maschine Hand Roboter Hand Manipulator? <\/b><\/p>\n<p> Branchen wie die Automobil-, Fertigungs-, Elektronik- und Logistikindustrie profitieren von der Verwendung dieser Profile in Automatisierungs- und Robotersystemen.<br \/>\n<\/p><br \/>\n<br \/>\n<p><b>5. ist modularen Aluminium-Profilen Maschine Hand Roboter Hand Manipulator einfach zu montieren? <\/b><\/p>\n<p> Ja, das modulare Design erm\u00f6glicht einen schnellen Aufbau und einfache Anpassungen, wodurch sowohl die Aufbauzeit als auch die Arbeitskosten reduziert werden.<br \/>\n<\/p><br \/>\n<br \/>\n<p><b>6. wie verbessert der modulare Aluminiumprofil-Maschinen-Handroboter-Handmanipulator die Automatisierungsleistung? <\/b><\/p>\n<p> Die leichten und dennoch starken Profile bieten Stabilit\u00e4t und Pr\u00e4zision und verbessern die Leistung und Genauigkeit von Robotermanipulatoren in Produktionsprozessen.<br \/>\n<\/p><br \/>\n<br \/>\n<p><b>7. ist Modular Aluminum Profiles Machine Hand Roboter Hand Manipulator umweltfreundlich? <\/b><\/p>\n<p> Ja, Aluminium ist vollst\u00e4ndig recycelbar, was diese Profile zu einer umweltfreundlichen Option f\u00fcr Roboteranwendungen in der Automatisierung macht.<br \/>\n<\/p><br \/><\/p>","protected":false},"featured_media":8411,"template":"","categories":[54],"class_list":["post-8412","product","type-product","status-publish","has-post-thumbnail","hentry","category-industrial-aluminum-profiles"],"meta_box":{"hilight_text_group":{"product_hilight_text":"<li>Highly versatile modular aluminum profiles for machine hand robot hand manipulator systems<\/li>\r\r\n<li>Customizable designs to meet specific automation and robotic application needs<\/li>\r\r\n<li>Lightweight yet strong, providing excellent support without compromising durability<\/li>\r\r\n<li>Easy to assemble and disassemble, reducing setup time and improving flexibility<\/li>\r\r\n<li>Corrosion-resistant, ensuring long-lasting performance in various environments<\/li>\r\r\n<li>Efficient for precise, high-performance automation in manufacturing and assembly lines<\/li>\r\r\n<li>Eco-friendly, as aluminum is a fully recyclable material<\/li>","product_chanpin_blog":"<ul>\r\r\n<li><a href=\"https:\/\/sinoextrud.com\/t-slot-v-slot-differences\/\" target=\"_blank\">t slot vs v slot<\/a><\/li>\r\r\n<li><a href=\"https:\/\/sinoextrud.com\/what-is-4040-aluminium-extrud\/\" target=\"_blank\">4040 aluminium extrusion<\/a><\/li>\r\r\n<li><a href=\"https:\/\/sinoextrud.com\/what-is-4040-aluminium-extrud\/\" target=\"_blank\">aluminum extrusions for industrial racks<\/a><\/li>\r\r\n<li><a href=\"https:\/\/sinoextrud.com\/powder-coating-aluminium-process\/\" target=\"_blank\">powder coating aluminium<\/a><\/li>\r\r\n<li><a href=\"https:\/\/sinoextrud.com\/what-is-an-aluminium-strip-ceiling\/\" target=\"_blank\">aluminium strip ceiling<\/a><\/li>\r\r\n<li><a href=\"https:\/\/sinoextrud.com\/what-is-a-heat-sink\/\" target=\"_blank\">what is a heat sink<\/a><\/li>\r\r\n<\/ul>","product_chanpin_chanpin":"<li><a href=\"https:\/\/sinoextrud.com\/product\/industrial-aluminum-extrusion\/\" target=\"_blank\">Industrial Aluminum Extrusion<\/a><\/li>\r\n<li><a href=\"https:\/\/sinoextrud.com\/product\/round-extruded-aluminum\/\" target=\"_blank\">Round Extruded Aluminum<\/a><\/li>\r\n<li><a href=\"https:\/\/sinoextrud.com\/product\/aluminium-lightbox-extrusion\/\" target=\"_blank\">Aluminium Lightbox Extrusion<\/a><\/li>\r\n<li><a href=\"https:\/\/sinoextrud.com\/product\/extruded-aluminum-t-track\/\" target=\"_blank\">Extruded Aluminum T Track<\/a><\/li>\r\n<li><a href=\"https:\/\/sinoextrud.com\/product\/modular-aluminum-profiles-machine-hand-robot-hand-manipulator\/\" target=\"_blank\">Modular Aluminum Profiles Machine Hand Robot Hand Manipulator<\/a><\/li>\r\n<li><a href=\"https:\/\/sinoextrud.com\/product\/slotted-aluminium-extrusion\/\" target=\"_blank\">Slotted Aluminium Extrusion<\/a><\/li>\r\n<li><a href=\"https:\/\/sinoextrud.com\/product\/aluminum-extrusion-fabrication\/\" target=\"_blank\">Aluminum Extrusion Fabrication<\/a><\/li>\r\n<li><a href=\"https:\/\/sinoextrud.com\/product\/industrial-profile-systems\/\" target=\"_blank\">Industrial Profile Systems<\/a><\/li>\r\n<li><a href=\"https:\/\/sinoextrud.com\/product\/t-slot-extruded-aluminum-framing-systems\/\" target=\"_blank\">T Slot Extruded Aluminum Framing Systems<\/a><\/li>\r\n<li><a href=\"https:\/\/sinoextrud.com\/product\/architectural-aluminum-extrusion-profiles\/\" target=\"_blank\">Architectural Aluminum Extrusion Profiles<\/a><\/li>\r\n<li><a href=\"https:\/\/sinoextrud.com\/product\/6463-brightness-polished-shower-room-u-channel-aluminum-profile\/\" target=\"_blank\">6463 Brightness Polished Shower Room U Channel Aluminum Profile<\/a><\/li>"},"feature_list":[]},"_links":{"self":[{"href":"https:\/\/sinoextrud.com\/de\/wp-json\/wp\/v2\/product\/8412","targetHints":{"allow":["GET"]}}],"collection":[{"href":"https:\/\/sinoextrud.com\/de\/wp-json\/wp\/v2\/product"}],"about":[{"href":"https:\/\/sinoextrud.com\/de\/wp-json\/wp\/v2\/types\/product"}],"wp:featuredmedia":[{"embeddable":true,"href":"https:\/\/sinoextrud.com\/de\/wp-json\/wp\/v2\/media\/8411"}],"wp:attachment":[{"href":"https:\/\/sinoextrud.com\/de\/wp-json\/wp\/v2\/media?parent=8412"}],"wp:term":[{"taxonomy":"category","embeddable":true,"href":"https:\/\/sinoextrud.com\/de\/wp-json\/wp\/v2\/categories?post=8412"}],"curies":[{"name":"wp","href":"https:\/\/api.w.org\/{rel}","templated":true}]}}