{"id":8410,"date":"2025-06-16T02:47:11","date_gmt":"2025-06-16T02:47:11","guid":{"rendered":"https:\/\/sinoextrud.com\/product\/extruded-aluminum-t-track\/"},"modified":"2025-06-24T06:23:44","modified_gmt":"2025-06-24T06:23:44","slug":"stranggepresste-aluminium-schienen","status":"publish","type":"product","link":"https:\/\/sinoextrud.com\/de\/product\/extruded-aluminum-t-track\/","title":{"rendered":"T-Schiene aus stranggepresstem Aluminium"},"content":{"rendered":"<h2>Produkte Details<\/h2>\n<table class=\"custom-table\">\n<tbody>\n<tr>\n<td> Modell NO.<\/td>\n<td> T-Schiene aus stranggepresstem Aluminium<\/td>\n<td> Oberfl\u00e4chenveredelung<\/td>\n<td> Pulverspr\u00fchen<\/td>\n<\/tr>\n<tr>\n<td> Legierungsbestandteil<\/td>\n<td> 6063<\/td>\n<td> Zertifizierung<\/td>\n<td> CE, SONCAP, ISO, CIQ, RoHS, TUV<\/td>\n<\/tr>\n<tr>\n<td> Poliertes Aluminiumprofil<\/td>\n<td> Mechanisches Polieren<\/td>\n<td> Material<\/td>\n<td> 6063-T5, 6061-T6, 6463-T5, 7075-T6, 6082<\/td>\n<\/tr>\n<tr>\n<td> Zweck<\/td>\n<td> M\u00f6bel, Fenster&amp;T\u00fcren, Dekorationen, Industrie<\/td>\n<td> MOQ<\/td>\n<td> 200KG f\u00fcr jedes Profil<\/td>\n<\/tr>\n<tr>\n<td> OEM-Dienst<\/td>\n<td> Basierend auf vom Kunden entworfenen Zeichnungen oder Mustern<\/td>\n<td> Oberfl\u00e4chenbehandlung<\/td>\n<td> Eloxieren \/ Elektrophorese \/ Pulverbeschichtung etc.<\/td>\n<\/tr>\n<tr>\n<td> Tiefe Verarbeitung<\/td>\n<td> Stanzen, Bohren, Gewindeschneiden, Biegen<\/td>\n<td> Lieferfrist<\/td>\n<td> 25-30 Tage nach der Probe wird von den K\u00e4ufern best\u00e4tigt<\/td>\n<\/tr>\n<tr>\n<td> Abrechnungszeitraum<\/td>\n<td> Die Abschlusszahlung erfolgt auf der Grundlage der endg\u00fcltigen tats\u00e4chlichen Physi<\/td>\n<td> Produktionsgarantie<\/td>\n<td> Die Oberfl\u00e4chenfarbe kann 10 bis 20 Jahre lang erhalten bleiben<\/td>\n<\/tr>\n<tr>\n<td> Hafen<\/td>\n<td> Fob Shenzhen, Guangzhou, Foshan<\/td>\n<td> Markenzeichen<\/td>\n<td> Sinoextrud &amp; Sinoextrud<\/td>\n<\/tr>\n<tr>\n<td> Transport-Paket<\/td>\n<td> Normal oder kundenspezifisch<\/td>\n<td> Spezifikation<\/td>\n<td> Je nach Kundenanforderung<\/td>\n<\/tr>\n<\/tbody>\n<\/table>\n<h2>Unsere Produktionsbasis<\/h2>\n<h3>Fabrik-Panorama<\/h3>\n<p><img decoding=\"async\" src=\"\/wp-content\/uploads\/factory-01.webp\"\/><\/p>\n<h3>Werkstatt zur Herstellung von Aluminiumstangen<\/h3>\n<p><img decoding=\"async\" src=\"\/wp-content\/uploads\/factory-02.webp\"\/><\/p>\n<p><img decoding=\"async\" src=\"\/wp-content\/uploads\/factory-03.webp\"\/><\/p>\n<h3>Lagerhaus f\u00fcr Formen<\/h3>\n<p><img decoding=\"async\" src=\"\/wp-content\/uploads\/factory-04.webp\"\/><\/p>\n<h3>43 Aluminium-Strangpressanlagen (500\u00e2\u20ac\"5500 Tonnen)<\/h3>\n<p><img decoding=\"async\" src=\"\/wp-content\/uploads\/factory-05.webp\"\/><\/p>\n<p><img decoding=\"async\" src=\"\/wp-content\/uploads\/factory-06.webp\"\/><\/p>\n<p><img decoding=\"async\" src=\"\/wp-content\/uploads\/factory-07.webp\"\/><\/p>\n<h3>Werkstatt f\u00fcr Pulverbeschichtung<\/h3>\n<p><img decoding=\"async\" src=\"\/wp-content\/uploads\/factory-09.webp\"\/><\/p>\n<h3>Eloxal-Werkstatt<\/h3>\n<p><img decoding=\"async\" src=\"\/wp-content\/uploads\/factory-10.webp\"\/><\/p>\n<h3>Workshop zur Tiefenverarbeitung<\/h3>\n<p><img decoding=\"async\" src=\"\/wp-content\/uploads\/factory-11.webp\"\/><\/p>\n<h3>CNC-Pr\u00e4zisionsbearbeitungswerkstatt<\/h3>\n<p><img decoding=\"async\" src=\"\/wp-content\/uploads\/factory-11.5.webp\"\/><\/p>\n<h3>Lager f\u00fcr Fertigprodukte und Export<\/h3>\n<p><img decoding=\"async\" src=\"\/wp-content\/uploads\/factory-12.webp\"\/><\/p>\n<p><img decoding=\"async\" src=\"\/wp-content\/uploads\/factory-13.webp\"\/><\/p>\n<p><img decoding=\"async\" src=\"\/wp-content\/uploads\/factory-14.webp\"\/><\/p>\n<h2>FAQ<\/h2>\n<p><p><b>1. was sind die Vorteile von stranggepresstem Aluminium T Track?<\/b><\/p>\n<p>Die T-Schiene aus stranggepresstem Aluminium bietet Festigkeit, Korrosionsbest\u00e4ndigkeit, Vielseitigkeit und einfache Montage und ist damit ideal f\u00fcr verstellbare Rahmen und modulare Systeme.<br \/>\n<\/p><br \/>\n<br \/>\n<p><b>2. wie verbessert das T-Gleis-Design die Flexibilit\u00e4t?<\/b><\/p>\n<p>Das T-Track-System erm\u00f6glicht eine einfache Anpassung und individuelle Gestaltung der Komponenten, was flexible Designs f\u00fcr verschiedene Anwendungen und Branchen erm\u00f6glicht.<br \/>\n<\/p><br \/>\n<br \/>\n<p><b>3. welches Material wird f\u00fcr stranggepresstes Aluminium T Track verwendet?<\/b><\/p>\n<p>Er ist aus hochwertigem Aluminium gefertigt, das bei geringem Gewicht eine hohe Festigkeit, Haltbarkeit und Korrosionsbest\u00e4ndigkeit aufweist.<br \/>\n<\/p><br \/>\n<br \/>\n<p><b>4. kann stranggepresstes Aluminium T Track f\u00fcr spezifische Projekte angepasst werden?<\/b><\/p>\n<p>Ja, es bietet anpassbare L\u00e4ngen, Gr\u00f6\u00dfen und Designs, so dass es f\u00fcr verschiedene strukturelle und rahmenbedingte Anforderungen zugeschnitten werden kann.<br \/>\n<\/p><br \/>\n<br \/>\n<p><b>5. wie korrosionsbest\u00e4ndig ist stranggepresstes Aluminium T Track?<\/b><\/p>\n<p>Das Aluminiummaterial ist \u00e4u\u00dferst korrosionsbest\u00e4ndig und eignet sich daher perfekt f\u00fcr den Einsatz in rauen Umgebungen oder im Freien, wo eine lange Haltbarkeit erforderlich ist.<br \/>\n<\/p><br \/>\n<br \/>\n<p><b>6. welche Branchen verwenden stranggepresstes Aluminium T Track?<\/b><\/p>\n<p>Es wird h\u00e4ufig in Branchen wie dem Baugewerbe, der Automatisierung, der Robotik und der Fertigung f\u00fcr den Bau von verstellbaren Rahmen, F\u00f6rderanlagen und St\u00fctzstrukturen verwendet.<br \/>\n<\/p><br \/>\n<br \/>\n<p><b>7. wie kosteneffizient ist das System der stranggepressten Aluminium-T-Schiene?<\/b><\/p>\n<p>Sie bietet eine kosteng\u00fcnstige L\u00f6sung, da sie den Bedarf an zus\u00e4tzlicher Hardware reduziert, die Montage vereinfacht und die Flexibilit\u00e4t bei Design und Konstruktion erh\u00f6ht.<br \/>\n<\/p><br \/><\/p>","protected":false},"featured_media":8409,"template":"","categories":[54],"class_list":["post-8410","product","type-product","status-publish","has-post-thumbnail","hentry","category-industrial-aluminum-profiles"],"meta_box":{"hilight_text_group":{"product_hilight_text":"<li>High-strength extruded aluminum design, providing reliable support and structural integrity for various applications.<\/li>\r\r\n<li>Versatile T-track system, ideal for creating adjustable frames and modular designs with ease.<\/li>\r\r\n<li>Corrosion-resistant surface, ensuring long-lasting performance in both indoor and outdoor environments.<\/li>\r\r\n<li>Lightweight yet durable, making it easy to handle, install, and maintain with minimal effort.<\/li>\r\r\n<li>Cost-effective and customizable solution for modular construction, reducing assembly time and hardware costs.<\/li>","product_chanpin_blog":"<ul>\r\r\n<li><a href=\"https:\/\/sinoextrud.com\/t-slot-v-slot-differences\/\" target=\"_blank\">t slot vs v slot<\/a><\/li>\r\r\n<li><a href=\"https:\/\/sinoextrud.com\/what-is-4040-aluminium-extrud\/\" target=\"_blank\">4040 aluminium extrusion<\/a><\/li>\r\r\n<li><a href=\"https:\/\/sinoextrud.com\/what-is-4040-aluminium-extrud\/\" target=\"_blank\">aluminum extrusions for industrial racks<\/a><\/li>\r\r\n<li><a href=\"https:\/\/sinoextrud.com\/powder-coating-aluminium-process\/\" target=\"_blank\">powder coating aluminium<\/a><\/li>\r\r\n<li><a href=\"https:\/\/sinoextrud.com\/what-is-an-aluminium-strip-ceiling\/\" target=\"_blank\">aluminium strip ceiling<\/a><\/li>\r\r\n<li><a href=\"https:\/\/sinoextrud.com\/what-is-a-heat-sink\/\" target=\"_blank\">what is a heat sink<\/a><\/li>\r\r\n<\/ul>","product_chanpin_chanpin":"<li><a href=\"https:\/\/sinoextrud.com\/product\/extruded-aluminum-t-slot-channel\/\" target=\"_blank\">Extruded Aluminum T Slot Channel<\/a><\/li>\r\n<li><a href=\"https:\/\/sinoextrud.com\/product\/industrial-aluminum-extrusion\/\" target=\"_blank\">Industrial Aluminum Extrusion<\/a><\/li>\r\n<li><a href=\"https:\/\/sinoextrud.com\/product\/round-extruded-aluminum\/\" target=\"_blank\">Round Extruded Aluminum<\/a><\/li>\r\n<li><a href=\"https:\/\/sinoextrud.com\/product\/aluminium-lightbox-extrusion\/\" target=\"_blank\">Aluminium Lightbox Extrusion<\/a><\/li>\r\n<li><a href=\"https:\/\/sinoextrud.com\/product\/extruded-aluminum-t-track\/\" target=\"_blank\">Extruded Aluminum T Track<\/a><\/li>\r\n<li><a href=\"https:\/\/sinoextrud.com\/product\/modular-aluminum-profiles-machine-hand-robot-hand-manipulator\/\" target=\"_blank\">Modular Aluminum Profiles Machine Hand Robot Hand Manipulator<\/a><\/li>\r\n<li><a href=\"https:\/\/sinoextrud.com\/product\/slotted-aluminium-extrusion\/\" target=\"_blank\">Slotted Aluminium Extrusion<\/a><\/li>\r\n<li><a href=\"https:\/\/sinoextrud.com\/product\/aluminum-extrusion-fabrication\/\" target=\"_blank\">Aluminum Extrusion Fabrication<\/a><\/li>\r\n<li><a href=\"https:\/\/sinoextrud.com\/product\/industrial-profile-systems\/\" target=\"_blank\">Industrial Profile Systems<\/a><\/li>\r\n<li><a href=\"https:\/\/sinoextrud.com\/product\/industrial-customized-6063-t5-alloy-aluminium-extrusion-profile\/\" target=\"_blank\">Industrial Customized 6063-T5 Alloy Aluminium Extrusion Profile<\/a><\/li>\r\n<li><a href=\"https:\/\/sinoextrud.com\/product\/standard-extruded-aluminum-shapes\/\" target=\"_blank\">Standard Extruded Aluminum Shapes<\/a><\/li>"},"feature_list":[]},"_links":{"self":[{"href":"https:\/\/sinoextrud.com\/de\/wp-json\/wp\/v2\/product\/8410","targetHints":{"allow":["GET"]}}],"collection":[{"href":"https:\/\/sinoextrud.com\/de\/wp-json\/wp\/v2\/product"}],"about":[{"href":"https:\/\/sinoextrud.com\/de\/wp-json\/wp\/v2\/types\/product"}],"wp:featuredmedia":[{"embeddable":true,"href":"https:\/\/sinoextrud.com\/de\/wp-json\/wp\/v2\/media\/8409"}],"wp:attachment":[{"href":"https:\/\/sinoextrud.com\/de\/wp-json\/wp\/v2\/media?parent=8410"}],"wp:term":[{"taxonomy":"category","embeddable":true,"href":"https:\/\/sinoextrud.com\/de\/wp-json\/wp\/v2\/categories?post=8410"}],"curies":[{"name":"wp","href":"https:\/\/api.w.org\/{rel}","templated":true}]}}