{"id":8408,"date":"2025-06-16T02:38:58","date_gmt":"2025-06-16T02:38:58","guid":{"rendered":"https:\/\/sinoextrud.com\/product\/aluminium-lightbox-extrusion\/"},"modified":"2025-06-24T06:23:46","modified_gmt":"2025-06-24T06:23:46","slug":"aluminium-leuchtkasten-extrusion-2","status":"publish","type":"product","link":"https:\/\/sinoextrud.com\/de\/product\/aluminium-lightbox-extrusion\/","title":{"rendered":"Aluminium-Lightbox-Extrusion"},"content":{"rendered":"<h2>Produkte Details<\/h2>\n<table class=\"custom-table\">\n<tbody>\n<tr>\n<td> Modell NO.<\/td>\n<td> Aluminium-Lightbox-Extrusion<\/td>\n<td> Oberfl\u00e4chenveredelung<\/td>\n<td> Pulverspr\u00fchen<\/td>\n<\/tr>\n<tr>\n<td> Legierungsbestandteil<\/td>\n<td> 6063<\/td>\n<td> Zertifizierung<\/td>\n<td> CE, SONCAP, ISO, CIQ, RoHS, TUV<\/td>\n<\/tr>\n<tr>\n<td> Poliertes Aluminiumprofil<\/td>\n<td> Mechanisches Polieren<\/td>\n<td> Material<\/td>\n<td> 6063-T5, 6061-T6, 6463-T5, 7075-T6, 6082<\/td>\n<\/tr>\n<tr>\n<td> Zweck<\/td>\n<td> M\u00f6bel, Fenster&amp;T\u00fcren, Dekorationen, Industrie<\/td>\n<td> MOQ<\/td>\n<td> 200KG f\u00fcr jedes Profil<\/td>\n<\/tr>\n<tr>\n<td> OEM-Dienst<\/td>\n<td> Basierend auf vom Kunden entworfenen Zeichnungen oder Mustern<\/td>\n<td> Oberfl\u00e4chenbehandlung<\/td>\n<td> Eloxieren \/ Elektrophorese \/ Pulverbeschichtung etc.<\/td>\n<\/tr>\n<tr>\n<td> Tiefe Verarbeitung<\/td>\n<td> Stanzen, Bohren, Gewindeschneiden, Biegen<\/td>\n<td> Lieferfrist<\/td>\n<td> 25-30 Tage nach der Probe ist Confrimed von K\u00e4ufern<\/td>\n<\/tr>\n<tr>\n<td> Abrechnungszeitraum<\/td>\n<td> Die Abschlusszahlung erfolgt auf der Grundlage der endg\u00fcltigen tats\u00e4chlichen Physi<\/td>\n<td> Produktionsgarantie<\/td>\n<td> Die Oberfl\u00e4chenfarbe kann 10 bis 20 Jahre lang erhalten bleiben<\/td>\n<\/tr>\n<tr>\n<td> Hafen<\/td>\n<td> Fob Shenzhen, Guangzhou, Foshan<\/td>\n<td> Markenzeichen<\/td>\n<td> Sinoextrud &amp; Sinoextrud<\/td>\n<\/tr>\n<tr>\n<td> Transport-Paket<\/td>\n<td> Normal oder kundenspezifisch<\/td>\n<td> Spezifikation<\/td>\n<td> Je nach Kundenanforderung<\/td>\n<\/tr>\n<\/tbody>\n<\/table>\n<h2>Unsere Produktionsbasis<\/h2>\n<h3>Fabrik-Panorama<\/h3>\n<p><img decoding=\"async\" src=\"\/wp-content\/uploads\/factory-01.webp\"\/><\/p>\n<h3>Werkstatt zur Herstellung von Aluminiumstangen<\/h3>\n<p><img decoding=\"async\" src=\"\/wp-content\/uploads\/factory-02.webp\"\/><\/p>\n<p><img decoding=\"async\" src=\"\/wp-content\/uploads\/factory-03.webp\"\/><\/p>\n<h3>Lagerhaus f\u00fcr Formen<\/h3>\n<p><img decoding=\"async\" src=\"\/wp-content\/uploads\/factory-04.webp\"\/><\/p>\n<h3>43 Aluminium-Strangpressanlagen (500\u00e2\u20ac\"5500 Tonnen)<\/h3>\n<p><img decoding=\"async\" src=\"\/wp-content\/uploads\/factory-05.webp\"\/><\/p>\n<p><img decoding=\"async\" src=\"\/wp-content\/uploads\/factory-06.webp\"\/><\/p>\n<p><img decoding=\"async\" src=\"\/wp-content\/uploads\/factory-07.webp\"\/><\/p>\n<h3>Werkstatt f\u00fcr Pulverbeschichtung<\/h3>\n<p><img decoding=\"async\" src=\"\/wp-content\/uploads\/factory-09.webp\"\/><\/p>\n<h3>Eloxal-Werkstatt<\/h3>\n<p><img decoding=\"async\" src=\"\/wp-content\/uploads\/factory-10.webp\"\/><\/p>\n<h3>Workshop zur Tiefenverarbeitung<\/h3>\n<p><img decoding=\"async\" src=\"\/wp-content\/uploads\/factory-11.webp\"\/><\/p>\n<h3>CNC-Pr\u00e4zisionsbearbeitungswerkstatt<\/h3>\n<p><img decoding=\"async\" src=\"\/wp-content\/uploads\/factory-11.5.webp\"\/><\/p>\n<h3>Lager f\u00fcr Fertigprodukte und Export<\/h3>\n<p><img decoding=\"async\" src=\"\/wp-content\/uploads\/factory-12.webp\"\/><\/p>\n<p><img decoding=\"async\" src=\"\/wp-content\/uploads\/factory-13.webp\"\/><\/p>\n<p><img decoding=\"async\" src=\"\/wp-content\/uploads\/factory-14.webp\"\/><\/p>\n<h2>FAQ<\/h2>\n<p><p><b>1. was sind die Vorteile der Aluminium-Lightbox-Extrusion?<\/b><\/p>\n<p>Aluminium Lightbox Extrusion bietet Langlebigkeit, geringes Gewicht, effiziente Lichtverteilung und Korrosionsbest\u00e4ndigkeit und eignet sich daher ideal f\u00fcr professionelle Anwendungen von Leuchtk\u00e4sten.<br \/>\n<\/p><br \/>\n<br \/>\n<p><b>2. wie verbessert das Aluminium-Lichtkastenprofil die Leistung von Lichtk\u00e4sten?<\/b><\/p>\n<p>Das Design ist f\u00fcr eine effiziente Lichtverteilung optimiert und gew\u00e4hrleistet eine gleichm\u00e4\u00dfige Ausleuchtung des gesamten Leuchtkastens f\u00fcr bessere visuelle Ergebnisse.<br \/>\n<\/p><br \/>\n<br \/>\n<p><b>Ist die Aluminium-Lichtkasten-Extrusion korrosionsbest\u00e4ndig?<\/b><\/p>\n<p>Ja, das Aluminiummaterial ist korrosionsbest\u00e4ndig und gew\u00e4hrleistet, dass der Leuchtkasten seine Leistung und sein Aussehen in verschiedenen Umgebungen beibeh\u00e4lt.<br \/>\n<\/p><br \/>\n<br \/>\n<p><b>4. k\u00f6nnen die Aluminium-Lichtkasten Extrusion f\u00fcr verschiedene Gr\u00f6\u00dfen Lichtkasten angepasst werden?<\/b><\/p>\n<p>Ja, es ist in hohem Ma\u00dfe anpassbar und erm\u00f6glicht es Ihnen, Leuchtk\u00e4sten in verschiedenen Gr\u00f6\u00dfen und Konfigurationen zu erstellen, die Ihren speziellen Anforderungen entsprechen.<br \/>\n<\/p><br \/>\n<br \/>\n<p><b>5. wie kosteneffizient ist die Aluminium-Lightbox-Extrusion?<\/b><\/p>\n<p>Es bietet eine kosteneffiziente L\u00f6sung, da es hochwertige, langlebige Materialien zu einem erschwinglichen Preis und mit minimalen Wartungskosten bietet.<br \/>\n<\/p><br \/>\n<br \/>\n<p><b>6. welche Branchen verwenden Aluminium-Lightbox-Strangpressprofile?<\/b><\/p>\n<p>Sie werden h\u00e4ufig im Einzelhandel, in der Werbung und in der Beschilderungsbranche eingesetzt, um professionelle und auff\u00e4llige Leuchtk\u00e4sten zu erstellen.<br \/>\n<\/p><br \/>\n<br \/>\n<p><b>7. warum ist Aluminium das Material der Wahl f\u00fcr Leuchtk\u00e4sten?<\/b><\/p>\n<p>Aluminium wird wegen seines geringen Gewichts, seiner Langlebigkeit und Korrosionsbest\u00e4ndigkeit gew\u00e4hlt, was es zum idealen Material f\u00fcr den Bau langlebiger und effektiver Leuchtk\u00e4sten macht.<br \/>\n<\/p><br \/><\/p>","protected":false},"featured_media":8407,"template":"","categories":[54],"class_list":["post-8408","product","type-product","status-publish","has-post-thumbnail","hentry","category-industrial-aluminum-profiles"],"meta_box":{"hilight_text_group":{"product_hilight_text":"<li>Durable aluminum construction, offering strength and lightweight properties for easy handling.<\/li>\r\r\n<li>Designed for efficient light distribution, making it perfect for lightbox applications.<\/li>\r\r\n<li>Corrosion-resistant surface, ensuring long-lasting performance in various environmental conditions.<\/li>\r\r\n<li>Customizable design to fit a wide range of lightbox sizes and configurations.<\/li>\r\r\n<li>Cost-effective solution for creating professional-grade lightboxes with minimal maintenance.<\/li>","product_chanpin_blog":"<ul>\r\r\n<li><a href=\"https:\/\/sinoextrud.com\/t-slot-v-slot-differences\/\" target=\"_blank\">t slot vs v slot<\/a><\/li>\r\r\n<li><a href=\"https:\/\/sinoextrud.com\/what-is-4040-aluminium-extrud\/\" target=\"_blank\">4040 aluminium extrusion<\/a><\/li>\r\r\n<li><a href=\"https:\/\/sinoextrud.com\/what-is-4040-aluminium-extrud\/\" target=\"_blank\">aluminum extrusions for industrial racks<\/a><\/li>\r\r\n<li><a href=\"https:\/\/sinoextrud.com\/powder-coating-aluminium-process\/\" target=\"_blank\">powder coating aluminium<\/a><\/li>\r\r\n<li><a href=\"https:\/\/sinoextrud.com\/what-is-an-aluminium-strip-ceiling\/\" target=\"_blank\">aluminium strip ceiling<\/a><\/li>\r\r\n<li><a href=\"https:\/\/sinoextrud.com\/what-is-a-heat-sink\/\" target=\"_blank\">what is a heat sink<\/a><\/li>\r\r\n<\/ul>","product_chanpin_chanpin":"<li><a href=\"https:\/\/sinoextrud.com\/product\/c-beam-aluminum-extrusion\/\" target=\"_blank\">C Beam Aluminum Extrusion<\/a><\/li>\r\n<li><a href=\"https:\/\/sinoextrud.com\/product\/extruded-aluminum-t-slot-channel\/\" target=\"_blank\">Extruded Aluminum T Slot Channel<\/a><\/li>\r\n<li><a href=\"https:\/\/sinoextrud.com\/product\/industrial-aluminum-extrusion\/\" target=\"_blank\">Industrial Aluminum Extrusion<\/a><\/li>\r\n<li><a href=\"https:\/\/sinoextrud.com\/product\/round-extruded-aluminum\/\" target=\"_blank\">Round Extruded Aluminum<\/a><\/li>\r\n<li><a href=\"https:\/\/sinoextrud.com\/product\/aluminium-lightbox-extrusion\/\" target=\"_blank\">Aluminium Lightbox Extrusion<\/a><\/li>\r\n<li><a href=\"https:\/\/sinoextrud.com\/product\/extruded-aluminum-t-track\/\" target=\"_blank\">Extruded Aluminum T Track<\/a><\/li>\r\n<li><a href=\"https:\/\/sinoextrud.com\/product\/modular-aluminum-profiles-machine-hand-robot-hand-manipulator\/\" target=\"_blank\">Modular Aluminum Profiles Machine Hand Robot Hand Manipulator<\/a><\/li>\r\n<li><a href=\"https:\/\/sinoextrud.com\/product\/slotted-aluminium-extrusion\/\" target=\"_blank\">Slotted Aluminium Extrusion<\/a><\/li>\r\n<li><a href=\"https:\/\/sinoextrud.com\/product\/aluminum-extrusion-fabrication\/\" target=\"_blank\">Aluminum Extrusion Fabrication<\/a><\/li>\r\n<li><a href=\"https:\/\/sinoextrud.com\/product\/aluminum-extrusion-aluminum-framing-profiles-for-sunroom\/\" target=\"_blank\">Aluminum Extrusion Aluminum Framing Profiles For Sunroom<\/a><\/li>\r\n<li><a href=\"https:\/\/sinoextrud.com\/product\/aluminum-u-profile-glass-railing\/\" target=\"_blank\">Aluminum U profile Glass Railing<\/a><\/li>"},"feature_list":[]},"_links":{"self":[{"href":"https:\/\/sinoextrud.com\/de\/wp-json\/wp\/v2\/product\/8408","targetHints":{"allow":["GET"]}}],"collection":[{"href":"https:\/\/sinoextrud.com\/de\/wp-json\/wp\/v2\/product"}],"about":[{"href":"https:\/\/sinoextrud.com\/de\/wp-json\/wp\/v2\/types\/product"}],"wp:featuredmedia":[{"embeddable":true,"href":"https:\/\/sinoextrud.com\/de\/wp-json\/wp\/v2\/media\/8407"}],"wp:attachment":[{"href":"https:\/\/sinoextrud.com\/de\/wp-json\/wp\/v2\/media?parent=8408"}],"wp:term":[{"taxonomy":"category","embeddable":true,"href":"https:\/\/sinoextrud.com\/de\/wp-json\/wp\/v2\/categories?post=8408"}],"curies":[{"name":"wp","href":"https:\/\/api.w.org\/{rel}","templated":true}]}}