{"id":8398,"date":"2025-06-16T01:52:26","date_gmt":"2025-06-16T01:52:26","guid":{"rendered":"https:\/\/sinoextrud.com\/product\/aluminum-t-slot-channel\/"},"modified":"2025-06-24T06:23:43","modified_gmt":"2025-06-24T06:23:43","slug":"aluminium-t-nut-kanal","status":"publish","type":"product","link":"https:\/\/sinoextrud.com\/de\/product\/aluminum-t-slot-channel\/","title":{"rendered":"Aluminium T-Nut-Kanal"},"content":{"rendered":"<h2>Produkte Details<\/h2>\n<table class=\"custom-table\">\n<tbody>\n<tr>\n<td> Produktname<\/td>\n<td> Aluminium T-Nut-Kanal<\/td>\n<\/tr>\n<tr>\n<td> Material Klasse<\/td>\n<td> Serie 6000<\/td>\n<\/tr>\n<tr>\n<td> Temperament<\/td>\n<td> T3-T8<\/td>\n<\/tr>\n<tr>\n<td> Form<\/td>\n<td> T-Schlitz<\/td>\n<\/tr>\n<tr>\n<td> Dicke<\/td>\n<td> 0,7mm-10mm, oder andere kundenspezifische St\u00e4rken<\/td>\n<\/tr>\n<tr>\n<td> Bestehende Serien<\/td>\n<td> 1515 15180 2020 20120 4040 4080 80160 9090 usw.<\/td>\n<\/tr>\n<tr>\n<td> Farbe<\/td>\n<td> Wie angepasst<\/td>\n<\/tr>\n<tr>\n<td> L\u00e4nge<\/td>\n<td> Standardl\u00e4nge 1-9M, Sonderl\u00e4ngen verhandelbar<\/td>\n<\/tr>\n<tr>\n<td> Bewerbungen<\/td>\n<td> Industrie, Produktionslinie usw.<\/td>\n<\/tr>\n<tr>\n<td> Markenzeichen<\/td>\n<td> Sinoextrud oder OEM<\/td>\n<\/tr>\n<tr>\n<td> Tiefgreifender Prozess<\/td>\n<td> Unterst\u00fctzt CNC-Fr\u00e4sen, Stanzen, Bohren, Gewindeschneiden, Biegen<\/td>\n<\/tr>\n<tr>\n<td> MOQ<\/td>\n<td> 200Kg h\u00e4ngt von den verschiedenen Oberfl\u00e4chen ab.<\/td>\n<\/tr>\n<tr>\n<td> Oberfl\u00e4che Fertig<\/td>\n<td> Gefr\u00e4st, Holzmaserung, eloxiert, Pulverbeschichtung, Elektrophorese, PVDF-Beschichtung, geb\u00fcrstet usw.<\/td>\n<\/tr>\n<tr>\n<td> Zertifizierungen<\/td>\n<td> ISO9001, ISO4001, CQM, SGS, CE, BV usw.<\/td>\n<\/tr>\n<tr>\n<td> Herkunftsort<\/td>\n<td> Guangdong, China<\/td>\n<\/tr>\n<tr>\n<td> Vorlaufzeit<\/td>\n<td> 1. die offenen und Probe-Test rund 12 Tage. 2. die Massenproduktion rund 25 Tage.<\/td>\n<\/tr>\n<tr>\n<td> Lieferbedingungen<\/td>\n<td> EXW oder FOB Foshan\/Guangzhou\/Shenzhen<\/td>\n<\/tr>\n<tr>\n<td> Bedingungen der<br \/>\nZahlung<\/td>\n<td> Alipay, LC oder TT 30% Vorauszahlung, 70% Balance vor Versand<\/td>\n<\/tr>\n<tr>\n<td> Verpacken<\/td>\n<td> 1. innen: verpackt mit Kunststoff-Schutzfolie oder Polybeutel. 2. au\u00dfen: verpackt mit wasserdichten Kraftpapier f\u00fcr jedes B\u00fcndel. 3. andere Verpackung Methode als vereinbart.<\/td>\n<\/tr>\n<\/tbody>\n<\/table>\n<h2>Unsere Produktionsbasis<\/h2>\n<h3>Fabrik-Panorama<\/h3>\n<p><img decoding=\"async\" src=\"\/wp-content\/uploads\/factory-01.webp\"\/><\/p>\n<h3>Werkstatt zur Herstellung von Aluminiumstangen<\/h3>\n<p><img decoding=\"async\" src=\"\/wp-content\/uploads\/factory-02.webp\"\/><\/p>\n<\/p>\n<p><img decoding=\"async\" src=\"\/wp-content\/uploads\/factory-03.webp\"\/><\/p>\n<h3>Lagerhaus f\u00fcr Formen<\/h3>\n<p><img decoding=\"async\" src=\"\/wp-content\/uploads\/factory-04.webp\"\/><\/p>\n<h3>43 Aluminium-Strangpressanlagen (500\u00e2\u20ac\"5500 Tonnen)<\/h3>\n<p><img decoding=\"async\" src=\"\/wp-content\/uploads\/factory-05.webp\"\/><\/p>\n<p><img decoding=\"async\" src=\"\/wp-content\/uploads\/factory-06.webp\"\/><\/p>\n<p><img decoding=\"async\" src=\"\/wp-content\/uploads\/factory-07.webp\"\/><\/p>\n<h3>Werkstatt f\u00fcr Pulverbeschichtung<\/h3>\n<p><img decoding=\"async\" src=\"\/wp-content\/uploads\/factory-09.webp\"\/><\/p>\n<h3>Eloxal-Werkstatt<\/h3>\n<p><img decoding=\"async\" src=\"\/wp-content\/uploads\/factory-10.webp\"\/><\/p>\n<h3>Workshop zur Tiefenverarbeitung<\/h3>\n<p><img decoding=\"async\" src=\"\/wp-content\/uploads\/factory-11.webp\"\/><\/p>\n<h3>CNC-Pr\u00e4zisionsbearbeitungswerkstatt<\/h3>\n<p><img decoding=\"async\" src=\"\/wp-content\/uploads\/factory-11.5.webp\"\/><\/p>\n<h3>Lager f\u00fcr Fertigprodukte und Export<\/h3>\n<p><img decoding=\"async\" src=\"\/wp-content\/uploads\/factory-12.webp\"\/><\/p>\n<p><img decoding=\"async\" src=\"\/wp-content\/uploads\/factory-13.webp\"\/><\/p>\n<p><img decoding=\"async\" src=\"\/wp-content\/uploads\/factory-14.webp\"\/><\/p>\n<h2>FAQ<\/h2>\n<p><b>1. was ist Aluminium T Slot Channel verwendet f\u00fcr?<\/b><\/p>\n<p>T-Nut-Kan\u00e4le aus Aluminium werden f\u00fcr den Bau von anpassbaren Rahmen, St\u00fctzen und Strukturen in Industrie-, Automobil- und Heimwerkerprojekten verwendet und bieten St\u00e4rke und Flexibilit\u00e4t.\n<\/p>\n<p><\/p>\n<p><b>2. warum ist die T-Nut-Konstruktion f\u00fcr Aluminiumschienen von Vorteil?<\/b><\/p>\n<p>Die T-Nut-Konstruktion erm\u00f6glicht die einfache Verbindung, \u00c4nderung und Erweiterung von Strukturen und bietet mehr Flexibilit\u00e4t bei der Schaffung modularer und skalierbarer Systeme.\n<\/p>\n<p><\/p>\n<p><b>3. ist Aluminium T Slot Channel resistent gegen Korrosion?<\/b><\/p>\n<p>Ja, das in den T-Nut-Schienen verwendete Aluminiummaterial ist korrosionsbest\u00e4ndig und gew\u00e4hrleistet eine lange Lebensdauer und eine gleichbleibende Leistung unter verschiedenen Umweltbedingungen.\n<\/p>\n<p><\/p>\n<p><b>4. wie verbessert der Aluminium-T-Nut-Kanal die Projekteffizienz?<\/b><\/p>\n<p>Die benutzerfreundliche T-Nut-Konstruktion vereinfacht die Montage und Modifizierung, verk\u00fcrzt die Installationszeit und erm\u00f6glicht eine schnellere Fertigstellung von Projekten.\n<\/p>\n<p><\/p>\n<p><b>5. kann Aluminium T Slot Channel f\u00fcr verschiedene Anwendungen angepasst werden?<\/b><\/p>\n<p>Ja, T-Nut-Kan\u00e4le aus Aluminium sind in Bezug auf L\u00e4nge, Profil und Zubeh\u00f6r in hohem Ma\u00dfe anpassbar, so dass sie f\u00fcr spezifische Projektanforderungen ma\u00dfgeschneidert werden k\u00f6nnen.\n<\/p>\n<p><\/p>\n<p><b>6. welche Branchen profitieren von der Verwendung von T-Nut-Kan\u00e4len aus Aluminium?<\/b><\/p>\n<p>T-Nut-Kan\u00e4le aus Aluminium werden aufgrund ihrer Vielseitigkeit und St\u00e4rke bei der Schaffung anpassbarer Rahmen h\u00e4ufig in Branchen wie Fertigung, Automatisierung, Robotik und Bauwesen eingesetzt.\n<\/p>\n<p><\/p>\n<p><b>7. wie lange h\u00e4lt der Aluminium T Slot Channel?<\/b><\/p>\n<p>Die T-Nut-Rinne aus Aluminium ist auf Langlebigkeit und dauerhafte Leistung ausgelegt und bietet eine hervorragende Verschlei\u00df- und Korrosionsbest\u00e4ndigkeit f\u00fcr den dauerhaften Einsatz in anspruchsvollen Umgebungen.\n<\/p>\n<p><\/p>","protected":false},"featured_media":8397,"template":"","categories":[54],"class_list":["post-8398","product","type-product","status-publish","has-post-thumbnail","hentry","category-industrial-aluminum-profiles"],"meta_box":{"hilight_text_group":{"product_hilight_text":"<li>Aluminum T Slot Channel offers a versatile framing solution for creating customizable structures and assemblies.<\/li>\r\r\n<li>Corrosion-resistant aluminum ensures long-lasting durability and reliable performance in various environments.<\/li>\r\r\n<li>The T-slot design allows for easy integration with other profiles, making it ideal for modular constructions.<\/li>\r\r\n<li>Lightweight yet strong, offering a high strength-to-weight ratio for efficient and robust designs.<\/li>\r\r\n<li>Quick and easy assembly process, reducing installation time and overall project costs.<\/li>","product_chanpin_blog":"<ul>\r\r\n<li><a href=\"https:\/\/sinoextrud.com\/t-slot-v-slot-differences\/\" target=\"_blank\">t slot vs v slot<\/a><\/li>\r\r\n<li><a href=\"https:\/\/sinoextrud.com\/what-is-4040-aluminium-extrud\/\" target=\"_blank\">4040 aluminium extrusion<\/a><\/li>\r\r\n<li><a href=\"https:\/\/sinoextrud.com\/what-is-4040-aluminium-extrud\/\" target=\"_blank\">aluminum extrusions for industrial racks<\/a><\/li>\r\r\n<li><a href=\"https:\/\/sinoextrud.com\/powder-coating-aluminium-process\/\" target=\"_blank\">powder coating aluminium<\/a><\/li>\r\r\n<li><a href=\"https:\/\/sinoextrud.com\/what-is-an-aluminium-strip-ceiling\/\" target=\"_blank\">aluminium strip ceiling<\/a><\/li>\r\r\n<li><a href=\"https:\/\/sinoextrud.com\/what-is-a-heat-sink\/\" target=\"_blank\">what is a heat sink<\/a><\/li>\r\r\n<\/ul>","product_chanpin_chanpin":"<li><a href=\"https:\/\/sinoextrud.com\/product\/t-slot-aluminium-profile\/\" target=\"_blank\">T Slot Aluminium Profile<\/a><\/li>\r\n<li><a href=\"https:\/\/sinoextrud.com\/product\/aluminum-boat-extrusions-6082\/\" target=\"_blank\">Aluminum Boat Extrusions 6082<\/a><\/li>\r\n<li><a href=\"https:\/\/sinoextrud.com\/product\/aluminum-car-pedal-anodized-silver\/\" target=\"_blank\">Aluminum Car Pedal Anodized Silver<\/a><\/li>\r\n<li><a href=\"https:\/\/sinoextrud.com\/product\/aluminum-frame-extrusion-profiles\/\" target=\"_blank\">Aluminum Frame Extrusion Profiles<\/a><\/li>\r\n<li><a href=\"https:\/\/sinoextrud.com\/product\/aluminum-t-slot-channel\/\" target=\"_blank\">Aluminum T Slot Channel<\/a><\/li>\r\n<li><a href=\"https:\/\/sinoextrud.com\/product\/c-beam-aluminum-extrusion\/\" target=\"_blank\">C Beam Aluminum Extrusion<\/a><\/li>\r\n<li><a href=\"https:\/\/sinoextrud.com\/product\/extruded-aluminum-t-slot-channel\/\" target=\"_blank\">Extruded Aluminum T Slot Channel<\/a><\/li>\r\n<li><a href=\"https:\/\/sinoextrud.com\/product\/industrial-aluminum-extrusion\/\" target=\"_blank\">Industrial Aluminum Extrusion<\/a><\/li>\r\n<li><a href=\"https:\/\/sinoextrud.com\/product\/round-extruded-aluminum\/\" target=\"_blank\">Round Extruded Aluminum<\/a><\/li>\r\n<li><a href=\"https:\/\/sinoextrud.com\/product\/aluminum-profile-solar-panel-structure\/\" target=\"_blank\">Aluminum Profile Solar Panel Structure<\/a><\/li>\r\n<li><a href=\"https:\/\/sinoextrud.com\/product\/shaped-tile-ceiling-system\/\" target=\"_blank\">Shaped Tile Ceiling System<\/a><\/li>"},"feature_list":[]},"_links":{"self":[{"href":"https:\/\/sinoextrud.com\/de\/wp-json\/wp\/v2\/product\/8398","targetHints":{"allow":["GET"]}}],"collection":[{"href":"https:\/\/sinoextrud.com\/de\/wp-json\/wp\/v2\/product"}],"about":[{"href":"https:\/\/sinoextrud.com\/de\/wp-json\/wp\/v2\/types\/product"}],"wp:featuredmedia":[{"embeddable":true,"href":"https:\/\/sinoextrud.com\/de\/wp-json\/wp\/v2\/media\/8397"}],"wp:attachment":[{"href":"https:\/\/sinoextrud.com\/de\/wp-json\/wp\/v2\/media?parent=8398"}],"wp:term":[{"taxonomy":"category","embeddable":true,"href":"https:\/\/sinoextrud.com\/de\/wp-json\/wp\/v2\/categories?post=8398"}],"curies":[{"name":"wp","href":"https:\/\/api.w.org\/{rel}","templated":true}]}}