{"id":8390,"date":"2025-06-16T01:43:06","date_gmt":"2025-06-16T01:43:06","guid":{"rendered":"https:\/\/sinoextrud.com\/product\/t-slot-aluminium-profile\/"},"modified":"2025-06-24T06:23:41","modified_gmt":"2025-06-24T06:23:41","slug":"t-nut-aluminiumprofil-2","status":"publish","type":"product","link":"https:\/\/sinoextrud.com\/de\/product\/t-slot-aluminium-profile\/","title":{"rendered":"T-Nut Aluminiumprofil"},"content":{"rendered":"<h2>Produkte Details<\/h2>\n<table class=\"custom-table\">\n<tbody>\n<tr>\n<td> Produktname<\/td>\n<td> T-Nut Aluminiumprofil<\/td>\n<\/tr>\n<tr>\n<td> Material<\/td>\n<td> 6063<\/td>\n<\/tr>\n<tr>\n<td> Temperament<\/td>\n<td> T5, T6<\/td>\n<\/tr>\n<tr>\n<td> Dicke<\/td>\n<td> 1,0 mm<\/td>\n<\/tr>\n<tr>\n<td> L\u00e4nge<\/td>\n<td> 5.8m oder kundenspezifisch<\/td>\n<\/tr>\n<tr>\n<td> Form<\/td>\n<td> angepasst<\/td>\n<\/tr>\n<tr>\n<td> Oberfl\u00e4chenbehandlung<\/td>\n<td> Pulverbeschichtung<\/td>\n<\/tr>\n<tr>\n<td> Farbe<\/td>\n<td> Wei\u00df<\/td>\n<\/tr>\n<tr>\n<td> Anmeldung<\/td>\n<td> Produktionslinie f\u00fcr Maschinen, Transportschiene<\/td>\n<\/tr>\n<tr>\n<td> Tiefgreifender Prozess<\/td>\n<td> CNC, Bohren, Schneiden, Schwei\u00dfen, Montieren<\/td>\n<\/tr>\n<tr>\n<td> MOQ<\/td>\n<td> 200KGs f\u00fcr jeden Artikel<\/td>\n<\/tr>\n<tr>\n<td> Produktionskapazit\u00e4t<\/td>\n<td> 15.000+ T\u00f6ne \/ Monat<\/td>\n<\/tr>\n<tr>\n<td> Zertifikat und Standard<\/td>\n<td> 1) ISO9001-2008\/ISO 9001:2008;<br \/>\n2) CQM-Zertifizierung;<br \/>\n3) SGS, BV, ROSH verf\u00fcgbar<\/td>\n<\/tr>\n<tr>\n<td> B\u00fcrgschaft<\/td>\n<td> Die Oberfl\u00e4chenfarbe kann im Innenbereich 10 bis 20 Jahre lang stabil bleiben.<\/td>\n<\/tr>\n<tr>\n<td> Details zur Verpackung<\/td>\n<td> Innen: mit Plastikfolie verpackt, um jedes St\u00fcck zu sch\u00fctzen<\/td>\n<\/tr>\n<tr>\n<td> Au\u00dferhalb: <\/td>\n<td>B\u00fcndel k\u00f6nnen mit wasserfestem Papier oder EPE-Folie umwickelt werden. Kundenspezifische Anforderungen verf\u00fcgbar<\/td>\n<\/tr>\n<tr>\n<td> Vorlaufzeit<\/td>\n<td> Entwicklung von Werkzeugen und Musterpr\u00fcfung: 12-18 Tage .<\/td>\n<\/tr>\n<tr>\n<td> Massenproduktion: <\/td>\n<td>20-30 Tage.<\/td>\n<\/tr>\n<tr>\n<td> Zahlungsbedingungen<\/td>\n<td> T\/T 30% als Anzahlung, Restbetrag vor Lieferung.<\/td>\n<\/tr>\n<tr>\n<td> Zahlungsbedingungen<\/td>\n<td> T\/T 30% als Anzahlung, Restbetrag vor Lieferung.<\/td>\n<\/tr>\n<tr>\n<td> Von<\/td>\n<td> Foshan, Guangdong, China<\/td>\n<\/tr>\n<\/tbody>\n<\/table>\n<h2>Unsere Produktionsbasis<\/h2>\n<h3>Fabrik-Panorama<\/h3>\n<p><img decoding=\"async\" src=\"\/wp-content\/uploads\/factory-01.webp\"\/><\/p>\n<h3>Werkstatt zur Herstellung von Aluminiumstangen<\/h3>\n<p><img decoding=\"async\" src=\"\/wp-content\/uploads\/factory-02.webp\"\/><\/p>\n<\/p>\n<p><img decoding=\"async\" src=\"\/wp-content\/uploads\/factory-03.webp\"\/><\/p>\n<h3>Lagerhaus f\u00fcr Formen<\/h3>\n<p><img decoding=\"async\" src=\"\/wp-content\/uploads\/factory-04.webp\"\/><\/p>\n<h3>43 Aluminium-Strangpressanlagen (500\u00e2\u20ac\"5500 Tonnen)<\/h3>\n<p><img decoding=\"async\" src=\"\/wp-content\/uploads\/factory-05.webp\"\/><\/p>\n<p><img decoding=\"async\" src=\"\/wp-content\/uploads\/factory-06.webp\"\/><\/p>\n<p><img decoding=\"async\" src=\"\/wp-content\/uploads\/factory-07.webp\"\/><\/p>\n<h3>Werkstatt f\u00fcr Pulverbeschichtung<\/h3>\n<p><img decoding=\"async\" src=\"\/wp-content\/uploads\/factory-09.webp\"\/><\/p>\n<h3>Eloxal-Werkstatt<\/h3>\n<p><img decoding=\"async\" src=\"\/wp-content\/uploads\/factory-10.webp\"\/><\/p>\n<h3>Workshop zur Tiefenverarbeitung<\/h3>\n<p><img decoding=\"async\" src=\"\/wp-content\/uploads\/factory-11.webp\"\/><\/p>\n<h3>CNC-Pr\u00e4zisionsbearbeitungswerkstatt<\/h3>\n<p><img decoding=\"async\" src=\"\/wp-content\/uploads\/factory-11.5.webp\"\/><\/p>\n<h3>Lager f\u00fcr Fertigprodukte und Export<\/h3>\n<p><img decoding=\"async\" src=\"\/wp-content\/uploads\/factory-12.webp\"\/><\/p>\n<p><img decoding=\"async\" src=\"\/wp-content\/uploads\/factory-13.webp\"\/><\/p>\n<p><img decoding=\"async\" src=\"\/wp-content\/uploads\/factory-14.webp\"\/><\/p>\n<h2>FAQ<\/h2>\n<p><b>1. wof\u00fcr werden T-Nut-Profile aus Aluminium verwendet?<\/b><\/p>\n<p>T-Nut-Profile aus Aluminium werden f\u00fcr die Herstellung von anpassbaren Konstruktionsrahmen, Geh\u00e4usen und Arbeitspl\u00e4tzen in verschiedenen Branchen wie Automatisierung, Bauwesen und Fertigung verwendet.\n<\/p>\n<p><\/p>\n<p><b>2. warum ist das T-Nut-Aluminiumprofil einfach zu montieren?<\/b><\/p>\n<p>T-Nut-Profile aus Aluminium sind f\u00fcr eine einfache Montage mit Hilfe von Befestigungselementen und Verbindern konzipiert, wodurch Schwei\u00dfarbeiten \u00fcberfl\u00fcssig werden und die Aufbauzeit und Komplexit\u00e4t reduziert wird.\n<\/p>\n<p><\/p>\n<p><b>3. welche Vorteile hat die Verwendung von Aluminium f\u00fcr T-Nut-Profile?<\/b><\/p>\n<p>Aluminium bietet ein hervorragendes Verh\u00e4ltnis von Festigkeit zu Gewicht, Korrosionsbest\u00e4ndigkeit und Langlebigkeit und ist daher ideal f\u00fcr T-Nut-Profile, die sowohl strukturelle Unterst\u00fctzung als auch Langlebigkeit erfordern.\n<\/p>\n<p><\/p>\n<p><b>4. k\u00f6nnen T Slot Aluminium Profile angepasst werden?<\/b><\/p>\n<p>Ja, diese Profile sind in Bezug auf Gr\u00f6\u00dfe, Form und Konfiguration in hohem Ma\u00dfe anpassbar, so dass die Unternehmen Rahmen und Strukturen entwerfen k\u00f6nnen, die ihren spezifischen Anforderungen entsprechen.\n<\/p>\n<p><\/p>\n<p><b>5. wie wirkt sich die Korrosionsbest\u00e4ndigkeit von T-Nut-Aluminiumprofilen auf ihre Leistung aus?<\/b><\/p>\n<p>Die Korrosionsbest\u00e4ndigkeit von Aluminium sorgt daf\u00fcr, dass die T-Nut-Profile ihr Aussehen und ihre Festigkeit auch unter rauen Umgebungsbedingungen \u00fcber lange Zeit beibehalten.\n<\/p>\n<p><\/p>\n<p><b>6. sind T-Nut-Profile aus Aluminium kosteng\u00fcnstig?<\/b><\/p>\n<p>Ja, sie sind kosteneffizient, weil sie die Arbeits- und Materialkosten senken, da sie leicht zusammengesetzt und in verschiedenen Konfigurationen wiederverwendet werden k\u00f6nnen.\n<\/p>\n<p><\/p>\n<p><b>7. welche Branchen profitieren von T-Nut-Aluminiumprofilen?<\/b><\/p>\n<p>Branchen wie Automatisierung, Fertigung, Robotik und Bauwesen profitieren von der Festigkeit, Flexibilit\u00e4t und Benutzerfreundlichkeit von T-Nut-Profilen aus Aluminium f\u00fcr die Herstellung kundenspezifischer Strukturen und Systeme.\n<\/p>\n<p><\/p>","protected":false},"featured_media":8389,"template":"","categories":[54],"class_list":["post-8390","product","type-product","status-publish","has-post-thumbnail","hentry","category-industrial-aluminum-profiles"],"meta_box":{"hilight_text_group":{"product_hilight_text":"<li>Highly flexible design that can be easily adapted for various structural applications.<\/li>\r\r\n<li>Durable aluminum construction ensures long-lasting performance with minimal maintenance.<\/li>\r\r\n<li>Easy to assemble with no welding required, saving time and reducing costs.<\/li>\r\r\n<li>Compatible with a wide range of accessories and connectors for versatile configurations.<\/li>\r\r\n<li>Lightweight yet strong, offering excellent support for both small and large-scale projects.<\/li>","product_chanpin_blog":"<ul>\r\r\n<li><a href=\"https:\/\/sinoextrud.com\/t-slot-v-slot-differences\/\" target=\"_blank\">t slot vs v slot<\/a><\/li>\r\r\n<li><a href=\"https:\/\/sinoextrud.com\/what-is-4040-aluminium-extrud\/\" target=\"_blank\">4040 aluminium extrusion<\/a><\/li>\r\r\n<li><a href=\"https:\/\/sinoextrud.com\/what-is-4040-aluminium-extrud\/\" target=\"_blank\">aluminum extrusions for industrial racks<\/a><\/li>\r\r\n<li><a href=\"https:\/\/sinoextrud.com\/powder-coating-aluminium-process\/\" target=\"_blank\">powder coating aluminium<\/a><\/li>\r\r\n<li><a href=\"https:\/\/sinoextrud.com\/what-is-an-aluminium-strip-ceiling\/\" target=\"_blank\">aluminium strip ceiling<\/a><\/li>\r\r\n<li><a href=\"https:\/\/sinoextrud.com\/what-is-a-heat-sink\/\" target=\"_blank\">what is a heat sink<\/a><\/li>\r\r\n<\/ul>","product_chanpin_chanpin":"<li><a href=\"https:\/\/sinoextrud.com\/product\/l-shape-aluminum-angle-profile\/\" target=\"_blank\">L Shape Aluminum Angle Profile<\/a><\/li>\r\n<li><a href=\"https:\/\/sinoextrud.com\/product\/stock-aluminum-extrusion-profiles\/\" target=\"_blank\">Stock Aluminum Extrusion Profiles<\/a><\/li>\r\n<li><a href=\"https:\/\/sinoextrud.com\/product\/the-hinges-of-aluminium-clean-room\/\" target=\"_blank\">The Hinges Of Aluminium Clean Room<\/a><\/li>\r\n<li><a href=\"https:\/\/sinoextrud.com\/product\/special-aluminium-profiles-heat-sink-aluminum\/\" target=\"_blank\">Special Aluminium Profiles Heat Sink Aluminum<\/a><\/li>\r\n<li><a href=\"https:\/\/sinoextrud.com\/product\/t-slot-aluminium-profile\/\" target=\"_blank\">T Slot Aluminium Profile<\/a><\/li>\r\n<li><a href=\"https:\/\/sinoextrud.com\/product\/aluminum-boat-extrusions-6082\/\" target=\"_blank\">Aluminum Boat Extrusions 6082<\/a><\/li>\r\n<li><a href=\"https:\/\/sinoextrud.com\/product\/aluminum-car-pedal-anodized-silver\/\" target=\"_blank\">Aluminum Car Pedal Anodized Silver<\/a><\/li>\r\n<li><a href=\"https:\/\/sinoextrud.com\/product\/aluminum-frame-extrusion-profiles\/\" target=\"_blank\">Aluminum Frame Extrusion Profiles<\/a><\/li>\r\n<li><a href=\"https:\/\/sinoextrud.com\/product\/aluminum-t-slot-channel\/\" target=\"_blank\">Aluminum T Slot Channel<\/a><\/li>\r\n<li><a href=\"https:\/\/sinoextrud.com\/product\/standard-aluminum-shapes\/\" target=\"_blank\">Standard Aluminum Shapes<\/a><\/li>\r\n<li><a href=\"https:\/\/sinoextrud.com\/product\/aluminium-profiles-for-bedroom-doors\/\" target=\"_blank\">Aluminium Profiles For Bedroom Doors<\/a><\/li>"},"feature_list":[]},"_links":{"self":[{"href":"https:\/\/sinoextrud.com\/de\/wp-json\/wp\/v2\/product\/8390","targetHints":{"allow":["GET"]}}],"collection":[{"href":"https:\/\/sinoextrud.com\/de\/wp-json\/wp\/v2\/product"}],"about":[{"href":"https:\/\/sinoextrud.com\/de\/wp-json\/wp\/v2\/types\/product"}],"wp:featuredmedia":[{"embeddable":true,"href":"https:\/\/sinoextrud.com\/de\/wp-json\/wp\/v2\/media\/8389"}],"wp:attachment":[{"href":"https:\/\/sinoextrud.com\/de\/wp-json\/wp\/v2\/media?parent=8390"}],"wp:term":[{"taxonomy":"category","embeddable":true,"href":"https:\/\/sinoextrud.com\/de\/wp-json\/wp\/v2\/categories?post=8390"}],"curies":[{"name":"wp","href":"https:\/\/api.w.org\/{rel}","templated":true}]}}