{"id":8387,"date":"2025-06-16T01:41:58","date_gmt":"2025-06-16T01:41:58","guid":{"rendered":"https:\/\/sinoextrud.com\/product\/special-aluminium-profiles-heat-sink-aluminum\/"},"modified":"2025-06-24T06:23:41","modified_gmt":"2025-06-24T06:23:41","slug":"spezielle-aluminiumprofile-kuhlkorper-aus-aluminium","status":"publish","type":"product","link":"https:\/\/sinoextrud.com\/de\/product\/special-aluminium-profiles-heat-sink-aluminum\/","title":{"rendered":"Spezielle Aluminium-Profile K\u00fchlk\u00f6rper Aluminium"},"content":{"rendered":"<h2>Produkte Details<\/h2>\n<table class=\"custom-table\">\n<tbody>\n<tr>\n<td> Name des Produkts<\/td>\n<td> Spezielle Aluminiumprofile K\u00fchlk\u00f6rper Aluminium-Strangpressprofile<\/td>\n<\/tr>\n<tr>\n<td> Aluminiumlegierung<\/td>\n<td> 6063-T5, oder kundenspezifische Anpassung<\/td>\n<\/tr>\n<tr>\n<td> Behandlung der Oberfl\u00e4che<\/td>\n<td> Werksfertig oder kundenspezifisch<\/td>\n<\/tr>\n<tr>\n<td> Farbe<\/td>\n<td> Werksfertig oder kundenspezifisch<\/td>\n<\/tr>\n<tr>\n<td> Gr\u00f6\u00dfe<\/td>\n<td> CNC oder kundenspezifische Anpassung<\/td>\n<\/tr>\n<tr>\n<td> Anmeldung<\/td>\n<td> K\u00fchlk\u00f6rper aus Aluminium f\u00fcr elektrische Maschinen, Motoren, Ausr\u00fcstungen, usw.<\/td>\n<\/tr>\n<tr>\n<td> Marke<\/td>\n<td> Sinoextrud \/ Sinoextrud \/ Sinoextrud Aluminium<\/td>\n<\/tr>\n<tr>\n<td> Herkunft<\/td>\n<td> Foshan, China<\/td>\n<\/tr>\n<\/tbody>\n<\/table>\n<h2>Unsere Produktionsbasis<\/h2>\n<h3>Fabrik-Panorama<\/h3>\n<p><img decoding=\"async\" src=\"\/wp-content\/uploads\/factory-01.webp\"\/><\/p>\n<h3>Werkstatt zur Herstellung von Aluminiumstangen<\/h3>\n<p><img decoding=\"async\" src=\"\/wp-content\/uploads\/factory-02.webp\"\/><\/p>\n<p><img decoding=\"async\" src=\"\/wp-content\/uploads\/factory-03.webp\"\/><\/p>\n<h3>Lagerhaus f\u00fcr Formen<\/h3>\n<p><img decoding=\"async\" src=\"\/wp-content\/uploads\/factory-04.webp\"\/><\/p>\n<h3>43 Aluminium-Strangpressanlagen (500\u00e2\u20ac\"5500 Tonnen)<\/h3>\n<p><img decoding=\"async\" src=\"\/wp-content\/uploads\/factory-05.webp\"\/><\/p>\n<p><img decoding=\"async\" src=\"\/wp-content\/uploads\/factory-06.webp\"\/><\/p>\n<p><img decoding=\"async\" src=\"\/wp-content\/uploads\/factory-07.webp\"\/><\/p>\n<h3>Werkstatt f\u00fcr Pulverbeschichtung<\/h3>\n<p><img decoding=\"async\" src=\"\/wp-content\/uploads\/factory-09.webp\"\/><\/p>\n<h3>Eloxal-Werkstatt<\/h3>\n<p><img decoding=\"async\" src=\"\/wp-content\/uploads\/factory-10.webp\"\/><\/p>\n<h3>Workshop zur Tiefenverarbeitung<\/h3>\n<p><img decoding=\"async\" src=\"\/wp-content\/uploads\/factory-11.webp\"\/><\/p>\n<h3>CNC-Pr\u00e4zisionsbearbeitungswerkstatt<\/h3>\n<p><img decoding=\"async\" src=\"\/wp-content\/uploads\/factory-11.5.webp\"\/><\/p>\n<h3>Lager f\u00fcr Fertigprodukte und Export<\/h3>\n<p><img decoding=\"async\" src=\"\/wp-content\/uploads\/factory-12.webp\"\/><\/p>\n<p><img decoding=\"async\" src=\"\/wp-content\/uploads\/factory-13.webp\"\/><\/p>\n<p><img decoding=\"async\" src=\"\/wp-content\/uploads\/factory-14.webp\"\/><\/p>\n<h2>FAQ<\/h2>\n<p><p><b>1. was sind spezielle Aluminium-Profile W\u00e4rmesenke Aluminium verwendet?<\/b><\/p>\n<p>Spezielle Aluminiumprofile K\u00fchlk\u00f6rper aus Aluminium werden f\u00fcr das W\u00e4rmemanagement in elektronischen Ger\u00e4ten, Industriemaschinen und anderen Anwendungen verwendet, die eine effiziente W\u00e4rmeableitung erfordern.<br \/>\n<\/p><br \/>\n<br \/>\n<p><b>2. wie verbessert das Aluminiumprofil die W\u00e4rmeableitung?<\/b><\/p>\n<p>Das fortschrittliche Design von Special Aluminium Profiles Heat Sink Aluminum maximiert die Oberfl\u00e4che und erm\u00f6glicht so einen besseren Luftstrom und eine effizientere W\u00e4rme\u00fcbertragung von elektronischen Komponenten.<br \/>\n<\/p><br \/>\n<br \/>\n<p><b>3. k\u00f6nnen spezielle Aluminium-Profile K\u00fchlk\u00f6rper Aluminium angepasst werden?<\/b><\/p>\n<p>Ja, diese Profile sind in hohem Ma\u00dfe anpassbar, um spezifische Anforderungen an das W\u00e4rmemanagement zu erf\u00fcllen und eine optimale Leistung f\u00fcr verschiedene Anwendungen zu gew\u00e4hrleisten.<br \/>\n<\/p><br \/>\n<br \/>\n<p><b>4. warum wird Aluminium f\u00fcr K\u00fchlk\u00f6rper verwendet?<\/b><\/p>\n<p>Aluminium ist ein hervorragender W\u00e4rmeleiter und ist leicht, langlebig und korrosionsbest\u00e4ndig, was es zu einem idealen Material f\u00fcr K\u00fchlk\u00f6rperprofile in verschiedenen Anwendungen macht.<br \/>\n<\/p><br \/>\n<br \/>\n<p><b>5. welche Vorteile bietet die Korrosionsbest\u00e4ndigkeit bei K\u00fchlk\u00f6rperanwendungen?<\/b><\/p>\n<p>Die korrosionsbest\u00e4ndigen Eigenschaften von Aluminium sorgen daf\u00fcr, dass der K\u00fchlk\u00f6rper auch in rauen Umgebungen seine Leistungsf\u00e4higkeit und sein Aussehen \u00fcber lange Zeit beh\u00e4lt.<br \/>\n<\/p><br \/>\n<br \/>\n<p><b>6. sind spezielle Aluminiumprofile K\u00fchlk\u00f6rper aus Aluminium leicht in bestehende Systeme zu integrieren?<\/b><\/p>\n<p>Ja, diese Aluminiumprofile sind f\u00fcr eine einfache Integration konzipiert und erm\u00f6glichen es den Benutzern, die Effizienz ihrer W\u00e4rmemanagementsysteme mit minimalen Anpassungen zu verbessern.<br \/>\n<\/p><br \/>\n<br \/>\n<p><b>7. welche Branchen profitieren von speziellen Aluminiumprofilen K\u00fchlk\u00f6rper Aluminium?<\/b><\/p>\n<p>Branchen wie die Elektronik- und Automobilindustrie, erneuerbare Energien und Industriemaschinen profitieren von der \u00fcberragenden W\u00e4rmeableitung und Leistung dieser Aluminiumprofile beim W\u00e4rmemanagement.<br \/>\n<\/p><br \/><\/p>","protected":false},"featured_media":8386,"template":"","categories":[54],"class_list":["post-8387","product","type-product","status-publish","has-post-thumbnail","hentry","category-industrial-aluminum-profiles"],"meta_box":{"hilight_text_group":{"product_hilight_text":"<li>Highly efficient heat dissipation with advanced aluminum profiles design.<\/li>\r\r\n<li>Durable and lightweight material ideal for various electronic and industrial applications.<\/li>\r\r\n<li>Customizable profiles to meet specific thermal management requirements.<\/li>\r\r\n<li>Corrosion-resistant aluminum ensures long-lasting performance in various environments.<\/li>\r\r\n<li>Easy integration into existing systems, enhancing the overall efficiency of cooling systems.<\/li>","product_chanpin_blog":"<ul>\r\r\n<li><a href=\"https:\/\/sinoextrud.com\/t-slot-v-slot-differences\/\" target=\"_blank\">t slot vs v slot<\/a><\/li>\r\r\n<li><a href=\"https:\/\/sinoextrud.com\/what-is-4040-aluminium-extrud\/\" target=\"_blank\">4040 aluminium extrusion<\/a><\/li>\r\r\n<li><a href=\"https:\/\/sinoextrud.com\/what-is-4040-aluminium-extrud\/\" target=\"_blank\">aluminum extrusions for industrial racks<\/a><\/li>\r\r\n<li><a href=\"https:\/\/sinoextrud.com\/powder-coating-aluminium-process\/\" target=\"_blank\">powder coating aluminium<\/a><\/li>\r\r\n<li><a href=\"https:\/\/sinoextrud.com\/what-is-an-aluminium-strip-ceiling\/\" target=\"_blank\">aluminium strip ceiling<\/a><\/li>\r\r\n<li><a href=\"https:\/\/sinoextrud.com\/what-is-a-heat-sink\/\" target=\"_blank\">what is a heat sink<\/a><\/li>\r\r\n<\/ul>","product_chanpin_chanpin":"<li><a href=\"https:\/\/sinoextrud.com\/product\/extruded-aluminum-triangle-electrical-instrument-shell-housing\/\" target=\"_blank\">Extruded Aluminum Triangle Electrical Instrument Shell Housing<\/a><\/li>\r\n<li><a href=\"https:\/\/sinoextrud.com\/product\/l-shape-aluminum-angle-profile\/\" target=\"_blank\">L Shape Aluminum Angle Profile<\/a><\/li>\r\n<li><a href=\"https:\/\/sinoextrud.com\/product\/stock-aluminum-extrusion-profiles\/\" target=\"_blank\">Stock Aluminum Extrusion Profiles<\/a><\/li>\r\n<li><a href=\"https:\/\/sinoextrud.com\/product\/the-hinges-of-aluminium-clean-room\/\" target=\"_blank\">The Hinges Of Aluminium Clean Room<\/a><\/li>\r\n<li><a href=\"https:\/\/sinoextrud.com\/product\/special-aluminium-profiles-heat-sink-aluminum\/\" target=\"_blank\">Special Aluminium Profiles Heat Sink Aluminum<\/a><\/li>\r\n<li><a href=\"https:\/\/sinoextrud.com\/product\/t-slot-aluminium-profile\/\" target=\"_blank\">T Slot Aluminium Profile<\/a><\/li>\r\n<li><a href=\"https:\/\/sinoextrud.com\/product\/aluminum-boat-extrusions-6082\/\" target=\"_blank\">Aluminum Boat Extrusions 6082<\/a><\/li>\r\n<li><a href=\"https:\/\/sinoextrud.com\/product\/aluminum-car-pedal-anodized-silver\/\" target=\"_blank\">Aluminum Car Pedal Anodized Silver<\/a><\/li>\r\n<li><a href=\"https:\/\/sinoextrud.com\/product\/aluminum-frame-extrusion-profiles\/\" target=\"_blank\">Aluminum Frame Extrusion Profiles<\/a><\/li>\r\n<li><a href=\"https:\/\/sinoextrud.com\/product\/aluminum-profile-connector\/\" target=\"_blank\">Aluminum Profile Connector<\/a><\/li>\r\n<li><a href=\"https:\/\/sinoextrud.com\/product\/aluminum-tube-framing\/\" target=\"_blank\">Aluminum Tube Framing<\/a><\/li>"},"feature_list":[]},"_links":{"self":[{"href":"https:\/\/sinoextrud.com\/de\/wp-json\/wp\/v2\/product\/8387","targetHints":{"allow":["GET"]}}],"collection":[{"href":"https:\/\/sinoextrud.com\/de\/wp-json\/wp\/v2\/product"}],"about":[{"href":"https:\/\/sinoextrud.com\/de\/wp-json\/wp\/v2\/types\/product"}],"wp:featuredmedia":[{"embeddable":true,"href":"https:\/\/sinoextrud.com\/de\/wp-json\/wp\/v2\/media\/8386"}],"wp:attachment":[{"href":"https:\/\/sinoextrud.com\/de\/wp-json\/wp\/v2\/media?parent=8387"}],"wp:term":[{"taxonomy":"category","embeddable":true,"href":"https:\/\/sinoextrud.com\/de\/wp-json\/wp\/v2\/categories?post=8387"}],"curies":[{"name":"wp","href":"https:\/\/api.w.org\/{rel}","templated":true}]}}