{"id":8383,"date":"2025-06-16T01:40:07","date_gmt":"2025-06-16T01:40:07","guid":{"rendered":"https:\/\/sinoextrud.com\/product\/the-hinges-of-aluminium-clean-room\/"},"modified":"2025-06-24T06:23:40","modified_gmt":"2025-06-24T06:23:40","slug":"die-scharniere-des-aluminium-reinraums","status":"publish","type":"product","link":"https:\/\/sinoextrud.com\/de\/product\/the-hinges-of-aluminium-clean-room\/","title":{"rendered":"Die Scharniere des Aluminium-Reinraums"},"content":{"rendered":"<h2>Produkte Details<\/h2>\n<table class=\"custom-table\">\n<tr>\n<td class=\"label\">Aluprofile<\/td>\n<td>Werkstoff:Aluminiumlegierung6063-T5<br \/>\nOberfl\u00e4chenbehandlung: pulverbeschichtet, eloxiert, etc.<br \/>\nFarbe: individuell<br \/>\nDicke:1,0mm\/1,2mm\/1,4mm\/2,0mm<\/td>\n<\/tr>\n<tr>\n<td class=\"label\">Glas<\/td>\n<td>Material: Aluminium-Profil f\u00fcr Reinraum, die Scharniere aus Aluminium Reinraum<br \/>\nFarbe:klar\/grau\/gr\u00fcn\/frostig<br \/>\nThickness:insulatingglass5+9A+56+12A+6<br \/>\nEinzeln:3mmbis12mm<br \/>\nDreifach:5+6A+5+6A+5<\/td>\n<\/tr>\n<tr>\n<td class=\"label\">Versiegeln<\/td>\n<td>Gummi<\/td>\n<\/tr>\n<tr>\n<td class=\"label\">Hardware<\/td>\n<td>angepasst<\/td>\n<\/tr>\n<tr>\n<td class=\"label\">Paket<\/td>\n<td>1) Folie, Kraftpapier<br \/>\n2) Holzkiste<br \/>\n3) kundenspezifisch<\/td>\n<\/tr>\n<\/table>\n<h2>Unsere Produktionsbasis<\/h2>\n<h3>Fabrik-Panorama<\/h3>\n<p><img decoding=\"async\" src=\"\/wp-content\/uploads\/factory-01.webp\"\/><\/p>\n<h3>Werkstatt zur Herstellung von Aluminiumstangen<\/h3>\n<p><img decoding=\"async\" src=\"\/wp-content\/uploads\/factory-02.webp\"\/><\/p>\n<\/p>\n<p><img decoding=\"async\" src=\"\/wp-content\/uploads\/factory-03.webp\"\/><\/p>\n<h3>Lagerhaus f\u00fcr Formen<\/h3>\n<p><img decoding=\"async\" src=\"\/wp-content\/uploads\/factory-04.webp\"\/><\/p>\n<h3>43 Aluminium-Strangpressanlagen (500-5500 Tonnen)<\/h3>\n<p><img decoding=\"async\" src=\"\/wp-content\/uploads\/factory-05.webp\"\/><\/p>\n<p><img decoding=\"async\" src=\"\/wp-content\/uploads\/factory-06.webp\"\/><\/p>\n<p><img decoding=\"async\" src=\"\/wp-content\/uploads\/factory-07.webp\"\/><\/p>\n<h3>Werkstatt f\u00fcr Pulverbeschichtung<\/h3>\n<p><img decoding=\"async\" src=\"\/wp-content\/uploads\/factory-09.webp\"\/><\/p>\n<h3>Eloxal-Werkstatt<\/h3>\n<p><img decoding=\"async\" src=\"\/wp-content\/uploads\/factory-10.webp\"\/><\/p>\n<h3>Workshop zur Tiefenverarbeitung<\/h3>\n<p><img decoding=\"async\" src=\"\/wp-content\/uploads\/factory-11.webp\"\/><\/p>\n<h3>CNC-Pr\u00e4zisionsbearbeitungswerkstatt<\/h3>\n<p><img decoding=\"async\" src=\"\/wp-content\/uploads\/factory-11.5.webp\"\/><\/p>\n<h3>Lager f\u00fcr Fertigprodukte und Export<\/h3>\n<p><img decoding=\"async\" src=\"\/wp-content\/uploads\/factory-12.webp\"\/><\/p>\n<p><img decoding=\"async\" src=\"\/wp-content\/uploads\/factory-13.webp\"\/><\/p>\n<p><img decoding=\"async\" src=\"\/wp-content\/uploads\/factory-14.webp\"\/><\/p>\n<h2>FAQ<\/h2>\n<p><b>1. was sind die Vorteile von Aluminiumscharnieren f\u00fcr Reinr\u00e4ume?<\/b><\/p>\n<p>Scharniere aus Aluminium bieten Festigkeit, Korrosionsbest\u00e4ndigkeit und Langlebigkeit und sind somit ideal f\u00fcr die Aufrechterhaltung von Hygiene und Zuverl\u00e4ssigkeit in Reinraumumgebungen.\n<\/p>\n<p><\/p>\n<p><b>2. warum ist Korrosionsbest\u00e4ndigkeit f\u00fcr Reinraumscharniere wichtig?<\/b><\/p>\n<p>Die Korrosionsbest\u00e4ndigkeit stellt sicher, dass die Scharniere funktionst\u00fcchtig und sauber bleiben, ohne sich im Laufe der Zeit zu zersetzen, und tr\u00e4gt dazu bei, die strengen Anforderungen in Reinr\u00e4umen zu erf\u00fcllen.\n<\/p>\n<p><\/p>\n<p><b>3. wie verbessern Aluminiumscharniere die Leistung von Reinraumt\u00fcren?<\/b><\/p>\n<p>Aluminiumscharniere bieten einen reibungslosen Betrieb, verringern den Verschlei\u00df und minimieren den Wartungsbedarf, so dass eine gleichbleibende T\u00fcrfunktion in Reinr\u00e4umen gew\u00e4hrleistet ist.\n<\/p>\n<p><\/p>\n<p><b>4. sind Aluminiumscharniere f\u00fcr Reinr\u00e4ume einfach zu installieren?<\/b><\/p>\n<p>Ja, Reinraumscharniere aus Aluminium sind so konzipiert, dass sie sich leicht montieren lassen, die Einrichtungszeit verk\u00fcrzen und sicherstellen, dass die Reinraumt\u00fcr effizient funktioniert.\n<\/p>\n<p><\/p>\n<p><b>5. k\u00f6nnen Aluminiumscharniere f\u00fcr verschiedene T\u00fcrgr\u00f6\u00dfen angepasst werden?<\/b><\/p>\n<p>Ja, Aluminiumscharniere k\u00f6nnen an verschiedene T\u00fcrgr\u00f6\u00dfen und -gewichte angepasst werden und bieten somit Flexibilit\u00e4t f\u00fcr verschiedene Reinraumanwendungen.\n<\/p>\n<p><\/p>\n<p><b>6. wie tragen Aluminium-Reinraumscharniere zu den Hygienestandards bei?<\/b><\/p>\n<p>Die korrosionsbest\u00e4ndige und leicht zu reinigende Oberfl\u00e4che von Aluminiumscharnieren tr\u00e4gt zur Einhaltung hoher Hygienestandards in Reinr\u00e4umen bei, da sie Verunreinigungen verhindert.\n<\/p>\n<p><\/p>\n<p><b>7. wie lange halten Aluminiumscharniere f\u00fcr Reinr\u00e4ume?<\/b><\/p>\n<p>Reinraumscharniere aus Aluminium sind auf langfristige Leistung ausgelegt und bieten Langlebigkeit und Widerstandsf\u00e4higkeit gegen Verschlei\u00df, Korrosion und Besch\u00e4digung in anspruchsvollen Umgebungen.\n<\/p>\n<p><\/p>","protected":false},"featured_media":8382,"template":"","categories":[54],"class_list":["post-8383","product","type-product","status-publish","has-post-thumbnail","hentry","category-industrial-aluminum-profiles"],"meta_box":{"hilight_text_group":{"product_hilight_text":"<li>Durable aluminum hinges ensure long-lasting performance in clean room environments.<\/li>\r\r\n<li>Corrosion-resistant material provides reliability and maintains hygiene standards in clean rooms.<\/li>\r\r\n<li>Precision engineering for smooth door operation and minimal maintenance requirements.<\/li>\r\r\n<li>Easy to install and maintain, reducing downtime in clean room operations.<\/li>\r\r\n<li>Customizable designs to meet specific size and weight requirements for clean room doors.<\/li>","product_chanpin_blog":"<ul>\r\r\n<li><a href=\"https:\/\/sinoextrud.com\/t-slot-v-slot-differences\/\" target=\"_blank\">t slot vs v slot<\/a><\/li>\r\r\n<li><a href=\"https:\/\/sinoextrud.com\/what-is-4040-aluminium-extrud\/\" target=\"_blank\">4040 aluminium extrusion<\/a><\/li>\r\r\n<li><a href=\"https:\/\/sinoextrud.com\/what-is-4040-aluminium-extrud\/\" target=\"_blank\">aluminum extrusions for industrial racks<\/a><\/li>\r\r\n<li><a href=\"https:\/\/sinoextrud.com\/powder-coating-aluminium-process\/\" target=\"_blank\">powder coating aluminium<\/a><\/li>\r\r\n<li><a href=\"https:\/\/sinoextrud.com\/what-is-an-aluminium-strip-ceiling\/\" target=\"_blank\">aluminium strip ceiling<\/a><\/li>\r\r\n<li><a href=\"https:\/\/sinoextrud.com\/what-is-a-heat-sink\/\" target=\"_blank\">what is a heat sink<\/a><\/li>\r\r\n<\/ul>","product_chanpin_chanpin":"<li><a href=\"https:\/\/sinoextrud.com\/product\/extrusion-aluminum-pipe-anodized-sandblasted-black\/\" target=\"_blank\">Extrusion Aluminum Pipe Anodized Sandblasted Black<\/a><\/li>\r\n<li><a href=\"https:\/\/sinoextrud.com\/product\/extruded-aluminum-triangle-electrical-instrument-shell-housing\/\" target=\"_blank\">Extruded Aluminum Triangle Electrical Instrument Shell Housing<\/a><\/li>\r\n<li><a href=\"https:\/\/sinoextrud.com\/product\/l-shape-aluminum-angle-profile\/\" target=\"_blank\">L Shape Aluminum Angle Profile<\/a><\/li>\r\n<li><a href=\"https:\/\/sinoextrud.com\/product\/stock-aluminum-extrusion-profiles\/\" target=\"_blank\">Stock Aluminum Extrusion Profiles<\/a><\/li>\r\n<li><a href=\"https:\/\/sinoextrud.com\/product\/the-hinges-of-aluminium-clean-room\/\" target=\"_blank\">The Hinges Of Aluminium Clean Room<\/a><\/li>\r\n<li><a href=\"https:\/\/sinoextrud.com\/product\/special-aluminium-profiles-heat-sink-aluminum\/\" target=\"_blank\">Special Aluminium Profiles Heat Sink Aluminum<\/a><\/li>\r\n<li><a href=\"https:\/\/sinoextrud.com\/product\/t-slot-aluminium-profile\/\" target=\"_blank\">T Slot Aluminium Profile<\/a><\/li>\r\n<li><a href=\"https:\/\/sinoextrud.com\/product\/aluminum-boat-extrusions-6082\/\" target=\"_blank\">Aluminum Boat Extrusions 6082<\/a><\/li>\r\n<li><a href=\"https:\/\/sinoextrud.com\/product\/aluminum-car-pedal-anodized-silver\/\" target=\"_blank\">Aluminum Car Pedal Anodized Silver<\/a><\/li>\r\n<li><a href=\"https:\/\/sinoextrud.com\/product\/aluminum-extruded-enclosure-for-power-supply\/\" target=\"_blank\">Aluminum Extruded Enclosure For Power Supply<\/a><\/li>\r\n<li><a href=\"https:\/\/sinoextrud.com\/product\/extruded-aluminum-stock\/\" target=\"_blank\">Extruded Aluminum Stock<\/a><\/li>"},"feature_list":[]},"_links":{"self":[{"href":"https:\/\/sinoextrud.com\/de\/wp-json\/wp\/v2\/product\/8383","targetHints":{"allow":["GET"]}}],"collection":[{"href":"https:\/\/sinoextrud.com\/de\/wp-json\/wp\/v2\/product"}],"about":[{"href":"https:\/\/sinoextrud.com\/de\/wp-json\/wp\/v2\/types\/product"}],"wp:featuredmedia":[{"embeddable":true,"href":"https:\/\/sinoextrud.com\/de\/wp-json\/wp\/v2\/media\/8382"}],"wp:attachment":[{"href":"https:\/\/sinoextrud.com\/de\/wp-json\/wp\/v2\/media?parent=8383"}],"wp:term":[{"taxonomy":"category","embeddable":true,"href":"https:\/\/sinoextrud.com\/de\/wp-json\/wp\/v2\/categories?post=8383"}],"curies":[{"name":"wp","href":"https:\/\/api.w.org\/{rel}","templated":true}]}}