{"id":8375,"date":"2025-06-16T01:33:01","date_gmt":"2025-06-16T01:33:01","guid":{"rendered":"https:\/\/sinoextrud.com\/product\/extruded-aluminum-triangle-electrical-instrument-shell-housing\/"},"modified":"2025-06-24T06:23:39","modified_gmt":"2025-06-24T06:23:39","slug":"stranggepresstes-aluminium-dreieckgehause-fur-elektrische-gerate","status":"publish","type":"product","link":"https:\/\/sinoextrud.com\/de\/product\/extruded-aluminum-triangle-electrical-instrument-shell-housing\/","title":{"rendered":"Stranggepresstes Aluminium-Dreieck Geh\u00e4use f\u00fcr elektrische Instrumente"},"content":{"rendered":"<h2>Produkte Details<\/h2>\n<table class=\"custom-table\">\n<tbody>\n<tr>\n<td> Name des Produkts<\/td>\n<td> Stranggepresstes Aluminium-Dreieck-Geh\u00e4use f\u00fcr elektrische Instrumente<\/td>\n<\/tr>\n<tr>\n<td> Aluminiumlegierung<\/td>\n<td> 6063-T5, oder kundenspezifische Anpassung<\/td>\n<\/tr>\n<tr>\n<td> Behandlung der Oberfl\u00e4che<\/td>\n<td> walzblank, geb\u00fcrstet oder kundenspezifisch<\/td>\n<\/tr>\n<tr>\n<td> Farbe<\/td>\n<td> werkseitig fertiggestellt, oder kundenspezifische Anpassung<\/td>\n<\/tr>\n<tr>\n<td> Gr\u00f6\u00dfe<\/td>\n<td> 1-9m, oder individuelle Anpassung<\/td>\n<\/tr>\n<tr>\n<td> Anmeldung<\/td>\n<td> Dreieckige Schale aus stranggepresstem Aluminium, Geh\u00e4use f\u00fcr elektrisches Instrument, Pulverbank, Ladestapel<\/td>\n<\/tr>\n<tr>\n<td> Marke<\/td>\n<td> Sinoextrud \/ Sinoextrud \/ Sinoextrud Aluminium<\/td>\n<\/tr>\n<tr>\n<td> Herkunft<\/td>\n<td> Foshan, China<\/td>\n<\/tr>\n<\/tbody>\n<\/table>\n<h2>Unsere Produktionsbasis<\/h2>\n<h3>Fabrik-Panorama<\/h3>\n<p><img decoding=\"async\" src=\"\/wp-content\/uploads\/factory-01.webp\"\/><\/p>\n<h3>Werkstatt zur Herstellung von Aluminiumstangen<\/h3>\n<p><img decoding=\"async\" src=\"\/wp-content\/uploads\/factory-02.webp\"\/><\/p>\n<p><img decoding=\"async\" src=\"\/wp-content\/uploads\/factory-03.webp\"\/><\/p>\n<h3>Lagerhaus f\u00fcr Formen<\/h3>\n<p><img decoding=\"async\" src=\"\/wp-content\/uploads\/factory-04.webp\"\/><\/p>\n<h3>43 Aluminium-Strangpressanlagen (500\u00e2\u20ac\"5500 Tonnen)<\/h3>\n<p><img decoding=\"async\" src=\"\/wp-content\/uploads\/factory-05.webp\"\/><\/p>\n<p><img decoding=\"async\" src=\"\/wp-content\/uploads\/factory-06.webp\"\/><\/p>\n<p><img decoding=\"async\" src=\"\/wp-content\/uploads\/factory-07.webp\"\/><\/p>\n<h3>Werkstatt f\u00fcr Pulverbeschichtung<\/h3>\n<p><img decoding=\"async\" src=\"\/wp-content\/uploads\/factory-09.webp\"\/><\/p>\n<h3>Eloxal-Werkstatt<\/h3>\n<p><img decoding=\"async\" src=\"\/wp-content\/uploads\/factory-10.webp\"\/><\/p>\n<h3>Workshop zur Tiefenverarbeitung<\/h3>\n<p><img decoding=\"async\" src=\"\/wp-content\/uploads\/factory-11.webp\"\/><\/p>\n<h3>CNC-Pr\u00e4zisionsbearbeitungswerkstatt<\/h3>\n<p><img decoding=\"async\" src=\"\/wp-content\/uploads\/factory-11.5.webp\"\/><\/p>\n<h3>Lager f\u00fcr Fertigprodukte und Export<\/h3>\n<p><img decoding=\"async\" src=\"\/wp-content\/uploads\/factory-12.webp\"\/><\/p>\n<p><img decoding=\"async\" src=\"\/wp-content\/uploads\/factory-13.webp\"\/><\/p>\n<p><img decoding=\"async\" src=\"\/wp-content\/uploads\/factory-14.webp\"\/><\/p>\n<h2>FAQ<\/h2>\n<p><p><b>1. was macht stranggepresstes Aluminium Dreieck elektrische Instrument Shell Geh\u00e4use ideal f\u00fcr elektrische Instrumente? <\/b><\/p>\n<p> Es bietet ausgezeichneten Schutz, Korrosionsbest\u00e4ndigkeit und eine effektive W\u00e4rmeableitung und gew\u00e4hrleistet so die Sicherheit und Langlebigkeit elektrischer Komponenten.<br \/>\n<\/p><br \/>\n<br \/>\n<p><b>2. kann stranggepresstes Aluminium Dreieck elektrische Instrument Shell Geh\u00e4use angepasst werden? <\/b><\/p>\n<p> Ja, diese Geh\u00e4use k\u00f6nnen in Bezug auf Gr\u00f6\u00dfe, Form und Design an die spezifischen Anforderungen von Elektroger\u00e4ten angepasst werden.<br \/>\n<\/p><br \/>\n<br \/>\n<p><b>3. wie haltbar ist stranggepresstes Aluminium Dreieck elektrische Instrument Shell Geh\u00e4use? <\/b><\/p>\n<p> Das korrosionsbest\u00e4ndige Aluminium sorgt daf\u00fcr, dass das Geh\u00e4use langlebig ist und auch rauen Umgebungsbedingungen standhalten kann.<br \/>\n<\/p><br \/>\n<br \/>\n<p><b>4. welche Branchen profitieren von stranggepresstem Aluminium Dreieck Elektrische Instrument Shell Geh\u00e4use? <\/b><\/p>\n<p> Es wird h\u00e4ufig in Branchen wie Elektronik, Telekommunikation und Messtechnik zur Unterbringung empfindlicher elektrischer Komponenten verwendet.<br \/>\n<\/p><br \/>\n<br \/>\n<p><b>5. ist stranggepresstes Aluminium Dreieck elektrische Instrument Shell Geh\u00e4use einfach zu installieren? <\/b><\/p>\n<p> Ja, es ist so konzipiert, dass es sich leicht zusammenbauen und ver\u00e4ndern l\u00e4sst, wodurch es kosteng\u00fcnstig und schnell in verschiedenen Projekten eingesetzt werden kann.<br \/>\n<\/p><br \/>\n<br \/>\n<p><b>6. wie verbessert das Geh\u00e4use eines stranggepressten Aluminium-Dreiecks f\u00fcr elektrische Instrumente die Leistung von elektrischen Instrumenten? <\/b><\/p>\n<p> Das Geh\u00e4use tr\u00e4gt dazu bei, die W\u00e4rme effektiv zu steuern, die Integrit\u00e4t der Komponenten zu erhalten und empfindliche Teile vor Umweltsch\u00e4den zu sch\u00fctzen.<br \/>\n<\/p><br \/>\n<br \/>\n<p><b>7. ist stranggepresstes Aluminium-Dreieck Geh\u00e4use f\u00fcr elektrische Instrumente umweltfreundlich? <\/b><\/p>\n<p> Ja, Aluminium ist vollst\u00e4ndig recycelbar und macht das Geh\u00e4use zu einer umweltfreundlichen Wahl f\u00fcr verschiedene Anwendungen.<br \/>\n<\/p><br \/><\/p>","protected":false},"featured_media":8374,"template":"","categories":[54],"class_list":["post-8375","product","type-product","status-publish","has-post-thumbnail","hentry","category-industrial-aluminum-profiles"],"meta_box":{"hilight_text_group":{"product_hilight_text":"<li>Durable extruded aluminum triangle electrical instrument shell housing for enhanced protection<\/li>\r\r\n<li>Corrosion-resistant, ensuring long-lasting reliability in various environments<\/li>\r\r\n<li>Lightweight yet sturdy, offering strong protection without adding excess weight<\/li>\r\r\n<li>Customizable sizes and designs to meet specific requirements for electrical instruments<\/li>\r\r\n<li>Efficient heat dissipation, helping to maintain optimal operating temperatures<\/li>\r\r\n<li>Easy to assemble and modify, reducing production and setup time<\/li>\r\r\n<li>Eco-friendly, as aluminum is a fully recyclable material<\/li>","product_chanpin_blog":"<ul>\r\r\n<li><a href=\"https:\/\/sinoextrud.com\/t-slot-v-slot-differences\/\" target=\"_blank\">t slot vs v slot<\/a><\/li>\r\r\n<li><a href=\"https:\/\/sinoextrud.com\/what-is-4040-aluminium-extrud\/\" target=\"_blank\">4040 aluminium extrusion<\/a><\/li>\r\r\n<li><a href=\"https:\/\/sinoextrud.com\/what-is-4040-aluminium-extrud\/\" target=\"_blank\">aluminum extrusions for industrial racks<\/a><\/li>\r\r\n<li><a href=\"https:\/\/sinoextrud.com\/powder-coating-aluminium-process\/\" target=\"_blank\">powder coating aluminium<\/a><\/li>\r\r\n<li><a href=\"https:\/\/sinoextrud.com\/what-is-an-aluminium-strip-ceiling\/\" target=\"_blank\">aluminium strip ceiling<\/a><\/li>\r\r\n<li><a href=\"https:\/\/sinoextrud.com\/what-is-a-heat-sink\/\" target=\"_blank\">what is a heat sink<\/a><\/li>\r\r\n<\/ul>","product_chanpin_chanpin":"<li><a href=\"https:\/\/sinoextrud.com\/product\/aluminum-t-track-extrusion\/\" target=\"_blank\">Aluminum T Track Extrusion<\/a><\/li>\r\n<li><a href=\"https:\/\/sinoextrud.com\/product\/cutting-aluminum-extrusion\/\" target=\"_blank\">Cutting Aluminum Extrusion<\/a><\/li>\r\n<li><a href=\"https:\/\/sinoextrud.com\/product\/extruded-aluminum-rail-system\/\" target=\"_blank\">Extruded Aluminum Rail System<\/a><\/li>\r\n<li><a href=\"https:\/\/sinoextrud.com\/product\/extrusion-aluminum-pipe-anodized-sandblasted-black\/\" target=\"_blank\">Extrusion Aluminum Pipe Anodized Sandblasted Black<\/a><\/li>\r\n<li><a href=\"https:\/\/sinoextrud.com\/product\/extruded-aluminum-triangle-electrical-instrument-shell-housing\/\" target=\"_blank\">Extruded Aluminum Triangle Electrical Instrument Shell Housing<\/a><\/li>\r\n<li><a href=\"https:\/\/sinoextrud.com\/product\/l-shape-aluminum-angle-profile\/\" target=\"_blank\">L Shape Aluminum Angle Profile<\/a><\/li>\r\n<li><a href=\"https:\/\/sinoextrud.com\/product\/stock-aluminum-extrusion-profiles\/\" target=\"_blank\">Stock Aluminum Extrusion Profiles<\/a><\/li>\r\n<li><a href=\"https:\/\/sinoextrud.com\/product\/the-hinges-of-aluminium-clean-room\/\" target=\"_blank\">The Hinges Of Aluminium Clean Room<\/a><\/li>\r\n<li><a href=\"https:\/\/sinoextrud.com\/product\/special-aluminium-profiles-heat-sink-aluminum\/\" target=\"_blank\">Special Aluminium Profiles Heat Sink Aluminum<\/a><\/li>\r\n<li><a href=\"https:\/\/sinoextrud.com\/product\/6061-6063-6082-street-lamp-column-aluminum-profile\/\" target=\"_blank\">6061 6063 6082 Street Lamp Column Aluminum Profile<\/a><\/li>\r\n<li><a href=\"https:\/\/sinoextrud.com\/product\/t-section-aluminium-extrusion\/\" target=\"_blank\">T Section Aluminium Extrusion<\/a><\/li>"},"feature_list":[]},"_links":{"self":[{"href":"https:\/\/sinoextrud.com\/de\/wp-json\/wp\/v2\/product\/8375","targetHints":{"allow":["GET"]}}],"collection":[{"href":"https:\/\/sinoextrud.com\/de\/wp-json\/wp\/v2\/product"}],"about":[{"href":"https:\/\/sinoextrud.com\/de\/wp-json\/wp\/v2\/types\/product"}],"wp:featuredmedia":[{"embeddable":true,"href":"https:\/\/sinoextrud.com\/de\/wp-json\/wp\/v2\/media\/8374"}],"wp:attachment":[{"href":"https:\/\/sinoextrud.com\/de\/wp-json\/wp\/v2\/media?parent=8375"}],"wp:term":[{"taxonomy":"category","embeddable":true,"href":"https:\/\/sinoextrud.com\/de\/wp-json\/wp\/v2\/categories?post=8375"}],"curies":[{"name":"wp","href":"https:\/\/api.w.org\/{rel}","templated":true}]}}