{"id":8328,"date":"2025-06-15T06:28:00","date_gmt":"2025-06-15T06:28:00","guid":{"rendered":"https:\/\/sinoextrud.com\/product\/cnc-aluminum-bar-profile-for-instrument\/"},"modified":"2025-06-24T06:23:36","modified_gmt":"2025-06-24T06:23:36","slug":"cnc-aluminium-stangenprofil-fur-instrumente","status":"publish","type":"product","link":"https:\/\/sinoextrud.com\/de\/product\/cnc-aluminum-bar-profile-for-instrument\/","title":{"rendered":"CNC-Aluminium-Profil f\u00fcr Instrumente"},"content":{"rendered":"<h2>Produkte Details<\/h2>\n<table class=\"custom-table\">\n<tbody>\n<tr>\n<td> Produktname<\/td>\n<td> CNC-Aluminium-Profil f\u00fcr Instrumente<\/td>\n<\/tr>\n<tr>\n<td> Aluminium-Legierung<\/td>\n<td> Serie 1000, Serie 200, Serie 3000, Serie 5000, Serie 6000, Serie 7000<\/td>\n<\/tr>\n<tr>\n<td> Temperament<\/td>\n<td> T3-T8<\/td>\n<\/tr>\n<tr>\n<td> Form<\/td>\n<td> Personalisierung<\/td>\n<\/tr>\n<tr>\n<td> Farbe<\/td>\n<td> Personalisierung<\/td>\n<\/tr>\n<tr>\n<td> Oberfl\u00e4chenbehandlung<\/td>\n<td> walzblank, eloxiert, Holzmaserung, Pulverbeschichtung, Sandstrahlen, Elektrophorese, geb\u00fcrstet, poliert, etc.<\/td>\n<\/tr>\n<tr>\n<td> CNC-Tiefenbearbeitung<\/td>\n<td> Schneiden, Bohren, Zerspanen, Stanzen, Biegen, Gewindeschneiden und so weiter<\/td>\n<\/tr>\n<tr>\n<td> Zertifizierungen<\/td>\n<td> CE, ISO, SGS, TUV, ROHS<\/td>\n<\/tr>\n<tr>\n<td> Proben<\/td>\n<td> kostenlose Probe. 1-3 Tage an Sie geliefert.<\/td>\n<\/tr>\n<tr>\n<td> MOQ<\/td>\n<td> 200KG f\u00fcr jedes Profil<\/td>\n<\/tr>\n<tr>\n<td> Lieferfrist<\/td>\n<td> Die Entwicklung der Form und die Anfertigung des Musters dauern 12-15 Tage, die Produktion dauert 15-25 Tage nach Eingang der Anzahlung des K\u00e4ufers.<\/td>\n<\/tr>\n<tr>\n<td> Zahlungsbedingungen<\/td>\n<td> 30% Anzahlung vor der Produktion, und der Restbetrag vor dem Versand.<\/td>\n<\/tr>\n<tr>\n<td> Hafen<\/td>\n<td> Foshan, Shenzhen, Guangzhou, etc.<\/td>\n<\/tr>\n<\/tbody>\n<\/table>\n<h2>Unsere Produktionsbasis<\/h2>\n<h3>Fabrik-Panorama<\/h3>\n<p><img decoding=\"async\" src=\"\/wp-content\/uploads\/factory-01.webp\"\/><\/p>\n<h3>Werkstatt zur Herstellung von Aluminiumstangen<\/h3>\n<p><img decoding=\"async\" src=\"\/wp-content\/uploads\/factory-02.webp\"\/><\/p>\n<\/p>\n<p><img decoding=\"async\" src=\"\/wp-content\/uploads\/factory-03.webp\"\/><\/p>\n<h3>Lagerhaus f\u00fcr Formen<\/h3>\n<p><img decoding=\"async\" src=\"\/wp-content\/uploads\/factory-04.webp\"\/><\/p>\n<h3>43 Aluminium-Strangpressanlagen (500\u00e2\u20ac\"5500 Tonnen)<\/h3>\n<p><img decoding=\"async\" src=\"\/wp-content\/uploads\/factory-05.webp\"\/><\/p>\n<p><img decoding=\"async\" src=\"\/wp-content\/uploads\/factory-06.webp\"\/><\/p>\n<p><img decoding=\"async\" src=\"\/wp-content\/uploads\/factory-07.webp\"\/><\/p>\n<h3>Werkstatt f\u00fcr Pulverbeschichtung<\/h3>\n<p><img decoding=\"async\" src=\"\/wp-content\/uploads\/factory-09.webp\"\/><\/p>\n<h3>Eloxal-Werkstatt<\/h3>\n<p><img decoding=\"async\" src=\"\/wp-content\/uploads\/factory-10.webp\"\/><\/p>\n<h3>Workshop zur Tiefenverarbeitung<\/h3>\n<p><img decoding=\"async\" src=\"\/wp-content\/uploads\/factory-11.webp\"\/><\/p>\n<h3>CNC-Pr\u00e4zisionsbearbeitungswerkstatt<\/h3>\n<p><img decoding=\"async\" src=\"\/wp-content\/uploads\/factory-11.5.webp\"\/><\/p>\n<h3>Lager f\u00fcr Fertigprodukte und Export<\/h3>\n<p><img decoding=\"async\" src=\"\/wp-content\/uploads\/factory-12.webp\"\/><\/p>\n<p><img decoding=\"async\" src=\"\/wp-content\/uploads\/factory-13.webp\"\/><\/p>\n<p><img decoding=\"async\" src=\"\/wp-content\/uploads\/factory-14.webp\"\/><\/p>\n<h2>FAQ<\/h2>\n<p><b>1. was ist ein CNC-Aluminium-Profil f\u00fcr Instrumente? <\/b><\/p>\n<p> Ein CNC-Aluminium-Stangenprofil ist ein pr\u00e4zisionsbearbeitetes Aluminiumbauteil, das in Instrumentengeh\u00e4usen und Strukturteilen f\u00fcr Genauigkeit und Haltbarkeit verwendet wird.\n<\/p>\n<p><\/p>\n<p><b>2 Warum sollten Sie sich f\u00fcr CNC-Aluminium-Stangenprofile f\u00fcr Instrumentenanwendungen entscheiden? <\/b><\/p>\n<p> CNC-Aluminiumprofile bieten enge Toleranzen, glatte Oberfl\u00e4chen und hohe Festigkeit, ideal f\u00fcr die Montage von Pr\u00e4zisionsinstrumenten.\n<\/p>\n<p><\/p>\n<p><b>3. k\u00f6nnen CNC-Aluminium-Profile angepasst werden? <\/b><\/p>\n<p> Ja, wir bieten kundenspezifische Profile mit bestimmten L\u00e4ngen, Breiten und Bearbeitungsmerkmalen an, um spezielle Anforderungen an die Konstruktion von Instrumenten zu erf\u00fcllen.\n<\/p>\n<p><\/p>\n<p><b>4. welche Art von Aluminium wird in CNC-Stangenprofilen f\u00fcr Instrumente verwendet? <\/b><\/p>\n<p> Wir verwenden in der Regel hochwertige Legierungen wie 6061 oder 6063 aufgrund ihrer Bearbeitbarkeit, Festigkeit und Korrosionsbest\u00e4ndigkeit.\n<\/p>\n<p><\/p>\n<p><b>5) Sind CNC-Aluminiumprofile korrosionsbest\u00e4ndig? <\/b><\/p>\n<p> Das Aluminiummaterial und die optionale Eloxierung bieten einen hervorragenden Schutz gegen Korrosion und Oxidation.\n<\/p>\n<p><\/p>\n<p><b>6. was sind g\u00e4ngige Anwendungen f\u00fcr CNC-Aluminium-Stangenprofile? <\/b><\/p>\n<p> Diese Profile werden in medizinischen Ger\u00e4ten, Messinstrumenten, Schalttafeln, Audioger\u00e4ten und Elektronikgeh\u00e4usen verwendet.\n<\/p>\n<p><\/p>\n<p><b>7. welche Vorteile bietet die CNC-Bearbeitung von Aluminium-Instrumentenprofilen? <\/b><\/p>\n<p> Die CNC-Bearbeitung liefert pr\u00e4zise Abmessungen, wiederholbare Qualit\u00e4t und komplexe Geometrien, die f\u00fcr kritische Instrumentenkomponenten unerl\u00e4sslich sind.\n<\/p>\n<p><\/p>","protected":false},"featured_media":8327,"template":"","categories":[54],"class_list":["post-8328","product","type-product","status-publish","has-post-thumbnail","hentry","category-industrial-aluminum-profiles"],"meta_box":{"hilight_text_group":{"product_hilight_text":"<li>Precision CNC-machined for high dimensional accuracy and consistency.<\/li>\r\r\n<li>High-quality aluminum bar provides excellent strength-to-weight ratio.<\/li>\r\r\n<li>Ideal for instrument housings, brackets, and structural components.<\/li>\r\r\n<li>Corrosion-resistant surface ensures long-term durability and performance.<\/li>\r\r\n<li>Customizable shapes and sizes for a wide range of instrumentation applications.<\/li>\r\r\n<li>Excellent machinability supports complex designs and tight tolerances.<\/li>\r\r\n<li>Lightweight material reduces overall assembly weight and improves efficiency.<\/li>","product_chanpin_blog":"<ul>\r\r\n<li><a href=\"https:\/\/sinoextrud.com\/t-slot-v-slot-differences\/\" target=\"_blank\">t slot vs v slot<\/a><\/li>\r\r\n<li><a href=\"https:\/\/sinoextrud.com\/what-is-4040-aluminium-extrud\/\" target=\"_blank\">4040 aluminium extrusion<\/a><\/li>\r\r\n<li><a href=\"https:\/\/sinoextrud.com\/what-is-4040-aluminium-extrud\/\" target=\"_blank\">aluminum extrusions for industrial racks<\/a><\/li>\r\r\n<li><a href=\"https:\/\/sinoextrud.com\/powder-coating-aluminium-process\/\" target=\"_blank\">powder coating aluminium<\/a><\/li>\r\r\n<li><a href=\"https:\/\/sinoextrud.com\/what-is-an-aluminium-strip-ceiling\/\" target=\"_blank\">aluminium strip ceiling<\/a><\/li>\r\r\n<li><a href=\"https:\/\/sinoextrud.com\/what-is-a-heat-sink\/\" target=\"_blank\">what is a heat sink<\/a><\/li>\r\r\n<\/ul>","product_chanpin_chanpin":"<li><a href=\"https:\/\/sinoextrud.com\/product\/aluminum-pipe-handrail\/\" target=\"_blank\">Aluminum Pipe Handrail<\/a><\/li>\r\n<li><a href=\"https:\/\/sinoextrud.com\/product\/aluminum-profile-clean-room-for-workshop-and-hospital\/\" target=\"_blank\">Aluminum Profile Clean Room for Workshop and Hospital<\/a><\/li>\r\n<li><a href=\"https:\/\/sinoextrud.com\/product\/aluminum-profile-t-slot-for-machine-frame\/\" target=\"_blank\">Aluminum Profile T-Slot For Machine Frame<\/a><\/li>\r\n<li><a href=\"https:\/\/sinoextrud.com\/product\/aluminum-trailer-floor-extrusions\/\" target=\"_blank\">Aluminum Trailer Floor Extrusions<\/a><\/li>\r\n<li><a href=\"https:\/\/sinoextrud.com\/product\/cnc-aluminum-bar-profile-for-instrument\/\" target=\"_blank\">CNC Aluminum Bar Profile For Instrument<\/a><\/li>\r\n<li><a href=\"https:\/\/sinoextrud.com\/product\/extruded-aluminum-profile-aluminum-t-slot\/\" target=\"_blank\">Extruded Aluminum Profile Aluminum T Slot<\/a><\/li>\r\n<li><a href=\"https:\/\/sinoextrud.com\/product\/extruded-manufacturer-aluminum-profile-heatsink\/\" target=\"_blank\">Extruded Manufacturer Aluminum Profile Heatsink<\/a><\/li>\r\n<li><a href=\"https:\/\/sinoextrud.com\/product\/customized-structural-aluminum-profiles\/\" target=\"_blank\">Customized Structural Aluminum Profiles<\/a><\/li>\r\n<li><a href=\"https:\/\/sinoextrud.com\/product\/aluminum-t-track-extrusion\/\" target=\"_blank\">Aluminum T Track Extrusion<\/a><\/li>\r\n<li><a href=\"https:\/\/sinoextrud.com\/product\/extruded-aluminum-sliding-channel\/\" target=\"_blank\">Extruded Aluminum Sliding Channel<\/a><\/li>\r\n<li><a href=\"https:\/\/sinoextrud.com\/product\/t-slot-framing-systems\/\" target=\"_blank\">T Slot Framing Systems<\/a><\/li>"},"feature_list":[]},"_links":{"self":[{"href":"https:\/\/sinoextrud.com\/de\/wp-json\/wp\/v2\/product\/8328","targetHints":{"allow":["GET"]}}],"collection":[{"href":"https:\/\/sinoextrud.com\/de\/wp-json\/wp\/v2\/product"}],"about":[{"href":"https:\/\/sinoextrud.com\/de\/wp-json\/wp\/v2\/types\/product"}],"wp:featuredmedia":[{"embeddable":true,"href":"https:\/\/sinoextrud.com\/de\/wp-json\/wp\/v2\/media\/8327"}],"wp:attachment":[{"href":"https:\/\/sinoextrud.com\/de\/wp-json\/wp\/v2\/media?parent=8328"}],"wp:term":[{"taxonomy":"category","embeddable":true,"href":"https:\/\/sinoextrud.com\/de\/wp-json\/wp\/v2\/categories?post=8328"}],"curies":[{"name":"wp","href":"https:\/\/api.w.org\/{rel}","templated":true}]}}