{"id":8326,"date":"2025-06-15T06:26:32","date_gmt":"2025-06-15T06:26:32","guid":{"rendered":"https:\/\/sinoextrud.com\/product\/aluminum-trailer-floor-extrusions\/"},"modified":"2025-06-24T06:23:35","modified_gmt":"2025-06-24T06:23:35","slug":"bodenprofile-aus-aluminium-fur-anhanger","status":"publish","type":"product","link":"https:\/\/sinoextrud.com\/de\/product\/aluminum-trailer-floor-extrusions\/","title":{"rendered":"Aluminium-Bodenprofile f\u00fcr Anh\u00e4nger"},"content":{"rendered":"<h2>Produkte Details<\/h2>\n<table class=\"custom-table\">\n<tbody>\n<tr>\n<td> Produktname<\/td>\n<td> Aluminium-Bodenprofile f\u00fcr Anh\u00e4nger<\/td>\n<\/tr>\n<tr>\n<td> Material<\/td>\n<td> 6063, 6061, 6005, 6005A, 6082 usw.<\/td>\n<\/tr>\n<tr>\n<td> Form&amp;Gr\u00f6\u00dfe<\/td>\n<td> Folgen Sie der Zeichnung des Kunden<\/td>\n<\/tr>\n<tr>\n<td> Dicke<\/td>\n<td> 0,7mm-10mm<\/td>\n<\/tr>\n<tr>\n<td> L\u00e4nge<\/td>\n<td> Standardl\u00e4nge 1-9 m, andere kundenspezifische L\u00e4ngen verf\u00fcgbar.<\/td>\n<\/tr>\n<tr>\n<td> Typische Anwendungen<\/td>\n<td> Anh\u00e4nger etc.<\/td>\n<\/tr>\n<tr>\n<td> CNC-Verfahren<\/td>\n<td> CNC-Fr\u00e4sen, Bohren, Stanzen, Bohren, Gewindeschneiden, Biegen<\/td>\n<\/tr>\n<tr>\n<td> MOQ<\/td>\n<td> 300-1000Kg je nach Oberfl\u00e4chenbehandlung<\/td>\n<\/tr>\n<tr>\n<td> Oberfl\u00e4che Fertig<\/td>\n<td> Gefr\u00e4st, Holzmaserung, eloxiert, Pulverbeschichtung, Elektrophorese, PVDF-Beschichtung, geb\u00fcrstet usw.<\/td>\n<\/tr>\n<tr>\n<td> Bescheinigungen<\/td>\n<td> ISO9001, ISO4001, CQM, SGS, CE, BV usw.<\/td>\n<\/tr>\n<\/tbody>\n<\/table>\n<h2>Unsere Produktionsbasis<\/h2>\n<h3>Fabrik-Panorama<\/h3>\n<p><img decoding=\"async\" src=\"\/wp-content\/uploads\/factory-01.webp\"\/><\/p>\n<h3>Werkstatt zur Herstellung von Aluminiumstangen<\/h3>\n<p><img decoding=\"async\" src=\"\/wp-content\/uploads\/factory-02.webp\"\/><\/p>\n<p><img decoding=\"async\" src=\"\/wp-content\/uploads\/factory-03.webp\"\/><\/p>\n<h3>Lagerhaus f\u00fcr Formen<\/h3>\n<p><img decoding=\"async\" src=\"\/wp-content\/uploads\/factory-04.webp\"\/><\/p>\n<h3>43 Aluminium-Strangpressanlagen (500\u00e2\u20ac\"5500 Tonnen)<\/h3>\n<p><img decoding=\"async\" src=\"\/wp-content\/uploads\/factory-05.webp\"\/><\/p>\n<p><img decoding=\"async\" src=\"\/wp-content\/uploads\/factory-06.webp\"\/><\/p>\n<p><img decoding=\"async\" src=\"\/wp-content\/uploads\/factory-07.webp\"\/><\/p>\n<h3>Werkstatt f\u00fcr Pulverbeschichtung<\/h3>\n<p><img decoding=\"async\" src=\"\/wp-content\/uploads\/factory-09.webp\"\/><\/p>\n<h3>Eloxal-Werkstatt<\/h3>\n<p><img decoding=\"async\" src=\"\/wp-content\/uploads\/factory-10.webp\"\/><\/p>\n<h3>Workshop zur Tiefenverarbeitung<\/h3>\n<p><img decoding=\"async\" src=\"\/wp-content\/uploads\/factory-11.webp\"\/><\/p>\n<h3>CNC-Pr\u00e4zisionsbearbeitungswerkstatt<\/h3>\n<p><img decoding=\"async\" src=\"\/wp-content\/uploads\/factory-11.5.webp\"\/><\/p>\n<h3>Lager f\u00fcr Fertigprodukte und Export<\/h3>\n<p><img decoding=\"async\" src=\"\/wp-content\/uploads\/factory-12.webp\"\/><\/p>\n<p><img decoding=\"async\" src=\"\/wp-content\/uploads\/factory-13.webp\"\/><\/p>\n<p><img decoding=\"async\" src=\"\/wp-content\/uploads\/factory-14.webp\"\/><\/p>\n<h2>FAQ<\/h2>\n<p><p><b>1. was macht Aluminium Trailer Floor Extrusions zur idealen L\u00f6sung f\u00fcr Schwerlastanwendungen? <\/b><\/p>\n<p> Aluminium-Anh\u00e4ngerb\u00f6den sind stabil, korrosionsbest\u00e4ndig und leicht und bieten Haltbarkeit und strukturelle Unterst\u00fctzung f\u00fcr schwierige Transportanforderungen.<br \/>\n<\/p><br \/>\n<br \/>\n<p><b>2. k\u00f6nnen Aluminium Trailer Bodenprofile angepasst werden? <\/b><\/p>\n<p> Ja, die Strangpressprofile k\u00f6nnen in Gr\u00f6\u00dfe, L\u00e4nge und Design an die spezifischen Anforderungen von Anh\u00e4ngerb\u00f6den angepasst werden.<br \/>\n<\/p><br \/>\n<br \/>\n<p><b>3. wie haltbar sind Aluminium-Anh\u00e4nger-Bodenprofile? <\/b><\/p>\n<p> Diese Profile sind aus korrosionsbest\u00e4ndigem Aluminium gefertigt und gew\u00e4hrleisten eine lange Lebensdauer, selbst bei rauen Au\u00dfenbedingungen und starker Beanspruchung.<br \/>\n<\/p><br \/>\n<br \/>\n<p><b>4. was sind die Vorteile der Verwendung von Aluminium Trailer Floor Extrusions? <\/b><\/p>\n<p> Sie sind leicht, einfach zu verlegen, korrosionsbest\u00e4ndig und bieten eine hervorragende Haltbarkeit, was sie zu einer kosteng\u00fcnstigen Wahl f\u00fcr Anh\u00e4ngerb\u00f6den macht.<br \/>\n<\/p><br \/>\n<br \/>\n<p><b>5. sind Aluminium-Bodenprofile f\u00fcr Anh\u00e4nger leicht zu installieren? <\/b><\/p>\n<p> Ja, die Profile sind so konzipiert, dass sie leicht zu installieren sind, was die Montagezeit und die Arbeitskosten reduziert.<br \/>\n<\/p><br \/>\n<br \/>\n<p><b>6. wie verbessern Aluminium-Bodenprofile die Leistung von Anh\u00e4ngern? <\/b><\/p>\n<p> Ihr geringes Gewicht und ihre robuste Bauweise gew\u00e4hrleisten eine dauerhafte strukturelle Integrit\u00e4t und sorgen f\u00fcr einen reibungslosen und sicheren Transport.<br \/>\n<\/p><br \/>\n<br \/>\n<p><b>7. ist Aluminium Trailer Floor Extrusions umweltfreundlich? <\/b><\/p>\n<p> Ja, Aluminium ist ein vollst\u00e4ndig recycelbares Material, was diese Strangpressprofile zu einer umweltfreundlichen Option f\u00fcr Anh\u00e4ngerb\u00f6den macht.<br \/>\n<\/p><br \/><\/p>","protected":false},"featured_media":8325,"template":"","categories":[54],"class_list":["post-8326","product","type-product","status-publish","has-post-thumbnail","hentry","category-industrial-aluminum-profiles"],"meta_box":{"hilight_text_group":{"product_hilight_text":"<ul>\r\r\n  <li>Durable aluminum trailer floor extrusions designed for heavy-duty applications<\/li>\r\r\n  <li>Corrosion-resistant, ensuring long-lasting performance in outdoor and harsh environments<\/li>\r\r\n  <li>Lightweight yet strong, providing structural integrity without adding unnecessary weight<\/li>\r\r\n  <li>Customizable lengths and designs to suit specific trailer floor requirements<\/li>\r\r\n  <li>Easy to install, reducing labor costs and time during assembly<\/li>\r\r\n  <li>Highly resistant to wear and tear, ensuring a smooth and safe ride for long-term use<\/li>\r\r\n  <li>Environmentally friendly, as aluminum is a fully recyclable material<\/li>\r\r\n<\/ul>","product_chanpin_blog":"<ul>\r\r\n<li><a href=\"https:\/\/sinoextrud.com\/t-slot-v-slot-differences\/\" target=\"_blank\">t slot vs v slot<\/a><\/li>\r\r\n<li><a href=\"https:\/\/sinoextrud.com\/what-is-4040-aluminium-extrud\/\" target=\"_blank\">4040 aluminium extrusion<\/a><\/li>\r\r\n<li><a href=\"https:\/\/sinoextrud.com\/what-is-4040-aluminium-extrud\/\" target=\"_blank\">aluminum extrusions for industrial racks<\/a><\/li>\r\r\n<li><a href=\"https:\/\/sinoextrud.com\/powder-coating-aluminium-process\/\" target=\"_blank\">powder coating aluminium<\/a><\/li>\r\r\n<li><a href=\"https:\/\/sinoextrud.com\/what-is-an-aluminium-strip-ceiling\/\" target=\"_blank\">aluminium strip ceiling<\/a><\/li>\r\r\n<li><a href=\"https:\/\/sinoextrud.com\/what-is-a-heat-sink\/\" target=\"_blank\">what is a heat sink<\/a><\/li>\r\r\n<\/ul>","product_chanpin_chanpin":"<li><a href=\"https:\/\/sinoextrud.com\/product\/aluminum-outdoor-enclose-heat-sinks\/\" target=\"_blank\">Aluminum outdoor enclose heat sinks<\/a><\/li>\r\n<li><a href=\"https:\/\/sinoextrud.com\/product\/aluminum-pipe-handrail\/\" target=\"_blank\">Aluminum Pipe Handrail<\/a><\/li>\r\n<li><a href=\"https:\/\/sinoextrud.com\/product\/aluminum-profile-clean-room-for-workshop-and-hospital\/\" target=\"_blank\">Aluminum Profile Clean Room for Workshop and Hospital<\/a><\/li>\r\n<li><a href=\"https:\/\/sinoextrud.com\/product\/aluminum-profile-t-slot-for-machine-frame\/\" target=\"_blank\">Aluminum Profile T-Slot For Machine Frame<\/a><\/li>\r\n<li><a href=\"https:\/\/sinoextrud.com\/product\/aluminum-trailer-floor-extrusions\/\" target=\"_blank\">Aluminum Trailer Floor Extrusions<\/a><\/li>\r\n<li><a href=\"https:\/\/sinoextrud.com\/product\/cnc-aluminum-bar-profile-for-instrument\/\" target=\"_blank\">CNC Aluminum Bar Profile For Instrument<\/a><\/li>\r\n<li><a href=\"https:\/\/sinoextrud.com\/product\/extruded-aluminum-profile-aluminum-t-slot\/\" target=\"_blank\">Extruded Aluminum Profile Aluminum T Slot<\/a><\/li>\r\n<li><a href=\"https:\/\/sinoextrud.com\/product\/extruded-manufacturer-aluminum-profile-heatsink\/\" target=\"_blank\">Extruded Manufacturer Aluminum Profile Heatsink<\/a><\/li>\r\n<li><a href=\"https:\/\/sinoextrud.com\/product\/customized-structural-aluminum-profiles\/\" target=\"_blank\">Customized Structural Aluminum Profiles<\/a><\/li>\r\n<li><a href=\"https:\/\/sinoextrud.com\/product\/aluminium-extrusion-linear-rail-china-factory\/\" target=\"_blank\">Aluminium Extrusion Linear Rail China Factory<\/a><\/li>\r\n<li><a href=\"https:\/\/sinoextrud.com\/product\/customizable-minimalist-office-aluminum-partition-profiles\/\" target=\"_blank\">Customizable Minimalist Office Aluminum Partition Profiles<\/a><\/li>"},"feature_list":[]},"_links":{"self":[{"href":"https:\/\/sinoextrud.com\/de\/wp-json\/wp\/v2\/product\/8326","targetHints":{"allow":["GET"]}}],"collection":[{"href":"https:\/\/sinoextrud.com\/de\/wp-json\/wp\/v2\/product"}],"about":[{"href":"https:\/\/sinoextrud.com\/de\/wp-json\/wp\/v2\/types\/product"}],"wp:featuredmedia":[{"embeddable":true,"href":"https:\/\/sinoextrud.com\/de\/wp-json\/wp\/v2\/media\/8325"}],"wp:attachment":[{"href":"https:\/\/sinoextrud.com\/de\/wp-json\/wp\/v2\/media?parent=8326"}],"wp:term":[{"taxonomy":"category","embeddable":true,"href":"https:\/\/sinoextrud.com\/de\/wp-json\/wp\/v2\/categories?post=8326"}],"curies":[{"name":"wp","href":"https:\/\/api.w.org\/{rel}","templated":true}]}}