{"id":8312,"date":"2025-06-15T06:14:42","date_gmt":"2025-06-15T06:14:42","guid":{"rendered":"https:\/\/sinoextrud.com\/product\/aluminum-extrusion-channel-profiles\/"},"modified":"2025-06-24T06:23:33","modified_gmt":"2025-06-24T06:23:33","slug":"aluminium-extrusionskanalprofile-2","status":"publish","type":"product","link":"https:\/\/sinoextrud.com\/de\/product\/aluminum-extrusion-channel-profiles\/","title":{"rendered":"Aluminium-Extrusionskanal-Profile"},"content":{"rendered":"<h2>Produkte Details<\/h2>\n<table class=\"custom-table\">\n<tbody>\n<tr>\n<td> Name<\/td>\n<td> Aluminium-Strangpressprofile<\/td>\n<\/tr>\n<tr>\n<td> Marke<\/td>\n<td> Sinoextrud\/<\/td>\n<\/tr>\n<tr>\n<td> Kategorie<\/td>\n<td> Strangpressen von Aluminium<\/td>\n<\/tr>\n<tr>\n<td> Material<\/td>\n<td> Aluminiumlegierung (6063, 6061, 6464, 6082), Serien 1000 und 3000 sind verf\u00fcgbar<\/td>\n<\/tr>\n<tr>\n<td> Temperament<\/td>\n<td> T5-T8<\/td>\n<\/tr>\n<tr>\n<td> L\u00e4nge<\/td>\n<td> Gem\u00e4\u00df der Zeichnung<\/td>\n<\/tr>\n<tr>\n<td> Gr\u00f6\u00dfe (mm)<\/td>\n<td> Verschiedene Gr\u00f6\u00dfen sind verf\u00fcgbar, Kundenzeichnung ist verf\u00fcgbar<\/td>\n<\/tr>\n<tr>\n<td> Form<\/td>\n<td> Kanal\/Anpassung<\/td>\n<\/tr>\n<tr>\n<td> Oberfl\u00e4chenbehandlung<\/td>\n<td> Pulverbeschichtung; Fr\u00e4sen, Eloxieren, Sandstrahlen, Elektrophorese ist ebenfalls m\u00f6glich<\/td>\n<\/tr>\n<tr>\n<td> Farbe<\/td>\n<td> Silber, Schwarz, Gold, Champange, Bronze, Rot, Blau und wir k\u00f6nnen die Farben nach Kundenwunsch anpassen.<\/td>\n<\/tr>\n<tr>\n<td> B\u00fcrgschaft<\/td>\n<td> BV, TUV, ISO<\/td>\n<\/tr>\n<tr>\n<td> Standard<\/td>\n<td> Mittlere und hohe Qualit\u00e4t<\/td>\n<\/tr>\n<tr>\n<td> MOQ<\/td>\n<td> 200KGS f\u00fcr jede Position<\/td>\n<\/tr>\n<tr>\n<td> Von<\/td>\n<td> Guangdong, China<\/td>\n<\/tr>\n<tr>\n<td> Anmeldung<\/td>\n<td> Industrie, Bauwesen, Dekoration<\/td>\n<\/tr>\n<tr>\n<td> Tiefgehende Verarbeitung<\/td>\n<td> Schneiden, Bohren, Bearbeiten, Stanzen, Biegen, Gewindeschneiden usw.<\/td>\n<\/tr>\n<tr>\n<td> Paket<\/td>\n<td> Innen mit Schutzfolie, Schrumpfschlauch oder PE-Schaum. Au\u00dfen mit Kiste, Karton oder Holzrahmen oder kundenspezifisch.<\/td>\n<\/tr>\n<tr>\n<td> Lieferfrist<\/td>\n<td> Die Entwicklung der Form und die Herstellung des Musters dauern 12-18 Tage, die Produktion dauert dann 25-30 Tage nach Eingang der Anzahlung des K\u00e4ufers.<\/td>\n<\/tr>\n<tr>\n<td> Kapazit\u00e4t des Produkts<\/td>\n<td> 15.000+ T\u00f6ne \/ Monat<\/td>\n<\/tr>\n<\/tbody>\n<\/table>\n<h2>Unsere Produktionsbasis<\/h2>\n<h3>Fabrik-Panorama<\/h3>\n<p><img decoding=\"async\" src=\"\/wp-content\/uploads\/factory-01.webp\"\/><\/p>\n<h3>Werkstatt zur Herstellung von Aluminiumstangen<\/h3>\n<p><img decoding=\"async\" src=\"\/wp-content\/uploads\/factory-02.webp\"\/><\/p>\n<p><img decoding=\"async\" src=\"\/wp-content\/uploads\/factory-03.webp\"\/><\/p>\n<h3>Lagerhaus f\u00fcr Formen<\/h3>\n<p><img decoding=\"async\" src=\"\/wp-content\/uploads\/factory-04.webp\"\/><\/p>\n<h3>43 Aluminium-Strangpressanlagen (500\u00e2\u20ac\"5500 Tonnen)<\/h3>\n<p><img decoding=\"async\" src=\"\/wp-content\/uploads\/factory-05.webp\"\/><\/p>\n<p><img decoding=\"async\" src=\"\/wp-content\/uploads\/factory-06.webp\"\/><\/p>\n<p><img decoding=\"async\" src=\"\/wp-content\/uploads\/factory-07.webp\"\/><\/p>\n<h3>Werkstatt f\u00fcr Pulverbeschichtung<\/h3>\n<p><img decoding=\"async\" src=\"\/wp-content\/uploads\/factory-09.webp\"\/><\/p>\n<h3>Eloxal-Werkstatt<\/h3>\n<p><img decoding=\"async\" src=\"\/wp-content\/uploads\/factory-10.webp\"\/><\/p>\n<h3>Workshop zur Tiefenverarbeitung<\/h3>\n<p><img decoding=\"async\" src=\"\/wp-content\/uploads\/factory-11.webp\"\/><\/p>\n<h3>CNC-Pr\u00e4zisionsbearbeitungswerkstatt<\/h3>\n<p><img decoding=\"async\" src=\"\/wp-content\/uploads\/factory-11.5.webp\"\/><\/p>\n<h3>Lager f\u00fcr Fertigprodukte und Export<\/h3>\n<p><img decoding=\"async\" src=\"\/wp-content\/uploads\/factory-12.webp\"\/><\/p>\n<p><img decoding=\"async\" src=\"\/wp-content\/uploads\/factory-13.webp\"\/><\/p>\n<p><img decoding=\"async\" src=\"\/wp-content\/uploads\/factory-14.webp\"\/><\/p>\n<h2>FAQ<\/h2>\n<p><p><b>1. was macht Aluminium Extrusion Channel Profile geeignet f\u00fcr strukturelle Anwendungen? <\/b><\/p>\n<p> Strangpressprofile aus Aluminium sind stabil, leicht und korrosionsbest\u00e4ndig und bieten die erforderliche Haltbarkeit und Vielseitigkeit f\u00fcr verschiedene strukturelle Anwendungen.<br \/>\n<\/p><br \/>\n<br \/>\n<p><b>2. kann Aluminium Extrusion Channel Profile angepasst werden? <\/b><\/p>\n<p> Ja, sie k\u00f6nnen in Gr\u00f6\u00dfe, L\u00e4nge und Design an die spezifischen Anforderungen der verschiedenen Anwendungen angepasst werden.<br \/>\n<\/p><br \/>\n<br \/>\n<p><b>3. wie haltbar sind Aluminium-Strangpressprofile? <\/b><\/p>\n<p> Sie sind \u00e4u\u00dferst langlebig und verf\u00fcgen \u00fcber eine ausgezeichnete Korrosionsbest\u00e4ndigkeit, die eine dauerhafte Leistung in einer Vielzahl von Umgebungen gew\u00e4hrleistet.<br \/>\n<\/p><br \/>\n<br \/>\n<p><b>4. welche Branchen profitieren von der Verwendung von Aluminium-Strangpressprofilen? <\/b><\/p>\n<p> Diese Profile werden h\u00e4ufig in Branchen wie dem Baugewerbe, der Fertigungsindustrie, der Automobilindustrie und der Elektronikindustrie f\u00fcr Rahmen, St\u00fctzen und strukturelle Anforderungen verwendet.<br \/>\n<\/p><br \/>\n<br \/>\n<p><b>5. sind Aluminium-Strangpressprofile leicht zu verarbeiten? <\/b><\/p>\n<p> Ja, sie sind leicht herzustellen, zu bearbeiten und zu montieren, was zur Verringerung der Produktionszeit und -kosten beitr\u00e4gt.<br \/>\n<\/p><br \/>\n<br \/>\n<p><b>6. wie verbessert Aluminium Extrusion Channel Profiles die Projekteffizienz? <\/b><\/p>\n<p> Die einfachen Herstellungs- und Anpassungsoptionen erm\u00f6glichen eine schnelle Montage und ma\u00dfgeschneiderte Designs, was die Projekteffizienz verbessert und die Vorlaufzeit verk\u00fcrzt.<br \/>\n<\/p><br \/>\n<br \/>\n<p><b>7. ist Aluminium Extrusion Channel Profile umweltfreundlich? <\/b><\/p>\n<p> Ja, Aluminium ist ein vollst\u00e4ndig recycelbares Material, was diese Profile zu einer umweltfreundlichen L\u00f6sung f\u00fcr verschiedene industrielle Anwendungen macht.<br \/>\n<\/p><br \/><\/p>","protected":false},"featured_media":8311,"template":"","categories":[54],"class_list":["post-8312","product","type-product","status-publish","has-post-thumbnail","hentry","category-industrial-aluminum-profiles"],"meta_box":{"hilight_text_group":{"product_hilight_text":"<ul>\r\r\n  <li>Durable aluminum extrusion channel profiles suitable for various structural applications<\/li>\r\r\n  <li>Lightweight yet strong, offering a balance of performance and weight savings<\/li>\r\r\n  <li>Corrosion-resistant, ensuring long-lasting reliability in different environments<\/li>\r\r\n  <li>Customizable sizes and designs to meet specific project requirements<\/li>\r\r\n  <li>Excellent for use in framing, support structures, and enclosures<\/li>\r\r\n  <li>Easy to fabricate, machine, and assemble, reducing production costs and time<\/li>\r\r\n  <li>Environmentally friendly, as aluminum is fully recyclable<\/li>\r\r\n<\/ul>","product_chanpin_blog":"<ul>\r\r\n<li><a href=\"https:\/\/sinoextrud.com\/t-slot-v-slot-differences\/\" target=\"_blank\">t slot vs v slot<\/a><\/li>\r\r\n<li><a href=\"https:\/\/sinoextrud.com\/what-is-4040-aluminium-extrud\/\" target=\"_blank\">4040 aluminium extrusion<\/a><\/li>\r\r\n<li><a href=\"https:\/\/sinoextrud.com\/what-is-4040-aluminium-extrud\/\" target=\"_blank\">aluminum extrusions for industrial racks<\/a><\/li>\r\r\n<li><a href=\"https:\/\/sinoextrud.com\/powder-coating-aluminium-process\/\" target=\"_blank\">powder coating aluminium<\/a><\/li>\r\r\n<li><a href=\"https:\/\/sinoextrud.com\/what-is-an-aluminium-strip-ceiling\/\" target=\"_blank\">aluminium strip ceiling<\/a><\/li>\r\r\n<li><a href=\"https:\/\/sinoextrud.com\/what-is-a-heat-sink\/\" target=\"_blank\">what is a heat sink<\/a><\/li>\r\r\n<\/ul>","product_chanpin_chanpin":"<li><a href=\"https:\/\/sinoextrud.com\/product\/aluminium-seamless-pipe\/\" target=\"_blank\">Aluminium Seamless Pipe<\/a><\/li>\r\n<li><a href=\"https:\/\/sinoextrud.com\/product\/aluminum-alloy-section\/\" target=\"_blank\">Aluminum Alloy Section<\/a><\/li>\r\n<li><a href=\"https:\/\/sinoextrud.com\/product\/aluminum-balustrade-handrail\/\" target=\"_blank\">Aluminum Balustrade Handrail<\/a><\/li>\r\n<li><a href=\"https:\/\/sinoextrud.com\/product\/aluminum-extruded-products\/\" target=\"_blank\">Aluminum Extruded Products<\/a><\/li>\r\n<li><a href=\"https:\/\/sinoextrud.com\/product\/aluminum-extrusion-channel-profiles\/\" target=\"_blank\">Aluminum Extrusion Channel Profiles<\/a><\/li>\r\n<li><a href=\"https:\/\/sinoextrud.com\/product\/aluminum-extrusion-standards\/\" target=\"_blank\">Aluminum Extrusion Standards<\/a><\/li>\r\n<li><a href=\"https:\/\/sinoextrud.com\/product\/aluminum-heat-sink\/\" target=\"_blank\">Aluminum Heat Sink<\/a><\/li>\r\n<li><a href=\"https:\/\/sinoextrud.com\/product\/aluminum-outdoor-enclose-heat-sinks\/\" target=\"_blank\">Aluminum outdoor enclose heat sinks<\/a><\/li>\r\n<li><a href=\"https:\/\/sinoextrud.com\/product\/aluminum-pipe-handrail\/\" target=\"_blank\">Aluminum Pipe Handrail<\/a><\/li>\r\n<li><a href=\"https:\/\/sinoextrud.com\/product\/aerospace-aluminum-extrusions\/\" target=\"_blank\">Aerospace Aluminum Extrusions<\/a><\/li>\r\n<li><a href=\"https:\/\/sinoextrud.com\/product\/aluminium-extrusion-bar-outdoor-power-aluminum-case\/\" target=\"_blank\">Aluminium Extrusion Bar Outdoor Power Aluminum Case<\/a><\/li>"},"feature_list":[]},"_links":{"self":[{"href":"https:\/\/sinoextrud.com\/de\/wp-json\/wp\/v2\/product\/8312","targetHints":{"allow":["GET"]}}],"collection":[{"href":"https:\/\/sinoextrud.com\/de\/wp-json\/wp\/v2\/product"}],"about":[{"href":"https:\/\/sinoextrud.com\/de\/wp-json\/wp\/v2\/types\/product"}],"wp:featuredmedia":[{"embeddable":true,"href":"https:\/\/sinoextrud.com\/de\/wp-json\/wp\/v2\/media\/8311"}],"wp:attachment":[{"href":"https:\/\/sinoextrud.com\/de\/wp-json\/wp\/v2\/media?parent=8312"}],"wp:term":[{"taxonomy":"category","embeddable":true,"href":"https:\/\/sinoextrud.com\/de\/wp-json\/wp\/v2\/categories?post=8312"}],"curies":[{"name":"wp","href":"https:\/\/api.w.org\/{rel}","templated":true}]}}