{"id":8306,"date":"2025-06-15T06:09:55","date_gmt":"2025-06-15T06:09:55","guid":{"rendered":"https:\/\/sinoextrud.com\/product\/aluminum-alloy-section\/"},"modified":"2025-06-24T06:23:32","modified_gmt":"2025-06-24T06:23:32","slug":"aluminiumlegierungsprofil","status":"publish","type":"product","link":"https:\/\/sinoextrud.com\/de\/product\/aluminum-alloy-section\/","title":{"rendered":"Abschnitt Aluminiumlegierung"},"content":{"rendered":"<h2>Produkte Details<\/h2>\n<table class=\"custom-table\">\n<tbody>\n<tr>\n<td> Modell:<\/td>\n<td> Abschnitt Aluminiumlegierung<\/td>\n<\/tr>\n<tr>\n<td> Oberfl\u00e4chenbehandlung:<\/td>\n<td> Eloxiert, Holzmaserung, poliert, geb\u00fcrstet, etc.<\/td>\n<\/tr>\n<tr>\n<td> Legierung:<\/td>\n<td> Legierung<\/td>\n<\/tr>\n<tr>\n<td> Lieferzeiten:<\/td>\n<td> 20 Tage nach Erhalt der Einzahlung<\/td>\n<\/tr>\n<tr>\n<td> Zahlungsfrist:<\/td>\n<td> T\/T, 30% Anzahlung, w\u00e4hrend der Restbetrag gezahlt werden soll<\/td>\n<\/tr>\n<tr>\n<td> B\u00fcrgschaft:<\/td>\n<td> Die Oberfl\u00e4chenfarbe kann 10 bis 20 Jahre lang erhalten bleiben F<\/td>\n<\/tr>\n<tr>\n<td> Material:<\/td>\n<td> 6063-T5, 6061-T6, 6463-T5, 7075-T6, 6082<\/td>\n<\/tr>\n<tr>\n<td> Bescheinigung:<\/td>\n<td> Cqm, SGS, Ce, Soncap ISO, JIS, as, Nzs<\/td>\n<\/tr>\n<tr>\n<td> Warenzeichen:<\/td>\n<td> OEM<\/td>\n<\/tr>\n<tr>\n<td> Spezifikation:<\/td>\n<td> 1m-9m oder kundenspezifische Gr\u00f6\u00dfe<\/td>\n<\/tr>\n<tr>\n<td> HS-Code:<\/td>\n<td> 76042100<\/td>\n<\/tr>\n<tr>\n<td> Die Form:<\/td>\n<td> Winkel, quadratisch, rund, flach, T-Profil, kundenspezifisch<\/td>\n<\/tr>\n<tr>\n<td> Note:<\/td>\n<td> Serie 6000<\/td>\n<\/tr>\n<tr>\n<td> Temperament:<\/td>\n<td> T3 - T8<\/td>\n<\/tr>\n<tr>\n<td> Standard:<\/td>\n<td> GB\/75237-2004, Q\/320281\/Pdwd-2008<\/td>\n<\/tr>\n<tr>\n<td> Hafen:<\/td>\n<td> Shenzhen, Guangzhou, Foshan<\/td>\n<\/tr>\n<tr>\n<td> MOQ:<\/td>\n<td> 200KG f\u00fcr jeden Artikel<\/td>\n<\/tr>\n<tr>\n<td> Tiefgreifender Prozess:<\/td>\n<td> CNC, Bohren, Fr\u00e4sen, Schneiden, Schwei\u00dfen, Biegen<\/td>\n<\/tr>\n<tr>\n<td> Transport-Paket:<\/td>\n<td> Plastikfolie oder Polybeutel, wasserfestes Bastelpapier<\/td>\n<\/tr>\n<\/tbody>\n<\/table>\n<h2>Unsere Produktionsbasis<\/h2>\n<h3>Fabrik-Panorama<\/h3>\n<p><img decoding=\"async\" src=\"\/wp-content\/uploads\/factory-01.webp\"\/><\/p>\n<h3>Werkstatt zur Herstellung von Aluminiumstangen<\/h3>\n<p><img decoding=\"async\" src=\"\/wp-content\/uploads\/factory-02.webp\"\/><\/p>\n<p><img decoding=\"async\" src=\"\/wp-content\/uploads\/factory-03.webp\"\/><\/p>\n<h3>Lagerhaus f\u00fcr Formen<\/h3>\n<p><img decoding=\"async\" src=\"\/wp-content\/uploads\/factory-04.webp\"\/><\/p>\n<h3>43 Aluminium-Strangpressanlagen (500\u00e2\u20ac\"5500 Tonnen)<\/h3>\n<p><img decoding=\"async\" src=\"\/wp-content\/uploads\/factory-05.webp\"\/><\/p>\n<p><img decoding=\"async\" src=\"\/wp-content\/uploads\/factory-06.webp\"\/><\/p>\n<p><img decoding=\"async\" src=\"\/wp-content\/uploads\/factory-07.webp\"\/><\/p>\n<h3>Werkstatt f\u00fcr Pulverbeschichtung<\/h3>\n<p><img decoding=\"async\" src=\"\/wp-content\/uploads\/factory-09.webp\"\/><\/p>\n<h3>Eloxal-Werkstatt<\/h3>\n<p><img decoding=\"async\" src=\"\/wp-content\/uploads\/factory-10.webp\"\/><\/p>\n<h3>Workshop zur Tiefenverarbeitung<\/h3>\n<p><img decoding=\"async\" src=\"\/wp-content\/uploads\/factory-11.webp\"\/><\/p>\n<h3>CNC-Pr\u00e4zisionsbearbeitungswerkstatt<\/h3>\n<p><img decoding=\"async\" src=\"\/wp-content\/uploads\/factory-11.5.webp\"\/><\/p>\n<h3>Lager f\u00fcr Fertigprodukte und Export<\/h3>\n<p><img decoding=\"async\" src=\"\/wp-content\/uploads\/factory-12.webp\"\/><\/p>\n<p><img decoding=\"async\" src=\"\/wp-content\/uploads\/factory-13.webp\"\/><\/p>\n<p><img decoding=\"async\" src=\"\/wp-content\/uploads\/factory-14.webp\"\/><\/p>\n<h2>FAQ<\/h2>\n<p><p><b>1. was ist Aluminium-Legierung Abschnitt verwendet f\u00fcr?<\/b><\/p>\n<p>Aluminiumlegierungen werden in einer Vielzahl von Branchen eingesetzt, darunter im Baugewerbe, in der Automobilbranche und in der Elektronikindustrie, um strukturelle Komponenten und Systeme herzustellen, die Festigkeit, geringes Gewicht und Korrosionsbest\u00e4ndigkeit erfordern.<br \/>\n<\/p><br \/>\n<br \/>\n<p><b>2. warum gilt die Aluminiumlegierung als vielseitiges Material?<\/b><\/p>\n<p>Profile aus Aluminiumlegierungen sind vielseitig, da sie in Bezug auf Form, Gr\u00f6\u00dfe und Festigkeit leicht angepasst werden k\u00f6nnen, wodurch sie sich f\u00fcr eine Vielzahl von Anwendungen in verschiedenen Branchen eignen.<br \/>\n<\/p><br \/>\n<br \/>\n<p><b>3 Welche Vorteile hat die Verwendung von Aluminiumlegierungen gegen\u00fcber anderen Materialien?<\/b><\/p>\n<p>Aluminiumlegierungen bieten ein hohes Verh\u00e4ltnis von Festigkeit zu Gewicht, Korrosionsbest\u00e4ndigkeit und einfache Verarbeitung, was sie im Vergleich zu Materialien wie Stahl oder Kunststoff effizienter und langlebiger macht.<br \/>\n<\/p><br \/>\n<br \/>\n<p><b>4. ist Aluminiumlegierung Abschnitt korrosionsbest\u00e4ndig?<\/b><\/p>\n<p>Ja, Aluminiumlegierungen sind von Natur aus korrosionsbest\u00e4ndig und daher ideal f\u00fcr den Einsatz in Umgebungen, die Feuchtigkeit, Chemikalien oder extremen Witterungsbedingungen ausgesetzt sind.<br \/>\n<\/p><br \/>\n<br \/>\n<p><b>5. wie verbessert die Aluminiumlegierung das W\u00e4rmemanagement?<\/b><\/p>\n<p>Aluminiumlegierungen haben eine ausgezeichnete W\u00e4rmeleitf\u00e4higkeit und sind daher ideal f\u00fcr Anwendungen, die eine effiziente W\u00e4rmeableitung erfordern, wie z. B. in der Elektronik oder in W\u00e4rmetauschern.<br \/>\n<\/p><br \/>\n<br \/>\n<p><b>6. kann Aluminium-Legierung Abschnitt leicht angepasst werden?<\/b><\/p>\n<p>Ja, Profile aus Aluminiumlegierungen k\u00f6nnen auf spezifische Design- und Funktionsanforderungen zugeschnitten werden und bieten Flexibilit\u00e4t f\u00fcr verschiedene industrielle Anwendungen.<br \/>\n<\/p><br \/>\n<br \/>\n<p><b>7. wie lange h\u00e4lt das Profil aus Aluminiumlegierung?<\/b><\/p>\n<p>Das Profil aus Aluminiumlegierung ist aufgrund seiner Korrosionsbest\u00e4ndigkeit und Festigkeit f\u00fcr eine lange Lebensdauer ausgelegt und gew\u00e4hrleistet eine zuverl\u00e4ssige Leistung in anspruchsvollen Umgebungen.<br \/>\n<\/p><br \/><\/p>","protected":false},"featured_media":8305,"template":"","categories":[54],"class_list":["post-8306","product","type-product","status-publish","has-post-thumbnail","hentry","category-industrial-aluminum-profiles"],"meta_box":{"hilight_text_group":{"product_hilight_text":"<li>Aluminum Alloy Section offers high strength, excellent corrosion resistance, and lightweight properties for various structural applications.<\/li>\r\r\n<li>Customizable shapes and sizes allow for flexible design solutions tailored to specific industry needs.<\/li>\r\r\n<li>High thermal and electrical conductivity make it suitable for applications in electronics and heat management systems.<\/li>\r\r\n<li>Durable and easy to process, making it ideal for manufacturing complex structures and components.<\/li>\r\r\n<li>Recyclable material, contributing to sustainability and environmentally friendly practices in manufacturing.<\/li>","product_chanpin_blog":"<ul>\r\r\n<li><a href=\"https:\/\/sinoextrud.com\/t-slot-v-slot-differences\/\" target=\"_blank\">t slot vs v slot<\/a><\/li>\r\r\n<li><a href=\"https:\/\/sinoextrud.com\/what-is-4040-aluminium-extrud\/\" target=\"_blank\">4040 aluminium extrusion<\/a><\/li>\r\r\n<li><a href=\"https:\/\/sinoextrud.com\/what-is-4040-aluminium-extrud\/\" target=\"_blank\">aluminum extrusions for industrial racks<\/a><\/li>\r\r\n<li><a href=\"https:\/\/sinoextrud.com\/powder-coating-aluminium-process\/\" target=\"_blank\">powder coating aluminium<\/a><\/li>\r\r\n<li><a href=\"https:\/\/sinoextrud.com\/what-is-an-aluminium-strip-ceiling\/\" target=\"_blank\">aluminium strip ceiling<\/a><\/li>\r\r\n<li><a href=\"https:\/\/sinoextrud.com\/what-is-a-heat-sink\/\" target=\"_blank\">what is a heat sink<\/a><\/li>\r\r\n<\/ul>","product_chanpin_chanpin":"<li><a href=\"https:\/\/sinoextrud.com\/product\/aluminium-profile-for-clean-room\/\" target=\"_blank\">Aluminium Profile For Clean Room<\/a><\/li>\r\n<li><a href=\"https:\/\/sinoextrud.com\/product\/aluminium-profile-workbench\/\" target=\"_blank\">Aluminium Profile Workbench<\/a><\/li>\r\n<li><a href=\"https:\/\/sinoextrud.com\/product\/aluminium-roof-rack-extrusions\/\" target=\"_blank\">Aluminium Roof Rack Extrusions<\/a><\/li>\r\n<li><a href=\"https:\/\/sinoextrud.com\/product\/aluminium-seamless-pipe\/\" target=\"_blank\">Aluminium Seamless Pipe<\/a><\/li>\r\n<li><a href=\"https:\/\/sinoextrud.com\/product\/aluminum-alloy-section\/\" target=\"_blank\">Aluminum Alloy Section<\/a><\/li>\r\n<li><a href=\"https:\/\/sinoextrud.com\/product\/aluminum-balustrade-handrail\/\" target=\"_blank\">Aluminum Balustrade Handrail<\/a><\/li>\r\n<li><a href=\"https:\/\/sinoextrud.com\/product\/aluminum-extruded-products\/\" target=\"_blank\">Aluminum Extruded Products<\/a><\/li>\r\n<li><a href=\"https:\/\/sinoextrud.com\/product\/aluminum-extrusion-channel-profiles\/\" target=\"_blank\">Aluminum Extrusion Channel Profiles<\/a><\/li>\r\n<li><a href=\"https:\/\/sinoextrud.com\/product\/aluminum-extrusion-standards\/\" target=\"_blank\">Aluminum Extrusion Standards<\/a><\/li>\r\n<li><a href=\"https:\/\/sinoextrud.com\/product\/aluminium-6061\/\" target=\"_blank\">Aluminium 6061<\/a><\/li>\r\n<li><a href=\"https:\/\/sinoextrud.com\/product\/powder-coating-aluminium-roller-shutter-profile\/\" target=\"_blank\">Powder Coating Aluminium Roller shutter Profile<\/a><\/li>"},"feature_list":[]},"_links":{"self":[{"href":"https:\/\/sinoextrud.com\/de\/wp-json\/wp\/v2\/product\/8306","targetHints":{"allow":["GET"]}}],"collection":[{"href":"https:\/\/sinoextrud.com\/de\/wp-json\/wp\/v2\/product"}],"about":[{"href":"https:\/\/sinoextrud.com\/de\/wp-json\/wp\/v2\/types\/product"}],"wp:featuredmedia":[{"embeddable":true,"href":"https:\/\/sinoextrud.com\/de\/wp-json\/wp\/v2\/media\/8305"}],"wp:attachment":[{"href":"https:\/\/sinoextrud.com\/de\/wp-json\/wp\/v2\/media?parent=8306"}],"wp:term":[{"taxonomy":"category","embeddable":true,"href":"https:\/\/sinoextrud.com\/de\/wp-json\/wp\/v2\/categories?post=8306"}],"curies":[{"name":"wp","href":"https:\/\/api.w.org\/{rel}","templated":true}]}}