{"id":8304,"date":"2025-06-15T06:06:50","date_gmt":"2025-06-15T06:06:50","guid":{"rendered":"https:\/\/sinoextrud.com\/product\/aluminium-seamless-pipe\/"},"modified":"2025-06-24T06:23:32","modified_gmt":"2025-06-24T06:23:32","slug":"nahtloses-aluminiumrohr","status":"publish","type":"product","link":"https:\/\/sinoextrud.com\/de\/product\/aluminium-seamless-pipe\/","title":{"rendered":"Aluminium Nahtlose Rohre"},"content":{"rendered":"<h2>Produkte Details<\/h2>\n<table class=\"custom-table\">\n<tr>\n<td class=\"label\">Artikel<\/td>\n<td>Aluminium Nahtlose Rohre<\/td>\n<\/tr>\n<tr>\n<td class=\"label\">Material<\/td>\n<td>Aluminium der Serie 6000 (6063, 6061, 6463, 6082)<\/td>\n<\/tr>\n<tr>\n<td class=\"label\">Temperament<\/td>\n<td>T4, T5, T6<\/td>\n<\/tr>\n<tr>\n<td class=\"label\">Gr\u00f6\u00dfe\/St\u00e4rke<\/td>\n<td>Allgemeine Profildicke von 0,8 bis 5,0 mm oder kundenspezifisch, L\u00e4nge von 1 m bis 9 m oder kundenspezifisch verf\u00fcgbar;<br \/>\nEloxalschutzschichtdicke von 8~20 um, Pulverbeschichtung von 40 ~ 120 um.<\/td>\n<\/tr>\n<tr>\n<td class=\"label\">Form<\/td>\n<td>quadratisch, rund, rechteckig, dreieckig, etc. oder individuell<\/td>\n<\/tr>\n<tr>\n<td class=\"label\">Anmeldung<\/td>\n<td>F\u00fcr M\u00f6bel, Fenster und T\u00fcren, Dekoration, Industrie, Bauwesen usw.<\/td>\n<\/tr>\n<tr>\n<td class=\"label\">Oberfl\u00e4chenbehandlung<\/td>\n<td>Pulverbeschichtung, PVDF, Eloxal, Holzmaserung, Elektrophorese, geb\u00fcrstet, poliert, usw.<\/td>\n<\/tr>\n<tr>\n<td class=\"label\">Farben<\/td>\n<td>Ref Pulverbeschichtung Farbe Blatt und kundenspezifische Farbe verf\u00fcgbar<\/td>\n<\/tr>\n<tr>\n<td class=\"label\">Tiefgreifender Prozess<\/td>\n<td>CNC, Bohren, Fr\u00e4sen, Schneiden, Schwei\u00dfen, Biegen, Montieren<\/td>\n<\/tr>\n<tr>\n<td class=\"label\">MOQ<\/td>\n<td>200KGs f\u00fcr jeden Artikel<\/td>\n<\/tr>\n<tr>\n<td class=\"label\">Details zur Verpackung<\/td>\n<td>(1) Innen: verpackt mit Plastikschutzfolie oder Plastikschutzbeutel<\/td>\n<\/tr>\n<tr>\n<td class=\"label\"><\/td>\n<td>(2) Au\u00dferhalb: Wrap zu sein B\u00fcndel von wasserdichten Handwerk Papier<\/td>\n<\/tr>\n<tr>\n<td class=\"label\">Lieferfrist<\/td>\n<td>(1) Entwicklung von Werkzeugen und Musterpr\u00fcfung: 10-15 Tage<\/td>\n<\/tr>\n<tr>\n<td class=\"label\"><\/td>\n<td>(2) Massenproduktion abgeschlossen: 20-30 Tage nach der Probe wird vom K\u00e4ufer best\u00e4tigt<\/td>\n<\/tr>\n<tr>\n<td class=\"label\">FOB Hafen<\/td>\n<td>Guangzhou, Foshan, Shenzhen<\/td>\n<\/tr>\n<tr>\n<td class=\"label\">Zahlungsbedingungen<\/td>\n<td>T\/T, L\/C<\/td>\n<\/tr>\n<tr>\n<td class=\"label\">Abrechnungszeitraum<\/td>\n<td>Abrechnung nach dem tats\u00e4chlichen Endgewicht oder nach dem theoretischen Ziehgewicht<\/td>\n<\/tr>\n<tr>\n<td class=\"label\">Verarbeitung<\/td>\n<td>Anfrage - Muster oder CAD-Zeichnung (vom Kunden geliefert) - CAD-Zeichnung (unser Unternehmen) - Zeichnungsbest\u00e4tigung - Formherstellung - Musteranpassung - Massenproduktion - Inspektion - Lieferung.<\/td>\n<\/tr>\n<tr>\n<td class=\"label\">Zertifizierung verf\u00fcgbar:<\/td>\n<td>ISO:9001, SONCAP, BV-Zertifikat oder Zertifikat des Kunden verf\u00fcgbar<\/td>\n<\/tr>\n<\/table>\n<h2>Unsere Produktionsbasis<\/h2>\n<h3>Fabrik-Panorama<\/h3>\n<p><img decoding=\"async\" src=\"\/wp-content\/uploads\/factory-01.webp\"\/><\/p>\n<h3>Werkstatt zur Herstellung von Aluminiumstangen<\/h3>\n<p><img decoding=\"async\" src=\"\/wp-content\/uploads\/factory-02.webp\"\/><\/p>\n<p><img decoding=\"async\" src=\"\/wp-content\/uploads\/factory-03.webp\"\/><\/p>\n<h3>Lagerhaus f\u00fcr Formen<\/h3>\n<p><img decoding=\"async\" src=\"\/wp-content\/uploads\/factory-04.webp\"\/><\/p>\n<h3>43 Aluminium-Strangpressanlagen (500-5500 Tonnen)<\/h3>\n<p><img decoding=\"async\" src=\"\/wp-content\/uploads\/factory-05.webp\"\/><\/p>\n<p><img decoding=\"async\" src=\"\/wp-content\/uploads\/factory-06.webp\"\/><\/p>\n<p><img decoding=\"async\" src=\"\/wp-content\/uploads\/factory-07.webp\"\/><\/p>\n<h3>Werkstatt f\u00fcr Pulverbeschichtung<\/h3>\n<p><img decoding=\"async\" src=\"\/wp-content\/uploads\/factory-09.webp\"\/><\/p>\n<h3>Eloxal-Werkstatt<\/h3>\n<p><img decoding=\"async\" src=\"\/wp-content\/uploads\/factory-10.webp\"\/><\/p>\n<h3>Workshop zur Tiefenverarbeitung<\/h3>\n<p><img decoding=\"async\" src=\"\/wp-content\/uploads\/factory-11.webp\"\/><\/p>\n<h3>CNC-Pr\u00e4zisionsbearbeitungswerkstatt<\/h3>\n<p><img decoding=\"async\" src=\"\/wp-content\/uploads\/factory-11.5.webp\"\/><\/p>\n<h3>Lager f\u00fcr Fertigprodukte und Export<\/h3>\n<p><img decoding=\"async\" src=\"\/wp-content\/uploads\/factory-12.webp\"\/><\/p>\n<p><img decoding=\"async\" src=\"\/wp-content\/uploads\/factory-13.webp\"\/><\/p>\n<p><img decoding=\"async\" src=\"\/wp-content\/uploads\/factory-14.webp\"\/><\/p>\n<h2>FAQ<\/h2>\n<p><p><b>1. was sind die Vorteile von nahtlosen Aluminiumrohren?<\/b><\/p>\n<p>Nahtlose Aluminiumrohre zeichnen sich durch hohe Festigkeit, Haltbarkeit, Korrosionsbest\u00e4ndigkeit und Vielseitigkeit aus und eignen sich daher ideal f\u00fcr eine Vielzahl von Industrie- und Fl\u00fcssigkeitstransferanwendungen.<br \/>\n<\/p><br \/>\n<br \/>\n<p><b>2. wie wirkt sich die nahtlose Konstruktion auf die Leistung des Rohrs aus?<\/b><\/p>\n<p>Die nahtlose Konstruktion gew\u00e4hrleistet eine gleichm\u00e4\u00dfige Festigkeit und verhindert Schwachstellen, was die Haltbarkeit und Zuverl\u00e4ssigkeit in Hochdruckumgebungen erh\u00f6ht.<br \/>\n<\/p><br \/>\n<br \/>\n<p><b>3. welches Material wird f\u00fcr nahtlose Aluminiumrohre verwendet?<\/b><\/p>\n<p>Sie sind aus hochwertigem Aluminium gefertigt und bieten Festigkeit, geringes Gewicht und Korrosionsbest\u00e4ndigkeit f\u00fcr eine langfristige Leistung.<br \/>\n<\/p><br \/>\n<br \/>\n<p><b>4. k\u00f6nnen nahtlose Aluminiumrohre individuell angepasst werden?<\/b><\/p>\n<p>Ja, es gibt sie in anpassbaren Gr\u00f6\u00dfen und L\u00e4ngen, um den spezifischen Anforderungen verschiedener Anwendungen gerecht zu werden, und sie bieten Flexibilit\u00e4t in Design und Verwendung.<br \/>\n<\/p><br \/>\n<br \/>\n<p><b>5. wie korrosionsbest\u00e4ndig sind nahtlose Aluminiumrohre?<\/b><\/p>\n<p>Aluminium ist von Natur aus korrosionsbest\u00e4ndig und sorgt daf\u00fcr, dass die Rohre auch in rauen Au\u00dfen- und Industrieumgebungen ihre Festigkeit und Leistungsf\u00e4higkeit behalten.<br \/>\n<\/p><br \/>\n<br \/>\n<p><b>6. welche Branchen verwenden nahtlose Aluminiumrohre?<\/b><\/p>\n<p>Sie werden in Branchen wie dem Baugewerbe, der Automobilindustrie, der Luft- und Raumfahrt und in Fl\u00fcssigkeitstransportsystemen eingesetzt, wo Festigkeit, Korrosionsbest\u00e4ndigkeit und Flexibilit\u00e4t von entscheidender Bedeutung sind.<br \/>\n<\/p><br \/>\n<br \/>\n<p><b>7. wie kosteng\u00fcnstig sind nahtlose Aluminiumrohre?<\/b><\/p>\n<p>Aufgrund ihrer Langlebigkeit, ihres geringen Gewichts und ihres geringen Wartungsbedarfs stellen sie eine kosteng\u00fcnstige L\u00f6sung dar, die die Gesamtbetriebskosten in verschiedenen Branchen senkt.<br \/>\n<\/p><br \/><\/p>","protected":false},"featured_media":8303,"template":"","categories":[54],"class_list":["post-8304","product","type-product","status-publish","has-post-thumbnail","hentry","category-industrial-aluminum-profiles"],"meta_box":{"hilight_text_group":{"product_hilight_text":"<li>High-strength, seamless construction, offering superior durability and reliability in various industrial applications.<\/li>\r\r\n<li>Lightweight yet strong aluminum material, making it easy to handle, transport, and install.<\/li>\r\r\n<li>Corrosion-resistant, ensuring long-lasting performance in both indoor and outdoor environments.<\/li>\r\r\n<li>Versatile, ideal for applications in construction, automotive, aerospace, and fluid transfer systems.<\/li>\r\r\n<li>Customizable sizes and lengths, providing flexible solutions for different project requirements.<\/li>","product_chanpin_blog":"<ul>\r\r\n<li><a href=\"https:\/\/sinoextrud.com\/t-slot-v-slot-differences\/\" target=\"_blank\">t slot vs v slot<\/a><\/li>\r\r\n<li><a href=\"https:\/\/sinoextrud.com\/what-is-4040-aluminium-extrud\/\" target=\"_blank\">4040 aluminium extrusion<\/a><\/li>\r\r\n<li><a href=\"https:\/\/sinoextrud.com\/what-is-4040-aluminium-extrud\/\" target=\"_blank\">aluminum extrusions for industrial racks<\/a><\/li>\r\r\n<li><a href=\"https:\/\/sinoextrud.com\/powder-coating-aluminium-process\/\" target=\"_blank\">powder coating aluminium<\/a><\/li>\r\r\n<li><a href=\"https:\/\/sinoextrud.com\/what-is-an-aluminium-strip-ceiling\/\" target=\"_blank\">aluminium strip ceiling<\/a><\/li>\r\r\n<li><a href=\"https:\/\/sinoextrud.com\/what-is-a-heat-sink\/\" target=\"_blank\">what is a heat sink<\/a><\/li>\r\r\n<\/ul>","product_chanpin_chanpin":"<li><a href=\"https:\/\/sinoextrud.com\/product\/aluminium-profile-case\/\" target=\"_blank\">Aluminium Profile Case<\/a><\/li>\r\n<li><a href=\"https:\/\/sinoextrud.com\/product\/aluminium-profile-for-clean-room\/\" target=\"_blank\">Aluminium Profile For Clean Room<\/a><\/li>\r\n<li><a href=\"https:\/\/sinoextrud.com\/product\/aluminium-profile-workbench\/\" target=\"_blank\">Aluminium Profile Workbench<\/a><\/li>\r\n<li><a href=\"https:\/\/sinoextrud.com\/product\/aluminium-roof-rack-extrusions\/\" target=\"_blank\">Aluminium Roof Rack Extrusions<\/a><\/li>\r\n<li><a href=\"https:\/\/sinoextrud.com\/product\/aluminium-seamless-pipe\/\" target=\"_blank\">Aluminium Seamless Pipe<\/a><\/li>\r\n<li><a href=\"https:\/\/sinoextrud.com\/product\/aluminum-alloy-section\/\" target=\"_blank\">Aluminum Alloy Section<\/a><\/li>\r\n<li><a href=\"https:\/\/sinoextrud.com\/product\/aluminum-balustrade-handrail\/\" target=\"_blank\">Aluminum Balustrade Handrail<\/a><\/li>\r\n<li><a href=\"https:\/\/sinoextrud.com\/product\/aluminum-extruded-products\/\" target=\"_blank\">Aluminum Extruded Products<\/a><\/li>\r\n<li><a href=\"https:\/\/sinoextrud.com\/product\/aluminum-extrusion-channel-profiles\/\" target=\"_blank\">Aluminum Extrusion Channel Profiles<\/a><\/li>\r\n<li><a href=\"https:\/\/sinoextrud.com\/product\/aluminum-profiles-partition\/\" target=\"_blank\">Aluminum Profiles Partition<\/a><\/li>\r\n<li><a href=\"https:\/\/sinoextrud.com\/product\/aluminum-extruded-profile-f-channel\/\" target=\"_blank\">Aluminum Extruded Profile F Channel<\/a><\/li>"},"feature_list":[]},"_links":{"self":[{"href":"https:\/\/sinoextrud.com\/de\/wp-json\/wp\/v2\/product\/8304","targetHints":{"allow":["GET"]}}],"collection":[{"href":"https:\/\/sinoextrud.com\/de\/wp-json\/wp\/v2\/product"}],"about":[{"href":"https:\/\/sinoextrud.com\/de\/wp-json\/wp\/v2\/types\/product"}],"wp:featuredmedia":[{"embeddable":true,"href":"https:\/\/sinoextrud.com\/de\/wp-json\/wp\/v2\/media\/8303"}],"wp:attachment":[{"href":"https:\/\/sinoextrud.com\/de\/wp-json\/wp\/v2\/media?parent=8304"}],"wp:term":[{"taxonomy":"category","embeddable":true,"href":"https:\/\/sinoextrud.com\/de\/wp-json\/wp\/v2\/categories?post=8304"}],"curies":[{"name":"wp","href":"https:\/\/api.w.org\/{rel}","templated":true}]}}