{"id":8283,"date":"2025-06-14T06:49:44","date_gmt":"2025-06-14T06:49:44","guid":{"rendered":"https:\/\/sinoextrud.com\/product\/aluminium-extrusion-moulding\/"},"modified":"2025-06-24T06:23:30","modified_gmt":"2025-06-24T06:23:30","slug":"strangpressen-von-aluminium","status":"publish","type":"product","link":"https:\/\/sinoextrud.com\/de\/product\/aluminium-extrusion-moulding\/","title":{"rendered":"Strangpressen von Aluminium"},"content":{"rendered":"<h2>Produkte Details<\/h2>\n<table class=\"custom-table\">\n<tbody>\n<tr>\n<td> Modell NO.<\/td>\n<td> Serie 6000<\/td>\n<td> Oberfl\u00e4chenveredelung<\/td>\n<td> Oberfl\u00e4chenveredelung<\/td>\n<\/tr>\n<tr>\n<td> Legierungsbestandteil<\/td>\n<td> 6063-T5, 6061-T6, 6463-T5, 7075-T6, 6082<\/td>\n<td> Zertifizierung<\/td>\n<td> CE, SONCAP, ISO, CIQ, RoHS, TUV<\/td>\n<\/tr>\n<tr>\n<td> Poliertes Aluminiumprofil<\/td>\n<td> Mechanisches Polieren<\/td>\n<td> Lieferfrist<\/td>\n<td> 20 Tage nach Erhalt der Einzahlung<\/td>\n<\/tr>\n<tr>\n<td> Standard<\/td>\n<td> GB\/75237-2004, Q\/320281\/Pdwd-2008<\/td>\n<td> Zahlungsfrist<\/td>\n<td> T\/T, 30% Anzahlung, w\u00e4hrend der Restbetrag gezahlt werden soll<\/td>\n<\/tr>\n<tr>\n<td> Hafen<\/td>\n<td> Shenzhen, Guangzhou, Foshan<\/td>\n<td> B\u00fcrgschaft<\/td>\n<td> Die Oberfl\u00e4chenfarbe kann 10 bis 20 Jahre lang erhalten bleiben F<\/td>\n<\/tr>\n<tr>\n<td> Farben<\/td>\n<td> Eloxiert, Holzmaserung, Pulverbeschichtung<\/td>\n<td> Artikel<\/td>\n<td> Aluminium-Profil-Strangpressprofile<\/td>\n<\/tr>\n<tr>\n<td> MOQ<\/td>\n<td> 200KG f\u00fcr jeden Artikel<\/td>\n<td> Tiefgreifender Prozess<\/td>\n<td> CNC, Bohren, Fr\u00e4sen, Schneiden, Schwei\u00dfen, Biegen<\/td>\n<\/tr>\n<tr>\n<td> Markenzeichen<\/td>\n<td> OEM<\/td>\n<td> Transport-Paket<\/td>\n<td> Plastikfolie oder Polybeutel, wasserfestes Bastelpapier<\/td>\n<\/tr>\n<tr>\n<td> Spezifikation<\/td>\n<td> 1-9m oder kundenspezifische Gr\u00f6\u00dfe<\/td>\n<td> Herkunft<\/td>\n<td> Foshan, China<\/td>\n<\/tr>\n<tr>\n<td> 1-9m oder kundenspezifische Gr\u00f6\u00dfe<\/td>\n<td> 76042100<\/td>\n<td> Oberfl\u00e4chenbehandlung<\/td>\n<td> Pulverbeschichtung, Elektrophorese, Holzmaserung, Eloxieren, B\u00fcrsten, Polieren<\/td>\n<\/tr>\n<\/tbody>\n<\/table>\n<h2>Unsere Produktionsbasis<\/h2>\n<h3>Fabrik-Panorama<\/h3>\n<p><img decoding=\"async\" src=\"\/wp-content\/uploads\/factory-01.webp\"\/><\/p>\n<h3>Werkstatt zur Herstellung von Aluminiumstangen<\/h3>\n<p><img decoding=\"async\" src=\"\/wp-content\/uploads\/factory-02.webp\"\/><\/p>\n<p><img decoding=\"async\" src=\"\/wp-content\/uploads\/factory-03.webp\"\/><\/p>\n<h3>Lagerhaus f\u00fcr Formen<\/h3>\n<p><img decoding=\"async\" src=\"\/wp-content\/uploads\/factory-04.webp\"\/><\/p>\n<h3>43 Aluminium-Strangpressanlagen (500\u00e2\u20ac\"5500 Tonnen)<\/h3>\n<p><img decoding=\"async\" src=\"\/wp-content\/uploads\/factory-05.webp\"\/><\/p>\n<p><img decoding=\"async\" src=\"\/wp-content\/uploads\/factory-06.webp\"\/><\/p>\n<p><img decoding=\"async\" src=\"\/wp-content\/uploads\/factory-07.webp\"\/><\/p>\n<h3>Werkstatt f\u00fcr Pulverbeschichtung<\/h3>\n<p><img decoding=\"async\" src=\"\/wp-content\/uploads\/factory-09.webp\"\/><\/p>\n<h3>Eloxal-Werkstatt<\/h3>\n<p><img decoding=\"async\" src=\"\/wp-content\/uploads\/factory-10.webp\"\/><\/p>\n<h3>Workshop zur Tiefenverarbeitung<\/h3>\n<p><img decoding=\"async\" src=\"\/wp-content\/uploads\/factory-11.webp\"\/><\/p>\n<h3>CNC-Pr\u00e4zisionsbearbeitungswerkstatt<\/h3>\n<p><img decoding=\"async\" src=\"\/wp-content\/uploads\/factory-11.5.webp\"\/><\/p>\n<h3>Lager f\u00fcr Fertigprodukte und Export<\/h3>\n<p><img decoding=\"async\" src=\"\/wp-content\/uploads\/factory-12.webp\"\/><\/p>\n<p><img decoding=\"async\" src=\"\/wp-content\/uploads\/factory-13.webp\"\/><\/p>\n<p><img decoding=\"async\" src=\"\/wp-content\/uploads\/factory-14.webp\"\/><\/p>\n<h2>FAQ<\/h2>\n<p><p><b>1. was macht das Aluminium-Strangpressen ideal f\u00fcr ma\u00dfgeschneiderte Profile und Teile? <\/b><\/p>\n<p> Das Strangpressen von Aluminium bietet hohe Pr\u00e4zision und Flexibilit\u00e4t und erm\u00f6glicht die Herstellung von kundenspezifischen Formen und Profilen, um spezifische Designanforderungen zu erf\u00fcllen.<br \/>\n<\/p><br \/>\n<br \/>\n<p><b>2. k\u00f6nnen Aluminium-Strangpressprofile individuell angepasst werden? <\/b><\/p>\n<p> Ja, Aluminium-Strangpressprofile k\u00f6nnen in Bezug auf Gr\u00f6\u00dfe, Form und Oberfl\u00e4che individuell angepasst werden, um die einzigartigen Anforderungen verschiedener industrieller Anwendungen zu erf\u00fcllen.<br \/>\n<\/p><br \/>\n<br \/>\n<p><b>3. wie haltbar ist Aluminium-Strangpressen? <\/b><\/p>\n<p> Das Aluminium-Strangpressen ist aufgrund seiner korrosionsbest\u00e4ndigen Eigenschaften \u00e4u\u00dferst langlebig und gew\u00e4hrleistet eine lange Lebensdauer in unterschiedlichen Umgebungen.<br \/>\n<\/p><br \/>\n<br \/>\n<p><b>4. welche Branchen profitieren vom Aluminium-Strangpressen? <\/b><\/p>\n<p> Branchen wie die Automobilindustrie, das Baugewerbe, die Elektronik und die verarbeitende Industrie profitieren vom Aluminium-Strangpressen f\u00fcr die Herstellung kundenspezifischer Teile und Profile.<br \/>\n<\/p><br \/>\n<br \/>\n<p><b>5. ist Aluminium-Strangpressen kosteneffizient? <\/b><\/p>\n<p> Ja, es ist ein kosteneffizientes Verfahren, insbesondere f\u00fcr die Gro\u00dfserienproduktion, das gleichbleibende Qualit\u00e4t bietet und die Herstellungskosten senkt.<br \/>\n<\/p><br \/>\n<br \/>\n<p><b>6. wie verbessert das Aluminium-Strangpressen die Designflexibilit\u00e4t? <\/b><\/p>\n<p> Das Extrusionsverfahren erm\u00f6glicht die Herstellung komplexer Formen und Profile und bietet Flexibilit\u00e4t im Design bei gleichzeitiger Wahrung der strukturellen Integrit\u00e4t.<br \/>\n<\/p><br \/>\n<br \/>\n<p><b>7. ist das Strangpressen von Aluminium umweltfreundlich? <\/b><\/p>\n<p> Ja, Aluminium ist vollst\u00e4ndig recycelbar und damit eine umweltfreundliche Option f\u00fcr die Herstellung kundenspezifischer Teile und Profile f\u00fcr verschiedene Anwendungen.<br \/>\n<\/p><br \/><\/p>","protected":false},"featured_media":8282,"template":"","categories":[54],"class_list":["post-8283","product","type-product","status-publish","has-post-thumbnail","hentry","category-industrial-aluminum-profiles"],"meta_box":{"hilight_text_group":{"product_hilight_text":"<li>High-precision aluminium extrusion moulding for custom-designed profiles and parts<\/li>\r\r\n<li>Corrosion-resistant, ensuring long-lasting performance in various industrial environments<\/li>\r\r\n<li>Cost-effective production process for high-volume manufacturing with consistent quality<\/li>\r\r\n<li>Customizable designs, sizes, and finishes to meet specific project requirements<\/li>\r\r\n<li>Lightweight yet durable, offering strength without adding excessive weight<\/li>\r\r\n<li>Efficient for creating complex shapes and profiles, ideal for a wide range of applications<\/li>\r\r\n<li>Environmentally friendly, made from recyclable aluminum material<\/li>","product_chanpin_blog":"<ul>\r\r\n<li><a href=\"https:\/\/sinoextrud.com\/t-slot-v-slot-differences\/\" target=\"_blank\">t slot vs v slot<\/a><\/li>\r\r\n<li><a href=\"https:\/\/sinoextrud.com\/what-is-4040-aluminium-extrud\/\" target=\"_blank\">4040 aluminium extrusion<\/a><\/li>\r\r\n<li><a href=\"https:\/\/sinoextrud.com\/what-is-4040-aluminium-extrud\/\" target=\"_blank\">aluminum extrusions for industrial racks<\/a><\/li>\r\r\n<li><a href=\"https:\/\/sinoextrud.com\/powder-coating-aluminium-process\/\" target=\"_blank\">powder coating aluminium<\/a><\/li>\r\r\n<li><a href=\"https:\/\/sinoextrud.com\/what-is-an-aluminium-strip-ceiling\/\" target=\"_blank\">aluminium strip ceiling<\/a><\/li>\r\r\n<li><a href=\"https:\/\/sinoextrud.com\/what-is-a-heat-sink\/\" target=\"_blank\">what is a heat sink<\/a><\/li>\r\r\n<\/ul>","product_chanpin_chanpin":"<li><a href=\"https:\/\/sinoextrud.com\/product\/6061-aluminum-price-per-pound-best-quality-anodized-t-slot-aluminum-profile-extrusion-framing-track\/\" target=\"_blank\">6061 aluminum price per pound best quality anodized t-slot aluminum profile extrusion framing track<\/a><\/li>\r\n<li><a href=\"https:\/\/sinoextrud.com\/product\/6061-t5-l-shape-aluminum-profile-bar-customized-40x40-extruded-aluminum-angle-profile\/\" target=\"_blank\">6061-t5 L Shape Aluminum Profile Bar Customized 40\u00c3\u201440 Extruded Aluminum Angle Profile<\/a><\/li>\r\n<li><a href=\"https:\/\/sinoextrud.com\/product\/aerospace-aluminum-extrusions\/\" target=\"_blank\">Aerospace Aluminum Extrusions<\/a><\/li>\r\n<li><a href=\"https:\/\/sinoextrud.com\/product\/aluminium-extrusion-case\/\" target=\"_blank\">Aluminium Extrusion Case<\/a><\/li>\r\n<li><a href=\"https:\/\/sinoextrud.com\/product\/aluminium-extrusion-moulding\/\" target=\"_blank\">Aluminium Extrusion Moulding<\/a><\/li>\r\n<li><a href=\"https:\/\/sinoextrud.com\/product\/aluminium-profile-case\/\" target=\"_blank\">Aluminium Profile Case<\/a><\/li>\r\n<li><a href=\"https:\/\/sinoextrud.com\/product\/aluminium-profile-for-clean-room\/\" target=\"_blank\">Aluminium Profile For Clean Room<\/a><\/li>\r\n<li><a href=\"https:\/\/sinoextrud.com\/product\/aluminium-profile-workbench\/\" target=\"_blank\">Aluminium Profile Workbench<\/a><\/li>\r\n<li><a href=\"https:\/\/sinoextrud.com\/product\/aluminium-roof-rack-extrusions\/\" target=\"_blank\">Aluminium Roof Rack Extrusions<\/a><\/li>\r\n<li><a href=\"https:\/\/sinoextrud.com\/product\/aluminium-profile-material\/\" target=\"_blank\">Aluminium Profile Material<\/a><\/li>\r\n<li><a href=\"https:\/\/sinoextrud.com\/product\/extruded-aluminum-profile-aluminum-t-slot\/\" target=\"_blank\">Extruded Aluminum Profile Aluminum T Slot<\/a><\/li>"},"feature_list":[]},"_links":{"self":[{"href":"https:\/\/sinoextrud.com\/de\/wp-json\/wp\/v2\/product\/8283","targetHints":{"allow":["GET"]}}],"collection":[{"href":"https:\/\/sinoextrud.com\/de\/wp-json\/wp\/v2\/product"}],"about":[{"href":"https:\/\/sinoextrud.com\/de\/wp-json\/wp\/v2\/types\/product"}],"wp:featuredmedia":[{"embeddable":true,"href":"https:\/\/sinoextrud.com\/de\/wp-json\/wp\/v2\/media\/8282"}],"wp:attachment":[{"href":"https:\/\/sinoextrud.com\/de\/wp-json\/wp\/v2\/media?parent=8283"}],"wp:term":[{"taxonomy":"category","embeddable":true,"href":"https:\/\/sinoextrud.com\/de\/wp-json\/wp\/v2\/categories?post=8283"}],"curies":[{"name":"wp","href":"https:\/\/api.w.org\/{rel}","templated":true}]}}