{"id":8281,"date":"2025-06-14T06:48:33","date_gmt":"2025-06-14T06:48:33","guid":{"rendered":"https:\/\/sinoextrud.com\/product\/aluminium-extrusion-case\/"},"modified":"2025-06-24T06:23:29","modified_gmt":"2025-06-24T06:23:29","slug":"aluminium-strangpressgehause","status":"publish","type":"product","link":"https:\/\/sinoextrud.com\/de\/product\/aluminium-extrusion-case\/","title":{"rendered":"Aluminium-Strangpressgeh\u00e4use"},"content":{"rendered":"<h2>Produkte Details<\/h2>\n<table class=\"custom-table\">\n<tbody>\n<tr>\n<td> Name<\/td>\n<td> Geh\u00e4use aus stranggepresstem Aluminium<\/td>\n<\/tr>\n<tr>\n<td> Marke<\/td>\n<td> Sinoextrud\/<\/td>\n<\/tr>\n<tr>\n<td> Kategorie<\/td>\n<td> Aluminium-Strangpressen \/ CNC-Bearbeitung<\/td>\n<\/tr>\n<tr>\n<td> Material<\/td>\n<td> Aluminiumlegierung (6063, 6061, 6464, 6082), Serien 1000 und 3000 sind verf\u00fcgbar<\/td>\n<\/tr>\n<tr>\n<td> Temperament<\/td>\n<td> T5-T8<\/td>\n<\/tr>\n<tr>\n<td> L\u00e4nge<\/td>\n<td> Gem\u00e4\u00df der Zeichnung<\/td>\n<\/tr>\n<tr>\n<td> Gr\u00f6\u00dfe (mm)<\/td>\n<td> Kann nach Ihren W\u00fcnschen zugeschnitten werden.<\/td>\n<\/tr>\n<tr>\n<td> Form<\/td>\n<td> Personalisierung<\/td>\n<\/tr>\n<tr>\n<td> Oberfl\u00e4chenbehandlung<\/td>\n<td> Pulverbeschichtung; Fr\u00e4sen, Eloxieren, Sandstrahlen, Elektrophorese ist ebenfalls m\u00f6glich<\/td>\n<\/tr>\n<tr>\n<td> Farbe<\/td>\n<td> Silber, Schwarz, Gold, Champange, Bronze, Rot, Blau und wir k\u00f6nnen die Farben nach Kundenwunsch anpassen.<\/td>\n<\/tr>\n<tr>\n<td> B\u00fcrgschaft<\/td>\n<td> BV, TUV, ISO<\/td>\n<\/tr>\n<tr>\n<td> Standard<\/td>\n<td> Mittlere und hohe Qualit\u00e4t<\/td>\n<\/tr>\n<tr>\n<td> MOQ<\/td>\n<td> 200KGS f\u00fcr jede Position<\/td>\n<\/tr>\n<tr>\n<td> Von<\/td>\n<td> Guangdong, China<\/td>\n<\/tr>\n<tr>\n<td> Anmeldung<\/td>\n<td> Industrie, Elektrik, Mechanische Ausr\u00fcstung, verschiedene Aluminium-Geh\u00e4use<\/td>\n<\/tr>\n<tr>\n<td> Tiefgehende Verarbeitung<\/td>\n<td> Schneiden, Bohren, Bearbeiten, Stanzen, Biegen, Gewindeschneiden usw.<\/td>\n<\/tr>\n<tr>\n<td> Paket<\/td>\n<td> Innen mit Schutzfolie, Schrumpfschlauch oder PE-Schaum. Au\u00dfen mit Kiste, Karton oder Holzrahmen oder kundenspezifisch.<\/td>\n<\/tr>\n<tr>\n<td> Lieferfrist<\/td>\n<td> Die Entwicklung der Form und die Anfertigung des Musters dauert 12-18 Tage, die Produktion dauert 25-30 Tage nach Eingang der Anzahlung des K\u00e4ufers.<\/td>\n<\/tr>\n<tr>\n<td> Kapazit\u00e4t des Produkts<\/td>\n<td> 15.000+ T\u00f6ne \/ Monat<\/td>\n<\/tr>\n<\/tbody>\n<\/table>\n<h2>Unsere Produktionsbasis<\/h2>\n<h3>Fabrik-Panorama<\/h3>\n<p><img decoding=\"async\" src=\"\/wp-content\/uploads\/factory-01.webp\"\/><\/p>\n<h3>Werkstatt zur Herstellung von Aluminiumstangen<\/h3>\n<p><img decoding=\"async\" src=\"\/wp-content\/uploads\/factory-02.webp\"\/><\/p>\n<p><img decoding=\"async\" src=\"\/wp-content\/uploads\/factory-03.webp\"\/><\/p>\n<h3>Lagerhaus f\u00fcr Formen<\/h3>\n<p><img decoding=\"async\" src=\"\/wp-content\/uploads\/factory-04.webp\"\/><\/p>\n<h3>43 Aluminium-Strangpressanlagen (500\u00e2\u20ac\"5500 Tonnen)<\/h3>\n<p><img decoding=\"async\" src=\"\/wp-content\/uploads\/factory-05.webp\"\/><\/p>\n<p><img decoding=\"async\" src=\"\/wp-content\/uploads\/factory-06.webp\"\/><\/p>\n<p><img decoding=\"async\" src=\"\/wp-content\/uploads\/factory-07.webp\"\/><\/p>\n<h3>Werkstatt f\u00fcr Pulverbeschichtung<\/h3>\n<p><img decoding=\"async\" src=\"\/wp-content\/uploads\/factory-09.webp\"\/><\/p>\n<h3>Eloxal-Werkstatt<\/h3>\n<p><img decoding=\"async\" src=\"\/wp-content\/uploads\/factory-10.webp\"\/><\/p>\n<h3>Workshop zur Tiefenverarbeitung<\/h3>\n<p><img decoding=\"async\" src=\"\/wp-content\/uploads\/factory-11.webp\"\/><\/p>\n<h3>CNC-Pr\u00e4zisionsbearbeitungswerkstatt<\/h3>\n<p><img decoding=\"async\" src=\"\/wp-content\/uploads\/factory-11.5.webp\"\/><\/p>\n<h3>Lager f\u00fcr Fertigprodukte und Export<\/h3>\n<p><img decoding=\"async\" src=\"\/wp-content\/uploads\/factory-12.webp\"\/><\/p>\n<p><img decoding=\"async\" src=\"\/wp-content\/uploads\/factory-13.webp\"\/><\/p>\n<p><img decoding=\"async\" src=\"\/wp-content\/uploads\/factory-14.webp\"\/><\/p>\n<h2>FAQ<\/h2>\n<p><p><b>1. was macht Aluminium Extrusion Case geeignet f\u00fcr elektronische Komponenten Schutz? <\/b><\/p>\n<p> Strangpressgeh\u00e4use aus Aluminium sind stabil, korrosionsbest\u00e4ndig und bieten einen ausgezeichneten Schutz f\u00fcr empfindliche elektronische Bauteile, wodurch sie sich ideal f\u00fcr die Unterbringung von Elektronik eignen.<br \/>\n<\/p><br \/>\n<br \/>\n<p><b>2. kann Aluminium Extrusion Fall angepasst werden? <\/b><\/p>\n<p> Ja, diese Geh\u00e4use k\u00f6nnen in Gr\u00f6\u00dfe, Form und Design an spezifische Anforderungen f\u00fcr verschiedene elektronische Anwendungen angepasst werden.<br \/>\n<\/p><br \/>\n<br \/>\n<p><b>3. wie haltbar sind Aluminium-Strangpressgeh\u00e4use? <\/b><\/p>\n<p> Es ist aufgrund seiner korrosionsbest\u00e4ndigen Eigenschaften \u00e4u\u00dferst langlebig und gew\u00e4hrleistet einen lang anhaltenden Schutz f\u00fcr Komponenten in rauen Umgebungen.<br \/>\n<\/p><br \/>\n<br \/>\n<p><b>4. welche Branchen profitieren von Aluminium Extrusion Case? <\/b><\/p>\n<p> Branchen wie die Elektronik-, Automobil-, Telekommunikations- und Stromversorgungsindustrie profitieren von diesen Geh\u00e4usen zum Schutz empfindlicher Ger\u00e4te.<br \/>\n<\/p><br \/>\n<br \/>\n<p><b>5. ist das Aluminium-Strangpressgeh\u00e4use einfach zu installieren? <\/b><\/p>\n<p> Ja, diese Koffer sind so konzipiert, dass sie sich leicht zusammenbauen und umbauen lassen, was die Einrichtungszeit und die Arbeitskosten reduziert.<br \/>\n<\/p><br \/>\n<br \/>\n<p><b>6. wie verbessert ein Aluminium-Strangpressgeh\u00e4use die W\u00e4rmeleistung? <\/b><\/p>\n<p> Das Design aus stranggepresstem Aluminium sorgt f\u00fcr eine effiziente W\u00e4rmeableitung und gew\u00e4hrleistet, dass die elektronischen Komponenten innerhalb ihres optimalen Betriebstemperaturbereichs bleiben.<br \/>\n<\/p><br \/>\n<br \/>\n<p><b>7. ist das Aluminium-Strangpressgeh\u00e4use umweltfreundlich? <\/b><\/p>\n<p> Ja, Aluminium ist ein vollst\u00e4ndig recycelbares Material, was das Strangpressgeh\u00e4use zu einer umweltfreundlichen Wahl f\u00fcr verschiedene industrielle Anwendungen macht.<br \/>\n<\/p><br \/><\/p>","protected":false},"featured_media":8280,"template":"","categories":[54],"class_list":["post-8281","product","type-product","status-publish","has-post-thumbnail","hentry","category-industrial-aluminum-profiles"],"meta_box":{"hilight_text_group":{"product_hilight_text":"<li>High-strength aluminium extrusion case for protecting sensitive electronic components<\/li>\r\r\n<li>Corrosion-resistant, ensuring long-lasting durability and reliability<\/li>\r\r\n<li>Customizable sizes and designs to meet specific project requirements<\/li>\r\r\n<li>Lightweight yet sturdy, providing excellent protection without adding excess weight<\/li>\r\r\n<li>Efficient thermal management, helping to dissipate heat and maintain optimal performance<\/li>\r\r\n<li>Easy to assemble and modify, reducing production and setup time<\/li>\r\r\n<li>Environmentally friendly, as aluminum is fully recyclable<\/li>","product_chanpin_blog":"<ul>\r\r\n<li><a href=\"https:\/\/sinoextrud.com\/t-slot-v-slot-differences\/\" target=\"_blank\">t slot vs v slot<\/a><\/li>\r\r\n<li><a href=\"https:\/\/sinoextrud.com\/what-is-4040-aluminium-extrud\/\" target=\"_blank\">4040 aluminium extrusion<\/a><\/li>\r\r\n<li><a href=\"https:\/\/sinoextrud.com\/what-is-4040-aluminium-extrud\/\" target=\"_blank\">aluminum extrusions for industrial racks<\/a><\/li>\r\r\n<li><a href=\"https:\/\/sinoextrud.com\/powder-coating-aluminium-process\/\" target=\"_blank\">powder coating aluminium<\/a><\/li>\r\r\n<li><a href=\"https:\/\/sinoextrud.com\/what-is-an-aluminium-strip-ceiling\/\" target=\"_blank\">aluminium strip ceiling<\/a><\/li>\r\r\n<li><a href=\"https:\/\/sinoextrud.com\/what-is-a-heat-sink\/\" target=\"_blank\">what is a heat sink<\/a><\/li>\r\r\n<\/ul>","product_chanpin_chanpin":"<li><a href=\"https:\/\/sinoextrud.com\/product\/6061-aluminum-extrusion-round-tube-for-industry\/\" target=\"_blank\">6061 Aluminum Extrusion Round Tube For Industry<\/a><\/li>\r\n<li><a href=\"https:\/\/sinoextrud.com\/product\/6061-aluminum-price-per-pound-best-quality-anodized-t-slot-aluminum-profile-extrusion-framing-track\/\" target=\"_blank\">6061 aluminum price per pound best quality anodized t-slot aluminum profile extrusion framing track<\/a><\/li>\r\n<li><a href=\"https:\/\/sinoextrud.com\/product\/6061-t5-l-shape-aluminum-profile-bar-customized-40x40-extruded-aluminum-angle-profile\/\" target=\"_blank\">6061-t5 L Shape Aluminum Profile Bar Customized 40\u00c3\u201440 Extruded Aluminum Angle Profile<\/a><\/li>\r\n<li><a href=\"https:\/\/sinoextrud.com\/product\/aerospace-aluminum-extrusions\/\" target=\"_blank\">Aerospace Aluminum Extrusions<\/a><\/li>\r\n<li><a href=\"https:\/\/sinoextrud.com\/product\/aluminium-extrusion-case\/\" target=\"_blank\">Aluminium Extrusion Case<\/a><\/li>\r\n<li><a href=\"https:\/\/sinoextrud.com\/product\/aluminium-extrusion-moulding\/\" target=\"_blank\">Aluminium Extrusion Moulding<\/a><\/li>\r\n<li><a href=\"https:\/\/sinoextrud.com\/product\/aluminium-profile-case\/\" target=\"_blank\">Aluminium Profile Case<\/a><\/li>\r\n<li><a href=\"https:\/\/sinoextrud.com\/product\/aluminium-profile-for-clean-room\/\" target=\"_blank\">Aluminium Profile For Clean Room<\/a><\/li>\r\n<li><a href=\"https:\/\/sinoextrud.com\/product\/aluminium-profile-workbench\/\" target=\"_blank\">Aluminium Profile Workbench<\/a><\/li>\r\n<li><a href=\"https:\/\/sinoextrud.com\/product\/sliding-door-extrusions\/\" target=\"_blank\">Sliding Door Extrusions<\/a><\/li>\r\n<li><a href=\"https:\/\/sinoextrud.com\/product\/clip-on-aluminium-profiles\/\" target=\"_blank\">Clip On Aluminium Profiles<\/a><\/li>"},"feature_list":[]},"_links":{"self":[{"href":"https:\/\/sinoextrud.com\/de\/wp-json\/wp\/v2\/product\/8281","targetHints":{"allow":["GET"]}}],"collection":[{"href":"https:\/\/sinoextrud.com\/de\/wp-json\/wp\/v2\/product"}],"about":[{"href":"https:\/\/sinoextrud.com\/de\/wp-json\/wp\/v2\/types\/product"}],"wp:featuredmedia":[{"embeddable":true,"href":"https:\/\/sinoextrud.com\/de\/wp-json\/wp\/v2\/media\/8280"}],"wp:attachment":[{"href":"https:\/\/sinoextrud.com\/de\/wp-json\/wp\/v2\/media?parent=8281"}],"wp:term":[{"taxonomy":"category","embeddable":true,"href":"https:\/\/sinoextrud.com\/de\/wp-json\/wp\/v2\/categories?post=8281"}],"curies":[{"name":"wp","href":"https:\/\/api.w.org\/{rel}","templated":true}]}}