{"id":8265,"date":"2025-06-14T06:36:25","date_gmt":"2025-06-14T06:36:25","guid":{"rendered":"https:\/\/sinoextrud.com\/product\/profile-square-aluminum-heat-sink\/"},"modified":"2025-06-24T06:23:27","modified_gmt":"2025-06-24T06:23:27","slug":"quadratischer-aluminium-kuhlkorper-mit-profil","status":"publish","type":"product","link":"https:\/\/sinoextrud.com\/de\/product\/profile-square-aluminum-heat-sink\/","title":{"rendered":"K\u00fchlk\u00f6rper aus Aluminium mit quadratischem Profil"},"content":{"rendered":"<h2>Produkte Details<\/h2>\n<table class=\"custom-table\">\n<tr>\n<td class=\"label\">Name des Produkts<\/td>\n<td>K\u00fchlk\u00f6rper aus Aluminium mit quadratischem Profil<\/td>\n<\/tr>\n<tr>\n<td class=\"label\">Modell<\/td>\n<td>Sinoextrud-HS-916<\/td>\n<\/tr>\n<tr>\n<td class=\"label\">Gr\u00f6\u00dfe:<\/td>\n<td>nach Ihrem Wunsch<\/td>\n<\/tr>\n<tr>\n<td class=\"label\">Form<\/td>\n<td>Platz<\/td>\n<\/tr>\n<tr>\n<td class=\"label\">Produktionsverfahren<\/td>\n<td>Aluminium-Strangpressen<\/td>\n<\/tr>\n<tr>\n<td class=\"label\">Verarbeitung<\/td>\n<td>Bohren, Gewindeschneiden, Polieren, Fr\u00e4sen, Laserschnitt, CNC-Bearbeitung, Anfasen, Entgraten<\/td>\n<\/tr>\n<tr>\n<td class=\"label\">Toleranz<\/td>\n<td>0,01 mm<\/td>\n<\/tr>\n<tr>\n<td class=\"label\">Oberfl\u00e4chenbehandlung<\/td>\n<td>Eloxieren, Pulverbeschichten, Galvanisieren, Elektrophorese<\/td>\n<\/tr>\n<tr>\n<td class=\"label\">Farbe<\/td>\n<td>schwarz, rot, silber, blau, entsprechend Ihrer Anfrage<\/td>\n<\/tr>\n<tr>\n<td class=\"label\">Muster<\/td>\n<td>Verf\u00fcgbar<\/td>\n<\/tr>\n<tr>\n<td class=\"label\">Achtung<\/td>\n<td>Hier finden Sie \u00fcber 200 Designs von Aluminiumk\u00fchlk\u00f6rpern, Durchmesser von 15mm bis 350mm, bitte fragen Sie nach weiteren Informationen<\/td>\n<\/tr>\n<\/table>\n<h2>Unsere Produktionsbasis<\/h2>\n<h3>Fabrik-Panorama<\/h3>\n<p><img decoding=\"async\" src=\"\/wp-content\/uploads\/factory-01.webp\"\/><\/p>\n<h3>Werkstatt zur Herstellung von Aluminiumstangen<\/h3>\n<p><img decoding=\"async\" src=\"\/wp-content\/uploads\/factory-02.webp\"\/><\/p>\n<p><img decoding=\"async\" src=\"\/wp-content\/uploads\/factory-03.webp\"\/><\/p>\n<h3>Lagerhaus f\u00fcr Formen<\/h3>\n<p><img decoding=\"async\" src=\"\/wp-content\/uploads\/factory-04.webp\"\/><\/p>\n<h3>43 Aluminium-Strangpressanlagen (500\u00e2\u20ac\"5500 Tonnen)<\/h3>\n<p><img decoding=\"async\" src=\"\/wp-content\/uploads\/factory-05.webp\"\/><\/p>\n<p><img decoding=\"async\" src=\"\/wp-content\/uploads\/factory-06.webp\"\/><\/p>\n<p><img decoding=\"async\" src=\"\/wp-content\/uploads\/factory-07.webp\"\/><\/p>\n<h3>Werkstatt f\u00fcr Pulverbeschichtung<\/h3>\n<p><img decoding=\"async\" src=\"\/wp-content\/uploads\/factory-09.webp\"\/><\/p>\n<h3>Eloxal-Werkstatt<\/h3>\n<p><img decoding=\"async\" src=\"\/wp-content\/uploads\/factory-10.webp\"\/><\/p>\n<h3>Workshop zur Tiefenverarbeitung<\/h3>\n<p><img decoding=\"async\" src=\"\/wp-content\/uploads\/factory-11.webp\"\/><\/p>\n<h3>CNC-Pr\u00e4zisionsbearbeitungswerkstatt<\/h3>\n<p><img decoding=\"async\" src=\"\/wp-content\/uploads\/factory-11.5.webp\"\/><\/p>\n<h3>Lager f\u00fcr Fertigprodukte und Export<\/h3>\n<p><img decoding=\"async\" src=\"\/wp-content\/uploads\/factory-12.webp\"\/><\/p>\n<p><img decoding=\"async\" src=\"\/wp-content\/uploads\/factory-13.webp\"\/><\/p>\n<p><img decoding=\"async\" src=\"\/wp-content\/uploads\/factory-14.webp\"\/><\/p>\n<h2>FAQ<\/h2>\n<p><p><b>1. welche Vorteile bietet der quadratische Aluminium-K\u00fchlk\u00f6rper mit Profil?<\/b><\/p>\n<p>Der quadratische Aluminium-K\u00fchlk\u00f6rper bietet eine hocheffiziente W\u00e4rmeableitung, Langlebigkeit und ein kompaktes Design, wodurch er sich ideal f\u00fcr verschiedene elektronische K\u00fchlanwendungen eignet.<br \/>\n<\/p><br \/>\n<br \/>\n<p><b>2. wie verbessert der quadratische Aluminiumk\u00fchlk\u00f6rper die K\u00fchlleistung?<\/b><\/p>\n<p>Sein effizientes Design maximiert die Oberfl\u00e4che, sorgt f\u00fcr eine optimale W\u00e4rmeableitung und gew\u00e4hrleistet sichere Betriebstemperaturen f\u00fcr elektronische Komponenten.<br \/>\n<\/p><br \/>\n<br \/>\n<p><b>3. aus welchem Material ist der quadratische Aluminiumk\u00fchlk\u00f6rper hergestellt?<\/b><\/p>\n<p>Er ist aus hochwertigem Aluminium gefertigt, das leicht, langlebig und korrosionsbest\u00e4ndig ist und somit eine lange Nutzungsdauer gew\u00e4hrleistet.<br \/>\n<\/p><br \/>\n<br \/>\n<p><b>4. kann der quadratische Aluminium-K\u00fchlk\u00f6rper in Anwendungen mit begrenztem Platzangebot eingesetzt werden?<\/b><\/p>\n<p>Ja, sein kompaktes, quadratisches Design macht ihn ideal f\u00fcr Anwendungen mit begrenztem Platzangebot und bietet dennoch ein hervorragendes W\u00e4rmemanagement.<br \/>\n<\/p><br \/>\n<br \/>\n<p><b>5. ist der quadratische Aluminiumk\u00fchlk\u00f6rper korrosionsbest\u00e4ndig?<\/b><\/p>\n<p>Ja, er verf\u00fcgt \u00fcber eine korrosionsbest\u00e4ndige Oberfl\u00e4che, die sicherstellt, dass er seine Leistung und sein Aussehen auch in anspruchsvollen Umgebungen beibeh\u00e4lt.<br \/>\n<\/p><br \/>\n<br \/>\n<p><b>Wie anpassbar ist der quadratische Aluminiumk\u00fchlk\u00f6rper?<\/b><\/p>\n<p>Der K\u00fchlk\u00f6rper ist in hohem Ma\u00dfe anpassbar, so dass er den spezifischen K\u00fchlungsanforderungen verschiedener elektronischer Anwendungen gerecht werden kann.<br \/>\n<\/p><br \/>\n<br \/>\n<p><b>7. was macht das Profil quadratischen Aluminium-K\u00fchlk\u00f6rper geeignet f\u00fcr Elektronik?<\/b><\/p>\n<p>Seine effiziente W\u00e4rmeableitung, sein haltbares Material und sein kompaktes Design machen ihn zur perfekten L\u00f6sung f\u00fcr die zuverl\u00e4ssige Leistung empfindlicher elektronischer Komponenten.<br \/>\n<\/p><br \/><\/p>","protected":false},"featured_media":8264,"template":"","categories":[54],"class_list":["post-8265","product","type-product","status-publish","has-post-thumbnail","hentry","category-industrial-aluminum-profiles"],"meta_box":{"hilight_text_group":{"product_hilight_text":"<li>High-efficiency heat dissipation, providing reliable cooling for various electronic devices.<\/li>\r\r\n<li>Durable and lightweight aluminum construction for strength and ease of handling.<\/li>\r\r\n<li>Compact square profile design, ideal for space-constrained applications.<\/li>\r\r\n<li>Corrosion-resistant surface, ensuring long-lasting performance in harsh environments.<\/li>\r\r\n<li>Versatile and customizable, suitable for a wide range of thermal management needs.<\/li>","product_chanpin_blog":"<ul>\r\r\n<li><a href=\"https:\/\/sinoextrud.com\/t-slot-v-slot-differences\/\" target=\"_blank\">t slot vs v slot<\/a><\/li>\r\r\n<li><a href=\"https:\/\/sinoextrud.com\/what-is-4040-aluminium-extrud\/\" target=\"_blank\">4040 aluminium extrusion<\/a><\/li>\r\r\n<li><a href=\"https:\/\/sinoextrud.com\/what-is-4040-aluminium-extrud\/\" target=\"_blank\">aluminum extrusions for industrial racks<\/a><\/li>\r\r\n<li><a href=\"https:\/\/sinoextrud.com\/powder-coating-aluminium-process\/\" target=\"_blank\">powder coating aluminium<\/a><\/li>\r\r\n<li><a href=\"https:\/\/sinoextrud.com\/what-is-an-aluminium-strip-ceiling\/\" target=\"_blank\">aluminium strip ceiling<\/a><\/li>\r\r\n<li><a href=\"https:\/\/sinoextrud.com\/what-is-a-heat-sink\/\" target=\"_blank\">what is a heat sink<\/a><\/li>\r\r\n<\/ul>","product_chanpin_chanpin":"<li><a href=\"https:\/\/sinoextrud.com\/product\/industrial-t-slot-aluminum-profile\/\" target=\"_blank\">Industrial T Slot Aluminum Profile<\/a><\/li>\r\n<li><a href=\"https:\/\/sinoextrud.com\/product\/large-scale-industrial-aluminum-profile\/\" target=\"_blank\">Large Scale Industrial Aluminum Profile<\/a><\/li>\r\n<li><a href=\"https:\/\/sinoextrud.com\/product\/solar-aluminium-profile-2\/\" target=\"_blank\">Solar Aluminium Profile<\/a><\/li>\r\n<li><a href=\"https:\/\/sinoextrud.com\/product\/round-sunflower-led-light-aluminium-heat-sink\/\" target=\"_blank\">Round Sunflower LED Light Aluminium Heat Sink<\/a><\/li>\r\n<li><a href=\"https:\/\/sinoextrud.com\/product\/profile-square-aluminum-heat-sink\/\" target=\"_blank\">Profile Square Aluminum Heat Sink<\/a><\/li>\r\n<li><a href=\"https:\/\/sinoextrud.com\/product\/triangular-aluminum-extrusion\/\" target=\"_blank\">Triangular Aluminum Extrusion<\/a><\/li>\r\n<li><a href=\"https:\/\/sinoextrud.com\/product\/standard-aluminum-extrusions\/\" target=\"_blank\">Standard Aluminum Extrusions<\/a><\/li>\r\n<li><a href=\"https:\/\/sinoextrud.com\/product\/solar-frames-aluminum-extrusions\/\" target=\"_blank\">Solar Frames Aluminum Extrusions<\/a><\/li>\r\n<li><a href=\"https:\/\/sinoextrud.com\/product\/6061-aluminum-extrusion-round-tube-for-industry\/\" target=\"_blank\">6061 Aluminum Extrusion Round Tube For Industry<\/a><\/li>\r\n<li><a href=\"https:\/\/sinoextrud.com\/product\/t-shaped-aluminium-profile\/\" target=\"_blank\">T Shaped Aluminium Profile<\/a><\/li>\r\n<li><a href=\"https:\/\/sinoextrud.com\/product\/aluminum-profil-louver-roof\/\" target=\"_blank\">Aluminum Profil Louver Roof<\/a><\/li>"},"feature_list":[]},"_links":{"self":[{"href":"https:\/\/sinoextrud.com\/de\/wp-json\/wp\/v2\/product\/8265","targetHints":{"allow":["GET"]}}],"collection":[{"href":"https:\/\/sinoextrud.com\/de\/wp-json\/wp\/v2\/product"}],"about":[{"href":"https:\/\/sinoextrud.com\/de\/wp-json\/wp\/v2\/types\/product"}],"wp:featuredmedia":[{"embeddable":true,"href":"https:\/\/sinoextrud.com\/de\/wp-json\/wp\/v2\/media\/8264"}],"wp:attachment":[{"href":"https:\/\/sinoextrud.com\/de\/wp-json\/wp\/v2\/media?parent=8265"}],"wp:term":[{"taxonomy":"category","embeddable":true,"href":"https:\/\/sinoextrud.com\/de\/wp-json\/wp\/v2\/categories?post=8265"}],"curies":[{"name":"wp","href":"https:\/\/api.w.org\/{rel}","templated":true}]}}