{"id":8261,"date":"2025-06-14T06:32:29","date_gmt":"2025-06-14T06:32:29","guid":{"rendered":"https:\/\/sinoextrud.com\/product\/solar-aluminium-profile-2\/"},"modified":"2025-06-24T06:23:26","modified_gmt":"2025-06-24T06:23:26","slug":"solar-aluminium-profil-2","status":"publish","type":"product","link":"https:\/\/sinoextrud.com\/de\/product\/solar-aluminium-profile-2\/","title":{"rendered":"Solar-Aluminium-Profil"},"content":{"rendered":"<h2>Produkte Details<\/h2>\n<table class=\"custom-table\">\n<thead>\n<tr>\n<td> Gegenstand\uff1a<\/td>\n<td> Kundenspezifisches eloxiertes Solar-Aluminium-Profil<\/td>\n<\/tr>\n<\/thead>\n<tbody>\n<tr>\n<td> Material:<\/td>\n<td> Hochwertige Aluminiumlegierung (z. B. 6063)<\/td>\n<\/tr>\n<tr>\n<td> Profil-Typ:<\/td>\n<td> Eloxiertes Solar-Aluminium-Profil<\/td>\n<\/tr>\n<tr>\n<td> Standardl\u00e4nge:<\/td>\n<td> Bis zu 6 Meter (kundenspezifische L\u00e4ngen verf\u00fcgbar)<\/td>\n<\/tr>\n<tr>\n<td> Breite Optionen:<\/td>\n<td> 30 mm bis 150 mm (Sonderbreiten m\u00f6glich)<\/td>\n<\/tr>\n<tr>\n<td> H\u00f6he Optionen:<\/td>\n<td> 20 mm bis 100 mm (kundenspezifische H\u00f6hen m\u00f6glich)<\/td>\n<\/tr>\n<tr>\n<td> Die Dicke:<\/td>\n<td> 1,2 mm bis 3,0 mm (kundenspezifische Dicke m\u00f6glich)<\/td>\n<\/tr>\n<tr>\n<td> Gewicht:<\/td>\n<td> Variiert je nach Abmessungen und Design<\/td>\n<\/tr>\n<tr>\n<td> Oberfl\u00e4che:<\/td>\n<td> Eloxiert (verschiedene Farben erh\u00e4ltlich)<\/td>\n<\/tr>\n<tr>\n<td> Farboptionen:<\/td>\n<td> Silber, Schwarz, Bronze, individuelle Farben<\/td>\n<\/tr>\n<tr>\n<td> Korrosionsbest\u00e4ndigkeit:<\/td>\n<td> Hervorragend (verbessert durch Eloxalverfahren)<\/td>\n<\/tr>\n<tr>\n<td> W\u00e4rmeleitf\u00e4higkeit:<\/td>\n<td> Hohe W\u00e4rmeleitf\u00e4higkeit f\u00fcr effiziente W\u00e4rmeableitung<\/td>\n<\/tr>\n<tr>\n<td> Tragf\u00e4higkeit:<\/td>\n<td> Variiert je nach Profildesign und Installation<\/td>\n<\/tr>\n<tr>\n<td> CNC-Bearbeitung:<\/td>\n<td> Verf\u00fcgbar f\u00fcr Pr\u00e4zisionsschneiden, Bohren und Fr\u00e4sen<\/td>\n<\/tr>\n<tr>\n<td> Verpackung:<\/td>\n<td> Sichere Verpackung mit Schutzmaterialien, die zur einfachen Identifizierung beschriftet sind<\/td>\n<\/tr>\n<tr>\n<td> Zertifizierungen:<\/td>\n<td> ISO 9001, RoHS und andere relevante Zertifizierungen<\/td>\n<\/tr>\n<tr>\n<td> Vorlaufzeit:<\/td>\n<td> In der Regel 2-4 Wochen (je nach Kundenanpassung und Auftragsvolumen)<\/td>\n<\/tr>\n<tr>\n<td> Mindestbestellmenge (MOQ):<\/td>\n<td> 200 kg oder nach Absprache<\/td>\n<\/tr>\n<tr>\n<td> Anpassungsoptionen:<\/td>\n<td> Erh\u00e4ltlich in verschiedenen Gr\u00f6\u00dfen, Farben und Ausf\u00fchrungen<\/td>\n<\/tr>\n<tr>\n<td> Qualit\u00e4tskontrolle:<\/td>\n<td> Strenge Kontrollen in jeder Produktionsphase<\/td>\n<\/tr>\n<tr>\n<td> Garantie:<\/td>\n<td> 5 Jahre Garantie gegen Herstellungsfehler<\/td>\n<\/tr>\n<tr>\n<td> Kundenbetreuung:<\/td>\n<td> Technische Unterst\u00fctzung und Beratung sind verf\u00fcgbar<\/td>\n<\/tr>\n<\/tbody>\n<\/table>\n<h2>Unsere Produktionsbasis<\/h2>\n<h3>Fabrik-Panorama<\/h3>\n<p><img decoding=\"async\" src=\"\/wp-content\/uploads\/factory-01.webp\"\/><\/p>\n<h3>Werkstatt zur Herstellung von Aluminiumstangen<\/h3>\n<p><img decoding=\"async\" src=\"\/wp-content\/uploads\/factory-02.webp\"\/><\/p>\n<p><img decoding=\"async\" src=\"\/wp-content\/uploads\/factory-03.webp\"\/><\/p>\n<h3>Lagerhaus f\u00fcr Formen<\/h3>\n<p><img decoding=\"async\" src=\"\/wp-content\/uploads\/factory-04.webp\"\/><\/p>\n<h3>43 Aluminium-Strangpressanlagen (500-5500 Tonnen)<\/h3>\n<p><img decoding=\"async\" src=\"\/wp-content\/uploads\/factory-05.webp\"\/><\/p>\n<p><img decoding=\"async\" src=\"\/wp-content\/uploads\/factory-06.webp\"\/><\/p>\n<p><img decoding=\"async\" src=\"\/wp-content\/uploads\/factory-07.webp\"\/><\/p>\n<h3>Werkstatt f\u00fcr Pulverbeschichtung<\/h3>\n<p><img decoding=\"async\" src=\"\/wp-content\/uploads\/factory-09.webp\"\/><\/p>\n<h3>Eloxal-Werkstatt<\/h3>\n<p><img decoding=\"async\" src=\"\/wp-content\/uploads\/factory-10.webp\"\/><\/p>\n<h3>Workshop zur Tiefenverarbeitung<\/h3>\n<p><img decoding=\"async\" src=\"\/wp-content\/uploads\/factory-11.webp\"\/><\/p>\n<h3>CNC-Pr\u00e4zisionsbearbeitungswerkstatt<\/h3>\n<p><img decoding=\"async\" src=\"\/wp-content\/uploads\/factory-11.5.webp\"\/><\/p>\n<h3>Lager f\u00fcr Fertigprodukte und Export<\/h3>\n<p><img decoding=\"async\" src=\"\/wp-content\/uploads\/factory-12.webp\"\/><\/p>\n<p><img decoding=\"async\" src=\"\/wp-content\/uploads\/factory-13.webp\"\/><\/p>\n<p><img decoding=\"async\" src=\"\/wp-content\/uploads\/factory-14.webp\"\/><\/p>\n<h2>FAQ<\/h2>\n<p><p><b>1. was macht Solar Aluminium Profile ideal f\u00fcr die Installation von Solarmodulen? <\/b><\/p>\n<p> Solar-Aluminiumprofile sind langlebig, leicht und korrosionsbest\u00e4ndig. Sie eignen sich perfekt f\u00fcr die Befestigung von Solarmodulen und gew\u00e4hrleisten eine optimale Leistung in verschiedenen Umgebungen.<br \/>\n<\/p><br \/>\n<br \/>\n<p><b>2. k\u00f6nnen Solar Aluminium Profile angepasst werden? <\/b><\/p>\n<p> Ja, diese Profile k\u00f6nnen in Bezug auf Gr\u00f6\u00dfe, Form und Design individuell angepasst werden, um den spezifischen Anforderungen von Solaranlagen gerecht zu werden.<br \/>\n<\/p><br \/>\n<br \/>\n<p><b>3. wie haltbar ist Solar Aluminium Profile? <\/b><\/p>\n<p> Das Solar-Aluminiumprofil ist aufgrund seiner korrosionsbest\u00e4ndigen Eigenschaften sehr langlebig und gew\u00e4hrleistet auch bei rauen Witterungsbedingungen eine lange Lebensdauer.<br \/>\n<\/p><br \/>\n<br \/>\n<p><b>4 Welche Branchen profitieren vom Einsatz von Solar Aluminium Profile? <\/b><\/p>\n<p> Branchen wie die erneuerbaren Energien, das Baugewerbe und die Solarenergie profitieren von diesen Profilen f\u00fcr die Installation von Solarmodulen und verwandten Systemen.<br \/>\n<\/p><br \/>\n<br \/>\n<p><b>5. ist das Solar Aluminium Profil einfach zu installieren? <\/b><\/p>\n<p> Ja, diese Profile sind f\u00fcr eine einfache Installation ausgelegt und tragen dazu bei, die Einrichtungszeit und die Arbeitskosten bei Solarmodulprojekten zu reduzieren.<br \/>\n<\/p><br \/>\n<br \/>\n<p><b>6 Wie verbessert das Solar Aluminium Profile die Leistung von Solarsystemen? <\/b><\/p>\n<p> Das Profil bietet starken Halt und erm\u00f6glicht gleichzeitig eine bessere W\u00e4rmeableitung, so dass die Solarmodule mit h\u00f6chster Effizienz arbeiten.<br \/>\n<\/p><br \/>\n<br \/>\n<p><b>7. ist Solar Aluminium Profile umweltfreundlich? <\/b><\/p>\n<p> Ja, Aluminium ist vollst\u00e4ndig recycelbar, was es zu einer umweltfreundlichen Wahl f\u00fcr die Montage von Solarmodulen und Tragstrukturen macht.<br \/>\n<\/p><br \/><\/p>","protected":false},"featured_media":8260,"template":"","categories":[54],"class_list":["post-8261","product","type-product","status-publish","has-post-thumbnail","hentry","category-industrial-aluminum-profiles"],"meta_box":{"hilight_text_group":{"product_hilight_text":"<li>Durable and corrosion-resistant solar aluminium profile designed for solar panel installations<\/li>\r\r\n<li>Lightweight yet strong, providing excellent support for solar panels without adding excessive weight<\/li>\r\r\n<li>Customizable lengths and designs to meet specific solar installation requirements<\/li>\r\r\n<li>Efficient thermal conductivity, ensuring better performance and heat management for solar systems<\/li>\r\r\n<li>Easy to assemble and install, reducing labor costs and setup time<\/li>\r\r\n<li>Weather-resistant, making it ideal for long-term outdoor use in various climates<\/li>\r\r\n<li>Environmentally friendly, as aluminum is fully recyclable and sustainable<\/li>","product_chanpin_blog":"<ul>\r\r\n<li><a href=\"https:\/\/sinoextrud.com\/t-slot-v-slot-differences\/\" target=\"_blank\">t slot vs v slot<\/a><\/li>\r\r\n<li><a href=\"https:\/\/sinoextrud.com\/what-is-4040-aluminium-extrud\/\" target=\"_blank\">4040 aluminium extrusion<\/a><\/li>\r\r\n<li><a href=\"https:\/\/sinoextrud.com\/what-is-4040-aluminium-extrud\/\" target=\"_blank\">aluminum extrusions for industrial racks<\/a><\/li>\r\r\n<li><a href=\"https:\/\/sinoextrud.com\/powder-coating-aluminium-process\/\" target=\"_blank\">powder coating aluminium<\/a><\/li>\r\r\n<li><a href=\"https:\/\/sinoextrud.com\/what-is-an-aluminium-strip-ceiling\/\" target=\"_blank\">aluminium strip ceiling<\/a><\/li>\r\r\n<li><a href=\"https:\/\/sinoextrud.com\/what-is-a-heat-sink\/\" target=\"_blank\">what is a heat sink<\/a><\/li>\r\r\n<\/ul>","product_chanpin_chanpin":"<li><a href=\"https:\/\/sinoextrud.com\/product\/industrial-large-aluminium-extrusions\/\" target=\"_blank\">Industrial Large Aluminium Extrusions<\/a><\/li>\r\n<li><a href=\"https:\/\/sinoextrud.com\/product\/industrial-large-aluminum-heat-sink\/\" target=\"_blank\">Industrial Large Aluminum Heat Sink<\/a><\/li>\r\n<li><a href=\"https:\/\/sinoextrud.com\/product\/industrial-t-slot-aluminum-profile\/\" target=\"_blank\">Industrial T Slot Aluminum Profile<\/a><\/li>\r\n<li><a href=\"https:\/\/sinoextrud.com\/product\/large-scale-industrial-aluminum-profile\/\" target=\"_blank\">Large Scale Industrial Aluminum Profile<\/a><\/li>\r\n<li><a href=\"https:\/\/sinoextrud.com\/product\/solar-aluminium-profile-2\/\" target=\"_blank\">Solar Aluminium Profile<\/a><\/li>\r\n<li><a href=\"https:\/\/sinoextrud.com\/product\/round-sunflower-led-light-aluminium-heat-sink\/\" target=\"_blank\">Round Sunflower LED Light Aluminium Heat Sink<\/a><\/li>\r\n<li><a href=\"https:\/\/sinoextrud.com\/product\/profile-square-aluminum-heat-sink\/\" target=\"_blank\">Profile Square Aluminum Heat Sink<\/a><\/li>\r\n<li><a href=\"https:\/\/sinoextrud.com\/product\/triangular-aluminum-extrusion\/\" target=\"_blank\">Triangular Aluminum Extrusion<\/a><\/li>\r\n<li><a href=\"https:\/\/sinoextrud.com\/product\/standard-aluminum-extrusions\/\" target=\"_blank\">Standard Aluminum Extrusions<\/a><\/li>\r\n<li><a href=\"https:\/\/sinoextrud.com\/product\/aluminium-round-tube-extrusion-profile-with-anodized-powder-coating-surface-treatment-oem-customized-extruded-aluminium-tube-profile\/\" target=\"_blank\">Aluminium Round Tube Extrusion Profile With Anodized Powder Coating Surface Treatment OEM Customized  Extruded Aluminium Tube Profile<\/a><\/li>\r\n<li><a href=\"https:\/\/sinoextrud.com\/product\/the-hexagonal-type-ceiling-system\/\" target=\"_blank\">The Hexagonal Type Ceiling System (Hexagonal Ceiling)<\/a><\/li>"},"feature_list":[]},"_links":{"self":[{"href":"https:\/\/sinoextrud.com\/de\/wp-json\/wp\/v2\/product\/8261","targetHints":{"allow":["GET"]}}],"collection":[{"href":"https:\/\/sinoextrud.com\/de\/wp-json\/wp\/v2\/product"}],"about":[{"href":"https:\/\/sinoextrud.com\/de\/wp-json\/wp\/v2\/types\/product"}],"wp:featuredmedia":[{"embeddable":true,"href":"https:\/\/sinoextrud.com\/de\/wp-json\/wp\/v2\/media\/8260"}],"wp:attachment":[{"href":"https:\/\/sinoextrud.com\/de\/wp-json\/wp\/v2\/media?parent=8261"}],"wp:term":[{"taxonomy":"category","embeddable":true,"href":"https:\/\/sinoextrud.com\/de\/wp-json\/wp\/v2\/categories?post=8261"}],"curies":[{"name":"wp","href":"https:\/\/api.w.org\/{rel}","templated":true}]}}