{"id":8259,"date":"2025-06-14T06:30:54","date_gmt":"2025-06-14T06:30:54","guid":{"rendered":"https:\/\/sinoextrud.com\/product\/large-scale-industrial-aluminum-profile\/"},"modified":"2025-06-24T06:23:26","modified_gmt":"2025-06-24T06:23:26","slug":"grosflachiges-industrielles-aluminiumprofil","status":"publish","type":"product","link":"https:\/\/sinoextrud.com\/de\/product\/large-scale-industrial-aluminum-profile\/","title":{"rendered":"Gro\u00dffl\u00e4chiges industrielles Aluminiumprofil"},"content":{"rendered":"<h2>Produkte Details<\/h2>\n<table class=\"custom-table\">\n<tbody>\n<tr>\n<td> Produktname<\/td>\n<td> Gro\u00dffl\u00e4chiges industrielles Aluminiumprofil                            <\/td>\n<\/tr>\n<tr>\n<td> Material<\/td>\n<td> 6063, 6061, 6043, 6082 Aluminiumlegierung<\/td>\n<\/tr>\n<tr>\n<td> Farbe<\/td>\n<td> Kundenspezifisch<\/td>\n<\/tr>\n<tr>\n<td> Standard<\/td>\n<td> GB2008<\/td>\n<\/tr>\n<tr>\n<td> Klasse<\/td>\n<td> Serie 6000<\/td>\n<\/tr>\n<tr>\n<td> Dicke<\/td>\n<td> Kundenspezifisch<\/td>\n<\/tr>\n<tr>\n<td> Verwendung<\/td>\n<td> Industriell<\/td>\n<\/tr>\n<tr>\n<td> Temperament<\/td>\n<td> T3-T8<\/td>\n<\/tr>\n<tr>\n<td> L\u00e4nge<\/td>\n<td> Kundenspezifisch<\/td>\n<\/tr>\n<tr>\n<td> Oberfl\u00e4chenbehandlung<\/td>\n<td> Pulverbeschichtung, Mill Finish, PVDF, Eloxiert, Holzmaserung, Poliert, Geb\u00fcrstet, etc<\/td>\n<\/tr>\n<tr>\n<td> Orgin<\/td>\n<td> CHINA<\/td>\n<\/tr>\n<tr>\n<td> Ist legiert oder nicht<\/td>\n<td> Ist Legierung<\/td>\n<\/tr>\n<tr>\n<td> Hafen<\/td>\n<td> Guangzhou, Shenzhen, Foshan<\/td>\n<\/tr>\n<\/tbody>\n<\/table>\n<h2>Unsere Produktionsbasis<\/h2>\n<h3>Fabrik-Panorama<\/h3>\n<p><img decoding=\"async\" src=\"\/wp-content\/uploads\/factory-01.webp\"\/><\/p>\n<h3>Werkstatt zur Herstellung von Aluminiumstangen<\/h3>\n<p><img decoding=\"async\" src=\"\/wp-content\/uploads\/factory-02.webp\"\/><\/p>\n<p><img decoding=\"async\" src=\"\/wp-content\/uploads\/factory-03.webp\"\/><\/p>\n<h3>Lagerhaus f\u00fcr Formen<\/h3>\n<p><img decoding=\"async\" src=\"\/wp-content\/uploads\/factory-04.webp\"\/><\/p>\n<h3>43 Aluminium-Strangpressanlagen (500\u00e2\u20ac\"5500 Tonnen)<\/h3>\n<p><img decoding=\"async\" src=\"\/wp-content\/uploads\/factory-05.webp\"\/><\/p>\n<p><img decoding=\"async\" src=\"\/wp-content\/uploads\/factory-06.webp\"\/><\/p>\n<p><img decoding=\"async\" src=\"\/wp-content\/uploads\/factory-07.webp\"\/><\/p>\n<h3>Werkstatt f\u00fcr Pulverbeschichtung<\/h3>\n<p><img decoding=\"async\" src=\"\/wp-content\/uploads\/factory-09.webp\"\/><\/p>\n<h3>Eloxal-Werkstatt<\/h3>\n<p><img decoding=\"async\" src=\"\/wp-content\/uploads\/factory-10.webp\"\/><\/p>\n<h3>Workshop zur Tiefenverarbeitung<\/h3>\n<p><img decoding=\"async\" src=\"\/wp-content\/uploads\/factory-11.webp\"\/><\/p>\n<h3>CNC-Pr\u00e4zisionsbearbeitungswerkstatt<\/h3>\n<p><img decoding=\"async\" src=\"\/wp-content\/uploads\/factory-11.5.webp\"\/><\/p>\n<h3>Lager f\u00fcr Fertigprodukte und Export<\/h3>\n<p><img decoding=\"async\" src=\"\/wp-content\/uploads\/factory-12.webp\"\/><\/p>\n<p><img decoding=\"async\" src=\"\/wp-content\/uploads\/factory-13.webp\"\/><\/p>\n<p><img decoding=\"async\" src=\"\/wp-content\/uploads\/factory-14.webp\"\/><\/p>\n<h2>FAQ<\/h2>\n<p><p><b>1. wof\u00fcr werden gro\u00dfformatige industrielle Aluminiumprofile verwendet?<\/b><\/p>\n<p>Gro\u00dfformatige industrielle Aluminiumprofile werden f\u00fcr die Konstruktion gro\u00dfer Rahmen, struktureller Systeme und industrieller Anlagen verwendet, bei denen Festigkeit, Haltbarkeit und Flexibilit\u00e4t erforderlich sind.<br \/>\n<\/p><br \/>\n<br \/>\n<p><b>2. warum wird Aluminium in gro\u00dfen Industrieprofilen verwendet?<\/b><\/p>\n<p>Aluminium ist leicht, korrosionsbest\u00e4ndig und langlebig, was es zu einem idealen Material f\u00fcr gro\u00dfe industrielle Anwendungen macht, die sowohl St\u00e4rke als auch einfache Handhabung erfordern.<br \/>\n<\/p><br \/>\n<br \/>\n<p><b>3. k\u00f6nnen gro\u00df angelegte industrielle Aluminium-Profile angepasst werden?<\/b><\/p>\n<p>Ja, diese Profile sind in hohem Ma\u00dfe anpassbar und erm\u00f6glichen ma\u00dfgeschneiderte Konstruktionen, die spezifische strukturelle und funktionale Anforderungen in gro\u00dfen Industrieprojekten erf\u00fcllen.<br \/>\n<\/p><br \/>\n<br \/>\n<p><b>4. wie profitiert die Korrosionsbest\u00e4ndigkeit von gro\u00dftechnischen Aluminiumprofilen?<\/b><\/p>\n<p>Die Korrosionsbest\u00e4ndigkeit sorgt daf\u00fcr, dass die Profile ihre Festigkeit und ihr Aussehen selbst in rauen Industrieumgebungen dauerhaft beibehalten, was den Wartungsaufwand reduziert und die Langlebigkeit erh\u00f6ht.<br \/>\n<\/p><br \/>\n<br \/>\n<p><b>5. sind gro\u00dffl\u00e4chige industrielle Aluminiumprofile kosteneffektiv?<\/b><\/p>\n<p>Ja, diese Profile bieten eine kosteneffiziente L\u00f6sung f\u00fcr industrielle Gro\u00dfprojekte, da sie die Materialkosten senken und eine lange Lebensdauer bei minimalem Wartungsaufwand bieten.<br \/>\n<\/p><br \/>\n<br \/>\n<p><b>6. wie tragen gro\u00dftechnische Aluminiumprofile zur Energieeffizienz bei?<\/b><\/p>\n<p>Das geringe Gewicht von Aluminium tr\u00e4gt zur Senkung der Transportkosten und des Energieverbrauchs bei der Installation bei und macht diese Profile zu einer energieeffizienten L\u00f6sung f\u00fcr industrielle Anwendungen.<br \/>\n<\/p><br \/>\n<br \/>\n<p><b>7. welche Branchen profitieren von gro\u00dfformatigen industriellen Aluminiumprofilen?<\/b><\/p>\n<p>Branchen wie die verarbeitende Industrie, das Baugewerbe, die Luft- und Raumfahrt und die Automatisierungstechnik profitieren von der St\u00e4rke, Flexibilit\u00e4t und Kosteneffizienz von Aluminium-Gro\u00dfprofilen f\u00fcr gro\u00dffl\u00e4chige Anwendungen.<br \/>\n<\/p><br \/><\/p>","protected":false},"featured_media":8258,"template":"","categories":[54],"class_list":["post-8259","product","type-product","status-publish","has-post-thumbnail","hentry","category-industrial-aluminum-profiles"],"meta_box":{"hilight_text_group":{"product_hilight_text":"<li>High-strength aluminum profiles designed for large-scale industrial applications.<\/li>\r\r\n<li>Customizable profiles for specific structural needs, offering maximum design flexibility.<\/li>\r\r\n<li>Corrosion-resistant properties ensure long-lasting performance in challenging industrial environments.<\/li>\r\r\n<li>Lightweight yet durable, providing ease of handling and transport for large projects.<\/li>\r\r\n<li>Cost-effective and energy-efficient solution for constructing large structures and frameworks.<\/li>","product_chanpin_blog":"<ul>\r\r\n<li><a href=\"https:\/\/sinoextrud.com\/t-slot-v-slot-differences\/\" target=\"_blank\">t slot vs v slot<\/a><\/li>\r\r\n<li><a href=\"https:\/\/sinoextrud.com\/what-is-4040-aluminium-extrud\/\" target=\"_blank\">4040 aluminium extrusion<\/a><\/li>\r\r\n<li><a href=\"https:\/\/sinoextrud.com\/what-is-4040-aluminium-extrud\/\" target=\"_blank\">aluminum extrusions for industrial racks<\/a><\/li>\r\r\n<li><a href=\"https:\/\/sinoextrud.com\/powder-coating-aluminium-process\/\" target=\"_blank\">powder coating aluminium<\/a><\/li>\r\r\n<li><a href=\"https:\/\/sinoextrud.com\/what-is-an-aluminium-strip-ceiling\/\" target=\"_blank\">aluminium strip ceiling<\/a><\/li>\r\r\n<li><a href=\"https:\/\/sinoextrud.com\/what-is-a-heat-sink\/\" target=\"_blank\">what is a heat sink<\/a><\/li>\r\r\n<\/ul>","product_chanpin_chanpin":"<li><a href=\"https:\/\/sinoextrud.com\/product\/hospital-aluminum-profile\/\" target=\"_blank\">Hospital Aluminum Profile<\/a><\/li>\r\n<li><a href=\"https:\/\/sinoextrud.com\/product\/industrial-large-aluminium-extrusions\/\" target=\"_blank\">Industrial Large Aluminium Extrusions<\/a><\/li>\r\n<li><a href=\"https:\/\/sinoextrud.com\/product\/industrial-large-aluminum-heat-sink\/\" target=\"_blank\">Industrial Large Aluminum Heat Sink<\/a><\/li>\r\n<li><a href=\"https:\/\/sinoextrud.com\/product\/industrial-t-slot-aluminum-profile\/\" target=\"_blank\">Industrial T Slot Aluminum Profile<\/a><\/li>\r\n<li><a href=\"https:\/\/sinoextrud.com\/product\/large-scale-industrial-aluminum-profile\/\" target=\"_blank\">Large Scale Industrial Aluminum Profile<\/a><\/li>\r\n<li><a href=\"https:\/\/sinoextrud.com\/product\/solar-aluminium-profile-2\/\" target=\"_blank\">Solar Aluminium Profile<\/a><\/li>\r\n<li><a href=\"https:\/\/sinoextrud.com\/product\/round-sunflower-led-light-aluminium-heat-sink\/\" target=\"_blank\">Round Sunflower LED Light Aluminium Heat Sink<\/a><\/li>\r\n<li><a href=\"https:\/\/sinoextrud.com\/product\/profile-square-aluminum-heat-sink\/\" target=\"_blank\">Profile Square Aluminum Heat Sink<\/a><\/li>\r\n<li><a href=\"https:\/\/sinoextrud.com\/product\/triangular-aluminum-extrusion\/\" target=\"_blank\">Triangular Aluminum Extrusion<\/a><\/li>\r\n<li><a href=\"https:\/\/sinoextrud.com\/product\/aluminum-profile-slider-for-window-curtain\/\" target=\"_blank\">Aluminum Profile Slider For Window Curtain<\/a><\/li>\r\n<li><a href=\"https:\/\/sinoextrud.com\/product\/60x60-aluminium-extrusion\/\" target=\"_blank\">60\u00c3\u201460 Aluminium Extrusion<\/a><\/li>"},"feature_list":[]},"_links":{"self":[{"href":"https:\/\/sinoextrud.com\/de\/wp-json\/wp\/v2\/product\/8259","targetHints":{"allow":["GET"]}}],"collection":[{"href":"https:\/\/sinoextrud.com\/de\/wp-json\/wp\/v2\/product"}],"about":[{"href":"https:\/\/sinoextrud.com\/de\/wp-json\/wp\/v2\/types\/product"}],"wp:featuredmedia":[{"embeddable":true,"href":"https:\/\/sinoextrud.com\/de\/wp-json\/wp\/v2\/media\/8258"}],"wp:attachment":[{"href":"https:\/\/sinoextrud.com\/de\/wp-json\/wp\/v2\/media?parent=8259"}],"wp:term":[{"taxonomy":"category","embeddable":true,"href":"https:\/\/sinoextrud.com\/de\/wp-json\/wp\/v2\/categories?post=8259"}],"curies":[{"name":"wp","href":"https:\/\/api.w.org\/{rel}","templated":true}]}}